{"id":25980,"date":"2025-10-07T12:48:30","date_gmt":"2025-10-07T10:48:30","guid":{"rendered":"https:\/\/dinaturez.com\/?post_type=product&#038;p=25980"},"modified":"2025-10-08T10:25:30","modified_gmt":"2025-10-08T08:25:30","slug":"visor-continental-scol-x22","status":"publish","type":"product","link":"https:\/\/dinaturez.com\/pt\/product\/visor-continental-scol-x22\/","title":{"rendered":"Visor Continental x6 5-30\u00d756 CDM Hunting Ref: SCOL-X22 VECTOR OPTICS"},"content":{"rendered":"<h3 data-start=\"254\" data-end=\"576\" data-rm-block-id=\"block-1\">O <strong data-start=\"257\" data-end=\"281\">VISOR CONTINENTAL SCOL\u2011X22<\/strong> \u00e9 um visor de alto desempenho concebido para ca\u00e7a de precis\u00e3o e tiro de longo alcance. Com uma gama de amplia\u00e7\u00f5es de <strong data-start=\"405\" data-end=\"417\">5\u00d7 a 30\u00d7<\/strong>, oferece versatilidade para disparos intermedi\u00e1rios e dist\u00e2ncias maiores, tudo num design robusto e opticamente competente.<\/h3>\n<h3 data-start=\"578\" data-end=\"810\" data-rm-block-id=\"block-2\">Este visor faz parte da linha \u201cContinental x6\u201d da Vector Optics, orientada a oferecer uma combina\u00e7\u00e3o de qualidade, desempenho \u00f3ptico e funcionalidade t\u00e1tica dentro das suas gamas de pre\u00e7o.<\/h3>\n<h3 data-start=\"578\" data-end=\"810\" data-rm-block-id=\"block-3\"><\/h3>\n<ul data-start=\"2461\" data-end=\"3221\">\n<li data-start=\"2461\" data-end=\"2572\">\n<p data-start=\"2463\" data-end=\"2572\" data-rm-block-id=\"block-5\"><span style=\"color: #0000ff;\"><strong data-start=\"2463\" data-end=\"2499\">Ampla gama de aumentos (5-30\u00d7):<\/strong><\/span> permite cobrir dist\u00e2ncias m\u00e9dias a consider\u00e1veis com flexibilidade.<\/p>\n<p data-start=\"2463\" data-end=\"2572\" data-rm-block-id=\"block-6\">Este <strong>VISOR CONTINENTAL<\/strong> tem uma ampla gama de aumentos (5-30\u00d7) que permite cobrir dist\u00e2ncias m\u00e9dias a consider\u00e1veis com flexibilidade.<\/p>\n<\/li>\n<li data-start=\"2573\" data-end=\"2718\">\n<p data-start=\"2575\" data-end=\"2718\" data-rm-block-id=\"block-7\"><span style=\"color: #0000ff;\"><strong data-start=\"2575\" data-end=\"2614\">\u00d3tica com boa transmiss\u00e3o de luz:<\/strong><\/span> e revestimentos multicamadas favorecem imagens brilhantes, mesmo em condi\u00e7\u00f5es exigentes de pouca luz.<\/p>\n<p data-start=\"2575\" data-end=\"2718\" data-rm-block-id=\"block-8\"><span style=\"color: #0000ff;\"><strong data-start=\"2575\" data-end=\"2614\">O <strong>VISOR CONTINENTAL<\/strong> possui \u00f3tica com boa transmiss\u00e3o de luz:<\/strong><\/span> e revestimentos multicamadas favorecem imagens brilhantes, mesmo em condi\u00e7\u00f5es exigentes de pouca luz.<\/p>\n<\/li>\n<li data-start=\"2719\" data-end=\"2870\">\n<p data-start=\"2721\" data-end=\"2870\" data-rm-block-id=\"block-9\"><span style=\"color: #0000ff;\"><strong data-start=\"2721\" data-end=\"2763\">Rede iluminada e gravada em vidro:<\/strong><\/span> facilita a precis\u00e3o em condi\u00e7\u00f5es de pouca luminosidade sem depender exclusivamente da ilumina\u00e7\u00e3o externa.<\/p>\n<\/li>\n<li data-start=\"2871\" data-end=\"2999\">\n<p data-start=\"2873\" data-end=\"2999\" data-rm-block-id=\"block-10\"><span style=\"color: #0000ff;\"><strong data-start=\"2873\" data-end=\"2904\">Ajustes finos e funcionais<\/strong>:<\/span> torreta com cliques aud\u00edveis, parada zero, boa margem de corre\u00e7\u00e3o para vento e eleva\u00e7\u00e3o.<\/p>\n<\/li>\n<li data-start=\"3000\" data-end=\"3109\">\n<p data-start=\"3002\" data-end=\"3109\" data-rm-block-id=\"block-11\"><span style=\"color: #0000ff;\"><strong data-start=\"3002\" data-end=\"3026\">Constru\u00e7\u00e3o robusta<\/strong><\/span> para uso exigente em exteriores: resistente \u00e0 \u00e1gua, ao embaciamento e aos impactos.<\/p>\n<p data-start=\"3002\" data-end=\"3109\" data-rm-block-id=\"block-12\"><span style=\"color: #0000ff;\"><strong data-start=\"3002\" data-end=\"3026\">O <strong>VISOR CONTINENTAL<\/strong> tem uma constru\u00e7\u00e3o robusta<\/strong><\/span> para uso exigente em exteriores: resistente \u00e0 \u00e1gua, ao embaciamento e aos impactos.<\/p>\n<\/li>\n<li data-start=\"3110\" data-end=\"3221\">\n<p data-start=\"3112\" data-end=\"3221\" data-rm-block-id=\"block-13\"><span style=\"color: #0000ff;\"><strong data-start=\"3112\" data-end=\"3132\">Design funcional<\/strong>:<\/span> tubo de 30 mm para oferecer uma boa gama de ajustes e compatibilidade com montagens padr\u00e3o.<\/p>\n<\/li>\n<\/ul>\n<ul>\n<li>\n<p data-rm-block-id=\"block-15\">Amplia\u00e7\u00e3o: 5-30x<\/p>\n<p data-rm-block-id=\"block-16\">Caracter\u00edsticas do <strong>VISOR CONTINENTAL<\/strong>: Amplia\u00e7\u00e3o: 5-30x<\/p>\n<\/li>\n<li>\n<p data-rm-block-id=\"block-17\">Di\u00e2metro da lente objetiva: 56 mm<\/p>\n<\/li>\n<li>\n<p data-rm-block-id=\"block-18\">Di\u00e2metro da lente ocular: 42 mm \/ 1,7 pol.<\/p>\n<\/li>\n<li>\n<p data-rm-block-id=\"block-19\">Comprimento da lente da ocular: 54 mm \/ 2,1 pol.<\/p>\n<\/li>\n<li>\n<p data-rm-block-id=\"block-20\">Pupila de sa\u00edda: 9,5-1,9 mm<\/p>\n<\/li>\n<li>\n<p data-rm-block-id=\"block-21\">Revestimento \u00f3tico: Diamante transparente de v\u00e1rias camadas<\/p>\n<\/li>\n<li>\n<p data-rm-block-id=\"block-22\">Campo de vis\u00e3o: 24,9-4,2 p\u00e9s a 100 jardas<\/p>\n<\/li>\n<li>\n<p data-rm-block-id=\"block-23\">Campo de vis\u00e3o: 8,3-1,4M@ 100 metros<\/p>\n<\/li>\n<li>\n<p data-rm-block-id=\"block-24\">Dist\u00e2ncia da ocular: 100 mm \/ 4,0 in.<\/p>\n<\/li>\n<li>\n<p data-rm-block-id=\"block-25\">Comprimento: 401 mm \/ 15,79 polegadas<\/p>\n<\/li>\n<li>\n<p data-rm-block-id=\"block-26\">Peso: 745 g \/ 26,3 oz<\/p>\n<\/li>\n<li>\n<p data-rm-block-id=\"block-27\">Di\u00e2metro do tubo: 30 mm monotubo<\/p>\n<\/li>\n<li>\n<p data-rm-block-id=\"block-28\">Valor do clique: 1\/10 MIL<\/p>\n<\/li>\n<li>\n<p data-rm-block-id=\"block-29\">Gama de eleva\u00e7\u00e3o: &gt;16,5MIL (paragem zero)<\/p>\n<\/li>\n<li>\n<p data-rm-block-id=\"block-30\">Gama de resist\u00eancia ao vento: &gt;16,5MIL (bloqueio da torre)<\/p>\n<\/li>\n<li>\n<p data-rm-block-id=\"block-31\">Ajuste do paralaxe: 100 jardas<\/p>\n<\/li>\n<li>\n<p data-rm-block-id=\"block-32\">Focagem lateral: 15 jardas at\u00e9 ao infinito<\/p>\n<\/li>\n<li>\n<p data-rm-block-id=\"block-33\">Ret\u00edculo: Vidro gravado VCT-20A<\/p>\n<\/li>\n<li>\n<p data-rm-block-id=\"block-34\">Ilumina\u00e7\u00e3o: 6 velocidades<\/p>\n<\/li>\n<li>\n<p data-rm-block-id=\"block-35\">Tipo de pilha: CR2032<\/p>\n<\/li>\n<li>\n<p data-rm-block-id=\"block-36\">Acabamento: Preto mate<\/p>\n<\/li>\n<li>\n<p data-rm-block-id=\"block-37\">IP67 \u00e0 prova de \u00e1gua at\u00e9 1 metro durante 30 minutos<\/p>\n<\/li>\n<li>\n<p data-rm-block-id=\"block-38\">Sistema de ajuste de eleva\u00e7\u00e3o Zero-Stop com fun\u00e7\u00e3o de bloqueio da torre<\/p>\n<\/li>\n<li>\n<p data-rm-block-id=\"block-39\">Testado contra recuo at\u00e9 750 g<\/p>\n<\/li>\n<li>\n<p data-rm-block-id=\"block-40\">Totalmente purgado com azoto para eliminar qualquer embaciamento interno da lente<\/p>\n<\/li>\n<li>\n<p data-rm-block-id=\"block-41\">Oferece uma torre de eleva\u00e7\u00e3o adicional do tipo \"fa\u00e7a voc\u00ea mesmo<\/p>\n<\/li>\n<li>\n<p data-rm-block-id=\"block-42\">Alum\u00ednio de alta qualidade para aeronaves 6061 T6<\/p>\n<\/li>\n<li>\n<p data-rm-block-id=\"block-43\">Marca de focagem: 10,15, 20, 30, 30, 50, 50, 75, 100, 200, 300, 500 e infinito<\/p>\n<\/li>\n<li>\n<p data-rm-block-id=\"block-44\">Compensa\u00e7\u00e3o das dioptrias da ocular de focagem r\u00e1pida (+2 a -3)<\/p>\n<\/li>\n<\/ul>\n<p>&nbsp;<\/p>\n<p data-rm-block-id=\"block-46\"><iframe title=\"Vector Optics | Continental 5-30x56 T\u00e1tico (SCOL-22T)\" width=\"500\" height=\"281\" src=\"https:\/\/www.youtube.com\/embed\/5klnfTle11U?feature=oembed\" frameborder=\"0\" allow=\"accelerometer; autoplay; clipboard-write; encrypted-media; gyroscope; picture-in-picture; web-share\" referrerpolicy=\"strict-origin-when-cross-origin\" allowfullscreen><\/iframe><\/p>\n<p data-rm-block-id=\"block-48\">","protected":false},"excerpt":{"rendered":"<h3 data-start=\"254\" data-end=\"576\">O<strong data-start=\"257\" data-end=\"281\">\u00a0SCOL\u2011X22<\/strong> \u00e9 um visor de alto desempenho concebido para ca\u00e7a de precis\u00e3o e tiro de longo alcance. Com uma gama de amplia\u00e7\u00f5es de <strong data-start=\"405\" data-end=\"417\">5\u00d7 a 30\u00d7<\/strong>, oferece versatilidade para disparos intermedi\u00e1rios e dist\u00e2ncias maiores, tudo num design robusto e opticamente competente.<\/h3>","protected":false},"featured_media":25998,"template":"","meta":[],"product_brand":[],"product_cat":[133,126,141],"product_tag":[],"class_list":{"0":"post-25980","1":"product","2":"type-product","3":"status-publish","4":"has-post-thumbnail","6":"product_cat-vector-optic","7":"product_cat-vision-diurna","8":"product_cat-visores-diurnos","10":"first","11":"instock","12":"taxable","13":"shipping-taxable","14":"purchasable","15":"product-type-simple","16":"add-to-wishlist-after_add_to_cart"},"_links":{"self":[{"href":"https:\/\/dinaturez.com\/pt\/wp-json\/wp\/v2\/product\/25980","targetHints":{"allow":["GET"]}}],"collection":[{"href":"https:\/\/dinaturez.com\/pt\/wp-json\/wp\/v2\/product"}],"about":[{"href":"https:\/\/dinaturez.com\/pt\/wp-json\/wp\/v2\/types\/product"}],"wp:featuredmedia":[{"embeddable":true,"href":"https:\/\/dinaturez.com\/pt\/wp-json\/wp\/v2\/media\/25998"}],"wp:attachment":[{"href":"https:\/\/dinaturez.com\/pt\/wp-json\/wp\/v2\/media?parent=25980"}],"wp:term":[{"taxonomy":"product_brand","embeddable":true,"href":"https:\/\/dinaturez.com\/pt\/wp-json\/wp\/v2\/product_brand?post=25980"},{"taxonomy":"product_cat","embeddable":true,"href":"https:\/\/dinaturez.com\/pt\/wp-json\/wp\/v2\/product_cat?post=25980"},{"taxonomy":"product_tag","embeddable":true,"href":"https:\/\/dinaturez.com\/pt\/wp-json\/wp\/v2\/product_tag?post=25980"}],"curies":[{"name":"wp","href":"https:\/\/api.w.org\/{rel}","templated":true}]}}