{"id":25972,"date":"2025-10-07T12:34:08","date_gmt":"2025-10-07T10:34:08","guid":{"rendered":"https:\/\/dinaturez.com\/?post_type=product&#038;p=25972"},"modified":"2025-10-20T14:05:20","modified_gmt":"2025-10-20T12:05:20","slug":"visor-continental-x6-scol-x21-vector-optics","status":"publish","type":"product","link":"https:\/\/dinaturez.com\/pt\/product\/visor-continental-x6-scol-x21-vector-optics\/","title":{"rendered":"Mira Continental x6 3-18\u00d750 CDM para espingardas de ca\u00e7a Ref: SCOL-X21 VECTOR OPTICS"},"content":{"rendered":"<h3>O espetador <strong data-start=\"183\" data-end=\"211\">Continental CDM SCOL\u2011X21<\/strong> da Vector Optics \u00e9 uma mira telesc\u00f3pica vers\u00e1til e de alto desempenho para ca\u00e7a\/tiro, que combina \u00f3ptica avan\u00e7ada com mec\u00e2nica robusta, concebida para quem exige qualidade sem pagar pre\u00e7os exagerados. A sua amplia\u00e7\u00e3o de 3-18\u00d7 torna-a \u00fatil tanto para tiros curtos como m\u00e9dios, mantendo a nitidez e a funcionalidade em ambientes exigentes.<\/h3>\n<p>&nbsp;<\/p>\n<ul>\n<li data-start=\"575\" data-end=\"661\">\n<p data-start=\"577\" data-end=\"661\"><span style=\"color: #0000ff;\"><strong data-start=\"577\" data-end=\"598\">Intervalo de aumentos<\/strong>:<\/span> 3-18\u00d7 (zoom real 6\u00d7).<\/p>\n<\/li>\n<li data-start=\"662\" data-end=\"737\">\n<p data-start=\"664\" data-end=\"737\"><span style=\"color: #0000ff;\"><strong data-start=\"664\" data-end=\"689\">Di\u00e2metro da lente<\/strong>:<\/span> 50 mm.<strong data-start=\"740\" data-end=\"748\">Tubo<\/strong>: Tubo \u00fanico de 30 mm, fabricado em alum\u00ednio de grau aeron\u00e1utico (6061 T6).<\/p>\n<\/li>\n<li data-start=\"863\" data-end=\"1066\">\n<p data-start=\"865\" data-end=\"1066\"><span style=\"color: #0000ff;\"><strong data-start=\"865\" data-end=\"892\">\u00d3ptica \/ revestimentos<\/strong>:<\/span> Lentes LaRee e VePRO com revestimento totalmente multicamadas do tipo \u201cdiamond clear\u201d, alcan\u00e7ando uma transmiss\u00e3o de luz de at\u00e9 90\u202f%.<\/p>\n<\/li>\n<li data-start=\"1067\" data-end=\"1153\">\n<p data-start=\"1069\" data-end=\"1153\"><span style=\"color: #0000ff;\"><strong data-start=\"1069\" data-end=\"1086\">Al\u00edvio dos olhos<\/strong>:<\/span> constante de 100 mm (4\u2033).<strong data-start=\"1156\" data-end=\"1175\">Campo de vis\u00e3o<\/strong>: aprox. 41,5-6,9 p\u00e9s (13,8-2,3 m) a 100 jardas.<\/p>\n<\/li>\n<li data-start=\"1265\" data-end=\"1385\">\n<p data-start=\"1267\" data-end=\"1385\"><span style=\"color: #0000ff;\"><strong data-start=\"1267\" data-end=\"1297\">Foco lateral \/ paralaxe<\/strong>:<\/span> ajuste lateral de 10 jardas at\u00e9 infinito.<\/p>\n<\/li>\n<li data-start=\"1386\" data-end=\"1552\">\n<p data-start=\"1388\" data-end=\"1552\"><span style=\"color: #0000ff;\"><strong data-start=\"1388\" data-end=\"1400\">Ret\u00edculo<\/strong>:<\/span> vidro gravado modelo <strong data-start=\"1424\" data-end=\"1437\">VECON-CDM<\/strong>, com ilumina\u00e7\u00e3o central pontual e linhas digitais; 6 n\u00edveis de brilho.<\/p>\n<\/li>\n<li data-start=\"1553\" data-end=\"1706\">\n<p data-start=\"1555\" data-end=\"1706\"><span style=\"color: #0000ff;\"><strong data-start=\"1555\" data-end=\"1577\">Ajustes da torre<\/strong>:<\/span> gradua\u00e7\u00f5es de \u00bc MOA, com fun\u00e7\u00e3o <em data-start=\"1614\" data-end=\"1630\">retorno ao zero<\/em> (torre que pode voltar ao zero).<\/p>\n<\/li>\n<li data-start=\"1707\" data-end=\"1803\">\n<p data-start=\"1709\" data-end=\"1803\"><span style=\"color: #0000ff;\"><strong data-start=\"1709\" data-end=\"1728\">Gama de regula\u00e7\u00e3o<\/strong>:<\/span> \u00b1 75 MOA para eleva\u00e7\u00e3o e vento.<\/p>\n<\/li>\n<li data-start=\"1804\" data-end=\"2017\">\n<p data-start=\"1806\" data-end=\"2017\"><span style=\"color: #0000ff;\"><strong data-start=\"1806\" data-end=\"1835\">Resist\u00eancia e durabilidade<\/strong>:<\/span> testado para suportar recuos de at\u00e9 750 g; veda\u00e7\u00e3o contra \u00e1gua at\u00e9 1 m; purgado com nitrog\u00e9nio para evitar embaciamento interno.<\/p>\n<\/li>\n<li data-start=\"2018\" data-end=\"2137\">\n<p data-start=\"2020\" data-end=\"2137\"><span style=\"color: #0000ff;\"><strong data-start=\"2020\" data-end=\"2042\">Peso e dimens\u00f5es<\/strong>:<\/span> aproximadamente 653 g de peso e 338 mm de comprimento.<\/p>\n<\/li>\n<\/ul>\n<p>&nbsp;<\/p>\n<p>Amplia\u00e7\u00e3o: 2-16x<\/p>\n<p>Di\u00e2metro da lente objetiva: 50 mm<\/p>\n<p>Di\u00e2metro da lente ocular: 41 mm \/ 1,6 pol.<\/p>\n<p>Comprimento da lente da ocular: 54 mm \/ 2,1 pol.<\/p>\n<p>Pupila de sa\u00edda: 6,5-2,8 mm<\/p>\n<p>Revestimento \u00f3tico: Diamante transparente de v\u00e1rias camadas<\/p>\n<p>Campo de vis\u00e3o: 61,5-7,69 p\u00e9s a 100 jardas<\/p>\n<p>Campo de vis\u00e3o: 20,5-2,56M@ 100 metros<\/p>\n<p>Dist\u00e2ncia da ocular: 95 mm \/ 3,8 pol.<\/p>\n<p>Comprimento: 345 mm (13,6 polegadas)<\/p>\n<p>Peso: 672 g \/ 23,7 oz<\/p>\n<p>Di\u00e2metro do tubo: 30 mm tubo simples<\/p>\n<p>Valor do clique: 1\/4 MOA<\/p>\n<p>Alcance de eleva\u00e7\u00e3o: &gt;110 MOA<\/p>\n<p>Gama de resist\u00eancia ao vento: &gt;110 MOA<\/p>\n<p>Resolu\u00e7\u00e3o: 15\u2033 @ 2x, 5\u2033 @ 16x<\/p>\n<p>Focagem lateral: 20 jardas at\u00e9 ao infinito<\/p>\n<p>Ret\u00edculo: Ret\u00edculo de vidro gravado VET-10BDC<\/p>\n<p>Ilumina\u00e7\u00e3o: 11 velocidades, 6 horas de paragem autom\u00e1tica<\/p>\n<p>Tipo de pilha: CR2032<\/p>\n<p>Acabamento: Preto mate<\/p>\n<p>IP67 \u00e0 prova de \u00e1gua at\u00e9 1 metro durante 30 minutos<\/p>\n<p>Ajuste da torre com fun\u00e7\u00e3o de reposi\u00e7\u00e3o a zero<\/p>\n<p>Testado contra recuo at\u00e9 750 g<\/p>\n<p>Totalmente purgado com azoto para eliminar qualquer embaciamento interno da lente<\/p>\n<p>Compensa\u00e7\u00e3o das dioptrias da ocular de focagem r\u00e1pida (+2 a -3)<\/p>\n<p>Alum\u00ednio de alta qualidade para aeronaves 6061 T6<\/p>\n<p>Marca de foco: 20, 30, 50, 75, 100, 200, 300, 500 e infinito<\/p>\n<p>&nbsp;<\/p>\n<p><iframe title=\"Vector Optics | Ca\u00e7a com Continental x8 1-8x24 ED (SCOC-37) e espingarda Browning Abolt\" width=\"500\" height=\"281\" src=\"https:\/\/www.youtube.com\/embed\/rVIrbE0tnz4?feature=oembed\" frameborder=\"0\" allow=\"accelerometer; autoplay; clipboard-write; encrypted-media; gyroscope; picture-in-picture; web-share\" referrerpolicy=\"strict-origin-when-cross-origin\" allowfullscreen><\/iframe><\/p>","protected":false},"excerpt":{"rendered":"<h3>O espetador <strong data-start=\"183\" data-end=\"211\">Continental CDM SCOL\u2011X21<\/strong> da Vector Optics \u00e9 uma mira telesc\u00f3pica vers\u00e1til e de alto desempenho para ca\u00e7a\/tiro, que combina \u00f3ptica avan\u00e7ada com mec\u00e2nica robusta, concebida para quem exige qualidade sem pagar pre\u00e7os exagerados. A sua amplia\u00e7\u00e3o de 3-18\u00d7 torna-a \u00fatil tanto para tiros curtos como m\u00e9dios, mantendo a nitidez e a funcionalidade em ambientes exigentes.<\/h3>","protected":false},"featured_media":25974,"template":"","meta":[],"product_brand":[],"product_cat":[133,126,141],"product_tag":[],"class_list":{"0":"post-25972","1":"product","2":"type-product","3":"status-publish","4":"has-post-thumbnail","6":"product_cat-vector-optic","7":"product_cat-vision-diurna","8":"product_cat-visores-diurnos","10":"first","11":"instock","12":"sale","13":"taxable","14":"shipping-taxable","15":"purchasable","16":"product-type-simple","17":"add-to-wishlist-after_add_to_cart"},"_links":{"self":[{"href":"https:\/\/dinaturez.com\/pt\/wp-json\/wp\/v2\/product\/25972","targetHints":{"allow":["GET"]}}],"collection":[{"href":"https:\/\/dinaturez.com\/pt\/wp-json\/wp\/v2\/product"}],"about":[{"href":"https:\/\/dinaturez.com\/pt\/wp-json\/wp\/v2\/types\/product"}],"wp:featuredmedia":[{"embeddable":true,"href":"https:\/\/dinaturez.com\/pt\/wp-json\/wp\/v2\/media\/25974"}],"wp:attachment":[{"href":"https:\/\/dinaturez.com\/pt\/wp-json\/wp\/v2\/media?parent=25972"}],"wp:term":[{"taxonomy":"product_brand","embeddable":true,"href":"https:\/\/dinaturez.com\/pt\/wp-json\/wp\/v2\/product_brand?post=25972"},{"taxonomy":"product_cat","embeddable":true,"href":"https:\/\/dinaturez.com\/pt\/wp-json\/wp\/v2\/product_cat?post=25972"},{"taxonomy":"product_tag","embeddable":true,"href":"https:\/\/dinaturez.com\/pt\/wp-json\/wp\/v2\/product_tag?post=25972"}],"curies":[{"name":"wp","href":"https:\/\/api.w.org\/{rel}","templated":true}]}}