{"id":25961,"date":"2025-10-07T10:58:48","date_gmt":"2025-10-07T08:58:48","guid":{"rendered":"https:\/\/dinaturez.com\/?post_type=product&#038;p=25961"},"modified":"2025-11-24T14:40:58","modified_gmt":"2025-11-24T13:40:58","slug":"smartclip-hunt-ring-extension","status":"publish","type":"product","link":"https:\/\/dinaturez.com\/pt\/product\/smartclip-hunt-ring-extension\/","title":{"rendered":"SmartClip-HUNT-RING-EXTENSION"},"content":{"rendered":"<h3>O <strong data-start=\"245\" data-end=\"278\">Extens\u00e3o de anel SmartClip<\/strong> (ou \"Smart Ring Extension\") \u00e9 um acess\u00f3rio concebido para alargar a funcionalidade do controlo remoto Smart Ring que acompanha os dispositivos t\u00e9rmicos da s\u00e9rie Thermtec \/ Thermeye. Esta extens\u00e3o permite uma melhor adapta\u00e7\u00e3o do anel ao equipamento ou ao utilizador, facilitando a opera\u00e7\u00e3o remota de fun\u00e7\u00f5es essenciais sem a necessidade de tocar diretamente no dispositivo.<\/h3>\n<h3>\u00c9 utilizado nos sistemas para operar fun\u00e7\u00f5es como a mudan\u00e7a de p\u00e1s t\u00e9rmicas, ajustes de brilho, zoom, ligar\/desligar remotamente e, eventualmente, outras fun\u00e7\u00f5es dependentes do software do dispositivo. Segundo a pr\u00f3pria marca, este anel Bluetooth permite um acesso mais direto e c\u00f3modo a todas as fun\u00e7\u00f5es.<\/h3>\n<p>&nbsp;<\/p>\n<ul class=\"article_list\">\n<li>SmartClip<\/li>\n<li>Adaptador<\/li>\n<li>Fix\u00e1vel<\/li>\n<li>Clip-on<\/li>\n<li>Rosca M52x0,75<\/li>\n<li>EXTENS\u00c3O DO ANEL<\/li>\n<\/ul>\n<p>&nbsp;<\/p>\n<table class=\"specs\" border=\"0\" cellspacing=\"0\" cellpadding=\"0\">\n<tbody>\n<tr class=\"table-data\" align=\"left\" valign=\"middle\">\n<td width=\"30%\" height=\"22\"><strong>Marca<\/strong><\/td>\n<td width=\"70%\" height=\"22\">SmartClip<\/td>\n<\/tr>\n<tr class=\"table-data\" align=\"left\" valign=\"middle\">\n<td width=\"30%\" height=\"22\"><strong>Modelo<\/strong><\/td>\n<td width=\"70%\" height=\"22\">EXTENS\u00c3O DO ANEL<\/td>\n<\/tr>\n<tr class=\"table-data\" align=\"left\" valign=\"middle\">\n<td width=\"30%\" height=\"22\"><strong>Tamanho do sino<\/strong><\/td>\n<td width=\"70%\" height=\"22\">M52x0,75\/M52x0,75<\/td>\n<\/tr>\n<tr class=\"table-data\" align=\"left\" valign=\"middle\">\n<td width=\"30%\" height=\"22\"><strong>Tipo de fecho<\/strong><\/td>\n<td width=\"70%\" height=\"22\">Linha<\/td>\n<\/tr>\n<tr class=\"table-data\" align=\"left\" valign=\"middle\">\n<td width=\"30%\" height=\"22\"><strong>Material de constru\u00e7\u00e3o<\/strong><\/td>\n<td width=\"70%\" height=\"22\">Alum\u00ednio<\/td>\n<\/tr>\n<tr class=\"table-data\" align=\"left\" valign=\"middle\">\n<td width=\"30%\" height=\"22\"><strong>Cor<\/strong><\/td>\n<td width=\"70%\" height=\"22\">Preto<\/td>\n<\/tr>\n<tr class=\"table-data\" align=\"left\" valign=\"middle\">\n<td width=\"30%\" height=\"22\"><strong>T\u00f3pico de adapta\u00e7\u00e3o<\/strong><\/td>\n<td width=\"70%\" height=\"22\">M52x0,75\/M52x0,75<\/td>\n<\/tr>\n<\/tbody>\n<\/table>\n<p>&nbsp;<\/p>\n<p>&nbsp;<\/p>\n<p><a href=\"https:\/\/dinaturez.com\/wp-content\/uploads\/2025\/10\/SMARTCLIP-HUNT-RING-EXTENSION_ES.pdf\">SMARTCLIP-HUNT-RING-EXTENSION_EN<\/a><\/p>\n<p>&nbsp;<\/p>","protected":false},"excerpt":{"rendered":"<h3>O <strong data-start=\"245\" data-end=\"278\">SmartClip Hunt Ring Extension<\/strong> (o \u201cSmart Ring Extension\u201d) es un accesorio dise\u00f1ado para ampliar la funcionalidad del control remoto tipo anillo (Smart Ring) que acompa\u00f1a a los dispositivos t\u00e9rmicos de la serie Hunt de Thermtec \/ Thermeye. Esta extensi\u00f3n permite adaptar mejor el anillo al equipo o al usuario, facilitando el manejo remoto de funciones esenciales sin necesidad de tocar directamente el dispositivo.<\/h3>","protected":false},"featured_media":25963,"template":"","meta":[],"product_brand":[],"product_cat":[149,105,131,144],"product_tag":[],"class_list":{"0":"post-25961","1":"product","2":"type-product","3":"status-publish","4":"has-post-thumbnail","6":"product_cat-acoples-clip-on","7":"product_cat-accesorios","8":"product_cat-thermtec","9":"product_cat-vision-termica","11":"first","12":"instock","13":"taxable","14":"shipping-taxable","15":"purchasable","16":"product-type-simple","17":"add-to-wishlist-after_add_to_cart"},"_links":{"self":[{"href":"https:\/\/dinaturez.com\/pt\/wp-json\/wp\/v2\/product\/25961","targetHints":{"allow":["GET"]}}],"collection":[{"href":"https:\/\/dinaturez.com\/pt\/wp-json\/wp\/v2\/product"}],"about":[{"href":"https:\/\/dinaturez.com\/pt\/wp-json\/wp\/v2\/types\/product"}],"wp:featuredmedia":[{"embeddable":true,"href":"https:\/\/dinaturez.com\/pt\/wp-json\/wp\/v2\/media\/25963"}],"wp:attachment":[{"href":"https:\/\/dinaturez.com\/pt\/wp-json\/wp\/v2\/media?parent=25961"}],"wp:term":[{"taxonomy":"product_brand","embeddable":true,"href":"https:\/\/dinaturez.com\/pt\/wp-json\/wp\/v2\/product_brand?post=25961"},{"taxonomy":"product_cat","embeddable":true,"href":"https:\/\/dinaturez.com\/pt\/wp-json\/wp\/v2\/product_cat?post=25961"},{"taxonomy":"product_tag","embeddable":true,"href":"https:\/\/dinaturez.com\/pt\/wp-json\/wp\/v2\/product_tag?post=25961"}],"curies":[{"name":"wp","href":"https:\/\/api.w.org\/{rel}","templated":true}]}}