{"id":25922,"date":"2025-10-03T13:43:49","date_gmt":"2025-10-03T11:43:49","guid":{"rendered":"https:\/\/dinaturez.com\/?post_type=product&#038;p=25922"},"modified":"2025-11-24T14:45:01","modified_gmt":"2025-11-24T13:45:01","slug":"smartclip-hunt-adapter56","status":"publish","type":"product","link":"https:\/\/dinaturez.com\/pt\/product\/smartclip-hunt-adapter56\/","title":{"rendered":"SmartClip-HUNT-ADAPTER56"},"content":{"rendered":"<h3 data-start=\"226\" data-end=\"583\">O <strong data-start=\"229\" data-end=\"257\">ADAPTADOR SMARTCLIP HUNT56<\/strong> \u00e9 um adaptador t\u00e9rmico de encaixe concebido para fixar dispositivos t\u00e9rmicos em \u00f3pticas com um di\u00e2metro de camp\u00e2nula de <strong data-start=\"383\" data-end=\"392\">56 mm<\/strong>. Com um sistema de bloqueio por came, permite uma instala\u00e7\u00e3o r\u00e1pida e segura sem folga, transformando a sua mira de espingarda convencional numa solu\u00e7\u00e3o h\u00edbrida com vis\u00e3o t\u00e9rmica e m\u00e1xima fiabilidade.<\/h3>\n<p>&nbsp;<\/p>\n<ul class=\"article_list\">\n<li><strong>SmartClip<\/strong><\/li>\n<li><strong>Adaptador<\/strong><\/li>\n<li><strong>Fix\u00e1vel<\/strong><\/li>\n<li><strong>Clip-on<\/strong><\/li>\n<li><strong>Rosca M52x0,75<\/strong><\/li>\n<li><strong>56 mm<\/strong><\/li>\n<\/ul>\n<p>&nbsp;<\/p>\n<table class=\"specs\" border=\"0\" cellspacing=\"0\" cellpadding=\"0\">\n<tbody>\n<tr class=\"table-data\" align=\"left\" valign=\"middle\">\n<td width=\"30%\" height=\"22\"><strong>Marca<\/strong><\/td>\n<td width=\"70%\" height=\"22\">SmartClip<\/td>\n<\/tr>\n<tr class=\"table-data\" align=\"left\" valign=\"middle\">\n<td width=\"30%\" height=\"22\"><strong>Modelo<\/strong><\/td>\n<td width=\"70%\" height=\"22\">ADAPTADOR56<\/td>\n<\/tr>\n<tr class=\"table-data\" align=\"left\" valign=\"middle\">\n<td width=\"30%\" height=\"22\"><strong>Tamanho do sino<\/strong><\/td>\n<td width=\"70%\" height=\"22\">56 mm<\/td>\n<\/tr>\n<tr class=\"table-data\" align=\"left\" valign=\"middle\">\n<td width=\"30%\" height=\"22\"><strong>Tipo de fecho<\/strong><\/td>\n<td width=\"70%\" height=\"22\">Leva<\/td>\n<\/tr>\n<tr class=\"table-data\" align=\"left\" valign=\"middle\">\n<td width=\"30%\" height=\"22\"><strong>Material de constru\u00e7\u00e3o<\/strong><\/td>\n<td width=\"70%\" height=\"22\">Alum\u00ednio<\/td>\n<\/tr>\n<tr class=\"table-data\" align=\"left\" valign=\"middle\">\n<td width=\"30%\" height=\"22\"><strong>Cor<\/strong><\/td>\n<td width=\"70%\" height=\"22\">Preto<\/td>\n<\/tr>\n<tr class=\"table-data\" align=\"left\" valign=\"middle\">\n<td width=\"30%\" height=\"22\"><strong>T\u00f3pico de adapta\u00e7\u00e3o<\/strong><\/td>\n<td width=\"70%\" height=\"22\">M52x0,75<\/td>\n<\/tr>\n<\/tbody>\n<\/table>\n<p>&nbsp;<\/p>\n<p><a href=\"https:\/\/dinaturez.com\/wp-content\/uploads\/2025\/10\/SMARTCLIP-HUNT-ADAPTER56_ES.pdf\">ADAPTADOR DE SUPORTE PARA SMARTCLIP56_PT<\/a><\/p>","protected":false},"excerpt":{"rendered":"<h3 data-start=\"226\" data-end=\"583\">O <strong data-start=\"229\" data-end=\"257\">ADAPTADOR SMARTCLIP HUNT56<\/strong> \u00e9 um adaptador t\u00e9rmico de encaixe concebido para fixar dispositivos t\u00e9rmicos em \u00f3pticas com um di\u00e2metro de camp\u00e2nula de <strong data-start=\"383\" data-end=\"392\">56 mm<\/strong>. Com um sistema de bloqueio por came, permite uma instala\u00e7\u00e3o r\u00e1pida e segura sem folga, transformando a sua mira de espingarda convencional numa solu\u00e7\u00e3o h\u00edbrida com vis\u00e3o t\u00e9rmica e m\u00e1xima fiabilidade.<\/h3>","protected":false},"featured_media":25924,"template":"","meta":[],"product_brand":[],"product_cat":[149,131,144],"product_tag":[],"class_list":{"0":"post-25922","1":"product","2":"type-product","3":"status-publish","4":"has-post-thumbnail","6":"product_cat-acoples-clip-on","7":"product_cat-thermtec","8":"product_cat-vision-termica","10":"first","11":"instock","12":"taxable","13":"shipping-taxable","14":"purchasable","15":"product-type-simple","16":"add-to-wishlist-after_add_to_cart"},"_links":{"self":[{"href":"https:\/\/dinaturez.com\/pt\/wp-json\/wp\/v2\/product\/25922","targetHints":{"allow":["GET"]}}],"collection":[{"href":"https:\/\/dinaturez.com\/pt\/wp-json\/wp\/v2\/product"}],"about":[{"href":"https:\/\/dinaturez.com\/pt\/wp-json\/wp\/v2\/types\/product"}],"wp:featuredmedia":[{"embeddable":true,"href":"https:\/\/dinaturez.com\/pt\/wp-json\/wp\/v2\/media\/25924"}],"wp:attachment":[{"href":"https:\/\/dinaturez.com\/pt\/wp-json\/wp\/v2\/media?parent=25922"}],"wp:term":[{"taxonomy":"product_brand","embeddable":true,"href":"https:\/\/dinaturez.com\/pt\/wp-json\/wp\/v2\/product_brand?post=25922"},{"taxonomy":"product_cat","embeddable":true,"href":"https:\/\/dinaturez.com\/pt\/wp-json\/wp\/v2\/product_cat?post=25922"},{"taxonomy":"product_tag","embeddable":true,"href":"https:\/\/dinaturez.com\/pt\/wp-json\/wp\/v2\/product_tag?post=25922"}],"curies":[{"name":"wp","href":"https:\/\/api.w.org\/{rel}","templated":true}]}}