{"id":25901,"date":"2025-10-03T13:21:44","date_gmt":"2025-10-03T11:21:44","guid":{"rendered":"https:\/\/dinaturez.com\/?post_type=product&#038;p=25901"},"modified":"2025-11-24T14:47:21","modified_gmt":"2025-11-24T13:47:21","slug":"smartclip-hunt-adapter50","status":"publish","type":"product","link":"https:\/\/dinaturez.com\/pt\/product\/smartclip-hunt-adapter50\/","title":{"rendered":"SmartClip-HUNT-ADAPTER50"},"content":{"rendered":"<h3 data-rm-block-id=\"block-1\">O <strong data-start=\"201\" data-end=\"229\">SMARTCLIP HUNT ADAPTER50<\/strong> \u00e9 um adaptador tipo clip-on concebido para acoplar m\u00f3dulos t\u00e9rmicos a \u00f3pticas cujo di\u00e2metro da camp\u00e2nula \u00e9 de <strong data-start=\"339\" data-end=\"348\">50 mm<\/strong>. Gra\u00e7as ao seu fecho por came, permite uma instala\u00e7\u00e3o r\u00e1pida, segura e sem folgas, transformando o seu visor num sistema combinado com vis\u00e3o t\u00e9rmica de forma eficiente.<\/h3>\n<ul class=\"article_list\">\n<li data-rm-block-id=\"block-2\">SmartClip<\/li>\n<li data-rm-block-id=\"block-3\">Adaptador<\/li>\n<li data-rm-block-id=\"block-4\">Fix\u00e1vel<\/li>\n<li data-rm-block-id=\"block-5\">Clip-on<\/li>\n<li data-rm-block-id=\"block-6\">Rosca M52x0,75<\/li>\n<li data-rm-block-id=\"block-7\">50mm<\/li>\n<\/ul>\n<table class=\"specs\" border=\"0\" cellspacing=\"0\" cellpadding=\"0\">\n<tbody>\n<tr class=\"table-data\" align=\"left\" valign=\"middle\">\n<td width=\"30%\" height=\"22\" data-rm-block-id=\"block-8\"><strong>Marca<\/strong><\/td>\n<td width=\"70%\" height=\"22\" data-rm-block-id=\"block-9\">SmartClip<\/td>\n<\/tr>\n<tr class=\"table-data\" align=\"left\" valign=\"middle\">\n<td width=\"30%\" height=\"22\" data-rm-block-id=\"block-10\"><strong>Modelo<\/strong><\/td>\n<td width=\"70%\" height=\"22\" data-rm-block-id=\"block-11\">ADAPTER50<\/td>\n<\/tr>\n<tr class=\"table-data\" align=\"left\" valign=\"middle\">\n<td width=\"30%\" height=\"22\" data-rm-block-id=\"block-12\"><strong>Tamanho do sino<\/strong><\/td>\n<td width=\"70%\" height=\"22\" data-rm-block-id=\"block-13\">50 mm<\/td>\n<\/tr>\n<tr class=\"table-data\" align=\"left\" valign=\"middle\">\n<td width=\"30%\" height=\"22\" data-rm-block-id=\"block-14\"><strong>Tipo de fecho<\/strong><\/td>\n<td width=\"70%\" height=\"22\" data-rm-block-id=\"block-15\">Leva<\/td>\n<\/tr>\n<tr class=\"table-data\" align=\"left\" valign=\"middle\">\n<td width=\"30%\" height=\"22\" data-rm-block-id=\"block-16\"><strong>Material de constru\u00e7\u00e3o<\/strong><\/td>\n<td width=\"70%\" height=\"22\" data-rm-block-id=\"block-17\">Alum\u00ednio<\/td>\n<\/tr>\n<tr class=\"table-data\" align=\"left\" valign=\"middle\">\n<td width=\"30%\" height=\"22\" data-rm-block-id=\"block-18\"><strong>Cor<\/strong><\/td>\n<td width=\"70%\" height=\"22\" data-rm-block-id=\"block-19\">Preto<\/td>\n<\/tr>\n<tr class=\"table-data\" align=\"left\" valign=\"middle\">\n<td width=\"30%\" height=\"22\" data-rm-block-id=\"block-20\"><strong>T\u00f3pico de adapta\u00e7\u00e3o<\/strong><\/td>\n<td width=\"70%\" height=\"22\" data-rm-block-id=\"block-21\">M52x0,75<\/td>\n<\/tr>\n<\/tbody>\n<\/table>\n<p data-rm-block-id=\"block-23\"><a href=\"https:\/\/dinaturez.com\/wp-content\/uploads\/2025\/10\/SMARTCLIP-HUNT-ADAPTER50_ES.pdf\">SMARTCLIP-HUNT-ADAPTER50_PT<\/a><\/p>","protected":false},"excerpt":{"rendered":"<h3>O <strong data-start=\"201\" data-end=\"229\">SMARTCLIP HUNT ADAPTER50<\/strong> \u00e9 um adaptador tipo clip-on concebido para acoplar m\u00f3dulos t\u00e9rmicos a \u00f3pticas cujo di\u00e2metro da camp\u00e2nula \u00e9 de <strong data-start=\"339\" data-end=\"348\">50 mm<\/strong>. Gra\u00e7as ao seu fecho por came, permite uma instala\u00e7\u00e3o r\u00e1pida, segura e sem folgas, transformando o seu visor num sistema combinado com vis\u00e3o t\u00e9rmica de forma eficiente.<\/h3>\n<p>&nbsp;<\/p>","protected":false},"featured_media":25909,"template":"","meta":[],"product_brand":[],"product_cat":[149,131,144],"product_tag":[],"class_list":{"0":"post-25901","1":"product","2":"type-product","3":"status-publish","4":"has-post-thumbnail","6":"product_cat-acoples-clip-on","7":"product_cat-thermtec","8":"product_cat-vision-termica","10":"first","11":"instock","12":"taxable","13":"shipping-taxable","14":"purchasable","15":"product-type-simple","16":"add-to-wishlist-after_add_to_cart"},"_links":{"self":[{"href":"https:\/\/dinaturez.com\/pt\/wp-json\/wp\/v2\/product\/25901","targetHints":{"allow":["GET"]}}],"collection":[{"href":"https:\/\/dinaturez.com\/pt\/wp-json\/wp\/v2\/product"}],"about":[{"href":"https:\/\/dinaturez.com\/pt\/wp-json\/wp\/v2\/types\/product"}],"wp:featuredmedia":[{"embeddable":true,"href":"https:\/\/dinaturez.com\/pt\/wp-json\/wp\/v2\/media\/25909"}],"wp:attachment":[{"href":"https:\/\/dinaturez.com\/pt\/wp-json\/wp\/v2\/media?parent=25901"}],"wp:term":[{"taxonomy":"product_brand","embeddable":true,"href":"https:\/\/dinaturez.com\/pt\/wp-json\/wp\/v2\/product_brand?post=25901"},{"taxonomy":"product_cat","embeddable":true,"href":"https:\/\/dinaturez.com\/pt\/wp-json\/wp\/v2\/product_cat?post=25901"},{"taxonomy":"product_tag","embeddable":true,"href":"https:\/\/dinaturez.com\/pt\/wp-json\/wp\/v2\/product_tag?post=25901"}],"curies":[{"name":"wp","href":"https:\/\/api.w.org\/{rel}","templated":true}]}}