{"id":25900,"date":"2025-10-03T13:22:10","date_gmt":"2025-10-03T11:22:10","guid":{"rendered":"https:\/\/dinaturez.com\/?post_type=product&#038;p=25900"},"modified":"2025-11-24T14:46:12","modified_gmt":"2025-11-24T13:46:12","slug":"smartclip-hunt-adapter51","status":"publish","type":"product","link":"https:\/\/dinaturez.com\/pt\/product\/smartclip-hunt-adapter51\/","title":{"rendered":"SmartClip-HUNT-ADAPTER51"},"content":{"rendered":"<h3 data-rm-block-id=\"block-1\">O <strong data-start=\"217\" data-end=\"245\">ADAPTADOR SMARTCLIP HUNT51<\/strong> \u00e9 um adaptador de encaixe concebido para fixar dispositivos t\u00e9rmicos a miras telesc\u00f3picas com um <strong data-start=\"344\" data-end=\"353\">51 mm<\/strong>. O seu design compacto e funcional permite uma instala\u00e7\u00e3o r\u00e1pida e segura, convertendo \u00f3pticas convencionais em sistemas h\u00edbridos com imagem t\u00e9rmica sem necessidade de modifica\u00e7\u00f5es complexas.<\/h3>\n<p>&nbsp;<\/p>\n<div id=\"all\" class=\"row-offcanvas row-offcanvas-left\">\n<div id=\"back\">\n<div id=\"contentarea\" class=\"main-clear\">\n<div id=\"main\">\n<div class=\"productdetails-view productdetails\">\n<div class=\"product-description card\">\n<div id=\"content_tabs\">\n<div class=\"content active\">\n<ul class=\"article_list\">\n<li data-rm-block-id=\"block-2\"><strong>SmartClip<\/strong><\/li>\n<li data-rm-block-id=\"block-3\"><strong>Adaptador<\/strong><\/li>\n<li data-rm-block-id=\"block-4\"><strong>Fix\u00e1vel<\/strong><\/li>\n<li data-rm-block-id=\"block-5\"><strong>Clip-on<\/strong><\/li>\n<li data-rm-block-id=\"block-6\"><strong>Rosca M52x0,75<\/strong><\/li>\n<li data-rm-block-id=\"block-7\"><strong>51 mm<\/strong><\/li>\n<\/ul>\n<p>&nbsp;<\/p>\n<\/div>\n<div id=\"all\" class=\"row-offcanvas row-offcanvas-left\">\n<div id=\"back\">\n<div id=\"contentarea\" class=\"main-clear\">\n<div id=\"main\">\n<div class=\"productdetails-view productdetails\">\n<div class=\"product-description card\">\n<div id=\"content_tabs\">\n<div class=\"content active\">\n<table class=\"specs\" border=\"0\" cellspacing=\"0\" cellpadding=\"0\">\n<tbody>\n<tr class=\"table-data\" align=\"left\" valign=\"middle\">\n<td width=\"30%\" height=\"22\" data-rm-block-id=\"block-8\"><strong>Marca<\/strong><\/td>\n<td width=\"70%\" height=\"22\" data-rm-block-id=\"block-9\">SmartClip<\/td>\n<\/tr>\n<tr class=\"table-data\" align=\"left\" valign=\"middle\">\n<td width=\"30%\" height=\"22\" data-rm-block-id=\"block-10\"><strong>Modelo<\/strong><\/td>\n<td width=\"70%\" height=\"22\" data-rm-block-id=\"block-11\">ADAPTADOR51<\/td>\n<\/tr>\n<tr class=\"table-data\" align=\"left\" valign=\"middle\">\n<td width=\"30%\" height=\"22\" data-rm-block-id=\"block-12\"><strong>Tamanho do sino<\/strong><\/td>\n<td width=\"70%\" height=\"22\" data-rm-block-id=\"block-13\">51 mm<\/td>\n<\/tr>\n<tr class=\"table-data\" align=\"left\" valign=\"middle\">\n<td width=\"30%\" height=\"22\" data-rm-block-id=\"block-14\"><strong>Tipo de fecho<\/strong><\/td>\n<td width=\"70%\" height=\"22\" data-rm-block-id=\"block-15\">Leva<\/td>\n<\/tr>\n<tr class=\"table-data\" align=\"left\" valign=\"middle\">\n<td width=\"30%\" height=\"22\" data-rm-block-id=\"block-16\"><strong>Material de constru\u00e7\u00e3o<\/strong><\/td>\n<td width=\"70%\" height=\"22\" data-rm-block-id=\"block-17\">Alum\u00ednio<\/td>\n<\/tr>\n<tr class=\"table-data\" align=\"left\" valign=\"middle\">\n<td width=\"30%\" height=\"22\" data-rm-block-id=\"block-18\"><strong>Cor<\/strong><\/td>\n<td width=\"70%\" height=\"22\" data-rm-block-id=\"block-19\">Preto<\/td>\n<\/tr>\n<tr class=\"table-data\" align=\"left\" valign=\"middle\">\n<td width=\"30%\" height=\"22\" data-rm-block-id=\"block-20\"><strong>T\u00f3pico de adapta\u00e7\u00e3o<\/strong><\/td>\n<td width=\"70%\" height=\"22\" data-rm-block-id=\"block-21\">M52x0,75<\/td>\n<\/tr>\n<\/tbody>\n<\/table>\n<p>&nbsp;<\/p>\n<\/div>\n<\/div>\n<\/div>\n<\/div>\n<\/div>\n<\/div>\n<\/div>\n<\/div>\n<footer id=\"footerScroll\">\n<div id=\"inner_footer\">\n<div id=\"foot\">\n<div id=\"w-foot\">\n<p data-rm-block-id=\"block-22\"><a href=\"https:\/\/dinaturez.com\/wp-content\/uploads\/2025\/10\/SMARTCLIP-HUNT-ADAPTER51_ES.pdf\">SMARTCLIP-HUNT-ADAPTER51_PT<\/a><\/p>\n<\/div>\n<\/div>\n<\/div>\n<\/footer>\n<\/div>\n<\/div>\n<\/div>\n<\/div>\n<\/div>\n<\/div>\n<\/div>\n<footer id=\"footerScroll\">\n<div id=\"inner_footer\">\n<div id=\"foot\">\n<div id=\"w-foot\">\n<div id=\"web-links\" class=\"container\" data-rm-block-id=\"block-23\"><\/div>\n<\/div>\n<\/div>\n<\/div>\n<\/footer>","protected":false},"excerpt":{"rendered":"<h3>O <strong data-start=\"217\" data-end=\"245\">ADAPTADOR SMARTCLIP HUNT51<\/strong> \u00e9 um adaptador de encaixe concebido para fixar dispositivos t\u00e9rmicos a miras telesc\u00f3picas com um <strong data-start=\"344\" data-end=\"353\">51 mm<\/strong>. O seu design compacto e funcional permite uma instala\u00e7\u00e3o r\u00e1pida e segura, convertendo \u00f3pticas convencionais em sistemas h\u00edbridos com imagem t\u00e9rmica sem necessidade de modifica\u00e7\u00f5es complexas.<\/h3>","protected":false},"featured_media":25903,"template":"","meta":[],"product_brand":[],"product_cat":[149,131,144],"product_tag":[],"class_list":{"0":"post-25900","1":"product","2":"type-product","3":"status-publish","4":"has-post-thumbnail","6":"product_cat-acoples-clip-on","7":"product_cat-thermtec","8":"product_cat-vision-termica","10":"first","11":"instock","12":"taxable","13":"shipping-taxable","14":"purchasable","15":"product-type-simple","16":"add-to-wishlist-after_add_to_cart"},"_links":{"self":[{"href":"https:\/\/dinaturez.com\/pt\/wp-json\/wp\/v2\/product\/25900","targetHints":{"allow":["GET"]}}],"collection":[{"href":"https:\/\/dinaturez.com\/pt\/wp-json\/wp\/v2\/product"}],"about":[{"href":"https:\/\/dinaturez.com\/pt\/wp-json\/wp\/v2\/types\/product"}],"wp:featuredmedia":[{"embeddable":true,"href":"https:\/\/dinaturez.com\/pt\/wp-json\/wp\/v2\/media\/25903"}],"wp:attachment":[{"href":"https:\/\/dinaturez.com\/pt\/wp-json\/wp\/v2\/media?parent=25900"}],"wp:term":[{"taxonomy":"product_brand","embeddable":true,"href":"https:\/\/dinaturez.com\/pt\/wp-json\/wp\/v2\/product_brand?post=25900"},{"taxonomy":"product_cat","embeddable":true,"href":"https:\/\/dinaturez.com\/pt\/wp-json\/wp\/v2\/product_cat?post=25900"},{"taxonomy":"product_tag","embeddable":true,"href":"https:\/\/dinaturez.com\/pt\/wp-json\/wp\/v2\/product_tag?post=25900"}],"curies":[{"name":"wp","href":"https:\/\/api.w.org\/{rel}","templated":true}]}}