{"id":25870,"date":"2025-09-30T21:14:12","date_gmt":"2025-09-30T19:14:12","guid":{"rendered":"https:\/\/dinaturez.com\/?post_type=product&#038;p=25870"},"modified":"2026-03-23T13:11:36","modified_gmt":"2026-03-23T12:11:36","slug":"oryx650-lrf-thermtec","status":"publish","type":"product","link":"https:\/\/dinaturez.com\/pt\/product\/oryx650-lrf-thermtec\/","title":{"rendered":"ORYX650-LRF-THERMTEC"},"content":{"rendered":"<h4 data-start=\"189\" data-end=\"568\">O <strong data-start=\"192\" data-end=\"208\">Oryx 650 LRF<\/strong> \u00e9 uma mira t\u00e9rmica de topo de gama concebida para aqueles que exigem o melhor em termos de precis\u00e3o, visibilidade e funcionalidade integrada. Combina \u00f3tica avan\u00e7ada com um tel\u00e9metro laser (LRF) incorporado, dando ao utilizador a capacidade de ver na escurid\u00e3o total e medir dist\u00e2ncias com precis\u00e3o, tudo numa \u00fanica unidade robusta que est\u00e1 preparada para condi\u00e7\u00f5es exigentes.<\/h4>\n<h4 data-start=\"570\" data-end=\"662\">Ideal para ca\u00e7a nocturna, vigil\u00e2ncia da natureza ou ac\u00e7\u00f5es t\u00e1cticas de longo alcance.<\/h4>\n<p>&nbsp;<\/p>\n<ul>\n<li data-start=\"3097\" data-end=\"3311\">\n<p data-start=\"3100\" data-end=\"3311\"><span style=\"color: #0000ff;\"><strong data-start=\"3100\" data-end=\"3132\">Vis\u00e3o t\u00e9rmica de alto n\u00edvel<\/strong><\/span><br data-start=\"3132\" data-end=\"3135\" \/>Gra\u00e7as ao baixo NETD e \u00e0 \u00f3tica luminosa, o Oryx 650 LRF permite distinguir animais ou pormenores mesmo em condi\u00e7\u00f5es de baixa diferen\u00e7a de temperatura ou de condi\u00e7\u00f5es meteorol\u00f3gicas adversas.<\/p>\n<\/li>\n<li data-start=\"3313\" data-end=\"3513\">\n<p data-start=\"3316\" data-end=\"3513\"><span style=\"color: #0000ff;\"><strong data-start=\"3316\" data-end=\"3339\">Tel\u00e9metro integrado<\/strong><\/span><br data-start=\"3339\" data-end=\"3342\" \/>N\u00e3o precisa de equipamento adicional para medir a dist\u00e2ncia ao alvo: o LRF d\u00e1-lhe essa capacidade diretamente, o que \u00e9 essencial para o tiro de precis\u00e3o.<\/p>\n<\/li>\n<li data-start=\"3515\" data-end=\"3856\">\n<p data-start=\"3518\" data-end=\"3856\"><span style=\"color: #0000ff;\"><strong data-start=\"3518\" data-end=\"3563\">Interface moderna e fun\u00e7\u00f5es inteligentes<\/strong><\/span><br data-start=\"3563\" data-end=\"3566\" \/>Modos como PI P, v\u00e1rios ret\u00edculos e altera\u00e7\u00e3o da paleta de cores ajudam a adaptar o visor ao ambiente (floresta, c\u00e9u, vegeta\u00e7\u00e3o rasteira, contraste t\u00e9rmico).<br data-start=\"3721\" data-end=\"3724\" \/>Al\u00e9m disso, o seu sistema AutoSight \/ fun\u00e7\u00f5es de calibra\u00e7\u00e3o autom\u00e1tica ajudam a manter a imagem est\u00e1vel e a evitar pausas inc\u00f3modas.<\/p>\n<\/li>\n<li data-start=\"3858\" data-end=\"4036\">\n<p data-start=\"3861\" data-end=\"4036\"><span style=\"color: #0000ff;\"><strong data-start=\"3861\" data-end=\"3893\">Robustez adequada ao terreno<\/strong><\/span><br data-start=\"3893\" data-end=\"3896\" \/>A classifica\u00e7\u00e3o de prote\u00e7\u00e3o IP67 e a toler\u00e2ncia ao recuo tornam-na adequada para uma utiliza\u00e7\u00e3o intensa no exterior, caminhadas ou condi\u00e7\u00f5es exigentes.<\/p>\n<\/li>\n<li data-start=\"4038\" data-end=\"4207\">\n<p data-start=\"4041\" data-end=\"4207\"><span style=\"color: #0000ff;\"><strong data-start=\"4041\" data-end=\"4085\">Autonomia not\u00e1vel e substitui\u00e7\u00e3o da bateria<\/strong><\/span><br data-start=\"4085\" data-end=\"4088\" \/>Ao utilizar uma bateria substitu\u00edvel, pode transportar baterias extra e n\u00e3o depender de um carregamento fixo em alturas cr\u00edticas.<\/p>\n<\/li>\n<\/ul>\n<p>&nbsp;<\/p>\n<h4>Funcionalidades avan\u00e7adas:<\/h4>\n<table class=\"specs\" border=\"0\" cellspacing=\"0\" cellpadding=\"0\">\n<tbody>\n<tr class=\"table-data\" align=\"left\" valign=\"middle\">\n<td width=\"30%\" height=\"22\"><strong>Marca<\/strong><\/td>\n<td width=\"70%\" height=\"22\">ThermTec<\/td>\n<\/tr>\n<tr class=\"table-data\" align=\"left\" valign=\"middle\">\n<td width=\"30%\" height=\"22\"><strong>Tipo de sensor<\/strong><\/td>\n<td width=\"70%\" height=\"22\">Microbol\u00f3metro VOx n\u00e3o arrefecido<\/td>\n<\/tr>\n<tr class=\"table-data\" align=\"left\" valign=\"middle\">\n<td width=\"30%\" height=\"22\"><strong>Resolu\u00e7\u00e3o<\/strong><\/td>\n<td width=\"70%\" height=\"22\">640\u00d7512 p\u00edxeis<\/td>\n<\/tr>\n<tr class=\"table-data\" align=\"left\" valign=\"middle\">\n<td width=\"30%\" height=\"22\"><strong>Tamanho do pixel<\/strong><\/td>\n<td width=\"70%\" height=\"22\">12\u00b5m<\/td>\n<\/tr>\n<tr class=\"table-data\" align=\"left\" valign=\"middle\">\n<td width=\"30%\" height=\"22\"><strong>NETD<\/strong><\/td>\n<td width=\"70%\" height=\"22\">\u226415mK@300K<\/td>\n<\/tr>\n<tr class=\"table-data\" align=\"left\" valign=\"middle\">\n<td width=\"30%\" height=\"22\"><strong>Gama espetral<\/strong><\/td>\n<td width=\"70%\" height=\"22\">8\uff5e14\u03bcm<\/td>\n<\/tr>\n<tr class=\"table-data\" align=\"left\" valign=\"middle\">\n<td width=\"30%\" height=\"22\"><strong>Lente<\/strong><\/td>\n<td width=\"70%\" height=\"22\">50mm (F#0.9, focagem manual)<\/td>\n<\/tr>\n<tr class=\"table-data\" align=\"left\" valign=\"middle\">\n<td width=\"30%\" height=\"22\"><strong>Tecnologia de obturador<\/strong><\/td>\n<td width=\"70%\" height=\"22\">Shutterless (Tecnologia militar sem obturador)<\/td>\n<\/tr>\n<tr class=\"table-data\" align=\"left\" valign=\"middle\">\n<td width=\"30%\" height=\"22\"><strong>Aumentos<\/strong><\/td>\n<td width=\"70%\" height=\"22\">3,7x<\/td>\n<\/tr>\n<tr class=\"table-data\" align=\"left\" valign=\"middle\">\n<td width=\"30%\" height=\"22\"><strong>\u00c2ngulo de vis\u00e3o<\/strong><\/td>\n<td width=\"70%\" height=\"22\">8.8\u00b0 x 7.0\u00b0<\/td>\n<\/tr>\n<tr class=\"table-data\" align=\"left\" valign=\"middle\">\n<td width=\"30%\" height=\"22\"><strong>Zoom digital<\/strong><\/td>\n<td width=\"70%\" height=\"22\">1x\uff5e4x cont\u00ednuo<\/td>\n<\/tr>\n<tr class=\"table-data\" align=\"left\" valign=\"middle\">\n<td width=\"30%\" height=\"22\"><strong>Paletas de cores<\/strong><\/td>\n<td width=\"70%\" height=\"22\">6<\/td>\n<\/tr>\n<tr class=\"table-data\" align=\"left\" valign=\"middle\">\n<td width=\"30%\" height=\"22\"><strong>Tipo de ecr\u00e3<\/strong><\/td>\n<td width=\"70%\" height=\"22\">OLED 1,03\u2033, resolu\u00e7\u00e3o 2560\u00d72560 pix\u00e9is, 3 modos de imagem<\/td>\n<\/tr>\n<tr class=\"table-data\" align=\"left\" valign=\"middle\">\n<td width=\"30%\" height=\"22\"><strong>Ajuste di\u00f3ptrico<\/strong><\/td>\n<td width=\"70%\" height=\"22\">-5\uff5e+5<\/td>\n<\/tr>\n<tr class=\"table-data\" align=\"left\" valign=\"middle\">\n<td width=\"30%\" height=\"22\"><strong>Dist\u00e2ncia dos olhos<\/strong><\/td>\n<td width=\"70%\" height=\"22\">60 mm<\/td>\n<\/tr>\n<tr class=\"table-data\" align=\"left\" valign=\"middle\">\n<td width=\"30%\" height=\"22\"><strong>For\u00e7a m\u00e1xima de recuo<\/strong><\/td>\n<td width=\"70%\" height=\"22\">6.000J<\/td>\n<\/tr>\n<tr class=\"table-data\" align=\"left\" valign=\"middle\">\n<td width=\"30%\" height=\"22\"><strong>Suporte de montagem<\/strong><\/td>\n<td width=\"70%\" height=\"22\">N\u00e3o<\/td>\n<\/tr>\n<tr class=\"table-data\" align=\"left\" valign=\"middle\">\n<td width=\"30%\" height=\"22\"><strong>Reprodu\u00e7\u00e3o de v\u00eddeo e imagem<\/strong><\/td>\n<td width=\"70%\" height=\"22\">SIM<\/td>\n<\/tr>\n<tr class=\"table-data\" align=\"left\" valign=\"middle\">\n<td width=\"30%\" height=\"22\"><strong>Grava\u00e7\u00e3o de \u00e1udio em v\u00eddeo<\/strong><\/td>\n<td width=\"70%\" height=\"22\">SIM<\/td>\n<\/tr>\n<tr class=\"table-data\" align=\"left\" valign=\"middle\">\n<td width=\"30%\" height=\"22\"><strong>Zeragem<\/strong><\/td>\n<td width=\"70%\" height=\"22\">Autom\u00e1tico \/ Manual<\/td>\n<\/tr>\n<tr class=\"table-data\" align=\"left\" valign=\"middle\">\n<td width=\"30%\" height=\"22\"><strong>Ret\u00edculo<\/strong><\/td>\n<td width=\"70%\" height=\"22\">7<\/td>\n<\/tr>\n<tr class=\"table-data\" align=\"left\" valign=\"middle\">\n<td width=\"30%\" height=\"22\"><strong>Mem\u00f3ria interna<\/strong><\/td>\n<td width=\"70%\" height=\"22\">64 GB<\/td>\n<\/tr>\n<tr class=\"table-data\" align=\"left\" valign=\"middle\">\n<td width=\"30%\" height=\"22\"><strong>Medi\u00e7\u00e3o de dist\u00e2ncias<\/strong><\/td>\n<td width=\"70%\" height=\"22\">Tel\u00e9metro laser integrado na lente 1200m<\/td>\n<\/tr>\n<tr class=\"table-data\" align=\"left\" valign=\"middle\">\n<td width=\"30%\" height=\"22\"><strong>Procurador de calor<\/strong><\/td>\n<td width=\"70%\" height=\"22\">SIM<\/td>\n<\/tr>\n<tr class=\"table-data\" align=\"left\" valign=\"middle\">\n<td width=\"30%\" height=\"22\"><strong>Imagem sobre imagem<\/strong><\/td>\n<td width=\"70%\" height=\"22\">Imagem em tamanho reduzido sobreposta \u00e0 imagem principal, diminuindo a vista central do observador.<\/td>\n<\/tr>\n<tr class=\"table-data\" align=\"left\" valign=\"middle\">\n<td width=\"30%\" height=\"22\"><strong>Tipo de pilha<\/strong><\/td>\n<td width=\"70%\" height=\"22\">Bateria substitu\u00edvel, 1x 21700 Li<\/td>\n<\/tr>\n<tr class=\"table-data\" align=\"left\" valign=\"middle\">\n<td width=\"30%\" height=\"22\"><strong>Dura\u00e7\u00e3o da bateria<\/strong><\/td>\n<td width=\"70%\" height=\"22\">Tempo de funcionamento cont\u00ednuo \u2265 8h<\/td>\n<\/tr>\n<tr class=\"table-data\" align=\"left\" valign=\"middle\">\n<td width=\"30%\" height=\"22\"><strong>Liga\u00e7\u00f5es<\/strong><\/td>\n<td width=\"70%\" height=\"22\">USB tipo C para liga\u00e7\u00e3o ao PC para descarregar fotografias e v\u00eddeos<\/td>\n<\/tr>\n<tr class=\"table-data\" align=\"left\" valign=\"middle\">\n<td width=\"30%\" height=\"22\"><strong>Comunica\u00e7\u00e3o<\/strong><\/td>\n<td width=\"70%\" height=\"22\">Liga\u00e7\u00e3o Hotspot com a aplica\u00e7\u00e3o<\/td>\n<\/tr>\n<tr class=\"table-data\" align=\"left\" valign=\"middle\">\n<td width=\"30%\" height=\"22\"><strong>Temperatura de funcionamento<\/strong><\/td>\n<td width=\"70%\" height=\"22\">-20\u2103\uff5e+50\u2103<\/td>\n<\/tr>\n<tr class=\"table-data\" align=\"left\" valign=\"middle\">\n<td width=\"30%\" height=\"22\"><strong>\u00cdndice de prote\u00e7\u00e3o<\/strong><\/td>\n<td width=\"70%\" height=\"22\">IP67, resist\u00eancia a quedas de 1 metro<\/td>\n<\/tr>\n<tr class=\"table-data\" align=\"left\" valign=\"middle\">\n<td width=\"30%\" height=\"22\"><strong>Peso<\/strong><\/td>\n<td width=\"70%\" height=\"22\">1100g<\/td>\n<\/tr>\n<tr class=\"table-data\" align=\"left\" valign=\"middle\">\n<td width=\"30%\" height=\"22\"><strong>Dimens\u00f5es<\/strong><\/td>\n<td width=\"70%\" height=\"22\">397 mm \u00d7 87 mm \u00d7 74 mm<\/td>\n<\/tr>\n<\/tbody>\n<\/table>\n<p>&nbsp;<\/p>\n<p><a href=\"https:\/\/dinaturez.com\/wp-content\/uploads\/2025\/09\/ORYX650-LRF_ES-1.pdf\">ORYX650-LRF_PT<\/a><\/p>","protected":false},"excerpt":{"rendered":"<h3 data-start=\"189\" data-end=\"568\">O <strong data-start=\"192\" data-end=\"208\">Oryx 650 LRF<\/strong> \u00e9 uma mira t\u00e9rmica de topo de gama concebida para aqueles que exigem o melhor em termos de precis\u00e3o, visibilidade e funcionalidade integrada. Combina \u00f3tica avan\u00e7ada com um tel\u00e9metro laser (LRF) incorporado, dando ao utilizador a capacidade de ver na escurid\u00e3o total e medir dist\u00e2ncias com precis\u00e3o, tudo numa \u00fanica unidade robusta que est\u00e1 preparada para condi\u00e7\u00f5es exigentes.<\/h3>\n<h3 data-start=\"570\" data-end=\"662\">Ideal para ca\u00e7a nocturna, vigil\u00e2ncia da natureza ou ac\u00e7\u00f5es t\u00e1cticas de longo alcance.<\/h3>","protected":false},"featured_media":25864,"template":"","meta":[],"product_brand":[],"product_cat":[144,131,146,150],"product_tag":[],"class_list":{"0":"post-25870","1":"product","2":"type-product","3":"status-publish","4":"has-post-thumbnail","6":"product_cat-vision-termica","7":"product_cat-thermtec","8":"product_cat-visores-termicos","9":"product_cat-visores-thermtec","11":"first","12":"instock","13":"taxable","14":"shipping-taxable","15":"purchasable","16":"product-type-simple","17":"add-to-wishlist-after_add_to_cart"},"_links":{"self":[{"href":"https:\/\/dinaturez.com\/pt\/wp-json\/wp\/v2\/product\/25870","targetHints":{"allow":["GET"]}}],"collection":[{"href":"https:\/\/dinaturez.com\/pt\/wp-json\/wp\/v2\/product"}],"about":[{"href":"https:\/\/dinaturez.com\/pt\/wp-json\/wp\/v2\/types\/product"}],"wp:featuredmedia":[{"embeddable":true,"href":"https:\/\/dinaturez.com\/pt\/wp-json\/wp\/v2\/media\/25864"}],"wp:attachment":[{"href":"https:\/\/dinaturez.com\/pt\/wp-json\/wp\/v2\/media?parent=25870"}],"wp:term":[{"taxonomy":"product_brand","embeddable":true,"href":"https:\/\/dinaturez.com\/pt\/wp-json\/wp\/v2\/product_brand?post=25870"},{"taxonomy":"product_cat","embeddable":true,"href":"https:\/\/dinaturez.com\/pt\/wp-json\/wp\/v2\/product_cat?post=25870"},{"taxonomy":"product_tag","embeddable":true,"href":"https:\/\/dinaturez.com\/pt\/wp-json\/wp\/v2\/product_tag?post=25870"}],"curies":[{"name":"wp","href":"https:\/\/api.w.org\/{rel}","templated":true}]}}