{"id":25855,"date":"2025-09-30T20:35:22","date_gmt":"2025-09-30T18:35:22","guid":{"rendered":"https:\/\/dinaturez.com\/?post_type=product&#038;p=25855"},"modified":"2026-01-16T11:16:13","modified_gmt":"2026-01-16T10:16:13","slug":"ares650-lrf-2-0","status":"publish","type":"product","link":"https:\/\/dinaturez.com\/pt\/product\/ares650-lrf-2-0\/","title":{"rendered":"ARES650-LRF-2.0 THERMTEC"},"content":{"rendered":"<h3>O<strong data-start=\"229\" data-end=\"257\"> ARES650 LRF 2.0 da Thermtec,<\/strong>\u00a0uma mira t\u00e9rmica de topo de gama para espingardas, concebida para ca\u00e7adores e profissionais que exigem precis\u00e3o, versatilidade e tecnologia integrada avan\u00e7ada. Com o seu tel\u00e9metro laser (LRF) at\u00e9 1.000 metros, combina vis\u00e3o t\u00e9rmica de classe mundial com medi\u00e7\u00e3o de dist\u00e2ncias, proporcionando-lhe uma ferramenta completa para o seu dia no terreno.<\/h3>\n<p>&nbsp;<\/p>\n<ul>\n<li data-start=\"2360\" data-end=\"2548\">\n<p data-start=\"2362\" data-end=\"2548\"><span style=\"color: #0000ff;\"><strong data-start=\"2362\" data-end=\"2417\">Vis\u00e3o t\u00e9rmica de alta resolu\u00e7\u00e3o + tel\u00e9metro laser<\/strong>:<\/span> n\u00e3o s\u00f3 v\u00ea os alvos, como tamb\u00e9m mede a sua dist\u00e2ncia com precis\u00e3o, ideal para c\u00e1lculos bal\u00edsticos e tiro a longa dist\u00e2ncia.<\/p>\n<\/li>\n<li data-start=\"2549\" data-end=\"2707\">\n<p data-start=\"2551\" data-end=\"2707\"><span style=\"color: #0000ff;\"><strong data-start=\"2551\" data-end=\"2575\">Design sem obturador<\/strong>:<\/span> elimina o obturador mec\u00e2nico para uma experi\u00eancia de visualiza\u00e7\u00e3o cont\u00ednua e sem interrup\u00e7\u00f5es.<\/p>\n<\/li>\n<li data-start=\"2708\" data-end=\"2852\">\n<p data-start=\"2710\" data-end=\"2852\"><span style=\"color: #0000ff;\"><strong data-start=\"2710\" data-end=\"2733\">Versatilidade de utiliza\u00e7\u00e3o<\/strong>:<\/span> As grelhas m\u00faltiplas, as op\u00e7\u00f5es de cor e os perfis zero permitem-lhe adaptar-se a diferentes calibres e cen\u00e1rios.<\/p>\n<\/li>\n<li data-start=\"2853\" data-end=\"2960\">\n<p data-start=\"2855\" data-end=\"2960\"><span style=\"color: #0000ff;\"><strong data-start=\"2855\" data-end=\"2872\">Robustez real<\/strong>:<\/span> preparados para enfrentar condi\u00e7\u00f5es adversas (chuva, poeira, temperaturas extremas).<\/p>\n<\/li>\n<li data-start=\"2961\" data-end=\"3077\">\n<p data-start=\"2963\" data-end=\"3077\"><span style=\"color: #0000ff;\"><strong data-start=\"2963\" data-end=\"2986\">Autonomia alargada<\/strong>:<\/span> Ideal se as suas viagens de vigil\u00e2ncia ou de ca\u00e7a demoram horas sem acesso f\u00e1cil \u00e0 recarga.<\/p>\n<\/li>\n<li data-start=\"3078\" data-end=\"3201\">\n<p data-start=\"3080\" data-end=\"3201\"><span style=\"color: #0000ff;\"><strong data-start=\"3080\" data-end=\"3106\">Fun\u00e7\u00f5es inteligentes<\/strong>:<\/span> gra\u00e7as ao tel\u00e9metro e ao perfil bal\u00edstico integrados, obt\u00e9m-se uma maior efici\u00eancia no terreno.<\/p>\n<\/li>\n<\/ul>\n<p>&nbsp;<\/p>\n<h3>Funcionalidades avan\u00e7adas:<\/h3>\n<table class=\"specs\" border=\"0\" cellspacing=\"0\" cellpadding=\"0\">\n<tbody>\n<tr class=\"table-data\" align=\"left\" valign=\"middle\">\n<td width=\"30%\" height=\"22\"><strong>Marca<\/strong><\/td>\n<td width=\"70%\" height=\"22\">ThermTec<\/td>\n<\/tr>\n<tr class=\"table-data\" align=\"left\" valign=\"middle\">\n<td width=\"30%\" height=\"22\"><strong>Tipo de sensor<\/strong><\/td>\n<td width=\"70%\" height=\"22\">Microbol\u00f3metro VOx n\u00e3o arrefecido<\/td>\n<\/tr>\n<tr class=\"table-data\" align=\"left\" valign=\"middle\">\n<td width=\"30%\" height=\"22\"><strong>Resolu\u00e7\u00e3o<\/strong><\/td>\n<td width=\"70%\" height=\"22\">640\u00d7512 p\u00edxeis<\/td>\n<\/tr>\n<tr class=\"table-data\" align=\"left\" valign=\"middle\">\n<td width=\"30%\" height=\"22\"><strong>Tamanho do pixel<\/strong><\/td>\n<td width=\"70%\" height=\"22\">12\u00b5m<\/td>\n<\/tr>\n<tr class=\"table-data\" align=\"left\" valign=\"middle\">\n<td width=\"30%\" height=\"22\"><strong>NETD<\/strong><\/td>\n<td width=\"70%\" height=\"22\">\u226418mK@300K<\/td>\n<\/tr>\n<tr class=\"table-data\" align=\"left\" valign=\"middle\">\n<td width=\"30%\" height=\"22\"><strong>Gama espetral<\/strong><\/td>\n<td width=\"70%\" height=\"22\">8\uff5e14\u03bcm<\/td>\n<\/tr>\n<tr class=\"table-data\" align=\"left\" valign=\"middle\">\n<td width=\"30%\" height=\"22\"><strong>Lente<\/strong><\/td>\n<td width=\"70%\" height=\"22\">50mm (F#1.0, focagem manual)<\/td>\n<\/tr>\n<tr class=\"table-data\" align=\"left\" valign=\"middle\">\n<td width=\"30%\" height=\"22\"><strong>Medidor de dist\u00e2ncia<\/strong><\/td>\n<td width=\"70%\" height=\"22\">LRF, laser, at\u00e9 1.000 metros<\/td>\n<\/tr>\n<tr class=\"table-data\" align=\"left\" valign=\"middle\">\n<td width=\"30%\" height=\"22\"><strong>Tecnologia de obturador<\/strong><\/td>\n<td width=\"70%\" height=\"22\">Shutterless (Tecnologia militar sem obturador)<\/td>\n<\/tr>\n<tr class=\"table-data\" align=\"left\" valign=\"middle\">\n<td width=\"30%\" height=\"22\"><strong>Aumentos<\/strong><\/td>\n<td width=\"70%\" height=\"22\">2,8X<\/td>\n<\/tr>\n<tr class=\"table-data\" align=\"left\" valign=\"middle\">\n<td width=\"30%\" height=\"22\"><strong>\u00c2ngulo de vis\u00e3o<\/strong><\/td>\n<td width=\"70%\" height=\"22\">8.8\u00b0 x 7.0\u00b0<\/td>\n<\/tr>\n<tr class=\"table-data\" align=\"left\" valign=\"middle\">\n<td width=\"30%\" height=\"22\"><strong>Zoom digital<\/strong><\/td>\n<td width=\"70%\" height=\"22\">1x\uff5e4x cont\u00ednuo<\/td>\n<\/tr>\n<tr class=\"table-data\" align=\"left\" valign=\"middle\">\n<td width=\"30%\" height=\"22\"><strong>Paletas de cores<\/strong><\/td>\n<td width=\"70%\" height=\"22\">6<\/td>\n<\/tr>\n<tr class=\"table-data\" align=\"left\" valign=\"middle\">\n<td width=\"30%\" height=\"22\"><strong>Tipo de ecr\u00e3<\/strong><\/td>\n<td width=\"70%\" height=\"22\">AMOLED 0,39\u2033, resolu\u00e7\u00e3o 1024\u00d7768 pix\u00e9is, 3 modos de imagem<\/td>\n<\/tr>\n<tr class=\"table-data\" align=\"left\" valign=\"middle\">\n<td width=\"30%\" height=\"22\"><strong>Ajuste di\u00f3ptrico<\/strong><\/td>\n<td width=\"70%\" height=\"22\">-5\uff5e+5<\/td>\n<\/tr>\n<tr class=\"table-data\" align=\"left\" valign=\"middle\">\n<td width=\"30%\" height=\"22\"><strong>Dist\u00e2ncia dos olhos<\/strong><\/td>\n<td width=\"70%\" height=\"22\">50mm<\/td>\n<\/tr>\n<tr class=\"table-data\" align=\"left\" valign=\"middle\">\n<td width=\"30%\" height=\"22\"><strong>For\u00e7a m\u00e1xima de recuo<\/strong><\/td>\n<td width=\"70%\" height=\"22\">6000J<\/td>\n<\/tr>\n<tr class=\"table-data\" align=\"left\" valign=\"middle\">\n<td width=\"30%\" height=\"22\"><strong>Montagem<\/strong><\/td>\n<td width=\"70%\" height=\"22\">2x an\u00e9is Weaver de 30 mm<\/td>\n<\/tr>\n<tr class=\"table-data\" align=\"left\" valign=\"middle\">\n<td width=\"30%\" height=\"22\"><strong>Zeragem<\/strong><\/td>\n<td width=\"70%\" height=\"22\">Autom\u00e1tico \/ Manual<\/td>\n<\/tr>\n<tr class=\"table-data\" align=\"left\" valign=\"middle\">\n<td width=\"30%\" height=\"22\"><strong>Reprodu\u00e7\u00e3o de v\u00eddeo e imagem<\/strong><\/td>\n<td width=\"70%\" height=\"22\">SIM<\/td>\n<\/tr>\n<tr class=\"table-data\" align=\"left\" valign=\"middle\">\n<td width=\"30%\" height=\"22\"><strong>Grava\u00e7\u00e3o de \u00e1udio em v\u00eddeo<\/strong><\/td>\n<td width=\"70%\" height=\"22\">SIM<\/td>\n<\/tr>\n<tr class=\"table-data\" align=\"left\" valign=\"middle\">\n<td width=\"30%\" height=\"22\"><strong>Ret\u00edculo<\/strong><\/td>\n<td width=\"70%\" height=\"22\">7 (ponto central preto, branco, vermelho, verde e azul)<\/td>\n<\/tr>\n<tr class=\"table-data\" align=\"left\" valign=\"middle\">\n<td width=\"30%\" height=\"22\"><strong>Mem\u00f3ria interna<\/strong><\/td>\n<td width=\"70%\" height=\"22\">64 GB<\/td>\n<\/tr>\n<tr class=\"table-data\" align=\"left\" valign=\"middle\">\n<td width=\"30%\" height=\"22\"><strong>Procurador de calor<\/strong><\/td>\n<td width=\"70%\" height=\"22\">SIM<\/td>\n<\/tr>\n<tr class=\"table-data\" align=\"left\" valign=\"middle\">\n<td width=\"30%\" height=\"22\"><strong>Imagem sobre imagem<\/strong><\/td>\n<td width=\"70%\" height=\"22\">Imagem em tamanho reduzido sobreposta \u00e0 imagem principal, diminuindo a vista central do observador.<\/td>\n<\/tr>\n<tr class=\"table-data\" align=\"left\" valign=\"middle\">\n<td width=\"30%\" height=\"22\"><strong>Tipo de pilha<\/strong><\/td>\n<td width=\"70%\" height=\"22\">Bateria interna e bateria substitu\u00edvel, 1x 18650 Li ou 1x 18500 Li<\/td>\n<\/tr>\n<tr class=\"table-data\" align=\"left\" valign=\"middle\">\n<td width=\"30%\" height=\"22\"><strong>Dura\u00e7\u00e3o da bateria<\/strong><\/td>\n<td width=\"70%\" height=\"22\">Tempo de funcionamento cont\u00ednuo at\u00e9 16h<\/td>\n<\/tr>\n<tr class=\"table-data\" align=\"left\" valign=\"middle\">\n<td width=\"30%\" height=\"22\"><strong>Liga\u00e7\u00f5es<\/strong><\/td>\n<td width=\"70%\" height=\"22\">USB tipo C para liga\u00e7\u00e3o ao PC para descarregar fotografias e v\u00eddeos<\/td>\n<\/tr>\n<tr class=\"table-data\" align=\"left\" valign=\"middle\">\n<td width=\"30%\" height=\"22\"><strong>Comunica\u00e7\u00e3o<\/strong><\/td>\n<td width=\"70%\" height=\"22\">Liga\u00e7\u00e3o Hotspot com a aplica\u00e7\u00e3o<\/td>\n<\/tr>\n<tr class=\"table-data\" align=\"left\" valign=\"middle\">\n<td width=\"30%\" height=\"22\"><strong>Temperatura de funcionamento<\/strong><\/td>\n<td width=\"70%\" height=\"22\">-20\u2103\uff5e+50\u2103<\/td>\n<\/tr>\n<tr class=\"table-data\" align=\"left\" valign=\"middle\">\n<td width=\"30%\" height=\"22\"><strong>\u00cdndice de prote\u00e7\u00e3o<\/strong><\/td>\n<td width=\"70%\" height=\"22\">IP67, resist\u00eancia a quedas de 1 metro<\/td>\n<\/tr>\n<tr class=\"table-data\" align=\"left\" valign=\"middle\">\n<td width=\"30%\" height=\"22\"><strong>Peso<\/strong><\/td>\n<td width=\"70%\" height=\"22\">918g<\/td>\n<\/tr>\n<tr class=\"table-data\" align=\"left\" valign=\"middle\">\n<td width=\"30%\" height=\"22\"><strong>Dimens\u00f5es<\/strong><\/td>\n<td width=\"70%\" height=\"22\">405 mm \u00d7 92 mm \u00d7 85 mm<\/td>\n<\/tr>\n<\/tbody>\n<\/table>\n<p>&nbsp;<\/p>\n<p><a href=\"https:\/\/dinaturez.com\/wp-content\/uploads\/2025\/09\/ARES650-LRF-2.0_ES.pdf\">ARES650-LRF-2.0_PT<\/a><\/p>","protected":false},"excerpt":{"rendered":"<h3>O<strong data-start=\"229\" data-end=\"257\"> ARES650 LRF 2.0 da Thermtec,<\/strong>\u00a0uma mira t\u00e9rmica de topo de gama para espingardas, concebida para ca\u00e7adores e profissionais que exigem precis\u00e3o, versatilidade e tecnologia integrada avan\u00e7ada. Com o seu tel\u00e9metro laser (LRF) at\u00e9 1.000 metros, combina vis\u00e3o t\u00e9rmica de classe mundial com medi\u00e7\u00e3o de dist\u00e2ncias, proporcionando-lhe uma ferramenta completa para o seu dia no terreno.<\/h3>","protected":false},"featured_media":25857,"template":"","meta":[],"product_brand":[],"product_cat":[131,144,146,150],"product_tag":[],"class_list":{"0":"post-25855","1":"product","2":"type-product","3":"status-publish","4":"has-post-thumbnail","6":"product_cat-thermtec","7":"product_cat-vision-termica","8":"product_cat-visores-termicos","9":"product_cat-visores-thermtec","11":"first","12":"instock","13":"taxable","14":"shipping-taxable","15":"purchasable","16":"product-type-simple","17":"add-to-wishlist-after_add_to_cart"},"_links":{"self":[{"href":"https:\/\/dinaturez.com\/pt\/wp-json\/wp\/v2\/product\/25855","targetHints":{"allow":["GET"]}}],"collection":[{"href":"https:\/\/dinaturez.com\/pt\/wp-json\/wp\/v2\/product"}],"about":[{"href":"https:\/\/dinaturez.com\/pt\/wp-json\/wp\/v2\/types\/product"}],"wp:featuredmedia":[{"embeddable":true,"href":"https:\/\/dinaturez.com\/pt\/wp-json\/wp\/v2\/media\/25857"}],"wp:attachment":[{"href":"https:\/\/dinaturez.com\/pt\/wp-json\/wp\/v2\/media?parent=25855"}],"wp:term":[{"taxonomy":"product_brand","embeddable":true,"href":"https:\/\/dinaturez.com\/pt\/wp-json\/wp\/v2\/product_brand?post=25855"},{"taxonomy":"product_cat","embeddable":true,"href":"https:\/\/dinaturez.com\/pt\/wp-json\/wp\/v2\/product_cat?post=25855"},{"taxonomy":"product_tag","embeddable":true,"href":"https:\/\/dinaturez.com\/pt\/wp-json\/wp\/v2\/product_tag?post=25855"}],"curies":[{"name":"wp","href":"https:\/\/api.w.org\/{rel}","templated":true}]}}