{"id":25848,"date":"2025-09-30T20:19:34","date_gmt":"2025-09-30T18:19:34","guid":{"rendered":"https:\/\/dinaturez.com\/?post_type=product&#038;p=25848"},"modified":"2026-03-23T13:11:36","modified_gmt":"2026-03-23T12:11:36","slug":"ares650-2-0-thermtec","status":"publish","type":"product","link":"https:\/\/dinaturez.com\/pt\/product\/ares650-2-0-thermtec\/","title":{"rendered":"ARES650 2.0 THERMTEC"},"content":{"rendered":"<h4><strong data-start=\"625\" data-end=\"709\">Mira T\u00e9rmica Thermtec Ares 650 2.0. M\u00e1xima precis\u00e3o, vis\u00e3o t\u00e9rmica avan\u00e7ada e autonomia para os seus dias de ca\u00e7a.<\/strong> O <strong data-start=\"713\" data-end=\"738\">ThermTec Ares 650 2.0<\/strong> \u00e9 uma das mais potentes miras t\u00e9rmicas da sua classe, ideal para ca\u00e7adores exigentes que procuram qualidade de imagem, robustez e facilidade de utiliza\u00e7\u00e3o.<\/h4>\n<h4 data-start=\"254\" data-end=\"522\">\u00c9 uma mira t\u00e9rmica de elevado desempenho concebida para ca\u00e7a, vigil\u00e2ncia ou utiliza\u00e7\u00e3o profissional em condi\u00e7\u00f5es de baixa visibilidade. O seu objetivo \u00e9 fornecer imagens t\u00e9rmicas n\u00edtidas com bom detalhe e fiabilidade, mesmo em ambientes exigentes.<\/h4>\n<h4 data-start=\"524\" data-end=\"679\">A s\u00e9rie \u201c2.0\u201d da ThermTec incorpora melhorias em rela\u00e7\u00e3o \u00e0s vers\u00f5es anteriores, tais como redu\u00e7\u00e3o de peso, processamento melhorado e consist\u00eancia de imagem.<\/h4>\n<p>&nbsp;<\/p>\n<ul>\n<li data-start=\"3507\" data-end=\"3670\">\n<p data-start=\"3509\" data-end=\"3670\"><span style=\"color: #0000ff;\"><strong data-start=\"3509\" data-end=\"3536\">Alta resolu\u00e7\u00e3o t\u00e9rmica<\/strong>:<\/span> com 640\u00d7512 pix\u00e9is e uma sensibilidade \u2264 18 mK, permite distinguir pormenores t\u00e9rmicos finos mesmo com uma pequena diferen\u00e7a de temperatura.<\/p>\n<\/li>\n<li data-start=\"3671\" data-end=\"3785\">\n<p data-start=\"3673\" data-end=\"3785\"><span style=\"color: #0000ff;\"><strong data-start=\"3673\" data-end=\"3691\">Conce\u00e7\u00e3o robusta<\/strong>:<\/span> A resist\u00eancia IP67 e a capacidade de suportar impactos moderados tornam-no adequado para utiliza\u00e7\u00e3o no terreno.<\/p>\n<\/li>\n<li data-start=\"3786\" data-end=\"3912\">\n<p data-start=\"3788\" data-end=\"3912\"><span style=\"color: #0000ff;\"><strong data-start=\"3788\" data-end=\"3806\">Grande autonomia<\/strong>:<\/span> ~16 horas de utiliza\u00e7\u00e3o cont\u00ednua com bateria substitu\u00edvel para longos dias sem recarga.<\/p>\n<\/li>\n<li data-start=\"3913\" data-end=\"4060\">\n<p data-start=\"3915\" data-end=\"4060\"><span style=\"color: #0000ff;\"><strong data-start=\"3915\" data-end=\"3937\">Fun\u00e7\u00f5es modernas<\/strong>:<\/span> zoom digital amplo, ret\u00edculas m\u00faltiplas, zeragem avan\u00e7ada, grava\u00e7\u00e3o de imagem\/v\u00eddeo e conetividade de aplica\u00e7\u00f5es.<\/p>\n<\/li>\n<li data-start=\"4061\" data-end=\"4253\">\n<p data-start=\"4063\" data-end=\"4253\"><span style=\"color: #0000ff;\"><strong data-start=\"4063\" data-end=\"4107\">Fluxo de imagem sem obturador<\/strong>:<\/span> evita interrup\u00e7\u00f5es causadas por persianas mec\u00e2nicas, contribuindo para uma experi\u00eancia de visualiza\u00e7\u00e3o mais suave.<\/p>\n<\/li>\n<\/ul>\n<p>&nbsp;<\/p>\n<h3>Funcionalidades avan\u00e7adas:<\/h3>\n<table class=\"specs\" border=\"0\" cellspacing=\"0\" cellpadding=\"0\">\n<tbody>\n<tr class=\"table-data\" align=\"left\" valign=\"middle\">\n<td width=\"30%\" height=\"22\"><strong>Marca<\/strong><\/td>\n<td width=\"70%\" height=\"22\">ThermTec<\/td>\n<\/tr>\n<tr class=\"table-data\" align=\"left\" valign=\"middle\">\n<td width=\"30%\" height=\"22\"><strong>Tipo de sensor<\/strong><\/td>\n<td width=\"70%\" height=\"22\">Microbol\u00f3metro VOx n\u00e3o arrefecido<\/td>\n<\/tr>\n<tr class=\"table-data\" align=\"left\" valign=\"middle\">\n<td width=\"30%\" height=\"22\"><strong>Resolu\u00e7\u00e3o<\/strong><\/td>\n<td width=\"70%\" height=\"22\">640\u00d7512 p\u00edxeis<\/td>\n<\/tr>\n<tr class=\"table-data\" align=\"left\" valign=\"middle\">\n<td width=\"30%\" height=\"22\"><strong>Tamanho do pixel<\/strong><\/td>\n<td width=\"70%\" height=\"22\">12\u00b5m<\/td>\n<\/tr>\n<tr class=\"table-data\" align=\"left\" valign=\"middle\">\n<td width=\"30%\" height=\"22\"><strong>NETD<\/strong><\/td>\n<td width=\"70%\" height=\"22\">\u226418mK@300K<\/td>\n<\/tr>\n<tr class=\"table-data\" align=\"left\" valign=\"middle\">\n<td width=\"30%\" height=\"22\"><strong>Gama espetral<\/strong><\/td>\n<td width=\"70%\" height=\"22\">8\uff5e14\u03bcm<\/td>\n<\/tr>\n<tr class=\"table-data\" align=\"left\" valign=\"middle\">\n<td width=\"30%\" height=\"22\"><strong>Lente<\/strong><\/td>\n<td width=\"70%\" height=\"22\">50mm (F#1.0, focagem manual)<\/td>\n<\/tr>\n<tr class=\"table-data\" align=\"left\" valign=\"middle\">\n<td width=\"30%\" height=\"22\"><strong>Tecnologia de obturador<\/strong><\/td>\n<td width=\"70%\" height=\"22\">Shutterless (Tecnologia militar sem obturador)<\/td>\n<\/tr>\n<tr class=\"table-data\" align=\"left\" valign=\"middle\">\n<td width=\"30%\" height=\"22\"><strong>Aumentos<\/strong><\/td>\n<td width=\"70%\" height=\"22\">2,8x<\/td>\n<\/tr>\n<tr class=\"table-data\" align=\"left\" valign=\"middle\">\n<td width=\"30%\" height=\"22\"><strong>\u00c2ngulo de vis\u00e3o<\/strong><\/td>\n<td width=\"70%\" height=\"22\">8.8\u00b0 x 7.0\u00b0<\/td>\n<\/tr>\n<tr class=\"table-data\" align=\"left\" valign=\"middle\">\n<td width=\"30%\" height=\"22\"><strong>Zoom digital<\/strong><\/td>\n<td width=\"70%\" height=\"22\">1x\uff5e4x cont\u00ednuo<\/td>\n<\/tr>\n<tr class=\"table-data\" align=\"left\" valign=\"middle\">\n<td width=\"30%\" height=\"22\"><strong>Paletas de cores<\/strong><\/td>\n<td width=\"70%\" height=\"22\">6<\/td>\n<\/tr>\n<tr class=\"table-data\" align=\"left\" valign=\"middle\">\n<td width=\"30%\" height=\"22\"><strong>Tipo de ecr\u00e3<\/strong><\/td>\n<td width=\"70%\" height=\"22\">AMOLED 0,39\u2033, resolu\u00e7\u00e3o 1024\u00d7768 pix\u00e9is, 3 modos de imagem<\/td>\n<\/tr>\n<tr class=\"table-data\" align=\"left\" valign=\"middle\">\n<td width=\"30%\" height=\"22\"><strong>Ajuste di\u00f3ptrico<\/strong><\/td>\n<td width=\"70%\" height=\"22\">-5\uff5e+5<\/td>\n<\/tr>\n<tr class=\"table-data\" align=\"left\" valign=\"middle\">\n<td width=\"30%\" height=\"22\"><strong>Dist\u00e2ncia dos olhos<\/strong><\/td>\n<td width=\"70%\" height=\"22\">50 mm<\/td>\n<\/tr>\n<tr class=\"table-data\" align=\"left\" valign=\"middle\">\n<td width=\"30%\" height=\"22\"><strong>For\u00e7a m\u00e1xima de recuo<\/strong><\/td>\n<td width=\"70%\" height=\"22\">6.000J<\/td>\n<\/tr>\n<tr class=\"table-data\" align=\"left\" valign=\"middle\">\n<td width=\"30%\" height=\"22\"><strong>Suporte de montagem<\/strong><\/td>\n<td width=\"70%\" height=\"22\">2x an\u00e9is de 30 mm<\/td>\n<\/tr>\n<tr class=\"table-data\" align=\"left\" valign=\"middle\">\n<td width=\"30%\" height=\"22\"><strong>Reprodu\u00e7\u00e3o de v\u00eddeo e imagem<\/strong><\/td>\n<td width=\"70%\" height=\"22\">SIM<\/td>\n<\/tr>\n<tr class=\"table-data\" align=\"left\" valign=\"middle\">\n<td width=\"30%\" height=\"22\"><strong>Grava\u00e7\u00e3o de \u00e1udio em v\u00eddeo<\/strong><\/td>\n<td width=\"70%\" height=\"22\">SIM<\/td>\n<\/tr>\n<tr class=\"table-data\" align=\"left\" valign=\"middle\">\n<td width=\"30%\" height=\"22\"><strong>Zeragem<\/strong><\/td>\n<td width=\"70%\" height=\"22\">Autom\u00e1tico \/ Manual<\/td>\n<\/tr>\n<tr class=\"table-data\" align=\"left\" valign=\"middle\">\n<td width=\"30%\" height=\"22\"><strong>Ret\u00edculo<\/strong><\/td>\n<td width=\"70%\" height=\"22\">7 (Cores: preto, branco, vermelho, verde e azul)<\/td>\n<\/tr>\n<tr class=\"table-data\" align=\"left\" valign=\"middle\">\n<td width=\"30%\" height=\"22\"><strong>Mem\u00f3ria interna<\/strong><\/td>\n<td width=\"70%\" height=\"22\">64 GB<\/td>\n<\/tr>\n<tr class=\"table-data\" align=\"left\" valign=\"middle\">\n<td width=\"30%\" height=\"22\"><strong>Medi\u00e7\u00e3o de dist\u00e2ncias<\/strong><\/td>\n<td width=\"70%\" height=\"22\">IA (baseada na aprendizagem profunda)<\/td>\n<\/tr>\n<tr class=\"table-data\" align=\"left\" valign=\"middle\">\n<td width=\"30%\" height=\"22\"><strong>Procurador de calor<\/strong><\/td>\n<td width=\"70%\" height=\"22\">SIM<\/td>\n<\/tr>\n<tr class=\"table-data\" align=\"left\" valign=\"middle\">\n<td width=\"30%\" height=\"22\"><strong>Imagem sobre imagem<\/strong><\/td>\n<td width=\"70%\" height=\"22\">Imagem em tamanho reduzido sobreposta \u00e0 imagem principal, diminuindo a vista central do observador.<\/td>\n<\/tr>\n<tr class=\"table-data\" align=\"left\" valign=\"middle\">\n<td width=\"30%\" height=\"22\"><strong>Tipo de pilha<\/strong><\/td>\n<td width=\"70%\" height=\"22\">Bateria substitu\u00edvel, 1x 18650 Li ou 1x 18650 Li<\/td>\n<\/tr>\n<tr class=\"table-data\" align=\"left\" valign=\"middle\">\n<td width=\"30%\" height=\"22\"><strong>Dura\u00e7\u00e3o da bateria<\/strong><\/td>\n<td width=\"70%\" height=\"22\">Tempo de funcionamento cont\u00ednuo \u2265 16h<\/td>\n<\/tr>\n<tr class=\"table-data\" align=\"left\" valign=\"middle\">\n<td width=\"30%\" height=\"22\"><strong>Liga\u00e7\u00f5es<\/strong><\/td>\n<td width=\"70%\" height=\"22\">USB tipo C para liga\u00e7\u00e3o ao PC para descarregar fotografias e v\u00eddeos<\/td>\n<\/tr>\n<tr class=\"table-data\" align=\"left\" valign=\"middle\">\n<td width=\"30%\" height=\"22\"><strong>Comunica\u00e7\u00e3o<\/strong><\/td>\n<td width=\"70%\" height=\"22\">Liga\u00e7\u00e3o Hotspot com a aplica\u00e7\u00e3o<\/td>\n<\/tr>\n<tr class=\"table-data\" align=\"left\" valign=\"middle\">\n<td width=\"30%\" height=\"22\"><strong>Temperatura de funcionamento<\/strong><\/td>\n<td width=\"70%\" height=\"22\">-20\u2103\uff5e+55\u2103<\/td>\n<\/tr>\n<tr class=\"table-data\" align=\"left\" valign=\"middle\">\n<td width=\"30%\" height=\"22\"><strong>\u00cdndice de prote\u00e7\u00e3o<\/strong><\/td>\n<td width=\"70%\" height=\"22\">IP67, resist\u00eancia a quedas de 1 metro<\/td>\n<\/tr>\n<tr class=\"table-data\" align=\"left\" valign=\"middle\">\n<td width=\"30%\" height=\"22\"><strong>Peso<\/strong><\/td>\n<td width=\"70%\" height=\"22\">873g<\/td>\n<\/tr>\n<tr class=\"table-data\" align=\"left\" valign=\"middle\">\n<td width=\"30%\" height=\"22\"><strong>Dimens\u00f5es<\/strong><\/td>\n<td width=\"70%\" height=\"22\">405 mm \u00d7 85 mm \u00d7 85 mm \u00d7 85 mm<\/td>\n<\/tr>\n<\/tbody>\n<\/table>\n<p>&nbsp;<\/p>\n<p><a href=\"https:\/\/dinaturez.com\/wp-content\/uploads\/2025\/09\/ARES650-2.0_ES.pdf\">ARES650-2.0_PT<\/a><\/p>","protected":false},"excerpt":{"rendered":"<h3><strong data-start=\"625\" data-end=\"709\">Mira T\u00e9rmica Thermtec Ares 650 2.0. M\u00e1xima precis\u00e3o, vis\u00e3o t\u00e9rmica avan\u00e7ada e autonomia para os seus dias de ca\u00e7a.<\/strong> O <strong data-start=\"713\" data-end=\"738\">ThermTec Ares 650 2.0<\/strong> \u00e9 uma das mais potentes miras t\u00e9rmicas da sua classe, ideal para ca\u00e7adores exigentes que procuram qualidade de imagem, robustez e facilidade de utiliza\u00e7\u00e3o.<\/h3>","protected":false},"featured_media":25850,"template":"","meta":[],"product_brand":[],"product_cat":[146,131,144,150],"product_tag":[],"class_list":{"0":"post-25848","1":"product","2":"type-product","3":"status-publish","4":"has-post-thumbnail","6":"product_cat-visores-termicos","7":"product_cat-thermtec","8":"product_cat-vision-termica","9":"product_cat-visores-thermtec","11":"first","12":"instock","13":"taxable","14":"shipping-taxable","15":"purchasable","16":"product-type-simple","17":"add-to-wishlist-after_add_to_cart"},"_links":{"self":[{"href":"https:\/\/dinaturez.com\/pt\/wp-json\/wp\/v2\/product\/25848","targetHints":{"allow":["GET"]}}],"collection":[{"href":"https:\/\/dinaturez.com\/pt\/wp-json\/wp\/v2\/product"}],"about":[{"href":"https:\/\/dinaturez.com\/pt\/wp-json\/wp\/v2\/types\/product"}],"wp:featuredmedia":[{"embeddable":true,"href":"https:\/\/dinaturez.com\/pt\/wp-json\/wp\/v2\/media\/25850"}],"wp:attachment":[{"href":"https:\/\/dinaturez.com\/pt\/wp-json\/wp\/v2\/media?parent=25848"}],"wp:term":[{"taxonomy":"product_brand","embeddable":true,"href":"https:\/\/dinaturez.com\/pt\/wp-json\/wp\/v2\/product_brand?post=25848"},{"taxonomy":"product_cat","embeddable":true,"href":"https:\/\/dinaturez.com\/pt\/wp-json\/wp\/v2\/product_cat?post=25848"},{"taxonomy":"product_tag","embeddable":true,"href":"https:\/\/dinaturez.com\/pt\/wp-json\/wp\/v2\/product_tag?post=25848"}],"curies":[{"name":"wp","href":"https:\/\/api.w.org\/{rel}","templated":true}]}}