{"id":25830,"date":"2025-09-26T13:55:30","date_gmt":"2025-09-26T11:55:30","guid":{"rendered":"https:\/\/dinaturez.com\/?post_type=product&#038;p=25830"},"modified":"2025-10-22T10:24:26","modified_gmt":"2025-10-22T08:24:26","slug":"visor-continental-scom-45-vector-optics","status":"publish","type":"product","link":"https:\/\/dinaturez.com\/pt\/product\/visor-continental-scom-45-vector-optics\/","title":{"rendered":"Mira Continental x8 2-16\u00d750 ED Ref: SCOM-45 VECTOR OPTICS"},"content":{"rendered":"<h3 data-start=\"456\" data-end=\"835\">O <strong data-start=\"459\" data-end=\"496\">\u00d3tica de Vetor Continental SCOM-45<\/strong> \u00e9 uma mira para espingardas de ca\u00e7a e t\u00e1cticas de qualidade superior, concebida para quem exige precis\u00e3o, nitidez \u00f3tica e robustez em condi\u00e7\u00f5es reais. Com uma gama de amplia\u00e7\u00e3o de <strong data-start=\"656\" data-end=\"667\">2 a 16x<\/strong> e um objetivo geral de <strong data-start=\"692\" data-end=\"701\">50 mm<\/strong>Esta mira telesc\u00f3pica para espingardas oferece imagens n\u00edtidas mesmo com pouca luz, ideal para a ca\u00e7a ao amanhecer\/noite ou para tiro de m\u00e9dio a longo alcance.<\/h3>\n<h3 data-start=\"837\" data-end=\"1068\">Equipado com <strong data-start=\"850\" data-end=\"888\">lentes ED de ultra alta defini\u00e7\u00e3o<\/strong>Com um ret\u00edculo FOC iluminado de segundo plano focal (SFP) e um corpo de alum\u00ednio selado (IP67), o SCOM-45 est\u00e1 pronto para enfrentar qualquer situa\u00e7\u00e3o no campo ou no campo.<\/h3>\n<h3 data-start=\"408\" data-end=\"918\">Perfeita para a ca\u00e7a em terrenos abertos, bem como para o tiro desportivo de longo alcance.<\/h3>\n<p>&nbsp;<\/p>\n<ul>\n<li data-start=\"1110\" data-end=\"1195\">\n<p data-start=\"1112\" data-end=\"1195\"><span style=\"color: #0000ff;\"><strong data-start=\"1115\" data-end=\"1136\">Amplia\u00e7\u00e3o de 2-16x<\/strong><\/span>versatilidade para ca\u00e7ar em movimento ou disparar \u00e0 dist\u00e2ncia<\/p>\n<\/li>\n<li data-start=\"1196\" data-end=\"1271\">\n<p data-start=\"1198\" data-end=\"1271\"><span style=\"color: #0000ff;\"><strong data-start=\"1201\" data-end=\"1219\">Lente de 50 mm<\/strong><\/span>excelente desempenho em condi\u00e7\u00f5es de pouca luz<\/p>\n<\/li>\n<li data-start=\"1272\" data-end=\"1368\">\n<p data-start=\"1274\" data-end=\"1368\"><span style=\"color: #0000ff;\"><strong data-start=\"1277\" data-end=\"1310\">Ret\u00edculo iluminado VET-10 BDC<\/strong><\/span> (em SFP): clareza e visibilidade em todas as situa\u00e7\u00f5es<\/p>\n<\/li>\n<li data-start=\"1369\" data-end=\"1450\">\n<p data-start=\"1371\" data-end=\"1450\"><span style=\"color: #0000ff;\"><strong data-start=\"1374\" data-end=\"1410\">Lentes ED (dispers\u00e3o extra-baixa)<\/strong><\/span>imagem mais n\u00edtida e sem aberra\u00e7\u00f5es<\/p>\n<\/li>\n<li data-start=\"1451\" data-end=\"1513\">\n<p data-start=\"1453\" data-end=\"1513\"><span style=\"color: #0000ff;\"><strong data-start=\"1456\" data-end=\"1473\">Tubo de 30 mm<\/strong><\/span>: maior amplitude de regula\u00e7\u00e3o e durabilidade<\/p>\n<\/li>\n<li data-start=\"1514\" data-end=\"1597\">\n<p data-start=\"1516\" data-end=\"1597\"><span style=\"color: #0000ff;\"><strong data-start=\"1519\" data-end=\"1548\">Ajustes precisos de \u00bc MOA<\/strong> <\/span>com torretas reajust\u00e1veis e <em data-start=\"1584\" data-end=\"1595\">paragem zero<\/em><\/p>\n<\/li>\n<li data-start=\"1598\" data-end=\"1661\">\n<p data-start=\"1600\" data-end=\"1661\"><span style=\"color: #0000ff;\"><strong data-start=\"1603\" data-end=\"1633\">Paralaxe lateral ajust\u00e1vel<\/strong><\/span>: de 20 metros at\u00e9 ao infinito<\/p>\n<\/li>\n<li data-start=\"1662\" data-end=\"1759\">\n<p data-start=\"1664\" data-end=\"1759\"><span style=\"color: #0000ff;\"><strong data-start=\"1667\" data-end=\"1711\">Constru\u00e7\u00e3o robusta em alum\u00ednio 6061-T6<\/strong><\/span>resistente \u00e0 \u00e1gua, \u00e0 prova de \u00e1gua, ao embaciamento e \u00e0s folgas<\/p>\n<\/li>\n<li data-start=\"1760\" data-end=\"1811\">\n<p data-start=\"1762\" data-end=\"1811\">\u00a0Fonte de alimenta\u00e7\u00e3o para ret\u00edculo com pilha CR2032<\/p>\n<\/li>\n<\/ul>\n<p>&nbsp;<\/p>\n<h3>Funcionalidades avan\u00e7adas:<\/h3>\n<p>Amplia\u00e7\u00e3o: 2-16x<\/p>\n<p>Di\u00e2metro da lente objetiva: 50 mm<\/p>\n<p>Di\u00e2metro da lente ocular: 41 mm \/ 1,6 pol.<\/p>\n<p>Comprimento da lente da ocular: 54 mm \/ 2,1 pol.<\/p>\n<p>Pupila de sa\u00edda: 6,5-2,8 mm<\/p>\n<p>Revestimento \u00f3tico: Diamante transparente de v\u00e1rias camadas<\/p>\n<p>Campo de vis\u00e3o: 61,5-7,69 p\u00e9s a 100 jardas<\/p>\n<p>Campo de vis\u00e3o: 20,5-2,56M@ 100 metros<\/p>\n<p>Dist\u00e2ncia da ocular: 95 mm \/ 3,8 pol.<\/p>\n<p>Comprimento: 345 mm (13,6 polegadas)<\/p>\n<p>Peso: 672 g \/ 23,7 oz<\/p>\n<p>Di\u00e2metro do tubo: 30 mm tubo simples<\/p>\n<p>Valor do clique: 1\/4 MOA<\/p>\n<p>Alcance de eleva\u00e7\u00e3o: &gt;110 MOA<\/p>\n<p>Gama de resist\u00eancia ao vento: &gt;110 MOA<\/p>\n<p>Resolu\u00e7\u00e3o: 15\u2033 @ 2x, 5\u2033 @ 16x<\/p>\n<p>Focagem lateral: 20 jardas at\u00e9 ao infinito<\/p>\n<p>Ret\u00edculo: Ret\u00edculo de vidro gravado VET-10BDC<\/p>\n<p>Ilumina\u00e7\u00e3o: 11 velocidades, 6 horas de paragem autom\u00e1tica<\/p>\n<p>Tipo de pilha: CR2032<\/p>\n<p>Acabamento: Preto mate<\/p>\n<p>IP67 \u00e0 prova de \u00e1gua at\u00e9 1 metro durante 30 minutos<\/p>\n<p>Ajuste da torre com fun\u00e7\u00e3o de reposi\u00e7\u00e3o a zero<\/p>\n<p>Testado contra recuo at\u00e9 750 g<\/p>\n<p>Totalmente purgado com azoto para eliminar qualquer embaciamento interno da lente<\/p>\n<p>Compensa\u00e7\u00e3o das dioptrias da ocular de focagem r\u00e1pida (+2 a -3)<\/p>\n<p>Alum\u00ednio de alta qualidade para aeronaves 6061 T6<\/p>\n<p>Marca de focagem: 20, 30, 50, 75, 75, 100, 200, 200, 300, 500 e infinito.<\/p>\n<p>&nbsp;<\/p>\n<p><iframe title=\"Vetor Optics | Continental 3-18x50 (SCOL-21) Riflescope de ca\u00e7a 1\/4 MOA FMC Tubo de 30 mm de di\u00e2metro\" width=\"500\" height=\"281\" src=\"https:\/\/www.youtube.com\/embed\/J0TghCBAGrc?feature=oembed\" frameborder=\"0\" allow=\"accelerometer; autoplay; clipboard-write; encrypted-media; gyroscope; picture-in-picture; web-share\" referrerpolicy=\"strict-origin-when-cross-origin\" allowfullscreen><\/iframe><\/p>\n<p>&nbsp;<\/p>","protected":false},"excerpt":{"rendered":"<h3 data-start=\"456\" data-end=\"835\">O <strong data-start=\"459\" data-end=\"496\">\u00d3tica de Vetor Continental SCOM-45<\/strong> \u00e9 uma mira para espingardas de ca\u00e7a e t\u00e1cticas de qualidade superior, concebida para quem exige precis\u00e3o, nitidez \u00f3tica e robustez em condi\u00e7\u00f5es reais. Com uma gama de amplia\u00e7\u00e3o de <strong data-start=\"656\" data-end=\"667\">2 a 16x<\/strong> e um objetivo geral de <strong data-start=\"692\" data-end=\"701\">50 mm<\/strong>Esta mira telesc\u00f3pica para espingardas oferece imagens n\u00edtidas mesmo com pouca luz, ideal para a ca\u00e7a ao amanhecer\/noite ou para tiro de m\u00e9dio a longo alcance.<\/h3>","protected":false},"featured_media":25831,"template":"","meta":[],"product_brand":[],"product_cat":[133,126,141],"product_tag":[],"class_list":{"0":"post-25830","1":"product","2":"type-product","3":"status-publish","4":"has-post-thumbnail","6":"product_cat-vector-optic","7":"product_cat-vision-diurna","8":"product_cat-visores-diurnos","10":"first","11":"instock","12":"sale","13":"taxable","14":"shipping-taxable","15":"purchasable","16":"product-type-simple","17":"add-to-wishlist-after_add_to_cart"},"_links":{"self":[{"href":"https:\/\/dinaturez.com\/pt\/wp-json\/wp\/v2\/product\/25830","targetHints":{"allow":["GET"]}}],"collection":[{"href":"https:\/\/dinaturez.com\/pt\/wp-json\/wp\/v2\/product"}],"about":[{"href":"https:\/\/dinaturez.com\/pt\/wp-json\/wp\/v2\/types\/product"}],"wp:featuredmedia":[{"embeddable":true,"href":"https:\/\/dinaturez.com\/pt\/wp-json\/wp\/v2\/media\/25831"}],"wp:attachment":[{"href":"https:\/\/dinaturez.com\/pt\/wp-json\/wp\/v2\/media?parent=25830"}],"wp:term":[{"taxonomy":"product_brand","embeddable":true,"href":"https:\/\/dinaturez.com\/pt\/wp-json\/wp\/v2\/product_brand?post=25830"},{"taxonomy":"product_cat","embeddable":true,"href":"https:\/\/dinaturez.com\/pt\/wp-json\/wp\/v2\/product_cat?post=25830"},{"taxonomy":"product_tag","embeddable":true,"href":"https:\/\/dinaturez.com\/pt\/wp-json\/wp\/v2\/product_tag?post=25830"}],"curies":[{"name":"wp","href":"https:\/\/api.w.org\/{rel}","templated":true}]}}