{"id":25823,"date":"2025-09-26T13:39:23","date_gmt":"2025-09-26T11:39:23","guid":{"rendered":"https:\/\/dinaturez.com\/?post_type=product&#038;p=25823"},"modified":"2025-10-20T14:02:47","modified_gmt":"2025-10-20T12:02:47","slug":"visor-grizzly-pro-3-12x56i-fiber-ref-scom-42-vector-optics","status":"publish","type":"product","link":"https:\/\/dinaturez.com\/pt\/product\/visor-grizzly-pro-3-12x56i-fiber-ref-scom-42-vector-optics\/","title":{"rendered":"Mira de fibra Grizzly Pro 3-12x56i Ref: SCOM-42 \u00d3PTICAS VECTORIAIS"},"content":{"rendered":"<h3 data-start=\"467\" data-end=\"855\">O <strong data-start=\"470\" data-end=\"514\">Vetor Optics Grizzly SCOM-42 (3-12\u00d756i)<\/strong> \u00e9 uma mira para espingarda de alto desempenho concebida para ca\u00e7adores e atiradores que procuram precis\u00e3o, durabilidade e excelente visibilidade em condi\u00e7\u00f5es de pouca luz. Com uma \u00f3tica clara e brilhante, um ret\u00edculo iluminado de estilo alem\u00e3o #4 e uma constru\u00e7\u00e3o robusta em alum\u00ednio, a Grizzly \u00e9 ideal para a ca\u00e7a, o tiro desportivo e a utiliza\u00e7\u00e3o t\u00e1tica.<\/h3>\n<h3 data-start=\"857\" data-end=\"1224\">O seu <strong data-start=\"860\" data-end=\"881\">Objetiva de 56 mm<\/strong> capta mais luz natural, permitindo uma imagem mais n\u00edtida ao amanhecer ou ao anoitecer. O ret\u00edculo iluminado com ponto central facilita a aquisi\u00e7\u00e3o r\u00e1pida de alvos, mesmo em condi\u00e7\u00f5es de fraca visibilidade. Para al\u00e9m disso, o seu <strong data-start=\"1114\" data-end=\"1123\">30 mm<\/strong>As torretas seladas e a resist\u00eancia \u00e0 \u00e1gua fazem dela uma mira de espingarda fi\u00e1vel para qualquer ambiente.<\/h3>\n<h3>O vidro multirrevestido de alta qualidade, o ret\u00edculo iluminado e o design robusto fazem dela a escolha ideal para ca\u00e7adores e atiradores que n\u00e3o toleram compromissos. Com ajustes precisos, prote\u00e7\u00e3o contra a \u00e1gua e a humidade e um di\u00e2metro de lente generoso, esta mira para espingarda est\u00e1 pronta para enfrentar tudo, desde tiros longos a condi\u00e7\u00f5es adversas, com total fiabilidade.<\/h3>\n<p>&nbsp;<\/p>\n<ul>\n<li data-start=\"1267\" data-end=\"1331\">\n<p data-start=\"1269\" data-end=\"1331\"><span style=\"color: #0000ff;\"><strong data-start=\"1272\" data-end=\"1300\">Amplia\u00e7\u00e3o vari\u00e1vel 3-12x<\/strong><\/span> para m\u00e9dias e longas dist\u00e2ncias<\/p>\n<\/li>\n<li data-start=\"1332\" data-end=\"1395\">\n<p data-start=\"1334\" data-end=\"1395\"><span style=\"color: #0000ff;\"><strong data-start=\"1337\" data-end=\"1358\">Objetiva de 56 mm<\/strong><\/span> para um melhor desempenho em condi\u00e7\u00f5es de fraca luminosidade<\/p>\n<\/li>\n<li data-start=\"1396\" data-end=\"1461\">\n<p data-start=\"1398\" data-end=\"1461\"><span style=\"color: #0000ff;\"><strong data-start=\"1401\" data-end=\"1433\">Ret\u00edculo iluminado alem\u00e3o #4<\/strong><\/span> (6 n\u00edveis de intensidade)<\/p>\n<\/li>\n<li data-start=\"1462\" data-end=\"1519\">\n<p data-start=\"1464\" data-end=\"1519\"><span style=\"color: #0000ff;\"><strong data-start=\"1467\" data-end=\"1496\">Ajustes precisos de \u00bc MOA<\/strong><\/span> com torres cobertas<\/p>\n<\/li>\n<li data-start=\"1520\" data-end=\"1584\">\n<p data-start=\"1522\" data-end=\"1584\"><span style=\"color: #0000ff;\"><strong data-start=\"1525\" data-end=\"1561\">Constru\u00e7\u00e3o em alum\u00ednio 6061-T6<\/strong><\/span>forte e leve<\/p>\n<\/li>\n<li data-start=\"1585\" data-end=\"1684\">\n<p data-start=\"1587\" data-end=\"1684\"><span style=\"color: #0000ff;\"><strong data-start=\"1590\" data-end=\"1635\">Hermeticamente fechado e purgado com azoto<\/strong> <\/span>(IP67) - anti-embaciamento e resistente \u00e0 \u00e1gua<\/p>\n<\/li>\n<li data-start=\"1685\" data-end=\"1740\">\n<p data-start=\"1687\" data-end=\"1740\"><span style=\"color: #0000ff;\"><strong data-start=\"1690\" data-end=\"1707\">Tubo de 30 mm<\/strong><\/span> para uma maior gama de corre\u00e7\u00e3o<\/p>\n<\/li>\n<li data-start=\"1741\" data-end=\"1818\">\n<p data-start=\"1743\" data-end=\"1818\">\u00a0Inclui: tampas rebat\u00edveis, prote\u00e7\u00e3o solar, an\u00e9is de 30 mm e pano de limpeza.<\/p>\n<\/li>\n<\/ul>\n<p>&nbsp;<\/p>\n<h3>Funcionalidades avan\u00e7adas:<\/h3>\n<p>Amplia\u00e7\u00e3o: 3-12x<\/p>\n<p>Lente objetiva: 56 mm<\/p>\n<p>Di\u00e2metro da lente ocular: 35 mm<\/p>\n<p>Comprimento da ocular: 55 mm<\/p>\n<p>Di\u00e2metro do tubo: 30 mm tubo simples<\/p>\n<p>Pupila de sa\u00edda: 9,5-4,5 mm<\/p>\n<p>Comprimento: 345 mm \/ 13,6 in.<\/p>\n<p>Peso (l\u00edquido): 605 g \/ 21,3 oz<\/p>\n<p>Dist\u00e2ncia da ocular: 97 mm \/ 3,8 pol.<\/p>\n<p>Campo de vis\u00e3o: 37,6-9,2 p\u00e9s a 100 jardas<\/p>\n<p>Campo de vis\u00e3o: 12,5-3,1M a 100 metros<\/p>\n<p>Revestimento \u00f3tico: Totalmente multi-revestido<\/p>\n<p>Ret\u00edculo: Fibra alem\u00e3 #4<\/p>\n<p>Valor do clique: 1\/4MOA limitado<\/p>\n<p>Intervalo de eleva\u00e7\u00e3o: &gt;70MOA<\/p>\n<p>Gama de resist\u00eancia ao vento: &gt;70MOA<\/p>\n<p>Ajuste do paralaxe: 100 jardas<\/p>\n<p>Acabamento: Preto mate<\/p>\n<p>Ilumina\u00e7\u00e3o: 6 n\u00edveis de vermelho<\/p>\n<p>Tipo de pilha: CR2032<\/p>\n<p>\u00c0 prova de choque at\u00e9 1000 g, \u00e0 prova de \u00e1gua IP67 e totalmente purgado com azoto<\/p>\n<p>Fabricado em alum\u00ednio de alta qualidade para aeronaves 6061 T6<\/p>\n<p>Compensa\u00e7\u00e3o de dioptria da ocular de focagem r\u00e1pida -3 a +2,0<\/p>\n<p>Acess\u00f3rios: um par de argolas de 30 mm, pano de limpeza, instru\u00e7\u00f5es, tampas rebat\u00edveis, guarda-sol, embalados numa bonita caixa de venda a retalho.<\/p>\n<p>&nbsp;<\/p>\n<p><iframe title=\"Vetor Optics : Vale a pena confiar no Grizzly Pro 3-12x56 Fiber (SCOM-42)?\" width=\"500\" height=\"281\" src=\"https:\/\/www.youtube.com\/embed\/FdA8s2-rl-Y?feature=oembed\" frameborder=\"0\" allow=\"accelerometer; autoplay; clipboard-write; encrypted-media; gyroscope; picture-in-picture; web-share\" referrerpolicy=\"strict-origin-when-cross-origin\" allowfullscreen><\/iframe><\/p>\n<p>&nbsp;<\/p>","protected":false},"excerpt":{"rendered":"<h3 data-start=\"467\" data-end=\"855\">O <strong data-start=\"470\" data-end=\"514\">Vetor Optics Grizzly SCOM-42 (3-12\u00d756i)<\/strong> \u00e9 uma mira para espingarda de alto desempenho concebida para ca\u00e7adores e atiradores que procuram precis\u00e3o, durabilidade e excelente visibilidade em condi\u00e7\u00f5es de pouca luz. Com uma \u00f3tica clara e brilhante, um ret\u00edculo iluminado de estilo alem\u00e3o #4 e uma constru\u00e7\u00e3o robusta em alum\u00ednio, a Grizzly \u00e9 ideal para a ca\u00e7a, o tiro desportivo e a utiliza\u00e7\u00e3o t\u00e1tica.<\/h3>","protected":false},"featured_media":25824,"template":"","meta":[],"product_brand":[],"product_cat":[133,126,141],"product_tag":[],"class_list":{"0":"post-25823","1":"product","2":"type-product","3":"status-publish","4":"has-post-thumbnail","6":"product_cat-vector-optic","7":"product_cat-vision-diurna","8":"product_cat-visores-diurnos","10":"first","11":"instock","12":"sale","13":"taxable","14":"shipping-taxable","15":"purchasable","16":"product-type-simple","17":"add-to-wishlist-after_add_to_cart"},"_links":{"self":[{"href":"https:\/\/dinaturez.com\/pt\/wp-json\/wp\/v2\/product\/25823","targetHints":{"allow":["GET"]}}],"collection":[{"href":"https:\/\/dinaturez.com\/pt\/wp-json\/wp\/v2\/product"}],"about":[{"href":"https:\/\/dinaturez.com\/pt\/wp-json\/wp\/v2\/types\/product"}],"wp:featuredmedia":[{"embeddable":true,"href":"https:\/\/dinaturez.com\/pt\/wp-json\/wp\/v2\/media\/25824"}],"wp:attachment":[{"href":"https:\/\/dinaturez.com\/pt\/wp-json\/wp\/v2\/media?parent=25823"}],"wp:term":[{"taxonomy":"product_brand","embeddable":true,"href":"https:\/\/dinaturez.com\/pt\/wp-json\/wp\/v2\/product_brand?post=25823"},{"taxonomy":"product_cat","embeddable":true,"href":"https:\/\/dinaturez.com\/pt\/wp-json\/wp\/v2\/product_cat?post=25823"},{"taxonomy":"product_tag","embeddable":true,"href":"https:\/\/dinaturez.com\/pt\/wp-json\/wp\/v2\/product_tag?post=25823"}],"curies":[{"name":"wp","href":"https:\/\/api.w.org\/{rel}","templated":true}]}}