{"id":25802,"date":"2025-09-25T12:44:36","date_gmt":"2025-09-25T10:44:36","guid":{"rendered":"https:\/\/dinaturez.com\/?post_type=product&#038;p=25802"},"modified":"2025-10-20T14:01:08","modified_gmt":"2025-10-20T12:01:08","slug":"visor-grizzly-3-12x56-scom-09-vector-optics","status":"publish","type":"product","link":"https:\/\/dinaturez.com\/pt\/product\/visor-grizzly-3-12x56-scom-09-vector-optics\/","title":{"rendered":"Visor Grizzly 3-12\u00d756 Ref: SCOM-09 \u00d3PTICAS VECTORIAIS"},"content":{"rendered":"<h3 data-start=\"343\" data-end=\"400\" data-rm-block-id=\"block-1\">Carabina de precis\u00e3o Vetor Optics Grizzly SCOM-09 SF. Pot\u00eancia, brilho e fiabilidade em condi\u00e7\u00f5es extremas.<\/h3>\n<h3 data-start=\"465\" data-end=\"822\" data-rm-block-id=\"block-2\">\u00c9 uma mira de espingarda de elevado desempenho concebida para funcionar nos ambientes mais exigentes. A sua combina\u00e7\u00e3o de <strong data-start=\"606\" data-end=\"640\">amplia\u00e7\u00e3o vari\u00e1vel de 3x a 12x<\/strong> e um <strong data-start=\"647\" data-end=\"673\">Lente frontal de 56 mm<\/strong> fazem dela uma ferramenta \u00f3tica perfeita para <strong data-start=\"728\" data-end=\"742\">grande jogo<\/strong>, <strong data-start=\"744\" data-end=\"765\">a noite espera<\/strong>, <strong data-start=\"767\" data-end=\"779\">persegui\u00e7\u00e3o<\/strong> y <strong data-start=\"782\" data-end=\"821\">tiro de precis\u00e3o de m\u00e9dio alcance<\/strong>.<\/h3>\n<h3 data-start=\"824\" data-end=\"1204\" data-rm-block-id=\"block-3\">Fabricada com materiais de qualidade aeron\u00e1utica, com um ret\u00edculo alem\u00e3o #4 gravado em vidro e ponto central <strong data-start=\"932\" data-end=\"974\">iluminado com 11 n\u00edveis de intensidade<\/strong>o Grizzly SCOM-09 oferece um <strong data-start=\"1006\" data-end=\"1055\">imagem brilhante, precisa e de alto contraste<\/strong>mesmo com pouca luz ou em condi\u00e7\u00f5es climat\u00e9ricas adversas. \u00c9 a escolha perfeita para o ca\u00e7ador que n\u00e3o quer falhar no momento mais decisivo.<\/h3>\n<h3 data-rm-block-id=\"block-4\">\"Grizzly\" \u00e9 o nome que representa robustez, vis\u00e3o superior e desempenho fi\u00e1vel mesmo em condi\u00e7\u00f5es exigentes. O modelo <strong data-start=\"332\" data-end=\"343\">SCOM-09<\/strong> \u00e9 ideal para quem necessita de uma \u00f3tica potente em situa\u00e7\u00f5es de ca\u00e7a, vigil\u00e2ncia ou tiro de m\u00e9dio alcance.<\/h3>\n<ul data-start=\"1246\" data-end=\"3049\">\n<li data-start=\"1246\" data-end=\"1452\">\n<p data-start=\"1248\" data-end=\"1452\" data-rm-block-id=\"block-6\"><span style=\"color: #0000ff;\"><strong data-start=\"1251\" data-end=\"1282\">Amplia\u00e7\u00e3o vari\u00e1vel 3x - 12x<\/strong><\/span><br data-start=\"1282\" data-end=\"1285\" \/>M\u00e1xima versatilidade: desde o disparo r\u00e1pido a curta dist\u00e2ncia at\u00e9 \u00e0 precis\u00e3o exacta em alvos mais distantes. Ideal para se adaptar a qualquer cen\u00e1rio de ca\u00e7a.<\/p>\n<\/li>\n<li data-start=\"1454\" data-end=\"1646\">\n<p data-start=\"1456\" data-end=\"1646\" data-rm-block-id=\"block-7\"><span style=\"color: #0000ff;\"><strong data-start=\"1459\" data-end=\"1503\">Lente de grande abertura de 56 mm<\/strong><\/span><br data-start=\"1503\" data-end=\"1506\" \/>Excelente capta\u00e7\u00e3o da luz do dia, melhorando a visibilidade em condi\u00e7\u00f5es de pouca luz, como ao amanhecer, ao anoitecer ou em zonas arborizadas.<\/p>\n<\/li>\n<li data-start=\"1648\" data-end=\"1877\">\n<p data-start=\"1650\" data-end=\"1877\" data-rm-block-id=\"block-8\"><span style=\"color: #0000ff;\"><strong data-start=\"1653\" data-end=\"1721\">Ret\u00edculo alem\u00e3o #4 gravado no vidro - Segundo plano focal (SFP)<\/strong><\/span><br data-start=\"1721\" data-end=\"1724\" \/>Design cl\u00e1ssico de ca\u00e7a, com linhas finas que n\u00e3o obstruem o alvo e o ponto central <strong data-start=\"1810\" data-end=\"1823\">esclarecido<\/strong> para fotografar mais rapidamente em condi\u00e7\u00f5es dif\u00edceis.<\/p>\n<\/li>\n<li data-start=\"1879\" data-end=\"2074\">\n<p data-start=\"1881\" data-end=\"2074\" data-rm-block-id=\"block-9\"><span style=\"color: #0000ff;\"><strong data-start=\"1884\" data-end=\"1941\">Ilumina\u00e7\u00e3o com 11 n\u00edveis de intensidade (cor vermelha)<\/strong><\/span><br data-start=\"1941\" data-end=\"1944\" \/>Controlo total em fun\u00e7\u00e3o da luz ambiente. Interruptor com passos bem definidos e desligamento entre n\u00edveis para acesso r\u00e1pido.<\/p>\n<\/li>\n<li data-start=\"2076\" data-end=\"2287\">\n<p data-start=\"2078\" data-end=\"2287\" data-rm-block-id=\"block-10\"><span style=\"color: #0000ff;\"><strong data-start=\"2082\" data-end=\"2125\">Torres de regula\u00e7\u00e3o com cliques de 1\/4 MOA<\/strong><\/span><br data-start=\"2125\" data-end=\"2128\" \/>Precis\u00e3o total para a corre\u00e7\u00e3o da eleva\u00e7\u00e3o e da deriva, com torretas com tampa para evitar ajustes acidentais. Gama de ajuste total de mais de 60 MOA.<\/p>\n<\/li>\n<li data-start=\"2289\" data-end=\"2458\">\n<p data-start=\"2291\" data-end=\"2458\" data-rm-block-id=\"block-11\"><span style=\"color: #0000ff;\"><strong data-start=\"2295\" data-end=\"2337\">Al\u00edvio ocular confort\u00e1vel (at\u00e9 105 mm)<\/strong><\/span><br data-start=\"2337\" data-end=\"2340\" \/>Ideal para espingardas de ca\u00e7a de grande calibre. Protege contra o recuo e proporciona uma imagem n\u00edtida e sem sombras.<\/p>\n<\/li>\n<li data-start=\"2460\" data-end=\"2675\">\n<p data-start=\"2462\" data-end=\"2675\" data-rm-block-id=\"block-12\"><span style=\"color: #0000ff;\"><strong data-start=\"2465\" data-end=\"2512\">Constru\u00e7\u00e3o robusta em alum\u00ednio 6061-T6<\/strong><\/span><br data-start=\"2512\" data-end=\"2515\" \/>Corpo monotubo de 30 mm, com purga de azoto, <strong data-start=\"2566\" data-end=\"2619\">resistente \u00e0 \u00e1gua, aos choques e ao embaciamento interno<\/strong>. Concebida para resistir a recuos superiores a 1000g.<\/p>\n<\/li>\n<li data-start=\"2677\" data-end=\"2845\">\n<p data-start=\"2679\" data-end=\"2845\" data-rm-block-id=\"block-13\"><span style=\"color: #0000ff;\"><strong data-start=\"2683\" data-end=\"2736\">Lentes com revestimento totalmente multi-revestido (FMC)<\/strong><\/span><br data-start=\"2736\" data-end=\"2739\" \/>Proporcionam imagens de alta resolu\u00e7\u00e3o, com cores naturais e excelente contraste, mesmo com pouca luz.<\/p>\n<\/li>\n<li data-start=\"2847\" data-end=\"3049\">\n<p data-start=\"2849\" data-end=\"3049\" data-rm-block-id=\"block-14\"><span style=\"color: #0000ff;\"><strong data-start=\"2852\" data-end=\"2890\">Equil\u00edbrio entre dimens\u00e3o e robustez<\/strong><\/span><br data-start=\"2890\" data-end=\"2893\" \/>Com um comprimento aproximado de <strong data-start=\"2926\" data-end=\"2935\">33 cm<\/strong> e um peso de cerca de <strong data-start=\"2959\" data-end=\"2973\">700 gramas<\/strong>mant\u00e9m o equil\u00edbrio da arma sem sacrificar a estabilidade ou a durabilidade.<\/p>\n<\/li>\n<\/ul>\n<h3 data-start=\"3862\" data-end=\"3919\" data-rm-block-id=\"block-16\">Funcionalidades avan\u00e7adas:<\/h3>\n<div class=\"l4pr-container\">\n<footer class=\"m6tb static desktop-only base-font tabs-initialized\">\n<div>\n<div class=\"has-anchor\" data-index=\"1\">\n<div class=\"tabs-inner\">\n<ul data-start=\"1013\" data-end=\"1880\">\n<li class=\"\" data-start=\"1013\" data-end=\"1038\">\n<p class=\"\" data-start=\"1015\" data-end=\"1038\" data-rm-block-id=\"block-18\"><strong data-start=\"1015\" data-end=\"1029\">Alargamento<\/strong>: 3-12x<\/p>\n<\/li>\n<li class=\"\" data-start=\"1039\" data-end=\"1075\">\n<p class=\"\" data-start=\"1041\" data-end=\"1075\" data-rm-block-id=\"block-19\"><strong data-start=\"1041\" data-end=\"1066\">Di\u00e2metro da lente<\/strong>: 56 mm<\/p>\n<\/li>\n<li class=\"\" data-start=\"1076\" data-end=\"1122\">\n<p class=\"\" data-start=\"1078\" data-end=\"1122\" data-rm-block-id=\"block-20\"><strong data-start=\"1078\" data-end=\"1093\">Plano focal<\/strong>Segundo plano focal (SFP)<\/p>\n<\/li>\n<li class=\"\" data-start=\"1123\" data-end=\"1184\">\n<p class=\"\" data-start=\"1125\" data-end=\"1184\" data-rm-block-id=\"block-21\"><strong data-start=\"1125\" data-end=\"1137\">Ret\u00edculo<\/strong>#4 alem\u00e3o gravado no vidro (n\u00e3o iluminado)<\/p>\n<\/li>\n<li class=\"\" data-start=\"1185\" data-end=\"1244\">\n<p class=\"\" data-start=\"1187\" data-end=\"1244\" data-rm-block-id=\"block-22\"><strong data-start=\"1187\" data-end=\"1203\">Constru\u00e7\u00e3o<\/strong>Monotubo de 30 mm em alum\u00ednio 6061-T6<\/p>\n<\/li>\n<li class=\"\" data-start=\"1245\" data-end=\"1313\">\n<p class=\"\" data-start=\"1247\" data-end=\"1313\" data-rm-block-id=\"block-23\"><strong data-start=\"1247\" data-end=\"1257\">\u00d3tica<\/strong>Revestimento m\u00faltiplo completo (Full Multi-Coating)<\/p>\n<\/li>\n<li class=\"\" data-start=\"1314\" data-end=\"1353\">\n<p class=\"\" data-start=\"1316\" data-end=\"1353\" data-rm-block-id=\"block-24\"><strong data-start=\"1316\" data-end=\"1336\">Sair da pupila<\/strong>: 16,6 - 4,2 mm<\/p>\n<\/li>\n<li class=\"\" data-start=\"1354\" data-end=\"1422\">\n<p class=\"\" data-start=\"1356\" data-end=\"1422\" data-rm-block-id=\"block-25\"><strong data-start=\"1356\" data-end=\"1375\">Campo de vis\u00e3o<\/strong>36,7 - 9,2 p\u00e9s a 100 jardas \/ 7,0\u00b0 - 1,75\u00b0.<\/p>\n<\/li>\n<li class=\"\" data-start=\"1423\" data-end=\"1477\">\n<p class=\"\" data-start=\"1425\" data-end=\"1477\" data-rm-block-id=\"block-26\"><strong data-start=\"1425\" data-end=\"1445\">Dist\u00e2ncia dos olhos<\/strong>: 105 - 100 mm (4,13\u2033 - 3,93\u2033)<\/p>\n<\/li>\n<li class=\"\" data-start=\"1478\" data-end=\"1508\">\n<p class=\"\" data-start=\"1480\" data-end=\"1508\" data-rm-block-id=\"block-27\"><strong data-start=\"1480\" data-end=\"1492\">Comprimento<\/strong>: 330 mm (13\u2033)<\/p>\n<\/li>\n<li class=\"\" data-start=\"1509\" data-end=\"1538\">\n<p class=\"\" data-start=\"1511\" data-end=\"1538\" data-rm-block-id=\"block-28\"><strong data-start=\"1511\" data-end=\"1519\">Peso<\/strong>: 700 g (24,7 oz)<\/p>\n<\/li>\n<li class=\"\" data-start=\"1539\" data-end=\"1578\">\n<p class=\"\" data-start=\"1541\" data-end=\"1578\" data-rm-block-id=\"block-29\"><strong data-start=\"1541\" data-end=\"1553\">Paralaxe<\/strong>Ajustado para 100 jardas<\/p>\n<\/li>\n<li class=\"\" data-start=\"1579\" data-end=\"1629\">\n<p class=\"\" data-start=\"1581\" data-end=\"1629\" data-rm-block-id=\"block-30\"><strong data-start=\"1581\" data-end=\"1599\">Ajuste por clique<\/strong>1\/4 MOA (torretas cobertas)<\/p>\n<\/li>\n<li class=\"\" data-start=\"1630\" data-end=\"1683\">\n<p class=\"\" data-start=\"1632\" data-end=\"1683\" data-rm-block-id=\"block-31\"><strong data-start=\"1632\" data-end=\"1672\">Gama de regula\u00e7\u00e3o (eleva\u00e7\u00e3o e desvio)<\/strong>&gt;60 MOA<\/p>\n<\/li>\n<li class=\"\" data-start=\"1684\" data-end=\"1726\">\n<p class=\"\" data-start=\"1686\" data-end=\"1726\" data-rm-block-id=\"block-32\"><strong data-start=\"1686\" data-end=\"1715\">Compensa\u00e7\u00e3o de dioptrias<\/strong>: -2 a +2<\/p>\n<\/li>\n<li class=\"\" data-start=\"1727\" data-end=\"1767\">\n<p class=\"\" data-start=\"1729\" data-end=\"1767\" data-rm-block-id=\"block-33\"><strong data-start=\"1729\" data-end=\"1740\">Acabamento<\/strong>: Preto mate antirreflexo<\/p>\n<\/li>\n<li class=\"\" data-start=\"1768\" data-end=\"1880\">\n<p class=\"\" data-start=\"1770\" data-end=\"1880\" data-rm-block-id=\"block-34\"><strong data-start=\"1770\" data-end=\"1785\">Resist\u00eancia<\/strong>: \u00e0 prova de recuo (at\u00e9 1000 g), selada com azoto, resistente \u00e0 \u00e1gua e ao nevoeiro<\/p>\n<\/li>\n<\/ul>\n<\/div>\n<p>&nbsp;<\/p>\n<\/div>\n<\/div>\n<\/footer>\n<\/div>\n<div>\n<header class=\"mobile-hide\" data-rm-block-id=\"block-35\"><\/header>\n<div class=\"f8pr base-font\">\n<form id=\"main-product-form-10206794613003\" class=\"f8pr f8pr-buy-button cart-initialized\" accept-charset=\"UTF-8\" action=\"https:\/\/hwoutdoor.es\/cart\/add\" autocomplete=\"off\" enctype=\"multipart\/form-data\" method=\"post\">\n<div class=\"overlay-dynamic_buy_button plain-btn\">\n<div class=\"shopify-payment-button\" data-shopify=\"payment-button\">\n<div class=\"wallet-button-fade-in wallet-button-wrapper\" data-rm-block-id=\"block-36\"><\/div>\n<\/div>\n<\/div>\n<\/form>\n<\/div>\n<\/div>\n<p data-rm-block-id=\"block-37\"><iframe title=\"Vetor Optics | Grizzly 3-12x56 SFP (SCOM-09)\" width=\"500\" height=\"281\" src=\"https:\/\/www.youtube.com\/embed\/vPnNCFgQMHI?feature=oembed\" frameborder=\"0\" allow=\"accelerometer; autoplay; clipboard-write; encrypted-media; gyroscope; picture-in-picture; web-share\" referrerpolicy=\"strict-origin-when-cross-origin\" allowfullscreen><\/iframe><\/p>","protected":false},"excerpt":{"rendered":"<h3 data-start=\"343\" data-end=\"400\">Visor Vector Optics Grizzly SCOM-09. Potencia, luminosidad y fiabilidad en condiciones extremas.<\/h3>\n<h3 data-start=\"465\" data-end=\"822\">\u00c9 uma mira de espingarda de elevado desempenho concebida para funcionar nos ambientes mais exigentes. A sua combina\u00e7\u00e3o de <strong data-start=\"606\" data-end=\"640\">amplia\u00e7\u00e3o vari\u00e1vel de 3x a 12x<\/strong> e um <strong data-start=\"647\" data-end=\"673\">Lente frontal de 56 mm<\/strong> fazem dela uma ferramenta \u00f3tica perfeita para <strong data-start=\"728\" data-end=\"742\">grande jogo<\/strong>, <strong data-start=\"744\" data-end=\"765\">a noite espera<\/strong>, <strong data-start=\"767\" data-end=\"779\">persegui\u00e7\u00e3o<\/strong> y <strong data-start=\"782\" data-end=\"821\">tiro de precis\u00e3o de m\u00e9dio alcance<\/strong>.<\/h3>","protected":false},"featured_media":25803,"template":"","meta":[],"product_brand":[],"product_cat":[133,126,141],"product_tag":[],"class_list":{"0":"post-25802","1":"product","2":"type-product","3":"status-publish","4":"has-post-thumbnail","6":"product_cat-vector-optic","7":"product_cat-vision-diurna","8":"product_cat-visores-diurnos","10":"first","11":"instock","12":"sale","13":"taxable","14":"shipping-taxable","15":"purchasable","16":"product-type-simple","17":"add-to-wishlist-after_add_to_cart"},"_links":{"self":[{"href":"https:\/\/dinaturez.com\/pt\/wp-json\/wp\/v2\/product\/25802","targetHints":{"allow":["GET"]}}],"collection":[{"href":"https:\/\/dinaturez.com\/pt\/wp-json\/wp\/v2\/product"}],"about":[{"href":"https:\/\/dinaturez.com\/pt\/wp-json\/wp\/v2\/types\/product"}],"wp:featuredmedia":[{"embeddable":true,"href":"https:\/\/dinaturez.com\/pt\/wp-json\/wp\/v2\/media\/25803"}],"wp:attachment":[{"href":"https:\/\/dinaturez.com\/pt\/wp-json\/wp\/v2\/media?parent=25802"}],"wp:term":[{"taxonomy":"product_brand","embeddable":true,"href":"https:\/\/dinaturez.com\/pt\/wp-json\/wp\/v2\/product_brand?post=25802"},{"taxonomy":"product_cat","embeddable":true,"href":"https:\/\/dinaturez.com\/pt\/wp-json\/wp\/v2\/product_cat?post=25802"},{"taxonomy":"product_tag","embeddable":true,"href":"https:\/\/dinaturez.com\/pt\/wp-json\/wp\/v2\/product_tag?post=25802"}],"curies":[{"name":"wp","href":"https:\/\/api.w.org\/{rel}","templated":true}]}}