{"id":25793,"date":"2025-09-25T10:55:56","date_gmt":"2025-09-25T08:55:56","guid":{"rendered":"https:\/\/dinaturez.com\/?post_type=product&#038;p=25793"},"modified":"2025-10-20T13:59:21","modified_gmt":"2025-10-20T11:59:21","slug":"visor-continental-scom-23-vector-optics","status":"publish","type":"product","link":"https:\/\/dinaturez.com\/pt\/product\/visor-continental-scom-23-vector-optics\/","title":{"rendered":"Mira de ca\u00e7a Continental x6 1.5-9\u00d742 G4 Ref: SCOM-23 \u00d3PTICAS DE VECTOR"},"content":{"rendered":"<h3 data-start=\"441\" data-end=\"782\">O <strong data-start=\"444\" data-end=\"481\">\u00d3tica de Vetor Continental SCOM-23<\/strong> \u00e9 uma viseira concebida para aqueles que exigem <strong data-start=\"523\" data-end=\"578\">versatilidade, clareza \u00f3tica e fiabilidade absoluta<\/strong>. Com a sua gama de amplia\u00e7\u00e3o de <strong data-start=\"608\" data-end=\"621\">1,5x a 9x<\/strong>O objetivo do <strong data-start=\"635\" data-end=\"644\">42 mm<\/strong> e o ret\u00edculo iluminado alem\u00e3o #4, esta mira \u00e9 ideal tanto para <strong data-start=\"708\" data-end=\"730\">a ca\u00e7a em movimento<\/strong>bem como para disparos de m\u00e9dia dist\u00e2ncia mais precisos.<\/h3>\n<h3 data-start=\"784\" data-end=\"1044\">Fabricado com materiais de qualidade aeron\u00e1utica, totalmente resistente ao recuo, \u00e0 \u00e1gua e ao embaciamento, o SCOM-23 oferece <strong data-start=\"914\" data-end=\"937\">desempenho superior<\/strong> a um pre\u00e7o competitivo, tornando-a uma escolha inteligente para ca\u00e7adores e atiradores desportivos.<\/h3>\n<h3 data-start=\"261\" data-end=\"606\">\u00c9 uma mira LPVO (Low Power Variable Optic) concebida para ca\u00e7adores exigentes, atiradores desportivos e utiliza\u00e7\u00f5es t\u00e1cticas vers\u00e1teis. Combina uma gama de amplia\u00e7\u00e3o baixa-m\u00e9dia com \u00f3tica de alta qualidade, permitindo transi\u00e7\u00f5es r\u00e1pidas entre alvos pr\u00f3ximos e m\u00e9dios sem sacrificar a clareza ou a funcionalidade.<\/h3>\n<p>&nbsp;<\/p>\n<ul>\n<li data-start=\"1087\" data-end=\"1230\">\n<p data-start=\"1089\" data-end=\"1230\"><span style=\"color: #0000ff;\"><strong data-start=\"1092\" data-end=\"1124\">Amplia\u00e7\u00f5es vari\u00e1veis 1,5x - 9x<\/strong><\/span><br data-start=\"1124\" data-end=\"1127\" \/>Adaptabilidade total: desde tiros r\u00e1pidos a curta dist\u00e2ncia at\u00e9 alvos m\u00e9dios com elevada precis\u00e3o.<\/p>\n<\/li>\n<li data-start=\"1232\" data-end=\"1379\">\n<p data-start=\"1234\" data-end=\"1379\"><span style=\"color: #0000ff;\"><strong data-start=\"1237\" data-end=\"1264\">Lente objetiva de 42 mm<\/strong><\/span><br data-start=\"1264\" data-end=\"1267\" \/>Excelente capta\u00e7\u00e3o de luz para ambientes de baixa visibilidade, como o nascer do sol, florestas densas ou dias nublados.<\/p>\n<\/li>\n<li data-start=\"1381\" data-end=\"1563\">\n<p data-start=\"1383\" data-end=\"1563\"><span style=\"color: #0000ff;\"><strong data-start=\"1386\" data-end=\"1424\">Ret\u00edculo iluminado alem\u00e3o #4 (SFP)<\/strong><\/span><br data-start=\"1424\" data-end=\"1427\" \/>Gravada em vidro, com ponto central iluminado a vermelho. Ideal para a aquisi\u00e7\u00e3o r\u00e1pida de alvos em condi\u00e7\u00f5es de luz vari\u00e1veis.<\/p>\n<\/li>\n<li data-start=\"1565\" data-end=\"1719\">\n<p data-start=\"1567\" data-end=\"1719\"><span style=\"color: #0000ff;\"><strong data-start=\"1570\" data-end=\"1628\">Ilumina\u00e7\u00e3o regul\u00e1vel - 6 n\u00edveis + desligamento interm\u00e9dio<\/strong><\/span><br data-start=\"1628\" data-end=\"1631\" \/>Controlo total da intensidade do ponto iluminado, com acesso f\u00e1cil entre cada n\u00edvel.<\/p>\n<\/li>\n<li data-start=\"1721\" data-end=\"1908\">\n<p data-start=\"1723\" data-end=\"1908\"><span style=\"color: #0000ff;\"><strong data-start=\"1727\" data-end=\"1790\">Torres t\u00e1cticas com ajuste 1\/4 MOA e fun\u00e7\u00e3o de paragem zero<\/strong><\/span><br data-start=\"1790\" data-end=\"1793\" \/>Cliques precisos e fi\u00e1veis para um ajuste r\u00e1pido da eleva\u00e7\u00e3o e da deriva. Ampla gama de corre\u00e7\u00e3o (at\u00e9 140 MOA).<\/p>\n<\/li>\n<li data-start=\"1910\" data-end=\"2032\">\n<p data-start=\"1912\" data-end=\"2032\"><span style=\"color: #0000ff;\"><strong data-start=\"1916\" data-end=\"1946\">100 mm de dist\u00e2ncia entre os olhos<\/strong><\/span><br data-start=\"1946\" data-end=\"1949\" \/>Permite disparar em seguran\u00e7a com grande conforto visual, mesmo com calibres potentes.<\/p>\n<\/li>\n<li data-start=\"2034\" data-end=\"2221\">\n<p data-start=\"2036\" data-end=\"2221\"><span style=\"color: #0000ff;\"><strong data-start=\"2039\" data-end=\"2083\">Constru\u00e7\u00e3o robusta em alum\u00ednio 6061-T6<\/strong><\/span><br data-start=\"2083\" data-end=\"2086\" \/>30 mm de di\u00e2metro, tubo \u00fanico, resistente ao recuo, corpo purgado com azoto com prote\u00e7\u00e3o IPX6 contra a \u00e1gua e o embaciamento.<\/p>\n<\/li>\n<li data-start=\"2223\" data-end=\"2382\">\n<p data-start=\"2225\" data-end=\"2382\"><span style=\"color: #0000ff;\"><strong data-start=\"2228\" data-end=\"2249\">Compacto e leve<\/strong><\/span><br data-start=\"2249\" data-end=\"2252\" \/>Com apenas <strong data-start=\"2263\" data-end=\"2280\">580 g de peso<\/strong> y <strong data-start=\"2283\" data-end=\"2303\">33,5 cm de comprimento<\/strong>A pistola \u00e9 ideal para manter o equil\u00edbrio da pistola sem acrescentar um volume desnecess\u00e1rio.<\/p>\n<\/li>\n<\/ul>\n<p>&nbsp;<\/p>\n<h3>Funcionalidades avan\u00e7adas:<\/h3>\n<p>Amplia\u00e7\u00e3o: 1,5-9x<\/p>\n<p>Di\u00e2metro da lente objetiva: 42 mm<\/p>\n<p>Di\u00e2metro da lente da ocular: 42 mm (1,7 polegadas)<\/p>\n<p>Comprimento da lente da ocular: 54 mm (2,1 pol.)<\/p>\n<p>Pupila de sa\u00edda: 9,5-4,9 mm<\/p>\n<p>Revestimento \u00f3tico: Diamante transparente de v\u00e1rias camadas<\/p>\n<p>Campo de vis\u00e3o: 84-14 p\u00e9s a 100 jardas<\/p>\n<p>Campo de vis\u00e3o: 28-4,6M a 100 metros<\/p>\n<p>Dist\u00e2ncia da ocular: 100 mm (4,0 polegadas)<\/p>\n<p>Comprimento: 335 mm (13,2 polegadas)<\/p>\n<p>Peso: 580 g (20,5 oz)<\/p>\n<p>Di\u00e2metro do tubo: 30 mm monotubo<\/p>\n<p>Valor do clique: 1\/4 MOA<\/p>\n<p>Gama de eleva\u00e7\u00e3o: 140MOA<\/p>\n<p>Gama de resist\u00eancia ao vento: 140MOA<\/p>\n<p>Ajuste do paralaxe: 100 jardas<\/p>\n<p>Ret\u00edculo: Vidro gravado alem\u00e3o #4<\/p>\n<p>Ilumina\u00e7\u00e3o: 6 velocidades<\/p>\n<p>Tipo de pilha: CR2032<\/p>\n<p>Dist\u00e2ncia entre a parte da lente da objetiva e a torre central: 52 mm (2,0 in.)<\/p>\n<p>Comprimento da torre central da torre: 35 mm (1,4 polegadas)<\/p>\n<p>Dist\u00e2ncia entre o centro da torre e o anel de pot\u00eancia: 56 mm (2,2 pol.)<\/p>\n<p>\u00c0 prova de choque at\u00e9 750 g, \u00e0 prova de \u00e1gua at\u00e9 1 m<\/p>\n<p>Gama de transmiss\u00e3o de luz do 90%<\/p>\n<p>Totalmente purgado com azoto para eliminar qualquer embaciamento interno da lente<\/p>\n<p>A placa de ajuste N\u00c3O \u00e9 fixa, ap\u00f3s a coloca\u00e7\u00e3o em zero, o indicador levanta a torre e volta a coloc\u00e1-la em zero.<\/p>\n<p>Alum\u00ednio de alta qualidade para aeronaves 6061 T6<\/p>\n<p>Compensa\u00e7\u00e3o das dioptrias da ocular de focagem r\u00e1pida (+2 a -3)<\/p>\n<p>Inclui: um par de an\u00e9is picatinny de 30 mm, tampa da objetiva e pano de limpeza, etc.<\/p>\n<p>&nbsp;<\/p>\n<p><iframe title=\"Vetor Optics | Continental 1.5-9x42 (SCOM-23) Unboxing\" width=\"500\" height=\"281\" src=\"https:\/\/www.youtube.com\/embed\/QZCjZl9wn2g?feature=oembed\" frameborder=\"0\" allow=\"accelerometer; autoplay; clipboard-write; encrypted-media; gyroscope; picture-in-picture; web-share\" referrerpolicy=\"strict-origin-when-cross-origin\" allowfullscreen><\/iframe><\/p>","protected":false},"excerpt":{"rendered":"<h3 data-start=\"441\" data-end=\"782\">O <strong data-start=\"444\" data-end=\"481\">\u00d3tica de Vetor Continental SCOM-23<\/strong> \u00e9 uma viseira concebida para aqueles que exigem <strong data-start=\"523\" data-end=\"578\">versatilidade, clareza \u00f3tica e fiabilidade absoluta<\/strong>. Com a sua gama de amplia\u00e7\u00e3o de <strong data-start=\"608\" data-end=\"621\">1,5x a 9x<\/strong>O objetivo do <strong data-start=\"635\" data-end=\"644\">42 mm<\/strong> e o ret\u00edculo iluminado alem\u00e3o #4, esta mira \u00e9 ideal tanto para <strong data-start=\"708\" data-end=\"730\">a ca\u00e7a em movimento<\/strong>bem como para disparos de m\u00e9dia dist\u00e2ncia mais precisos.<\/h3>\n<h3 data-start=\"784\" data-end=\"1044\">Fabricado com materiais de qualidade aeron\u00e1utica, totalmente resistente ao recuo, \u00e0 \u00e1gua e ao embaciamento, o SCOM-23 oferece <strong data-start=\"914\" data-end=\"937\">desempenho superior<\/strong> a um pre\u00e7o competitivo, tornando-a uma escolha inteligente para ca\u00e7adores e atiradores desportivos.<\/h3>","protected":false},"featured_media":25794,"template":"","meta":[],"product_brand":[],"product_cat":[133,126,141],"product_tag":[],"class_list":{"0":"post-25793","1":"product","2":"type-product","3":"status-publish","4":"has-post-thumbnail","6":"product_cat-vector-optic","7":"product_cat-vision-diurna","8":"product_cat-visores-diurnos","10":"first","11":"instock","12":"sale","13":"taxable","14":"shipping-taxable","15":"purchasable","16":"product-type-simple","17":"add-to-wishlist-after_add_to_cart"},"_links":{"self":[{"href":"https:\/\/dinaturez.com\/pt\/wp-json\/wp\/v2\/product\/25793","targetHints":{"allow":["GET"]}}],"collection":[{"href":"https:\/\/dinaturez.com\/pt\/wp-json\/wp\/v2\/product"}],"about":[{"href":"https:\/\/dinaturez.com\/pt\/wp-json\/wp\/v2\/types\/product"}],"wp:featuredmedia":[{"embeddable":true,"href":"https:\/\/dinaturez.com\/pt\/wp-json\/wp\/v2\/media\/25794"}],"wp:attachment":[{"href":"https:\/\/dinaturez.com\/pt\/wp-json\/wp\/v2\/media?parent=25793"}],"wp:term":[{"taxonomy":"product_brand","embeddable":true,"href":"https:\/\/dinaturez.com\/pt\/wp-json\/wp\/v2\/product_brand?post=25793"},{"taxonomy":"product_cat","embeddable":true,"href":"https:\/\/dinaturez.com\/pt\/wp-json\/wp\/v2\/product_cat?post=25793"},{"taxonomy":"product_tag","embeddable":true,"href":"https:\/\/dinaturez.com\/pt\/wp-json\/wp\/v2\/product_tag?post=25793"}],"curies":[{"name":"wp","href":"https:\/\/api.w.org\/{rel}","templated":true}]}}