{"id":25783,"date":"2025-09-25T10:31:19","date_gmt":"2025-09-25T08:31:19","guid":{"rendered":"https:\/\/dinaturez.com\/?post_type=product&#038;p=25783"},"modified":"2025-10-20T13:58:11","modified_gmt":"2025-10-20T11:58:11","slug":"visor-continental-scom-15-vector-optics","status":"publish","type":"product","link":"https:\/\/dinaturez.com\/pt\/product\/visor-continental-scom-15-vector-optics\/","title":{"rendered":"Mira de ca\u00e7a Continental x6 2-12\u00d750 G4 Ref: SCOM-15 \u00d3PTICAS DE VECTOR"},"content":{"rendered":"<h3><strong data-start=\"262\" data-end=\"391\">Vetor Optics Continental X6 2-12\u00d750 SCOM-15 Rifle Scope. <\/strong><\/h3>\n<h3><strong data-start=\"262\" data-end=\"391\">Precis\u00e3o, brilho e fiabilidade para ca\u00e7adores e atiradores exigentes<\/strong><\/h3>\n<h3 data-start=\"393\" data-end=\"812\">Faz parte da c\u00e9lebre s\u00e9rie <strong data-start=\"457\" data-end=\"475\">Continental X6<\/strong>A nova gama de miras telesc\u00f3picas foi concebida para quem procura o equil\u00edbrio perfeito entre desempenho \u00f3tico, robustez mec\u00e2nica e pre\u00e7o competitivo. Com a sua gama de amplia\u00e7\u00e3o de <strong data-start=\"646\" data-end=\"665\">Amplia\u00e7\u00e3o de 2 a 12x<\/strong> e um objetivo de <strong data-start=\"683\" data-end=\"692\">50 mm<\/strong>Esta mira para espingarda proporciona uma imagem n\u00edtida, brilhante e detalhada numa grande variedade de cen\u00e1rios de ca\u00e7a ou tiro.<\/h3>\n<h3 data-start=\"814\" data-end=\"1026\">Ideal para ca\u00e7a e persegui\u00e7\u00e3o, esta mira para espingarda proporciona a versatilidade de que necessita, quer esteja a disparar rapidamente a curta dist\u00e2ncia ou em situa\u00e7\u00f5es em que \u00e9 necess\u00e1ria uma maior precis\u00e3o a m\u00e9dia dist\u00e2ncia.<\/h3>\n<h3 data-start=\"796\" data-end=\"1238\">\u00c9 uma mira tipo \"rifle scope\" (mira para armas longas) orientada para a ca\u00e7a, o tiro desportivo e a utiliza\u00e7\u00e3o geral em condi\u00e7\u00f5es vari\u00e1veis. A sua conce\u00e7\u00e3o visa oferecer uma \u00f3tica com boa transmiss\u00e3o de luz, versatilidade de amplia\u00e7\u00e3o m\u00e9dia, robustez mec\u00e2nica e ret\u00edculo iluminado.<\/h3>\n<p>&nbsp;<\/p>\n<ul class=\"flex flex-col gap-2 pl-6\">\n<li class=\"list-disc\"><span style=\"color: #0000ff;\"><strong data-start=\"1079\" data-end=\"1114\">Amplia\u00e7\u00e3o vari\u00e1vel de 2x a 12x<\/strong><\/span><br data-start=\"1114\" data-end=\"1117\" \/>Gama de amplia\u00e7\u00e3o ideal para se adaptar a diferentes dist\u00e2ncias. A 2x oferece um amplo campo de vis\u00e3o para disparos r\u00e1pidos, enquanto a 12x proporciona a precis\u00e3o necess\u00e1ria para disparos mais longos.<\/li>\n<\/ul>\n<ul>\n<li data-start=\"1316\" data-end=\"1449\">\n<p data-start=\"1318\" data-end=\"1449\"><span style=\"color: #0000ff;\"><strong data-start=\"1321\" data-end=\"1348\">Lente objetiva de 50 mm<\/strong><\/span><br data-start=\"1348\" data-end=\"1351\" \/>\u00d3ptima capta\u00e7\u00e3o de luz mesmo em condi\u00e7\u00f5es de pouca luz, como o nascer ou o p\u00f4r do sol.<\/p>\n<\/li>\n<li data-start=\"1451\" data-end=\"1747\">\n<p data-start=\"1453\" data-end=\"1747\"><span style=\"color: #0000ff;\"><strong data-start=\"1456\" data-end=\"1496\">Ret\u00edculo de tipo G4 com ponto iluminado<\/strong><\/span><br data-start=\"1496\" data-end=\"1499\" \/>Ret\u00edculo de ca\u00e7a cl\u00e1ssico com ponto central iluminado (ajust\u00e1vel em intensidade), perfeito para situa\u00e7\u00f5es de pouca luz ou fundos escuros. Est\u00e1 posicionado no <strong data-start=\"1652\" data-end=\"1681\">segundo plano focal (SFP)<\/strong>Isto significa que mant\u00e9m o seu tamanho quando muda de amplia\u00e7\u00e3o.<\/p>\n<\/li>\n<li data-start=\"1749\" data-end=\"1940\">\n<p data-start=\"1751\" data-end=\"1940\"><span style=\"color: #0000ff;\"><strong data-start=\"1754\" data-end=\"1789\">Sistema de ilumina\u00e7\u00e3o avan\u00e7ado<\/strong><\/span><br data-start=\"1789\" data-end=\"1792\" \/>Controlo de ilumina\u00e7\u00e3o multin\u00edvel com v\u00e1rios n\u00edveis de intensidade para se adaptar a qualquer ambiente, com desligamento entre cada n\u00edvel para acesso r\u00e1pido.<\/p>\n<\/li>\n<li data-start=\"1942\" data-end=\"2172\">\n<p data-start=\"1944\" data-end=\"2172\"><span style=\"color: #0000ff;\"><strong data-start=\"1947\" data-end=\"1991\">Torres t\u00e1cteis com ajustes de 1\/4 MOA<\/strong><\/span><br data-start=\"1991\" data-end=\"1994\" \/>Torres de perfil baixo com cliques precisos e fun\u00e7\u00e3o de reposi\u00e7\u00e3o a zero. Permitem um ajuste fino da mira com um grande intervalo de corre\u00e7\u00e3o (at\u00e9 <strong data-start=\"2146\" data-end=\"2157\">140 MOA<\/strong> levantamento).<\/p>\n<\/li>\n<li data-start=\"2174\" data-end=\"2401\">\n<p data-start=\"2176\" data-end=\"2401\"><span style=\"color: #0000ff;\"><strong data-start=\"2179\" data-end=\"2238\">\u00d3tica de topo de gama com revestimento LaREE e VePRO FMC<\/strong><\/span><br data-start=\"2238\" data-end=\"2241\" \/>Lentes multi-revestidas com um <strong data-start=\"2268\" data-end=\"2307\">transmit\u00e2ncia luminosa superior a 90 %<\/strong>Os novos LEDs foram concebidos para proporcionar imagens n\u00edtidas, cores reais e um excelente contraste em todo o campo de vis\u00e3o.<\/p>\n<\/li>\n<li data-start=\"2403\" data-end=\"2673\">\n<p data-start=\"2405\" data-end=\"2673\"><span style=\"color: #0000ff;\"><strong data-start=\"2409\" data-end=\"2446\">Constru\u00e7\u00e3o robusta e resistente<\/strong><\/span><br data-start=\"2446\" data-end=\"2449\" \/>Fabricado em <strong data-start=\"2464\" data-end=\"2496\">Alum\u00ednio para aeronaves 6061-T6<\/strong>com um corpo monotubo de <strong data-start=\"2521\" data-end=\"2530\">30 mm<\/strong>. Resistente ao recuo de calibres potentes, completamente estanque, <strong data-start=\"2601\" data-end=\"2636\">imperme\u00e1vel e anti-embaciamento<\/strong>O sistema \u00e9 purgado com azoto.<\/p>\n<\/li>\n<li data-start=\"2675\" data-end=\"2858\">\n<p data-start=\"2677\" data-end=\"2858\"><span style=\"color: #0000ff;\"><strong data-start=\"2680\" data-end=\"2701\">Compacto e leve<\/strong><\/span><br data-start=\"2701\" data-end=\"2704\" \/>Comprimento total de <strong data-start=\"2724\" data-end=\"2735\">33,5 cm<\/strong> e peso aproximado de <strong data-start=\"2757\" data-end=\"2771\">605 gramas<\/strong>Isto torna-a f\u00e1cil de montar e equilibrar em qualquer tipo de espingarda ou carabina.<\/p>\n<\/li>\n<\/ul>\n<p>&nbsp;<\/p>\n<h3>Funcionalidades avan\u00e7adas:<\/h3>\n<ul>\n<li>Amplia\u00e7\u00e3o: 2-12x<\/li>\n<li>Di\u00e2metro da lente objetiva: 50 mm<\/li>\n<li>Di\u00e2metro da lente da ocular: 42 mm (1,7 polegadas)<\/li>\n<li>Comprimento da lente da ocular: 54 mm (2,1 pol.)<\/li>\n<li>Pupila de sa\u00edda: 9,5-4,2 mm<\/li>\n<li>Revestimento da \u00f3tica: multicamadas de diamante transparente<\/li>\n<li>Campo de vis\u00e3o: 63-10,5 p\u00e9s a 100 jardas<\/li>\n<li>Campo de vis\u00e3o: 21-3,5 metros a 100 metros<\/li>\n<li>Al\u00edvio dos olhos: 100 mm (4,0 polegadas)<\/li>\n<li>Comprimento: 335 mm (13,2 polegadas)<\/li>\n<li>Peso: 605 g (21,4 oz)<\/li>\n<li>Di\u00e2metro do tubo: 30 mm tubo simples<\/li>\n<li>Valor do clique: 1\/4 MOA<\/li>\n<li>Alcance de eleva\u00e7\u00e3o: 140 MOA<\/li>\n<li>Gama de resist\u00eancia ao vento: 140 MOA<\/li>\n<li>Ajuste do paralaxe: 100 jardas<\/li>\n<li>Ret\u00edculo: Vidro gravado VET-10BDC<\/li>\n<li>Ilumina\u00e7\u00e3o: seis mudan\u00e7as<\/li>\n<li>Tipo de pilha: CR2032<\/li>\n<li>Dist\u00e2ncia entre o lado da lente da objetiva e a torre central: 42 mm (1,6 polegadas)<\/li>\n<li>Comprimento da torre central da torre: 33 mm (1,3 polegadas)<\/li>\n<li>Dist\u00e2ncia entre as pe\u00e7as da torre central e o anel de pot\u00eancia: 56 mm (2,2 polegadas)<\/li>\n<li>Testado contra choques at\u00e9 750 g, resistente \u00e0 \u00e1gua at\u00e9 1 m<\/li>\n<li>A transmiss\u00e3o de luz atinge 90%<\/li>\n<li>Totalmente purgada com azoto para eliminar o embaciamento interno da lente.<\/li>\n<li>A placa de ajuste N\u00c3O \u00e9 fixa, ap\u00f3s a coloca\u00e7\u00e3o em zero, o indicador levanta a torre e volta a colocar em zero.<\/li>\n<li>Alum\u00ednio de alta qualidade para aeronaves 6061 T6<\/li>\n<li>Fun\u00e7\u00e3o de bloqueio da torre: premir para baixo para bloquear sem movimento de clique<\/li>\n<li>Compensa\u00e7\u00e3o das dioptrias da ocular de focagem r\u00e1pida (+2 a -3)<\/li>\n<li>O artigo inclui: um par de an\u00e9is picatinny de 30 mm, tampas para objectivas e pano de limpeza, etc.<\/li>\n<\/ul>\n<p>&nbsp;<\/p>\n<p><iframe title=\"Vetor Optics | Continental 2-12x50 SFP Ca\u00e7a (SCOM-15)\" width=\"500\" height=\"281\" src=\"https:\/\/www.youtube.com\/embed\/bYVPaB5EKMg?feature=oembed\" frameborder=\"0\" allow=\"accelerometer; autoplay; clipboard-write; encrypted-media; gyroscope; picture-in-picture; web-share\" referrerpolicy=\"strict-origin-when-cross-origin\" allowfullscreen><\/iframe><\/p>\n<p>&nbsp;<\/p>\n<p>&nbsp;<\/p>","protected":false},"excerpt":{"rendered":"<h3><strong data-start=\"262\" data-end=\"391\">Vetor Optics Continental X6 2-12\u00d750 SCOM-15 Rifle Scope. <\/strong><\/h3>\n<h3><strong data-start=\"262\" data-end=\"391\">Precis\u00e3o, brilho e fiabilidade para ca\u00e7adores e atiradores exigentes<\/strong><\/h3>\n<h3 data-start=\"393\" data-end=\"812\">Faz parte da c\u00e9lebre s\u00e9rie <strong data-start=\"457\" data-end=\"475\">Continental X6<\/strong>A nova gama de miras telesc\u00f3picas foi concebida para quem procura o equil\u00edbrio perfeito entre desempenho \u00f3tico, robustez mec\u00e2nica e pre\u00e7o competitivo. Com a sua gama de amplia\u00e7\u00e3o de <strong data-start=\"646\" data-end=\"665\">Amplia\u00e7\u00e3o de 2 a 12x<\/strong> e um objetivo de <strong data-start=\"683\" data-end=\"692\">50 mm<\/strong>Esta mira para espingarda proporciona uma imagem n\u00edtida, brilhante e detalhada numa grande variedade de cen\u00e1rios de ca\u00e7a ou tiro.<\/h3>","protected":false},"featured_media":25784,"template":"","meta":[],"product_brand":[],"product_cat":[133,126,141],"product_tag":[],"class_list":{"0":"post-25783","1":"product","2":"type-product","3":"status-publish","4":"has-post-thumbnail","6":"product_cat-vector-optic","7":"product_cat-vision-diurna","8":"product_cat-visores-diurnos","10":"first","11":"instock","12":"sale","13":"taxable","14":"shipping-taxable","15":"purchasable","16":"product-type-simple","17":"add-to-wishlist-after_add_to_cart"},"_links":{"self":[{"href":"https:\/\/dinaturez.com\/pt\/wp-json\/wp\/v2\/product\/25783","targetHints":{"allow":["GET"]}}],"collection":[{"href":"https:\/\/dinaturez.com\/pt\/wp-json\/wp\/v2\/product"}],"about":[{"href":"https:\/\/dinaturez.com\/pt\/wp-json\/wp\/v2\/types\/product"}],"wp:featuredmedia":[{"embeddable":true,"href":"https:\/\/dinaturez.com\/pt\/wp-json\/wp\/v2\/media\/25784"}],"wp:attachment":[{"href":"https:\/\/dinaturez.com\/pt\/wp-json\/wp\/v2\/media?parent=25783"}],"wp:term":[{"taxonomy":"product_brand","embeddable":true,"href":"https:\/\/dinaturez.com\/pt\/wp-json\/wp\/v2\/product_brand?post=25783"},{"taxonomy":"product_cat","embeddable":true,"href":"https:\/\/dinaturez.com\/pt\/wp-json\/wp\/v2\/product_cat?post=25783"},{"taxonomy":"product_tag","embeddable":true,"href":"https:\/\/dinaturez.com\/pt\/wp-json\/wp\/v2\/product_tag?post=25783"}],"curies":[{"name":"wp","href":"https:\/\/api.w.org\/{rel}","templated":true}]}}