{"id":25771,"date":"2025-09-20T13:54:34","date_gmt":"2025-09-20T11:54:34","guid":{"rendered":"https:\/\/dinaturez.com\/?post_type=product&#038;p=25771"},"modified":"2025-12-10T10:56:53","modified_gmt":"2025-12-10T09:56:53","slug":"visor-termico-bolt-bl35r-nocpix","status":"publish","type":"product","link":"https:\/\/dinaturez.com\/pt\/product\/visor-termico-bolt-bl35r-nocpix\/","title":{"rendered":"Visor t\u00e9rmico BOLT BL35R NOCPIX"},"content":{"rendered":"<h3 data-start=\"357\" data-end=\"437\">Visor t\u00e9rmico Bolt BL35R da Nocpix, precis\u00e3o profissional para ca\u00e7adores exigentes.<\/h3>\n<h3 data-start=\"439\" data-end=\"830\">Visor de alto desempenho criado para oferecer uma combina\u00e7\u00e3o perfeita entre pot\u00eancia de imagem, alcance \u00fatil, design robusto e fun\u00e7\u00f5es avan\u00e7adas, como tel\u00e9metro a laser e c\u00e1lculo bal\u00edstico. O seu sensor de alta resolu\u00e7\u00e3o e lente de 35 mm permitem-lhe detetar, identificar e seguir alvos a longa dist\u00e2ncia, mesmo em condi\u00e7\u00f5es ambientais adversas.<\/h3>\n<h3 data-start=\"832\" data-end=\"1012\">Quer seja um ca\u00e7ador t\u00e9cnico, um profissional de controlo de fauna ou simplesmente um amante da \u00f3tica t\u00e9rmica, o BL35R est\u00e1 preparado para levar a sua experi\u00eancia ao pr\u00f3ximo n\u00edvel.<\/h3>\n<p>&nbsp;<\/p>\n<h3>Funcionalidades avan\u00e7adas:<\/h3>\n<p>&nbsp;<\/p>\n<table class=\"w-fit min-w-(--thread-content-width)\" data-start=\"922\" data-end=\"3269\">\n<thead data-start=\"922\" data-end=\"951\">\n<tr data-start=\"922\" data-end=\"951\">\n<th data-start=\"922\" data-end=\"939\" data-col-size=\"sm\">Carater\u00edstica<\/th>\n<th data-start=\"939\" data-end=\"951\" data-col-size=\"xl\">Detalhes<\/th>\n<\/tr>\n<\/thead>\n<tbody data-start=\"968\" data-end=\"3269\">\n<tr data-start=\"968\" data-end=\"1134\">\n<td data-start=\"968\" data-end=\"989\" data-col-size=\"sm\"><strong data-start=\"970\" data-end=\"988\">Sensor t\u00e9rmico<\/strong><\/td>\n<td data-start=\"989\" data-end=\"1134\" data-col-size=\"xl\">Resolu\u00e7\u00e3o de <strong data-start=\"1005\" data-end=\"1018\">384 \u00d7 288<\/strong> pix\u00e9is, tamanho de pixel de <strong data-start=\"1047\" data-end=\"1056\">12 \u00b5m<\/strong>. NETD (sensibilidade t\u00e9rmica) \u2264 20 mK.<\/td>\n<\/tr>\n<tr data-start=\"1135\" data-end=\"1313\">\n<td data-start=\"1135\" data-end=\"1162\" data-col-size=\"sm\"><strong data-start=\"1137\" data-end=\"1161\">Taxa de fotogramas<\/strong><\/td>\n<td data-start=\"1162\" data-end=\"1313\" data-col-size=\"xl\">50 Hz, proporcionando imagens suaves, menos desfocagem do movimento e melhor seguimento do alvo.<\/td>\n<\/tr>\n<tr data-start=\"1314\" data-end=\"1515\">\n<td data-start=\"1314\" data-end=\"1344\" data-col-size=\"sm\"><strong data-start=\"1316\" data-end=\"1343\">Lente objetiva (\u00d3tica)<\/strong><\/td>\n<td data-col-size=\"xl\" data-start=\"1344\" data-end=\"1515\">35 mm F\/1.0 - \u00f3tica brilhante que permite a capta\u00e7\u00e3o de mais radia\u00e7\u00e3o t\u00e9rmica, melhorando a visibilidade a m\u00e9dias e longas dist\u00e2ncias.<\/td>\n<\/tr>\n<tr data-start=\"1516\" data-end=\"1682\">\n<td data-start=\"1516\" data-end=\"1544\" data-col-size=\"sm\"><strong data-start=\"1518\" data-end=\"1543\">Campo de vis\u00e3o (FOV)<\/strong><\/td>\n<td data-start=\"1544\" data-end=\"1682\" data-col-size=\"xl\">Aproximadamente <strong data-start=\"1562\" data-end=\"1577\">7.5\u00b0 \u00d7 5.7\u00b0<\/strong>o que equivale a cerca de <strong data-start=\"1607\" data-end=\"1641\">13,2 \u00d7 9,9 metros a 100 metros<\/strong>.<\/td>\n<\/tr>\n<tr data-start=\"1683\" data-end=\"1883\">\n<td data-start=\"1683\" data-end=\"1705\" data-col-size=\"sm\"><strong data-start=\"1685\" data-end=\"1704\">Amplia\u00e7\u00e3o \/ Zoom<\/strong><\/td>\n<td data-start=\"1705\" data-end=\"1883\" data-col-size=\"xl\">Zoom digital de <strong data-start=\"1723\" data-end=\"1741\">3,5\u00d7 a 14\u00d7<\/strong>. Permite-lhe ajustar o n\u00edvel de amplia\u00e7\u00e3o para detetar ou identificar alvos a diferentes dist\u00e2ncias.<\/td>\n<\/tr>\n<tr data-start=\"1884\" data-end=\"2059\">\n<td data-start=\"1884\" data-end=\"1913\" data-col-size=\"sm\"><strong data-start=\"1886\" data-end=\"1912\">Dist\u00e2ncia de dete\u00e7\u00e3o<\/strong><\/td>\n<td data-start=\"1913\" data-end=\"2059\" data-col-size=\"xl\">At\u00e9 cerca de <strong data-start=\"1926\" data-end=\"1942\">1.800 metros<\/strong> para um alvo humano padr\u00e3o (\u2248 1,70 \u00d7 0,50 m) em condi\u00e7\u00f5es \u00f3ptimas.<\/td>\n<\/tr>\n<tr data-start=\"2060\" data-end=\"2247\">\n<td data-start=\"2060\" data-end=\"2091\" data-col-size=\"sm\"><strong data-start=\"2062\" data-end=\"2090\">Ecr\u00e3 e visor<\/strong><\/td>\n<td data-start=\"2091\" data-end=\"2247\" data-col-size=\"xl\">Ecr\u00e3 AMOLED com uma resolu\u00e7\u00e3o de <strong data-start=\"2127\" data-end=\"2149\">1024 \u00d7 768 pix\u00e9is<\/strong>. Inclui v\u00e1rias paletas de cores, modos adaptativos, etc.<\/td>\n<\/tr>\n<tr data-start=\"2248\" data-end=\"2443\">\n<td data-start=\"2248\" data-end=\"2276\" data-col-size=\"sm\"><strong data-start=\"2250\" data-end=\"2275\">Tel\u00eametro a laser (LRF)<\/strong><\/td>\n<td data-start=\"2276\" data-end=\"2443\" data-col-size=\"xl\">Integrado, com um alcance de at\u00e9 <strong data-start=\"2310\" data-end=\"2326\">1.200 metros<\/strong>que fornece medi\u00e7\u00e3o de dist\u00e2ncia em tempo real para ajuste bal\u00edstico.<\/td>\n<\/tr>\n<tr data-start=\"2444\" data-end=\"2610\">\n<td data-start=\"2444\" data-end=\"2483\" data-col-size=\"sm\"><strong data-start=\"2446\" data-end=\"2482\">Mem\u00f3ria interna \/ Armazenamento<\/strong><\/td>\n<td data-col-size=\"xl\" data-start=\"2483\" data-end=\"2610\">Aproximadamente <strong data-start=\"2501\" data-end=\"2510\">32 GB<\/strong> armazenamento interno para fotografias, v\u00eddeos t\u00e9rmicos, etc.<\/td>\n<\/tr>\n<tr data-start=\"2611\" data-end=\"2851\">\n<td data-start=\"2611\" data-end=\"2653\" data-col-size=\"sm\"><strong data-start=\"2613\" data-end=\"2652\">Sistema de energia e autonomia<\/strong><\/td>\n<td data-start=\"2653\" data-end=\"2851\" data-col-size=\"xl\">Bateria interna de ~ <strong data-start=\"2676\" data-end=\"2688\">5000 mAh<\/strong>mais tipo de bateria externa <strong data-start=\"2715\" data-end=\"2724\">18650<\/strong> substitu\u00edvel. Autonomia de at\u00e9 <strong data-start=\"2758\" data-end=\"2770\">12 horas<\/strong> de utiliza\u00e7\u00e3o cont\u00ednua em condi\u00e7\u00f5es normais.<\/td>\n<\/tr>\n<tr data-start=\"2852\" data-end=\"3109\">\n<td data-start=\"2852\" data-end=\"2895\" data-col-size=\"sm\"><strong data-start=\"2854\" data-end=\"2894\">Constru\u00e7\u00e3o, robustez e resist\u00eancia<\/strong><\/td>\n<td data-col-size=\"xl\" data-start=\"2895\" data-end=\"3109\">Caixa em liga de alum\u00ednio, prote\u00e7\u00e3o IP67 (p\u00f3 e \u00e1gua), boa resist\u00eancia ao recuo. Funcionamento em gamas de temperatura de aprox. -20 \u00b0C a +50 \u00b0C.<\/td>\n<\/tr>\n<tr data-start=\"3110\" data-end=\"3269\">\n<td data-start=\"3110\" data-end=\"3135\" data-col-size=\"sm\"><strong data-start=\"3112\" data-end=\"3134\">Peso e dimens\u00f5es<\/strong><\/td>\n<td data-start=\"3135\" data-end=\"3269\" data-col-size=\"xl\">Em redor <strong data-start=\"3150\" data-end=\"3164\">880 gramas<\/strong> com bateria. Dimens\u00f5es aproximadas <strong data-start=\"3202\" data-end=\"3226\">375,7 \u00d7 91,6 \u00d7 75 mm<\/strong>.<\/td>\n<\/tr>\n<\/tbody>\n<\/table>","protected":false},"excerpt":{"rendered":"<h3 data-start=\"357\" data-end=\"437\">Carabina t\u00e9rmica Nocpix Bolt BL35R, precis\u00e3o t\u00e9rmica profissional para ca\u00e7adores exigentes.<\/h3>\n<h3 data-start=\"439\" data-end=\"830\">\u00c9 uma carabina t\u00e9rmica de alto desempenho criada para oferecer uma combina\u00e7\u00e3o perfeita de pot\u00eancia de imagem, alcance utiliz\u00e1vel, design robusto e funcionalidades avan\u00e7adas, tais como tel\u00e9metro laser e c\u00e1lculo bal\u00edstico. O seu sensor de alta resolu\u00e7\u00e3o e a lente de 35 mm permitem-lhe detetar, identificar e seguir alvos a longa dist\u00e2ncia, mesmo em condi\u00e7\u00f5es ambientais adversas.<\/h3>\n<h3 data-start=\"832\" data-end=\"1012\">Quer seja um ca\u00e7ador t\u00e9cnico, um profissional de controlo da vida selvagem ou simplesmente um amante da \u00f3tica t\u00e9rmica, o BL35R est\u00e1 pronto para levar a sua experi\u00eancia para o pr\u00f3ximo n\u00edvel.<\/h3>","protected":false},"featured_media":25772,"template":"","meta":[],"product_brand":[],"product_cat":[191,146],"product_tag":[],"class_list":{"0":"post-25771","1":"product","2":"type-product","3":"status-publish","4":"has-post-thumbnail","6":"product_cat-nocpix","7":"product_cat-visores-termicos","9":"first","10":"instock","11":"taxable","12":"shipping-taxable","13":"purchasable","14":"product-type-simple","15":"add-to-wishlist-after_add_to_cart"},"_links":{"self":[{"href":"https:\/\/dinaturez.com\/pt\/wp-json\/wp\/v2\/product\/25771","targetHints":{"allow":["GET"]}}],"collection":[{"href":"https:\/\/dinaturez.com\/pt\/wp-json\/wp\/v2\/product"}],"about":[{"href":"https:\/\/dinaturez.com\/pt\/wp-json\/wp\/v2\/types\/product"}],"wp:featuredmedia":[{"embeddable":true,"href":"https:\/\/dinaturez.com\/pt\/wp-json\/wp\/v2\/media\/25772"}],"wp:attachment":[{"href":"https:\/\/dinaturez.com\/pt\/wp-json\/wp\/v2\/media?parent=25771"}],"wp:term":[{"taxonomy":"product_brand","embeddable":true,"href":"https:\/\/dinaturez.com\/pt\/wp-json\/wp\/v2\/product_brand?post=25771"},{"taxonomy":"product_cat","embeddable":true,"href":"https:\/\/dinaturez.com\/pt\/wp-json\/wp\/v2\/product_cat?post=25771"},{"taxonomy":"product_tag","embeddable":true,"href":"https:\/\/dinaturez.com\/pt\/wp-json\/wp\/v2\/product_tag?post=25771"}],"curies":[{"name":"wp","href":"https:\/\/api.w.org\/{rel}","templated":true}]}}