{"id":25765,"date":"2025-09-20T13:38:44","date_gmt":"2025-09-20T11:38:44","guid":{"rendered":"https:\/\/dinaturez.com\/?post_type=product&#038;p=25765"},"modified":"2025-12-10T10:58:25","modified_gmt":"2025-12-10T09:58:25","slug":"visor-termico-bolt-bp25r-nocpix","status":"publish","type":"product","link":"https:\/\/dinaturez.com\/pt\/product\/visor-termico-bolt-bp25r-nocpix\/","title":{"rendered":"Visor t\u00e9rmico BOLT BP25R NOCPIX"},"content":{"rendered":"<h3 data-start=\"280\" data-end=\"373\">Visor t\u00e9rmico Nocpix Bolt BP25R, precis\u00e3o, fiabilidade e tecnologia t\u00e9rmica inteligente.<\/h3>\n<h3 data-start=\"375\" data-end=\"653\">\u00c9 uma mira t\u00e9rmica de elevado desempenho concebida para ca\u00e7adores, atiradores t\u00e9cnicos e profissionais de controlo da vida selvagem que necessitam de m\u00e1xima fiabilidade, bom alcance, capacidade de identifica\u00e7\u00e3o clara e um conjunto de ferramentas t\u00e1cticas integradas.<\/h3>\n<h3 data-start=\"655\" data-end=\"960\">N\u00e3o s\u00f3 fornece uma imagem t\u00e9rmica de qualidade em condi\u00e7\u00f5es dif\u00edceis, como tamb\u00e9m integra funcionalidades como <strong data-start=\"777\" data-end=\"796\">tel\u00e9metro laser<\/strong>, <strong data-start=\"798\" data-end=\"819\">c\u00e1lculo bal\u00edstico<\/strong>, <strong data-start=\"821\" data-end=\"843\">grava\u00e7\u00e3o de v\u00eddeo<\/strong>, <strong data-start=\"845\" data-end=\"867\">Conectividade Wi-Fi<\/strong>, <strong data-start=\"869\" data-end=\"892\">autonomia alargada<\/strong> e um <strong data-start=\"898\" data-end=\"916\">conce\u00e7\u00e3o robusta<\/strong> preparados para resistir a ambientes exigentes.<\/h3>\n<h4 data-start=\"6552\" data-end=\"6626\">Benef\u00edcios adicionais<\/h4>\n<ul data-start=\"4176\" data-end=\"5193\">\n<li data-start=\"4176\" data-end=\"4420\">\n<p data-start=\"4178\" data-end=\"4420\"><span style=\"color: #0000ff;\"><strong data-start=\"4178\" data-end=\"4224\">Dete\u00e7\u00e3o exacta em condi\u00e7\u00f5es exigentes<\/strong>:<\/span> Com NETD \u2264 20 mK, boa \u00f3tica e algoritmo de melhoramento de imagem (Reality+), o visor permite-lhe ver claramente os alvos em situa\u00e7\u00f5es de baixa visibilidade.<\/p>\n<\/li>\n<li data-start=\"4421\" data-end=\"4619\">\n<p data-start=\"4423\" data-end=\"4619\"><span style=\"color: #0000ff;\"><strong data-start=\"4423\" data-end=\"4472\">Tel\u00e9metro laser e c\u00e1lculo bal\u00edstico integrados<\/strong>:<\/span> simplifica o processo de acionamento remoto, uma vez que n\u00e3o \u00e9 necess\u00e1rio fazer estimativas com ferramentas externas.<\/p>\n<\/li>\n<li data-start=\"4620\" data-end=\"4828\">\n<p data-start=\"4622\" data-end=\"4828\"><span style=\"color: #0000ff;\"><strong data-start=\"4622\" data-end=\"4663\">Ecr\u00e3 de qualidade + personaliza\u00e7\u00e3o<\/strong>:<\/span> v\u00e1rios modos de visualiza\u00e7\u00e3o, paletas, ret\u00edculos configur\u00e1veis, defini\u00e7\u00f5es de dioptrias que permitem a personaliza\u00e7\u00e3o pelo utilizador.<\/p>\n<\/li>\n<li data-start=\"4829\" data-end=\"5046\">\n<p data-start=\"4831\" data-end=\"5046\"><span style=\"color: #0000ff;\"><strong data-start=\"4831\" data-end=\"4890\">Autonomia alargada com sistema de alimenta\u00e7\u00e3o el\u00e9ctrica redundante<\/strong>:<\/span> a combina\u00e7\u00e3o de bateria interna + bateria de reserva 18650 permite longos per\u00edodos no terreno, mesmo quando se trocam as baterias sem interrup\u00e7\u00e3o.<\/p>\n<\/li>\n<li data-start=\"5047\" data-end=\"5193\">\n<p data-start=\"5049\" data-end=\"5193\"><span style=\"color: #0000ff;\"><strong data-start=\"5049\" data-end=\"5073\">Constru\u00e7\u00e3o robusta<\/strong>:<\/span> IP67, caixa met\u00e1lica, concebida para resistir a condi\u00e7\u00f5es adversas, frio, calor, poeira, humidade e recuo.<\/p>\n<\/li>\n<\/ul>\n<p>&nbsp;<\/p>\n<h3>Funcionalidades avan\u00e7adas:<\/h3>\n<p>&nbsp;<\/p>\n<div class=\"_tableContainer_1rjym_1\">\n<div class=\"group _tableWrapper_1rjym_13 flex w-fit flex-col-reverse\" tabindex=\"-1\">\n<table class=\"w-fit min-w-(--thread-content-width)\" data-start=\"267\" data-end=\"1899\">\n<thead data-start=\"267\" data-end=\"297\">\n<tr data-start=\"267\" data-end=\"297\">\n<th data-start=\"267\" data-end=\"279\" data-col-size=\"sm\">Categoria<\/th>\n<th data-start=\"279\" data-end=\"297\" data-col-size=\"md\">Especifica\u00e7\u00e3o<\/th>\n<\/tr>\n<\/thead>\n<tbody data-start=\"328\" data-end=\"1899\">\n<tr data-start=\"328\" data-end=\"374\">\n<td data-start=\"328\" data-end=\"349\" data-col-size=\"sm\"><strong data-start=\"330\" data-end=\"348\">Sensor t\u00e9rmico<\/strong><\/td>\n<td data-start=\"349\" data-end=\"374\" data-col-size=\"md\">VOx n\u00e3o arrefecido<\/td>\n<\/tr>\n<tr data-start=\"375\" data-end=\"424\">\n<td data-start=\"375\" data-end=\"403\" data-col-size=\"sm\"><strong data-start=\"377\" data-end=\"402\">Resolu\u00e7\u00e3o do sensor<\/strong><\/td>\n<td data-start=\"403\" data-end=\"424\" data-col-size=\"md\">256 \u00d7 192 pix\u00e9is<\/td>\n<\/tr>\n<tr data-start=\"425\" data-end=\"456\">\n<td data-start=\"425\" data-end=\"447\" data-col-size=\"sm\"><strong data-start=\"427\" data-end=\"446\">Tamanho do pixel<\/strong><\/td>\n<td data-start=\"447\" data-end=\"456\" data-col-size=\"md\">12 \u00b5m<\/td>\n<\/tr>\n<tr data-start=\"457\" data-end=\"502\">\n<td data-start=\"457\" data-end=\"491\" data-col-size=\"sm\"><strong data-start=\"459\" data-end=\"490\">Sensibilidade t\u00e9rmica (NETD)<\/strong><\/td>\n<td data-start=\"491\" data-end=\"502\" data-col-size=\"md\">\u2264 20 mK<\/td>\n<\/tr>\n<tr data-start=\"503\" data-end=\"541\">\n<td data-start=\"503\" data-end=\"532\" data-col-size=\"sm\"><strong data-start=\"505\" data-end=\"531\">Taxa de atualiza\u00e7\u00e3o<\/strong><\/td>\n<td data-start=\"532\" data-end=\"541\" data-col-size=\"md\">50 Hz<\/td>\n<\/tr>\n<tr data-start=\"542\" data-end=\"579\">\n<td data-start=\"542\" data-end=\"563\" data-col-size=\"sm\"><strong data-start=\"544\" data-end=\"562\">Lente objetiva<\/strong><\/td>\n<td data-start=\"563\" data-end=\"579\" data-col-size=\"md\">25 mm \/ F1.0<\/td>\n<\/tr>\n<tr data-start=\"580\" data-end=\"623\">\n<td data-start=\"580\" data-end=\"608\" data-col-size=\"sm\"><strong data-start=\"582\" data-end=\"607\">Campo de vis\u00e3o (FOV)<\/strong><\/td>\n<td data-start=\"608\" data-end=\"623\" data-col-size=\"md\">7.0\u00b0 \u00d7 5.3\u00b0<\/td>\n<\/tr>\n<tr data-start=\"624\" data-end=\"668\">\n<td data-start=\"624\" data-end=\"651\" data-col-size=\"sm\"><strong data-start=\"626\" data-end=\"650\">\u00c1rea vis\u00edvel a 100 m<\/strong><\/td>\n<td data-start=\"651\" data-end=\"668\" data-col-size=\"md\">~12.3 \u00d7 9.2 m<\/td>\n<\/tr>\n<tr data-start=\"669\" data-end=\"725\">\n<td data-start=\"669\" data-end=\"698\" data-col-size=\"sm\"><strong data-start=\"671\" data-end=\"697\">Dist\u00e2ncia de dete\u00e7\u00e3o<\/strong><\/td>\n<td data-start=\"698\" data-end=\"725\" data-col-size=\"md\">At\u00e9 1.300 m (pessoa)<\/td>\n<\/tr>\n<tr data-start=\"726\" data-end=\"759\">\n<td data-start=\"726\" data-end=\"737\" data-col-size=\"sm\"><strong data-start=\"728\" data-end=\"736\">Zoom<\/strong><\/td>\n<td data-start=\"737\" data-end=\"759\" data-col-size=\"md\">Digital 3,5\u00d7 a 14\u00d7<\/td>\n<\/tr>\n<tr data-start=\"760\" data-end=\"799\">\n<td data-start=\"760\" data-end=\"775\" data-col-size=\"sm\"><strong data-start=\"762\" data-end=\"774\">Ecr\u00e3<\/strong><\/td>\n<td data-start=\"775\" data-end=\"799\" data-col-size=\"md\">AMOLED 1024 \u00d7 768 px<\/td>\n<\/tr>\n<tr data-start=\"800\" data-end=\"857\">\n<td data-start=\"800\" data-end=\"828\" data-col-size=\"sm\"><strong data-start=\"802\" data-end=\"827\">Tel\u00eametro a laser (LRF)<\/strong><\/td>\n<td data-start=\"828\" data-end=\"857\" data-col-size=\"md\">Integrado - at\u00e9 1.200 m<\/td>\n<\/tr>\n<tr data-start=\"858\" data-end=\"917\">\n<td data-start=\"858\" data-end=\"878\" data-col-size=\"sm\"><strong data-start=\"860\" data-end=\"877\">Modos LRF<\/strong><\/td>\n<td data-start=\"878\" data-end=\"917\" data-col-size=\"md\">Medi\u00e7\u00e3o pontual e varrimento cont\u00ednuo<\/td>\n<\/tr>\n<tr data-start=\"918\" data-end=\"994\">\n<td data-start=\"918\" data-end=\"941\" data-col-size=\"sm\"><strong data-start=\"920\" data-end=\"940\">P\u00e1s t\u00e9rmicas<\/strong><\/td>\n<td data-start=\"941\" data-end=\"994\" data-col-size=\"md\">Branco\/preto quente, realce, arco-\u00edris, etc.<\/td>\n<\/tr>\n<tr data-start=\"995\" data-end=\"1057\">\n<td data-start=\"995\" data-end=\"1011\" data-col-size=\"sm\"><strong data-start=\"997\" data-end=\"1010\">Grelhas<\/strong><\/td>\n<td data-start=\"1011\" data-end=\"1057\" data-col-size=\"md\">V\u00e1rios configur\u00e1veis, com cor e posi\u00e7\u00e3o<\/td>\n<\/tr>\n<tr data-start=\"1058\" data-end=\"1132\">\n<td data-start=\"1058\" data-end=\"1094\" data-col-size=\"sm\"><strong data-start=\"1060\" data-end=\"1093\">Algoritmo de melhoramento de imagem<\/strong><\/td>\n<td data-start=\"1094\" data-end=\"1132\" data-col-size=\"md\">Reality+ (otimiza\u00e7\u00e3o autom\u00e1tica)<\/td>\n<\/tr>\n<tr data-start=\"1133\" data-end=\"1184\">\n<td data-start=\"1133\" data-end=\"1157\" data-col-size=\"sm\"><strong data-start=\"1135\" data-end=\"1156\">C\u00e1lculo bal\u00edstico<\/strong><\/td>\n<td data-start=\"1157\" data-end=\"1184\" data-col-size=\"md\">Integrado, configur\u00e1vel<\/td>\n<\/tr>\n<tr data-start=\"1185\" data-end=\"1242\">\n<td data-start=\"1185\" data-end=\"1215\" data-col-size=\"sm\"><strong data-start=\"1187\" data-end=\"1214\">Grava\u00e7\u00e3o de v\u00eddeo\/foto<\/strong><\/td>\n<td data-start=\"1215\" data-end=\"1242\" data-col-size=\"md\">Sim, com mem\u00f3ria interna<\/td>\n<\/tr>\n<tr data-start=\"1243\" data-end=\"1274\">\n<td data-start=\"1243\" data-end=\"1265\" data-col-size=\"sm\"><strong data-start=\"1245\" data-end=\"1264\">Mem\u00f3ria interna<\/strong><\/td>\n<td data-start=\"1265\" data-end=\"1274\" data-col-size=\"md\">32 GB<\/td>\n<\/tr>\n<tr data-start=\"1275\" data-end=\"1314\">\n<td data-start=\"1275\" data-end=\"1294\" data-col-size=\"sm\"><strong data-start=\"1277\" data-end=\"1293\">Conectividade<\/strong><\/td>\n<td data-start=\"1294\" data-end=\"1314\" data-col-size=\"md\">Wi-Fi, aplica\u00e7\u00e3o m\u00f3vel<\/td>\n<\/tr>\n<tr data-start=\"1315\" data-end=\"1355\">\n<td data-start=\"1315\" data-end=\"1337\" data-col-size=\"sm\"><strong data-start=\"1317\" data-end=\"1336\">Autonomia total<\/strong><\/td>\n<td data-start=\"1337\" data-end=\"1355\" data-col-size=\"md\">At\u00e9 12 horas<\/td>\n<\/tr>\n<tr data-start=\"1356\" data-end=\"1429\">\n<td data-start=\"1356\" data-end=\"1386\" data-col-size=\"sm\"><strong data-start=\"1358\" data-end=\"1385\">Sistema de alimenta\u00e7\u00e3o el\u00e9ctrica<\/strong><\/td>\n<td data-start=\"1386\" data-end=\"1429\" data-col-size=\"md\">Bateria interna + bateria externa 18650<\/td>\n<\/tr>\n<tr data-start=\"1430\" data-end=\"1461\">\n<td data-start=\"1430\" data-end=\"1452\" data-col-size=\"sm\"><strong data-start=\"1432\" data-end=\"1451\">Porta de carregamento<\/strong><\/td>\n<td data-start=\"1452\" data-end=\"1461\" data-col-size=\"md\">USB-C<\/td>\n<\/tr>\n<tr data-start=\"1462\" data-end=\"1502\">\n<td data-start=\"1462\" data-end=\"1494\" data-col-size=\"sm\"><strong data-start=\"1464\" data-end=\"1493\">Resist\u00eancia \u00e0 \u00e1gua\/poeira<\/strong><\/td>\n<td data-start=\"1494\" data-end=\"1502\" data-col-size=\"md\">IP67<\/td>\n<\/tr>\n<tr data-start=\"1503\" data-end=\"1559\">\n<td data-start=\"1503\" data-end=\"1540\" data-col-size=\"sm\"><strong data-start=\"1505\" data-end=\"1539\">Gama de temperaturas de funcionamento<\/strong><\/td>\n<td data-start=\"1540\" data-end=\"1559\" data-col-size=\"md\">-20 \u00b0C a +50 \u00b0C<\/td>\n<\/tr>\n<tr data-start=\"1560\" data-end=\"1621\">\n<td data-start=\"1560\" data-end=\"1591\" data-col-size=\"sm\"><strong data-start=\"1562\" data-end=\"1590\">Resist\u00eancia ao recuo<\/strong><\/td>\n<td data-start=\"1591\" data-end=\"1621\" data-col-size=\"md\">At\u00e9 6.000-7.000 J aprox.<\/td>\n<\/tr>\n<tr data-start=\"1622\" data-end=\"1682\">\n<td data-start=\"1622\" data-end=\"1648\" data-col-size=\"sm\"><strong data-start=\"1624\" data-end=\"1647\">Material da carro\u00e7aria<\/strong><\/td>\n<td data-start=\"1648\" data-end=\"1682\" data-col-size=\"md\">Alum\u00ednio aeron\u00e1utico anodizado<\/td>\n<\/tr>\n<tr data-start=\"1683\" data-end=\"1721\">\n<td data-start=\"1683\" data-end=\"1701\" data-col-size=\"sm\"><strong data-start=\"1685\" data-end=\"1700\">Dimens\u00f5es<\/strong><\/td>\n<td data-start=\"1701\" data-end=\"1721\" data-col-size=\"md\">375 \u00d7 91 \u00d7 75 mm<\/td>\n<\/tr>\n<tr data-start=\"1722\" data-end=\"1743\">\n<td data-start=\"1722\" data-end=\"1733\" data-col-size=\"sm\"><strong data-start=\"1724\" data-end=\"1732\">Peso<\/strong><\/td>\n<td data-start=\"1733\" data-end=\"1743\" data-col-size=\"md\">~870 g<\/td>\n<\/tr>\n<tr data-start=\"1744\" data-end=\"1821\">\n<td data-start=\"1744\" data-end=\"1771\" data-col-size=\"sm\"><strong data-start=\"1746\" data-end=\"1770\">Acess\u00f3rios inclu\u00eddos<\/strong><\/td>\n<td data-start=\"1771\" data-end=\"1821\" data-col-size=\"md\">Bateria, carregador USB-C, estojo, manual, pano<\/td>\n<\/tr>\n<tr data-start=\"1822\" data-end=\"1899\">\n<td data-start=\"1822\" data-end=\"1846\" data-col-size=\"sm\"><strong data-start=\"1824\" data-end=\"1845\">Utiliza\u00e7\u00f5es recomendadas<\/strong><\/td>\n<td data-start=\"1846\" data-end=\"1899\" data-col-size=\"md\">Ca\u00e7a, vigil\u00e2ncia, controlo da vida selvagem, tiro noturno<\/td>\n<\/tr>\n<\/tbody>\n<\/table>\n<\/div>\n<\/div>","protected":false},"excerpt":{"rendered":"<h3 data-start=\"280\" data-end=\"373\">Visor T\u00e9rmico Bolt P25R de Nocpix, precisi\u00f3n, fiabilidad y tecnolog\u00eda t\u00e9rmica inteligente.<\/h3>\n<h3 data-start=\"375\" data-end=\"653\">\u00c9 uma mira t\u00e9rmica de elevado desempenho concebida para ca\u00e7adores, atiradores t\u00e9cnicos e profissionais de controlo da vida selvagem que necessitam de m\u00e1xima fiabilidade, bom alcance, capacidade de identifica\u00e7\u00e3o clara e um conjunto de ferramentas t\u00e1cticas integradas.<\/h3>\n<h3 data-start=\"655\" data-end=\"960\">N\u00e3o s\u00f3 fornece uma imagem t\u00e9rmica de qualidade em condi\u00e7\u00f5es dif\u00edceis, como tamb\u00e9m integra funcionalidades como <strong data-start=\"777\" data-end=\"796\">tel\u00e9metro laser<\/strong>, <strong data-start=\"798\" data-end=\"819\">c\u00e1lculo bal\u00edstico<\/strong>, <strong data-start=\"821\" data-end=\"843\">grava\u00e7\u00e3o de v\u00eddeo<\/strong>, <strong data-start=\"845\" data-end=\"867\">Conectividade Wi-Fi<\/strong>, <strong data-start=\"869\" data-end=\"892\">autonomia alargada<\/strong> e um <strong data-start=\"898\" data-end=\"916\">conce\u00e7\u00e3o robusta<\/strong> preparados para resistir a ambientes exigentes.<\/h3>","protected":false},"featured_media":25766,"template":"","meta":[],"product_brand":[],"product_cat":[191,146],"product_tag":[],"class_list":{"0":"post-25765","1":"product","2":"type-product","3":"status-publish","4":"has-post-thumbnail","6":"product_cat-nocpix","7":"product_cat-visores-termicos","9":"first","10":"instock","11":"taxable","12":"shipping-taxable","13":"purchasable","14":"product-type-simple","15":"add-to-wishlist-after_add_to_cart"},"_links":{"self":[{"href":"https:\/\/dinaturez.com\/pt\/wp-json\/wp\/v2\/product\/25765","targetHints":{"allow":["GET"]}}],"collection":[{"href":"https:\/\/dinaturez.com\/pt\/wp-json\/wp\/v2\/product"}],"about":[{"href":"https:\/\/dinaturez.com\/pt\/wp-json\/wp\/v2\/types\/product"}],"wp:featuredmedia":[{"embeddable":true,"href":"https:\/\/dinaturez.com\/pt\/wp-json\/wp\/v2\/media\/25766"}],"wp:attachment":[{"href":"https:\/\/dinaturez.com\/pt\/wp-json\/wp\/v2\/media?parent=25765"}],"wp:term":[{"taxonomy":"product_brand","embeddable":true,"href":"https:\/\/dinaturez.com\/pt\/wp-json\/wp\/v2\/product_brand?post=25765"},{"taxonomy":"product_cat","embeddable":true,"href":"https:\/\/dinaturez.com\/pt\/wp-json\/wp\/v2\/product_cat?post=25765"},{"taxonomy":"product_tag","embeddable":true,"href":"https:\/\/dinaturez.com\/pt\/wp-json\/wp\/v2\/product_tag?post=25765"}],"curies":[{"name":"wp","href":"https:\/\/api.w.org\/{rel}","templated":true}]}}