{"id":25750,"date":"2025-09-20T12:29:18","date_gmt":"2025-09-20T10:29:18","guid":{"rendered":"https:\/\/dinaturez.com\/?post_type=product&#038;p=25750"},"modified":"2025-09-20T12:32:19","modified_gmt":"2025-09-20T10:32:19","slug":"clip-on-mate-h50r-nocpix","status":"publish","type":"product","link":"https:\/\/dinaturez.com\/pt\/product\/clip-on-mate-h50r-nocpix\/","title":{"rendered":"Clip-On MATE H50R NOCPIX"},"content":{"rendered":"<h3 data-start=\"396\" data-end=\"540\">Nocpix Clip-On Mate H50R, termal profissional com tel\u00e9metro laser | Vis\u00e3o t\u00e9rmica de precis\u00e3o, longo alcance e tecnologia de ponta.<\/h3>\n<h3 data-start=\"542\" data-end=\"909\">\u00c9 um dos dispositivos t\u00e9rmicos mais avan\u00e7ados do portef\u00f3lio da Nocpix. Concebido para utilizadores que exigem o m\u00e1ximo desempenho em condi\u00e7\u00f5es extremas, este \u00e9 um dos dispositivos t\u00e9rmicos mais avan\u00e7ados da Nocpix. <strong data-start=\"726\" data-end=\"758\">clip-on t\u00e9rmico topo de gama<\/strong> incorpora um sensor de maior resolu\u00e7\u00e3o, uma objetiva de 50 mm, tecnologia de zoom assistido por IA, grava\u00e7\u00e3o inteligente e <strong data-start=\"879\" data-end=\"908\">tel\u00e9metro laser integrado<\/strong>.<\/h3>\n<h3 data-start=\"911\" data-end=\"1153\">Concebido para <strong data-start=\"924\" data-end=\"1014\">ca\u00e7adores profissionais, for\u00e7as de seguran\u00e7a, guardas de ca\u00e7a e observadores da vida selvagem<\/strong>A H50R combina pot\u00eancia \u00f3tica, precis\u00e3o t\u00e9rmica e robustez t\u00e1tica, tudo num design preparado para longos dias de utiliza\u00e7\u00e3o intensiva.<\/h3>\n<p>&nbsp;<\/p>\n<h4 data-start=\"1160\" data-end=\"1241\">Sensor t\u00e9rmico de alta resolu\u00e7\u00e3o - Desempenho \u00f3timo em qualquer ambiente<\/h4>\n<p data-start=\"1243\" data-end=\"1577\">No cora\u00e7\u00e3o da H50R est\u00e1 um <strong data-start=\"1280\" data-end=\"1323\">640 \u00d7 512 pix\u00e9is Sensor t\u00e9rmico VOx<\/strong>com um <strong data-start=\"1332\" data-end=\"1354\">Passo de 12 microns<\/strong> e um <strong data-start=\"1361\" data-end=\"1409\">sensibilidade t\u00e9rmica (NETD) inferior a 15 mK<\/strong>. Isto significa que \u00e9 capaz de detetar varia\u00e7\u00f5es t\u00e9rmicas m\u00ednimas, mesmo em condi\u00e7\u00f5es ambientais adversas, como chuva fraca, nevoeiro ou temperaturas extremas.<\/p>\n<ul data-start=\"1579\" data-end=\"1882\">\n<li data-start=\"1579\" data-end=\"1621\">\n<p data-start=\"1581\" data-end=\"1621\"><strong data-start=\"1583\" data-end=\"1605\">Resolu\u00e7\u00e3o t\u00e9rmica<\/strong>: 640 \u00d7 512 px<\/p>\n<\/li>\n<li data-start=\"1622\" data-end=\"1660\">\n<p data-start=\"1624\" data-end=\"1660\"><strong data-start=\"1626\" data-end=\"1651\">Passo do pixel<\/strong>: 12 \u00b5m<\/p>\n<\/li>\n<li data-start=\"1661\" data-end=\"1727\">\n<p data-start=\"1663\" data-end=\"1727\"><strong data-start=\"1665\" data-end=\"1681\">NETD \u2264 15 mK<\/strong>dete\u00e7\u00e3o de pormenores t\u00e9rmicos muito subtis<\/p>\n<\/li>\n<li data-start=\"1728\" data-end=\"1808\">\n<p data-start=\"1730\" data-end=\"1808\"><strong data-start=\"1732\" data-end=\"1768\">Taxa de atualiza\u00e7\u00e3o da imagem<\/strong>60 Hz - imagens fluidas e naturais<\/p>\n<\/li>\n<li data-start=\"1809\" data-end=\"1882\">\n<p data-start=\"1811\" data-end=\"1882\"><strong data-start=\"1813\" data-end=\"1838\">Tecnologia de sensores<\/strong>\u00d3xido de van\u00e1dio (VOx), n\u00e3o arrefecido<\/p>\n<\/li>\n<\/ul>\n<p data-start=\"1884\" data-end=\"2108\">Gra\u00e7as a estas carater\u00edsticas, a H50R proporciona uma imagem t\u00e9rmica n\u00edtida, contrastada e rica em detalhes, facilitando a dete\u00e7\u00e3o, reconhecimento e identifica\u00e7\u00e3o de alvos a dist\u00e2ncias superiores \u00e0 m\u00e9dia do mercado.<\/p>\n<h2 data-start=\"2115\" data-end=\"2186\"><\/h2>\n<h4 data-start=\"2115\" data-end=\"2186\">Objetiva 50 mm F\/1.0 - Longo alcance com m\u00e1xima capta\u00e7\u00e3o t\u00e9rmica<\/h4>\n<p data-start=\"2188\" data-end=\"2461\">Est\u00e1 equipado com um <strong data-start=\"2225\" data-end=\"2269\">Lente objetiva de 50 mm e abertura F\/1.0<\/strong>Isto permite-lhe captar mais radia\u00e7\u00e3o infravermelha em compara\u00e7\u00e3o com lentes mais fechadas. Esta \u00f3tica de grande di\u00e2metro aumenta o alcance de dete\u00e7\u00e3o e o desempenho geral do sensor.<\/p>\n<ul data-start=\"2463\" data-end=\"2787\">\n<li data-start=\"2463\" data-end=\"2575\">\n<p data-start=\"2465\" data-end=\"2575\"><strong data-start=\"2467\" data-end=\"2493\">Dist\u00e2ncia de dete\u00e7\u00e3o<\/strong>: at\u00e9 <strong data-start=\"2501\" data-end=\"2517\">2.600 metros<\/strong> (lente humana de 1,7 \u00d7 0,5 m em condi\u00e7\u00f5es \u00f3ptimas)<\/p>\n<\/li>\n<li data-start=\"2576\" data-end=\"2644\">\n<p data-start=\"2578\" data-end=\"2644\"><strong data-start=\"2580\" data-end=\"2605\">Campo de vis\u00e3o (FOV)<\/strong>: 8,6\u00b0 \u00d7 6,6\u00b0 (\u2248 15 \u00d7 11,5 m a 100 m)<\/p>\n<\/li>\n<li data-start=\"2645\" data-end=\"2710\">\n<p data-start=\"2647\" data-end=\"2710\"><strong data-start=\"2649\" data-end=\"2666\">Tipo de lente<\/strong>: germ\u00e2nio, revestimento antirreflexo<\/p>\n<\/li>\n<li data-start=\"2711\" data-end=\"2787\">\n<p data-start=\"2713\" data-end=\"2787\"><strong data-start=\"2715\" data-end=\"2738\">Prote\u00e7\u00e3o da lente<\/strong>: tampa integrada e rosca de filtro opcional<\/p>\n<\/li>\n<\/ul>\n<p data-start=\"2789\" data-end=\"2969\">Esta \u00f3tica torna o H50R um aliado insubstitu\u00edvel para a persegui\u00e7\u00e3o de longo alcance, a vigil\u00e2ncia de grandes \u00e1reas ou a dete\u00e7\u00e3o precoce de movimentos em terrenos extensos.<\/p>\n<h4 data-start=\"2976\" data-end=\"3037\">Tel\u00e9metro laser integrado (LRF) - Precis\u00e3o instant\u00e2nea<\/h4>\n<p data-start=\"3039\" data-end=\"3381\">Uma das carater\u00edsticas distintivas da H50R \u00e9 a sua <strong data-start=\"3100\" data-end=\"3131\">tel\u00e9metro laser incorporado<\/strong>com um alcance efetivo de <strong data-start=\"3160\" data-end=\"3182\">at\u00e9 1.200 metros<\/strong>. Gra\u00e7as a esta fun\u00e7\u00e3o, o utilizador pode saber a dist\u00e2ncia exacta ao alvo com o toque de um bot\u00e3o, eliminando as estimativas visuais e aumentando significativamente a precis\u00e3o do tiro.<\/p>\n<ul data-start=\"3383\" data-end=\"3685\">\n<li data-start=\"3383\" data-end=\"3425\">\n<p data-start=\"3385\" data-end=\"3425\"><strong data-start=\"3387\" data-end=\"3404\">Gama de LRF<\/strong>: 10 a 1.200 metros<\/p>\n<\/li>\n<li data-start=\"3426\" data-end=\"3462\">\n<p data-start=\"3428\" data-end=\"3462\"><strong data-start=\"3430\" data-end=\"3450\">Precis\u00e3o t\u00edpica<\/strong>: \u00b11 metro<\/p>\n<\/li>\n<li data-start=\"3463\" data-end=\"3529\">\n<p data-start=\"3465\" data-end=\"3529\"><strong data-start=\"3467\" data-end=\"3483\">Modo de digitaliza\u00e7\u00e3o<\/strong>medi\u00e7\u00e3o cont\u00ednua para v\u00e1rios alvos<\/p>\n<\/li>\n<li data-start=\"3530\" data-end=\"3602\">\n<p data-start=\"3532\" data-end=\"3602\"><strong data-start=\"3534\" data-end=\"3555\">Integra\u00e7\u00e3o total<\/strong>: dist\u00e2ncia apresentada diretamente no ecr\u00e3<\/p>\n<\/li>\n<li data-start=\"3603\" data-end=\"3685\">\n<p data-start=\"3605\" data-end=\"3685\"><strong data-start=\"3607\" data-end=\"3621\">Ideal para<\/strong>: correc\u00e7\u00f5es bal\u00edsticas, tiro \u00e9tico, controlo do ambiente<\/p>\n<\/li>\n<\/ul>\n<h2 data-start=\"3692\" data-end=\"3762\"><\/h2>\n<h4 data-start=\"3692\" data-end=\"3762\">Ecr\u00e3 AMOLED de ultra alta defini\u00e7\u00e3o - Visualiza\u00e7\u00e3o ilimitada<\/h4>\n<p data-start=\"3764\" data-end=\"4035\">Tem um <strong data-start=\"3787\" data-end=\"3814\">ecr\u00e3 AMOLED interno<\/strong> alta resolu\u00e7\u00e3o, com <strong data-start=\"3839\" data-end=\"3862\">1920 \u00d7 1080 pix\u00e9is<\/strong>Este ecr\u00e3 \u00e9 ideal para longas sess\u00f5es de visualiza\u00e7\u00e3o sem fadiga ocular e cansa\u00e7o visual. Este ecr\u00e3 \u00e9 ideal para longas sess\u00f5es de visualiza\u00e7\u00e3o sem fadiga ocular.<\/p>\n<ul data-start=\"4037\" data-end=\"4253\">\n<li data-start=\"4037\" data-end=\"4118\">\n<p data-start=\"4039\" data-end=\"4118\">Tecnologia AMOLED - excelente visibilidade na escurid\u00e3o total<\/p>\n<\/li>\n<li data-start=\"4119\" data-end=\"4151\">\n<p data-start=\"4121\" data-end=\"4151\">Resolu\u00e7\u00e3o: 1920 \u00d7 1080 px<\/p>\n<\/li>\n<li data-start=\"4152\" data-end=\"4216\">\n<p data-start=\"4154\" data-end=\"4216\">Reprodu\u00e7\u00e3o a 60 fps - sem cintila\u00e7\u00e3o ou fantasmas<\/p>\n<\/li>\n<li data-start=\"4217\" data-end=\"4253\">\n<p data-start=\"4219\" data-end=\"4253\">Menus intuitivos e configur\u00e1veis<\/p>\n<\/li>\n<\/ul>\n<h2 data-start=\"4260\" data-end=\"4309\"><\/h2>\n<h2 data-start=\"4260\" data-end=\"4309\">Grava\u00e7\u00e3o inteligente e funcionalidades avan\u00e7adas<\/h2>\n<p data-start=\"4311\" data-end=\"4509\">N\u00e3o se trata apenas de um dispositivo de vis\u00e3o t\u00e9rmica, mas tamb\u00e9m de uma ferramenta <strong data-start=\"4398\" data-end=\"4424\">multim\u00e9dia inteligente<\/strong>equipado com fun\u00e7\u00f5es de grava\u00e7\u00e3o autom\u00e1tica e controlo remoto atrav\u00e9s de uma aplica\u00e7\u00e3o m\u00f3vel.<\/p>\n<ul data-start=\"4511\" data-end=\"4860\">\n<li data-start=\"4511\" data-end=\"4545\">\n<p data-start=\"4513\" data-end=\"4545\"><strong data-start=\"4515\" data-end=\"4543\">64 GB de mem\u00f3ria interna<\/strong><\/p>\n<\/li>\n<li data-start=\"4546\" data-end=\"4595\">\n<p data-start=\"4548\" data-end=\"4595\"><strong data-start=\"4550\" data-end=\"4593\">Grava\u00e7\u00e3o de v\u00eddeo e fotografia t\u00e9rmica<\/strong><\/p>\n<\/li>\n<li data-start=\"4596\" data-end=\"4688\">\n<p data-start=\"4598\" data-end=\"4688\"><strong data-start=\"4600\" data-end=\"4640\">Fun\u00e7\u00e3o RAV (v\u00eddeo ativado por recuo)<\/strong>grava automaticamente na dete\u00e7\u00e3o de disparo<\/p>\n<\/li>\n<li data-start=\"4689\" data-end=\"4787\">\n<p data-start=\"4691\" data-end=\"4787\"><strong data-start=\"4693\" data-end=\"4723\">Aplica\u00e7\u00e3o para smartphone Nocpix<\/strong>Transmiss\u00e3o em direto, transfer\u00eancia de ficheiros, controlo remoto<\/p>\n<\/li>\n<li data-start=\"4788\" data-end=\"4860\">\n<p data-start=\"4790\" data-end=\"4860\"><strong data-start=\"4792\" data-end=\"4811\">Galeria interna<\/strong>Ver conte\u00fados diretamente do visualizador<\/p>\n<\/li>\n<\/ul>\n<h2 data-start=\"4867\" data-end=\"4933\"><\/h2>\n<h4 data-start=\"4867\" data-end=\"4933\">Intelig\u00eancia Artificial e Zoom Assistido - \"Magic Zoom R+ AI\".<\/h4>\n<p data-start=\"4935\" data-end=\"5176\">Incorpora um sistema \u00fanico de <strong data-start=\"4977\" data-end=\"5030\">zoom digital melhorado pela intelig\u00eancia artificial<\/strong>. O sistema R+ AI permite-lhe fazer zoom sem perder detalhes ou nitidez, ajustando automaticamente as margens, o contraste e a focagem da objetiva.<\/p>\n<ul data-start=\"5178\" data-end=\"5338\">\n<li data-start=\"5178\" data-end=\"5208\">\n<p data-start=\"5180\" data-end=\"5208\">Zoom suave e progressivo<\/p>\n<\/li>\n<li data-start=\"5209\" data-end=\"5249\">\n<p data-start=\"5211\" data-end=\"5249\">Otimiza\u00e7\u00e3o inteligente da imagem<\/p>\n<\/li>\n<li data-start=\"5250\" data-end=\"5299\">\n<p data-start=\"5252\" data-end=\"5299\">Suporte para miras telesc\u00f3picas com amplia\u00e7\u00e3o vari\u00e1vel<\/p>\n<\/li>\n<li data-start=\"5300\" data-end=\"5338\">\n<p data-start=\"5302\" data-end=\"5338\">Ideal para espingardas de longo alcance<\/p>\n<\/li>\n<\/ul>\n<h2 data-start=\"5345\" data-end=\"5395\"><\/h2>\n<h4 data-start=\"5345\" data-end=\"5395\">\u00a0Fonte de alimenta\u00e7\u00e3o flex\u00edvel e autonomia alargada<\/h4>\n<p data-start=\"5397\" data-end=\"5569\">Funciona com <strong data-start=\"5410\" data-end=\"5433\">Baterias 18650<\/strong>As baterias s\u00e3o de s\u00e9rie e podem ser facilmente substitu\u00eddas no terreno. A autonomia varia consoante a utiliza\u00e7\u00e3o, mas pode atingir at\u00e9 <strong data-start=\"5534\" data-end=\"5547\">6-7 horas<\/strong> com uma \u00fanica pilha.<\/p>\n<ul data-start=\"5571\" data-end=\"5764\">\n<li data-start=\"5571\" data-end=\"5631\">\n<p data-start=\"5573\" data-end=\"5631\">Tipo de bateria: 1 \u00d7 18650 recarreg\u00e1vel (substitu\u00edvel)<\/p>\n<\/li>\n<li data-start=\"5632\" data-end=\"5668\">\n<p data-start=\"5634\" data-end=\"5668\">Tempo m\u00e9dio de funcionamento: 4,5 a 7 horas<\/p>\n<\/li>\n<li data-start=\"5669\" data-end=\"5699\">\n<p data-start=\"5671\" data-end=\"5699\">Carregamento r\u00e1pido atrav\u00e9s de USB-C<\/p>\n<\/li>\n<li data-start=\"5700\" data-end=\"5764\">\n<p data-start=\"5702\" data-end=\"5764\">Opcional: bateria prolongada ou banco de pot\u00eancia para utiliza\u00e7\u00e3o prolongada<\/p>\n<\/li>\n<\/ul>\n<h2 data-start=\"5771\" data-end=\"5828\"><\/h2>\n<h4 data-start=\"5771\" data-end=\"5828\">Constru\u00e7\u00e3o t\u00e1tica - Pronto para o que vier a seguir<\/h4>\n<p data-start=\"5830\" data-end=\"6083\">A caixa \u00e9 feita de um <strong data-start=\"5863\" data-end=\"5887\">liga de magn\u00e9sio<\/strong>que combina leveza e resist\u00eancia. O design \u00e9 <strong data-start=\"5938\" data-end=\"5959\">estanque e selado<\/strong>com certifica\u00e7\u00e3o <strong data-start=\"5979\" data-end=\"5987\">IP67<\/strong>O novo, dur\u00e1vel e resistente, \u00e9 capaz de suportar condi\u00e7\u00f5es de campo extremas: poeira, chuva, lama ou temperaturas extremas.<\/p>\n<ul data-start=\"6085\" data-end=\"6344\">\n<li data-start=\"6085\" data-end=\"6161\">\n<p data-start=\"6087\" data-end=\"6161\">Resistente a recuos at\u00e9 7.000 J - adequado para calibres potentes<\/p>\n<\/li>\n<li data-start=\"6162\" data-end=\"6236\">\n<p data-start=\"6164\" data-end=\"6236\">Estanquidade: IP67 - imers\u00e3o tempor\u00e1ria e resist\u00eancia total ao p\u00f3<\/p>\n<\/li>\n<li data-start=\"6237\" data-end=\"6271\">\n<p data-start=\"6239\" data-end=\"6271\">Peso: ~1,120 g (com bateria)<\/p>\n<\/li>\n<li data-start=\"6272\" data-end=\"6307\">\n<p data-start=\"6274\" data-end=\"6307\">Dimens\u00f5es: 365 \u00d7 90 \u00d7 76 mm<\/p>\n<\/li>\n<li data-start=\"6308\" data-end=\"6344\">\n<p data-start=\"6310\" data-end=\"6344\">Acabamento: preto mate, antirreflexo<\/p>\n<\/li>\n<\/ul>\n<p>&nbsp;<\/p>\n<h4>Principais benef\u00edcios<\/h4>\n<ul data-start=\"4296\" data-end=\"5229\">\n<li data-start=\"4296\" data-end=\"4518\">\n<p data-start=\"4298\" data-end=\"4518\"><span style=\"color: #0000ff;\"><strong data-start=\"4298\" data-end=\"4319\">Excelente gama<\/strong>:<\/span> o alcance de dete\u00e7\u00e3o de ~2.600 m permite o funcionamento a dist\u00e2ncias em que muitos dispositivos come\u00e7am a perder nitidez, tornando-o ideal para persegui\u00e7\u00e3o e observa\u00e7\u00e3o da vida selvagem em terrenos amplos.<\/p>\n<\/li>\n<li data-start=\"4519\" data-end=\"4657\">\n<p data-start=\"4521\" data-end=\"4657\"><span style=\"color: #0000ff;\"><strong data-start=\"4521\" data-end=\"4539\">\u00d3tica potente<\/strong>:<\/span> A objetiva de 50 mm F\/1.0 proporciona mais luz ao sensor, melhorando o desempenho ao amanhecer\/noite ou em condi\u00e7\u00f5es de visibilidade reduzida.<\/p>\n<\/li>\n<li data-start=\"4658\" data-end=\"4850\">\n<p data-start=\"4660\" data-end=\"4850\"><span style=\"color: #0000ff;\"><strong data-start=\"4660\" data-end=\"4684\">Integra\u00e7\u00e3o pr\u00e1tica<\/strong>:<\/span> O tel\u00e9metro laser integrado evita o transporte de dispositivos adicionais; os perfis das armas e as correc\u00e7\u00f5es bal\u00edsticas ajudam a reduzir os tempos e a melhorar a precis\u00e3o.<\/p>\n<\/li>\n<li data-start=\"4851\" data-end=\"5017\">\n<p data-start=\"4853\" data-end=\"5017\"><span style=\"color: #0000ff;\"><strong data-start=\"4853\" data-end=\"4887\">Robustez e facilidade de utiliza\u00e7\u00e3o no terreno<\/strong>:<\/span> Constru\u00e7\u00e3o IP67, elevada resist\u00eancia ao recuo, conce\u00e7\u00e3o para utiliza\u00e7\u00e3o prolongada em condi\u00e7\u00f5es climat\u00e9ricas vari\u00e1veis.<\/p>\n<\/li>\n<li data-start=\"5018\" data-end=\"5229\">\n<p data-start=\"5020\" data-end=\"5229\"><span style=\"color: #0000ff;\"><strong data-start=\"5020\" data-end=\"5042\">Fun\u00e7\u00f5es modernas<\/strong>:<\/span> grava\u00e7\u00e3o, RAV, liga\u00e7\u00e3o WiFi\/aplica\u00e7\u00e3o, ecr\u00e3 de alta resolu\u00e7\u00e3o, zoom inteligente... tudo concebido para melhorar a experi\u00eancia do utilizador moderno que pretende mais do que uma simples dete\u00e7\u00e3o t\u00e9rmica.<\/p>\n<\/li>\n<\/ul>\n<p>&nbsp;<\/p>\n<h3>Funcionalidades avan\u00e7adas:<\/h3>\n<p>&nbsp;<\/p>\n<table class=\"w-fit min-w-(--thread-content-width)\" data-start=\"799\" data-end=\"3192\">\n<thead data-start=\"799\" data-end=\"823\">\n<tr data-start=\"799\" data-end=\"823\">\n<th data-start=\"799\" data-end=\"811\" data-col-size=\"sm\">Categoria<\/th>\n<th data-start=\"811\" data-end=\"823\" data-col-size=\"xl\">Detalhes<\/th>\n<\/tr>\n<\/thead>\n<tbody data-start=\"834\" data-end=\"3192\">\n<tr data-start=\"834\" data-end=\"1006\">\n<td data-start=\"834\" data-end=\"855\" data-col-size=\"sm\"><strong data-start=\"836\" data-end=\"854\">Sensor t\u00e9rmico<\/strong><\/td>\n<td data-start=\"855\" data-end=\"1006\" data-col-size=\"xl\">Resolu\u00e7\u00e3o de <strong data-start=\"871\" data-end=\"892\">640 \u00d7 512 pix\u00e9is<\/strong>com uma dist\u00e2ncia entre p\u00edxeis de <strong data-start=\"915\" data-end=\"924\">12 \u00b5m<\/strong>. Sensibilidade t\u00e9rmica (NETD) <strong data-start=\"954\" data-end=\"965\">\u2264 15 mK<\/strong>.<\/td>\n<\/tr>\n<tr data-start=\"1007\" data-end=\"1144\">\n<td data-start=\"1007\" data-end=\"1034\" data-col-size=\"sm\"><strong data-start=\"1009\" data-end=\"1033\">Taxa de fotogramas<\/strong><\/td>\n<td data-start=\"1034\" data-end=\"1144\" data-col-size=\"xl\">60 Hz, permitindo um seguimento suave de alvos em movimento.<\/td>\n<\/tr>\n<tr data-start=\"1145\" data-end=\"1309\">\n<td data-start=\"1145\" data-end=\"1158\" data-col-size=\"sm\"><strong data-start=\"1147\" data-end=\"1157\">\u00d3tica<\/strong><\/td>\n<td data-start=\"1158\" data-end=\"1309\" data-col-size=\"xl\">Lente de <strong data-start=\"1169\" data-end=\"1184\">50 mm F\/1.0<\/strong> para captar mais radia\u00e7\u00e3o t\u00e9rmica, melhorando a dete\u00e7\u00e3o \u00e0 dist\u00e2ncia.<\/td>\n<\/tr>\n<tr data-start=\"1310\" data-end=\"1512\">\n<td data-start=\"1310\" data-end=\"1332\" data-col-size=\"sm\"><strong data-start=\"1312\" data-end=\"1331\">Campo de vis\u00e3o<\/strong><\/td>\n<td data-col-size=\"xl\" data-start=\"1332\" data-end=\"1512\">Aproximadamente <strong data-start=\"1350\" data-end=\"1365\">15 \u00d7 11,5 m<\/strong> 100 m, o que equivale a cerca de <strong data-start=\"1398\" data-end=\"1413\">8,6\u00b0 \u00d7 6,6\u00b0<\/strong>. Proporciona um bom compromisso entre cobertura e pormenor.<\/td>\n<\/tr>\n<tr data-start=\"1513\" data-end=\"1662\">\n<td data-start=\"1513\" data-end=\"1540\" data-col-size=\"sm\"><strong data-start=\"1515\" data-end=\"1539\">Alcance de dete\u00e7\u00e3o<\/strong><\/td>\n<td data-col-size=\"xl\" data-start=\"1540\" data-end=\"1662\">Para <strong data-start=\"1548\" data-end=\"1561\">\u2248 2.600 m<\/strong> para um alvo de tipo humano ou similar em condi\u00e7\u00f5es \u00f3ptimas.<\/td>\n<\/tr>\n<tr data-start=\"1663\" data-end=\"1855\">\n<td data-start=\"1663\" data-end=\"1691\" data-col-size=\"sm\"><strong data-start=\"1665\" data-end=\"1690\">Tel\u00eametro a laser (LRF)<\/strong><\/td>\n<td data-start=\"1691\" data-end=\"1855\" data-col-size=\"xl\">Integrado, com um alcance de at\u00e9 <strong data-start=\"1725\" data-end=\"1736\">1.200 m<\/strong>permite uma medi\u00e7\u00e3o exacta da dist\u00e2ncia, \u00fatil para ajustar o ponto de disparo.<\/td>\n<\/tr>\n<tr data-start=\"1856\" data-end=\"2124\">\n<td data-start=\"1856\" data-end=\"1887\" data-col-size=\"sm\"><strong data-start=\"1858\" data-end=\"1886\">Ecr\u00e3 \/ Visualiza\u00e7\u00e3o<\/strong><\/td>\n<td data-start=\"1887\" data-end=\"2124\" data-col-size=\"xl\">Ecr\u00e3 <strong data-start=\"1897\" data-end=\"1907\">AMOLED<\/strong> com resolu\u00e7\u00e3o <strong data-start=\"1923\" data-end=\"1938\">1920 \u00d7 1080<\/strong> ou, em algumas vers\u00f5es, redondo <strong data-start=\"1968\" data-end=\"1983\">2560 \u00d7 2560<\/strong> (consoante se trate de um modelo de encaixe ou de uma mira telesc\u00f3pica) consoante o mercado. Elevado n\u00edvel de cor e de contraste.<\/td>\n<\/tr>\n<tr data-start=\"2125\" data-end=\"2347\">\n<td data-start=\"2125\" data-end=\"2136\" data-col-size=\"sm\"><strong data-start=\"2127\" data-end=\"2135\">Zoom<\/strong><\/td>\n<td data-start=\"2136\" data-end=\"2347\" data-col-size=\"xl\">Zoom digital elevado, combinado com fun\u00e7\u00f5es especiais como o Magic Zoom com tecnologia de intelig\u00eancia artificial (\"R+ AI\"). Defini\u00e7\u00f5es \u00f3ptimas quando se utilizam diferentes amplia\u00e7\u00f5es.<\/td>\n<\/tr>\n<tr data-start=\"2348\" data-end=\"2516\">\n<td data-start=\"2348\" data-end=\"2369\" data-col-size=\"sm\"><strong data-start=\"2350\" data-end=\"2368\">Armazenamento<\/strong><\/td>\n<td data-start=\"2369\" data-end=\"2516\" data-col-size=\"xl\">Mem\u00f3ria interna de <strong data-start=\"2390\" data-end=\"2399\">64 GB<\/strong> para fotografias, v\u00eddeos e fun\u00e7\u00f5es de grava\u00e7\u00e3o autom\u00e1tica em marcha-atr\u00e1s (\"RAV\").<\/td>\n<\/tr>\n<tr data-start=\"2517\" data-end=\"2773\">\n<td data-start=\"2517\" data-end=\"2543\" data-col-size=\"sm\"><strong data-start=\"2519\" data-end=\"2542\">Autonomia e energia<\/strong><\/td>\n<td data-col-size=\"xl\" data-start=\"2543\" data-end=\"2773\">Utiliza o tipo de pilha <strong data-start=\"2563\" data-end=\"2572\">18650<\/strong> substitu\u00edvel e, nalguns casos, bateria interna adicional. Tempo de funcionamento t\u00edpico at\u00e9 <strong data-start=\"2664\" data-end=\"2681\">\u2248 4,5-7 horas<\/strong> consoante a utiliza\u00e7\u00e3o, a temperatura e as fun\u00e7\u00f5es utilizadas.<\/td>\n<\/tr>\n<tr data-start=\"2774\" data-end=\"3007\">\n<td data-start=\"2774\" data-end=\"2807\" data-col-size=\"sm\"><strong data-start=\"2776\" data-end=\"2806\">Constru\u00e7\u00e3o e durabilidade<\/strong><\/td>\n<td data-start=\"2807\" data-end=\"3007\" data-col-size=\"xl\">Corpo forte, caixa robusta. Resistente a recuos elevados (at\u00e9 aprox. <strong data-start=\"2896\" data-end=\"2918\">6.000-7.000 Joules<\/strong>), classe de prote\u00e7\u00e3o <strong data-start=\"2941\" data-end=\"2949\">IP67<\/strong> (p\u00f3 e \u00e1gua).<\/td>\n<\/tr>\n<tr data-start=\"3008\" data-end=\"3192\">\n<td data-start=\"3008\" data-end=\"3033\" data-col-size=\"sm\"><strong data-start=\"3010\" data-end=\"3032\">Dimens\u00f5es e peso<\/strong><\/td>\n<td data-start=\"3033\" data-end=\"3192\" data-col-size=\"xl\">Vers\u00e3o de tipo riflesc\u00f3pio bastante grande\/pesado: cerca de <strong data-start=\"3096\" data-end=\"3112\">1.120 gramas<\/strong>, dimens\u00f5es de <strong data-start=\"3129\" data-end=\"3149\">365 \u00d7 90 \u00d7 76 mm<\/strong>.<\/td>\n<\/tr>\n<\/tbody>\n<\/table>\n<p>&nbsp;<\/p>\n<p><a href=\"https:\/\/dinaturez.com\/wp-content\/uploads\/2025\/09\/MATE-Series-User-Manual_ES.pdf\">Manual do Utilizador da S\u00e9rie MATE_PT<\/a><\/p>","protected":false},"excerpt":{"rendered":"<h3 data-start=\"396\" data-end=\"540\">Nocpix Clip-On Mate H50R, termal profissional com tel\u00e9metro laser | Vis\u00e3o t\u00e9rmica de precis\u00e3o, longo alcance e tecnologia de ponta.<\/h3>\n<h3 data-start=\"542\" data-end=\"909\">\u00c9 um dos dispositivos t\u00e9rmicos mais avan\u00e7ados do portef\u00f3lio da Nocpix. Concebido para utilizadores que exigem o m\u00e1ximo desempenho em condi\u00e7\u00f5es extremas, este \u00e9 um dos dispositivos t\u00e9rmicos mais avan\u00e7ados da Nocpix. <strong data-start=\"726\" data-end=\"758\">clip-on t\u00e9rmico topo de gama<\/strong> incorpora um sensor de maior resolu\u00e7\u00e3o, uma objetiva de 50 mm, tecnologia de zoom assistido por IA, grava\u00e7\u00e3o inteligente e <strong data-start=\"879\" data-end=\"908\">tel\u00e9metro laser integrado<\/strong>.<\/h3>\n<h3 data-start=\"911\" data-end=\"1153\">Concebido para <strong data-start=\"924\" data-end=\"1014\">ca\u00e7adores profissionais, for\u00e7as de seguran\u00e7a, guardas de ca\u00e7a e observadores da vida selvagem<\/strong>A H50R combina pot\u00eancia \u00f3tica, precis\u00e3o t\u00e9rmica e robustez t\u00e1tica, tudo num design preparado para longos dias de utiliza\u00e7\u00e3o intensiva.<\/h3>","protected":false},"featured_media":25751,"template":"","meta":[],"product_brand":[],"product_cat":[17,149,147,191],"product_tag":[],"class_list":{"0":"post-25750","1":"product","2":"type-product","3":"status-publish","4":"has-post-thumbnail","6":"product_cat-uncategorized","7":"product_cat-acoples-clip-on","8":"product_cat-monoculares-termicos","9":"product_cat-nocpix","11":"first","12":"instock","13":"taxable","14":"shipping-taxable","15":"purchasable","16":"product-type-simple","17":"add-to-wishlist-after_add_to_cart"},"_links":{"self":[{"href":"https:\/\/dinaturez.com\/pt\/wp-json\/wp\/v2\/product\/25750","targetHints":{"allow":["GET"]}}],"collection":[{"href":"https:\/\/dinaturez.com\/pt\/wp-json\/wp\/v2\/product"}],"about":[{"href":"https:\/\/dinaturez.com\/pt\/wp-json\/wp\/v2\/types\/product"}],"wp:featuredmedia":[{"embeddable":true,"href":"https:\/\/dinaturez.com\/pt\/wp-json\/wp\/v2\/media\/25751"}],"wp:attachment":[{"href":"https:\/\/dinaturez.com\/pt\/wp-json\/wp\/v2\/media?parent=25750"}],"wp:term":[{"taxonomy":"product_brand","embeddable":true,"href":"https:\/\/dinaturez.com\/pt\/wp-json\/wp\/v2\/product_brand?post=25750"},{"taxonomy":"product_cat","embeddable":true,"href":"https:\/\/dinaturez.com\/pt\/wp-json\/wp\/v2\/product_cat?post=25750"},{"taxonomy":"product_tag","embeddable":true,"href":"https:\/\/dinaturez.com\/pt\/wp-json\/wp\/v2\/product_tag?post=25750"}],"curies":[{"name":"wp","href":"https:\/\/api.w.org\/{rel}","templated":true}]}}