{"id":25743,"date":"2025-09-20T13:03:35","date_gmt":"2025-09-20T11:03:35","guid":{"rendered":"https:\/\/dinaturez.com\/?post_type=product&#038;p=25743"},"modified":"2025-09-20T13:03:36","modified_gmt":"2025-09-20T11:03:36","slug":"clip-on-mate-h38r-nocpix","status":"publish","type":"product","link":"https:\/\/dinaturez.com\/pt\/product\/clip-on-mate-h38r-nocpix\/","title":{"rendered":"Clip-On MATE H38R NOCPIX"},"content":{"rendered":"<h3 data-start=\"362\" data-end=\"446\">Nocpix Clip-On Mate H38R, termal profissional com tel\u00e9metro laser integrado. Precis\u00e3o t\u00e9rmica, alcance m\u00e9dio-longo e m\u00e1xima versatilidade para ca\u00e7a nocturna e observa\u00e7\u00e3o t\u00e1tica.<\/h3>\n<h3 data-start=\"554\" data-end=\"1092\">Est\u00e1 posicionada como a op\u00e7\u00e3o mais equilibrada da gama Nocpix Mate. Re\u00fane o melhor da tecnologia t\u00e9rmica moderna num formato compacto e funcional, ideal para quem procura <strong data-start=\"766\" data-end=\"808\">m\u00e1ximo desempenho num corpo leve<\/strong> e com todas as funcionalidades. Gra\u00e7as \u00e0 sua <strong data-start=\"855\" data-end=\"908\">sensor t\u00e9rmico de alta resolu\u00e7\u00e3o, lente de 38 mm<\/strong>e a sua <strong data-start=\"915\" data-end=\"944\">tel\u00e9metro laser integrado<\/strong>oferece uma experi\u00eancia profissional de vis\u00e3o t\u00e9rmica para ca\u00e7a, vigil\u00e2ncia ou monitoriza\u00e7\u00e3o da vida selvagem, mesmo nos ambientes mais dif\u00edceis.<\/h3>\n<h2 data-start=\"1099\" data-end=\"1191\"><\/h2>\n<h4 data-start=\"1099\" data-end=\"1191\">Sensor t\u00e9rmico de elevada sensibilidade - M\u00e1xima defini\u00e7\u00e3o t\u00e9rmica em qualquer condi\u00e7\u00e3o<\/h4>\n<p data-start=\"1193\" data-end=\"1610\">Incorpora um <strong data-start=\"1221\" data-end=\"1280\">sensor de temperatura VOx (\u00f3xido de van\u00e1dio n\u00e3o arrefecido)<\/strong> com uma resolu\u00e7\u00e3o de <strong data-start=\"1324\" data-end=\"1345\">640 \u00d7 512 pix\u00e9is<\/strong>dist\u00e2ncia entre p\u00edxeis de <strong data-start=\"1364\" data-end=\"1373\">12 \u00b5m<\/strong> e um <strong data-start=\"1380\" data-end=\"1419\">sensibilidade t\u00e9rmica (NETD) \u2264 15 mK<\/strong>. Esta configura\u00e7\u00e3o avan\u00e7ada permite-lhe distinguir diferen\u00e7as de temperatura m\u00ednimas, mesmo em condi\u00e7\u00f5es climat\u00e9ricas dif\u00edceis, como nevoeiro, chuva fraca ou sob vegeta\u00e7\u00e3o densa.<\/p>\n<ul data-start=\"1612\" data-end=\"1822\">\n<li data-start=\"1612\" data-end=\"1652\">\n<p data-start=\"1614\" data-end=\"1652\"><strong data-start=\"1614\" data-end=\"1637\">Resolu\u00e7\u00e3o t\u00e9rmica:<\/strong> 640 \u00d7 512 px<\/p>\n<\/li>\n<li data-start=\"1653\" data-end=\"1691\">\n<p data-start=\"1655\" data-end=\"1691\"><strong data-start=\"1655\" data-end=\"1683\">Pitch (tamanho do pixel):<\/strong> 12 \u00b5m<\/p>\n<\/li>\n<li data-start=\"1692\" data-end=\"1734\">\n<p data-start=\"1694\" data-end=\"1734\"><strong data-start=\"1694\" data-end=\"1724\">Sensibilidade t\u00e9rmica NETD:<\/strong> \u2264 15 mK<\/p>\n<\/li>\n<li data-start=\"1735\" data-end=\"1770\">\n<p data-start=\"1737\" data-end=\"1770\"><strong data-start=\"1737\" data-end=\"1762\">Taxa de fotogramas:<\/strong> 60 Hz<\/p>\n<\/li>\n<li data-start=\"1771\" data-end=\"1822\">\n<p data-start=\"1773\" data-end=\"1822\"><strong data-start=\"1773\" data-end=\"1799\">Tecnologia de sensores:<\/strong> VOx (\u00f3xido de van\u00e1dio)<\/p>\n<\/li>\n<\/ul>\n<p data-start=\"1824\" data-end=\"2064\">Este n\u00edvel de sensibilidade assegura uma imagem limpa, detalhada e est\u00e1vel, permitindo-lhe detetar claramente corpos quentes como animais, pessoas ou ve\u00edculos em movimento a longas dist\u00e2ncias, mesmo que estejam parcialmente escondidos.<\/p>\n<h2 data-start=\"2071\" data-end=\"2142\"><\/h2>\n<h4 data-start=\"2071\" data-end=\"2142\">Lente F\/1.0 de 38 mm - Equil\u00edbrio entre o campo de vis\u00e3o e o alcance<\/h4>\n<p data-start=\"2144\" data-end=\"2521\">A lente de <strong data-start=\"2156\" data-end=\"2171\">38 mm F\/1.0<\/strong> utilizado proporciona uma excelente combina\u00e7\u00e3o de <strong data-start=\"2237\" data-end=\"2260\">\u00e2mbito e cobertura<\/strong>Isto torna-a num dispositivo extremamente vers\u00e1til para v\u00e1rios tipos de ca\u00e7a (persegui\u00e7\u00e3o, persegui\u00e7\u00e3o, persegui\u00e7\u00e3o) ou vigil\u00e2ncia rural. Gra\u00e7as \u00e0 sua abertura F\/1.0, a objetiva capta uma grande quantidade de radia\u00e7\u00e3o t\u00e9rmica, melhorando a nitidez geral da imagem.<\/p>\n<ul data-start=\"2523\" data-end=\"2762\">\n<li data-start=\"2523\" data-end=\"2577\">\n<p data-start=\"2525\" data-end=\"2577\"><strong data-start=\"2525\" data-end=\"2552\">Dist\u00e2ncia de dete\u00e7\u00e3o:<\/strong> para <strong data-start=\"2559\" data-end=\"2575\">1.950 metros<\/strong><\/p>\n<\/li>\n<li data-start=\"2578\" data-end=\"2621\">\n<p data-start=\"2580\" data-end=\"2621\"><strong data-start=\"2580\" data-end=\"2606\">Campo de vis\u00e3o (FOV):<\/strong> 11,6\u00b0 \u00d7 8,7\u00b0<\/p>\n<\/li>\n<li data-start=\"2622\" data-end=\"2670\">\n<p data-start=\"2624\" data-end=\"2670\"><strong data-start=\"2624\" data-end=\"2649\">\u00c1rea vis\u00edvel a 100 m:<\/strong> 20,5 \u00d7 15,4 metros<\/p>\n<\/li>\n<li data-start=\"2671\" data-end=\"2725\">\n<p data-start=\"2673\" data-end=\"2725\"><strong data-start=\"2673\" data-end=\"2699\">Material alvo:<\/strong> germ\u00e2nio de alta pureza<\/p>\n<\/li>\n<li data-start=\"2726\" data-end=\"2762\">\n<p data-start=\"2728\" data-end=\"2762\"><strong data-start=\"2728\" data-end=\"2759\">Revestimento antirreflexo:<\/strong> sim<\/p>\n<\/li>\n<\/ul>\n<p data-start=\"2764\" data-end=\"2984\">A lente de 38 mm \u00e9 uma solu\u00e7\u00e3o interm\u00e9dia ideal entre os modelos de curto e longo alcance, permitindo uma opera\u00e7\u00e3o segura a dist\u00e2ncias m\u00e9dias sem perder a capacidade de observa\u00e7\u00e3o perif\u00e9rica.<\/p>\n<h2 data-start=\"2991\" data-end=\"3061\"><\/h2>\n<h4 data-start=\"2991\" data-end=\"3061\">Tel\u00e9metro laser integrado - C\u00e1lculo da dist\u00e2ncia em tempo real<\/h4>\n<p data-start=\"3063\" data-end=\"3415\">Uma das funcionalidades mais apreciadas pelos utilizadores avan\u00e7ados \u00e9 a <strong data-start=\"3138\" data-end=\"3163\">LRF (laser range finder)<\/strong> incorporado no H38R, com um alcance de at\u00e9 <strong data-start=\"3212\" data-end=\"3228\">1.200 metros<\/strong>. Permite-lhe calcular com precis\u00e3o a dist\u00e2ncia ao alvo com o toque de um bot\u00e3o, optimizando a tomada de decis\u00f5es em tempo real, quer se trate de ajustar o tiro ou calcular traject\u00f3rias.<\/p>\n<ul data-start=\"3417\" data-end=\"3675\">\n<li data-start=\"3417\" data-end=\"3458\">\n<p data-start=\"3419\" data-end=\"3458\"><strong data-start=\"3419\" data-end=\"3443\">Alcance do tel\u00e9metro:<\/strong> 10 - 1.200 m<\/p>\n<\/li>\n<li data-start=\"3459\" data-end=\"3486\">\n<p data-start=\"3461\" data-end=\"3486\"><strong data-start=\"3461\" data-end=\"3475\">Exatid\u00e3o:<\/strong> \u00b11 metro<\/p>\n<\/li>\n<li data-start=\"3487\" data-end=\"3543\">\n<p data-start=\"3489\" data-end=\"3543\"><strong data-start=\"3489\" data-end=\"3511\">Modos de medi\u00e7\u00e3o:<\/strong> digitaliza\u00e7\u00e3o individual e cont\u00ednua<\/p>\n<\/li>\n<li data-start=\"3544\" data-end=\"3626\">\n<p data-start=\"3546\" data-end=\"3626\"><strong data-start=\"3546\" data-end=\"3583\">Integra\u00e7\u00e3o na imagem t\u00e9rmica:<\/strong> sim (os dados s\u00e3o sobrepostos no ecr\u00e3)<\/p>\n<\/li>\n<li data-start=\"3627\" data-end=\"3675\">\n<p data-start=\"3629\" data-end=\"3675\"><strong data-start=\"3629\" data-end=\"3672\">Compatibilidade com perfis bal\u00edsticos:<\/strong> sim<\/p>\n<\/li>\n<\/ul>\n<p data-start=\"3677\" data-end=\"3801\">Ideal para os ca\u00e7adores que disparam a dist\u00e2ncias m\u00e9dias ou para a vigil\u00e2ncia profissional onde a <strong data-start=\"3770\" data-end=\"3791\">precis\u00e3o t\u00e1tica<\/strong> \u00e9 fundamental.<\/p>\n<p>&nbsp;<\/p>\n<h4 data-start=\"3808\" data-end=\"3874\">Ecr\u00e3 AMOLED de alta resolu\u00e7\u00e3o - Visualiza\u00e7\u00e3o superior<\/h4>\n<p data-start=\"3876\" data-end=\"4085\">O ecr\u00e3 AMOLED incorporado proporciona uma <strong data-start=\"3939\" data-end=\"3976\">Resolu\u00e7\u00e3o de 1920 \u00d7 1080 p\u00edxeis<\/strong>garantindo uma imagem clara, n\u00edtida e de elevado contraste, mesmo em sess\u00f5es longas ou durante a noite.<\/p>\n<ul data-start=\"4087\" data-end=\"4298\">\n<li data-start=\"4087\" data-end=\"4113\">\n<p data-start=\"4089\" data-end=\"4113\"><strong data-start=\"4089\" data-end=\"4104\">Tecnologia:<\/strong> AMOLED<\/p>\n<\/li>\n<li data-start=\"4114\" data-end=\"4156\">\n<p data-start=\"4116\" data-end=\"4156\"><strong data-start=\"4116\" data-end=\"4131\">Resolu\u00e7\u00e3o:<\/strong> Full HD 1920 \u00d7 1080 px<\/p>\n<\/li>\n<li data-start=\"4157\" data-end=\"4197\">\n<p data-start=\"4159\" data-end=\"4197\"><strong data-start=\"4159\" data-end=\"4174\">Frequ\u00eancia:<\/strong> 60 Hz (sem atrasos)<\/p>\n<\/li>\n<li data-start=\"4198\" data-end=\"4248\">\n<p data-start=\"4200\" data-end=\"4248\"><strong data-start=\"4200\" data-end=\"4233\">Ajuste do brilho e do contraste:<\/strong> configur\u00e1vel<\/p>\n<\/li>\n<li data-start=\"4249\" data-end=\"4298\">\n<p data-start=\"4251\" data-end=\"4298\"><strong data-start=\"4251\" data-end=\"4287\">Modo de visualiza\u00e7\u00e3o alargado:<\/strong> dispon\u00edvel<\/p>\n<\/li>\n<\/ul>\n<p data-start=\"4300\" data-end=\"4457\">A tecnologia AMOLED reduz a fadiga ocular, melhora a perce\u00e7\u00e3o do preto e branco e proporciona uma experi\u00eancia visual mais rica em pormenores t\u00e9rmicos.<\/p>\n<h4 data-start=\"4464\" data-end=\"4510\"><\/h4>\n<h4 data-start=\"4464\" data-end=\"4510\">Grava\u00e7\u00e3o t\u00e9rmica e fun\u00e7\u00f5es multim\u00e9dia<\/h4>\n<p data-start=\"4512\" data-end=\"4755\">Tem um <strong data-start=\"4535\" data-end=\"4563\">64 GB de mem\u00f3ria interna<\/strong>suficiente para armazenar <strong data-start=\"4591\" data-end=\"4644\">horas de registo t\u00e9rmico e milhares de fotografias<\/strong>. Inclui tamb\u00e9m <strong data-start=\"4662\" data-end=\"4702\">Fun\u00e7\u00e3o RAV (v\u00eddeo ativado por recuo)<\/strong>que grava automaticamente depois de detetar um disparo.<\/p>\n<ul data-start=\"4757\" data-end=\"5043\">\n<li data-start=\"4757\" data-end=\"4808\">\n<p data-start=\"4759\" data-end=\"4808\"><strong data-start=\"4759\" data-end=\"4791\">Capacidade de armazenamento:<\/strong> 64 GB internos<\/p>\n<\/li>\n<li data-start=\"4809\" data-end=\"4859\">\n<p data-start=\"4811\" data-end=\"4859\"><strong data-start=\"4811\" data-end=\"4834\">Tipos de conte\u00fados:<\/strong> v\u00eddeo e fotografias t\u00e9rmicas<\/p>\n<\/li>\n<li data-start=\"4860\" data-end=\"4906\">\n<p data-start=\"4862\" data-end=\"4906\"><strong data-start=\"4862\" data-end=\"4887\">Grava\u00e7\u00e3o autom\u00e1tica:<\/strong> sim, por RAV<\/p>\n<\/li>\n<li data-start=\"4907\" data-end=\"4969\">\n<p data-start=\"4909\" data-end=\"4969\"><strong data-start=\"4909\" data-end=\"4939\">Transfer\u00eancia sem fios:<\/strong> WiFi integrado (aplica\u00e7\u00e3o Nocpix)<\/p>\n<\/li>\n<li data-start=\"4970\" data-end=\"5043\">\n<p data-start=\"4972\" data-end=\"5043\"><strong data-start=\"4972\" data-end=\"5001\">Reprodu\u00e7\u00e3o de ficheiros:<\/strong> galeria interna com visualizador de fotografias\/v\u00eddeos<\/p>\n<\/li>\n<\/ul>\n<p data-start=\"5045\" data-end=\"5194\">Gra\u00e7as a estas fun\u00e7\u00f5es, o utilizador pode rever os transportes, partilhar grava\u00e7\u00f5es ou documentar observa\u00e7\u00f5es sem necessidade de hardware adicional.<\/p>\n<h2 data-start=\"5201\" data-end=\"5251\"><\/h2>\n<h4 data-start=\"5201\" data-end=\"5251\">Zoom M\u00e1gico + Intelig\u00eancia Artificial (R+ AI)<\/h4>\n<p data-start=\"5253\" data-end=\"5551\">Inclui <strong data-start=\"5281\" data-end=\"5316\">zoom digital inteligente com IA<\/strong>Isto permite-lhe ampliar a imagem t\u00e9rmica sem sacrificar a qualidade. Ao contr\u00e1rio dos zooms digitais convencionais, este sistema ajusta automaticamente a nitidez, o contraste e os bordos para manter a nitidez em todas as amplia\u00e7\u00f5es.<\/p>\n<ul data-start=\"5553\" data-end=\"5803\">\n<li data-start=\"5553\" data-end=\"5586\">\n<p data-start=\"5555\" data-end=\"5586\"><strong data-start=\"5555\" data-end=\"5573\">Zoom assistido:<\/strong> Zoom m\u00e1gico<\/p>\n<\/li>\n<li data-start=\"5587\" data-end=\"5621\">\n<p data-start=\"5589\" data-end=\"5621\"><strong data-start=\"5589\" data-end=\"5613\">Otimiza\u00e7\u00e3o por IA:<\/strong> R+ IA<\/p>\n<\/li>\n<li data-start=\"5622\" data-end=\"5697\">\n<p data-start=\"5624\" data-end=\"5697\"><strong data-start=\"5624\" data-end=\"5653\">Zoom adaptativo para o visor:<\/strong> ideal para miras telesc\u00f3picas com amplia\u00e7\u00e3o vari\u00e1vel<\/p>\n<\/li>\n<li data-start=\"5698\" data-end=\"5761\">\n<p data-start=\"5700\" data-end=\"5761\"><strong data-start=\"5700\" data-end=\"5759\">Compatibilidade com Clip-On e utiliza\u00e7\u00e3o direta como mon\u00f3culos<\/strong><\/p>\n<\/li>\n<li data-start=\"5762\" data-end=\"5803\">\n<p data-start=\"5764\" data-end=\"5803\"><strong data-start=\"5764\" data-end=\"5803\">Corre\u00e7\u00e3o autom\u00e1tica da distor\u00e7\u00e3o<\/strong><\/p>\n<\/li>\n<\/ul>\n<p data-start=\"5805\" data-end=\"5952\">Este sistema melhora consideravelmente a experi\u00eancia do utilizador, permitindo <strong data-start=\"5876\" data-end=\"5923\">uma identifica\u00e7\u00e3o mais precisa do alvo<\/strong>mesmo com aumentos mais elevados.<\/p>\n<h2 data-start=\"5959\" data-end=\"6012\"><\/h2>\n<h4 data-start=\"5959\" data-end=\"6012\">Autonomia e alimenta\u00e7\u00e3o el\u00e9ctrica - Pr\u00e1tico e adapt\u00e1vel<\/h4>\n<p data-start=\"6014\" data-end=\"6245\">Utiliza uma pilha normal <strong data-start=\"6051\" data-end=\"6071\">18650 recarreg\u00e1vel<\/strong>amplamente dispon\u00edveis e f\u00e1ceis de substituir no terreno. A autonomia m\u00e9dia situa-se entre <strong data-start=\"6162\" data-end=\"6177\">4 e 5 horas<\/strong>dependendo da utiliza\u00e7\u00e3o de fun\u00e7\u00f5es como grava\u00e7\u00e3o, WiFi ou tel\u00e9metro.<\/p>\n<ul data-start=\"6247\" data-end=\"6465\">\n<li data-start=\"6247\" data-end=\"6306\">\n<p data-start=\"6249\" data-end=\"6306\"><strong data-start=\"6249\" data-end=\"6269\">Tipo de bateria:<\/strong> 18650 (uma unidade, intercambi\u00e1vel)<\/p>\n<\/li>\n<li data-start=\"6307\" data-end=\"6346\">\n<p data-start=\"6309\" data-end=\"6346\"><strong data-start=\"6309\" data-end=\"6332\">Autonomia estimada:<\/strong> 4 - 5 horas<\/p>\n<\/li>\n<li data-start=\"6347\" data-end=\"6377\">\n<p data-start=\"6349\" data-end=\"6377\"><strong data-start=\"6349\" data-end=\"6369\">Porta de carregamento:<\/strong> USB-C<\/p>\n<\/li>\n<li data-start=\"6378\" data-end=\"6433\">\n<p data-start=\"6380\" data-end=\"6433\"><strong data-start=\"6380\" data-end=\"6393\">Opcional:<\/strong> Banco de pot\u00eancia externo ou bateria adicional<\/p>\n<\/li>\n<li data-start=\"6434\" data-end=\"6465\">\n<p data-start=\"6436\" data-end=\"6465\"><strong data-start=\"6436\" data-end=\"6456\">Tempo de carregamento:<\/strong> ~3 horas<\/p>\n<\/li>\n<\/ul>\n<h2 data-start=\"6472\" data-end=\"6545\"><\/h2>\n<h4 data-start=\"6472\" data-end=\"6545\">Constru\u00e7\u00e3o robusta e resistente - Pronto para todos os tipos de terreno<\/h4>\n<p data-start=\"6547\" data-end=\"6841\">\u00c9 fabricado numa <strong data-start=\"6588\" data-end=\"6612\">liga de magn\u00e9sio<\/strong>resistente ao impacto, \u00e0 vibra\u00e7\u00e3o e ao recuo de armas potentes (at\u00e9 7.000 J). Est\u00e1 certificado <strong data-start=\"6724\" data-end=\"6732\">IP67<\/strong>Isto torna-o resistente ao p\u00f3 e \u00e0 \u00e1gua (imers\u00e3o curta). \u00c9 ideal para a ca\u00e7a em condi\u00e7\u00f5es adversas.<\/p>\n<ul data-start=\"6843\" data-end=\"7076\">\n<li data-start=\"6843\" data-end=\"6881\">\n<p data-start=\"6845\" data-end=\"6881\"><strong data-start=\"6845\" data-end=\"6858\">Material:<\/strong> liga de magn\u00e9sio<\/p>\n<\/li>\n<li data-start=\"6882\" data-end=\"6906\">\n<p data-start=\"6884\" data-end=\"6906\"><strong data-start=\"6884\" data-end=\"6899\">Prote\u00e7\u00e3o:<\/strong> IP67<\/p>\n<\/li>\n<li data-start=\"6907\" data-end=\"6954\">\n<p data-start=\"6909\" data-end=\"6954\"><strong data-start=\"6909\" data-end=\"6938\">Resist\u00eancia ao recuo:<\/strong> at\u00e9 7,000 J<\/p>\n<\/li>\n<li data-start=\"6955\" data-end=\"7006\">\n<p data-start=\"6957\" data-end=\"7006\"><strong data-start=\"6957\" data-end=\"6985\">Gama de temperaturas de funcionamento:<\/strong> de -20 \u00b0C a +50 \u00b0C<\/p>\n<\/li>\n<li data-start=\"7007\" data-end=\"7044\">\n<p data-start=\"7009\" data-end=\"7044\"><strong data-start=\"7009\" data-end=\"7025\">Dimens\u00f5es:<\/strong> 115 \u00d7 85 \u00d7 76 mm<\/p>\n<\/li>\n<li data-start=\"7045\" data-end=\"7076\">\n<p data-start=\"7047\" data-end=\"7076\"><strong data-start=\"7047\" data-end=\"7056\">Peso:<\/strong> 457 g (com bateria)<\/p>\n<\/li>\n<\/ul>\n<p>&nbsp;<\/p>\n<h3 data-start=\"675\" data-end=\"717\">Funcionalidades avan\u00e7adas:<\/h3>\n<p>&nbsp;<\/p>\n<div class=\"_tableContainer_1rjym_1\">\n<div class=\"group _tableWrapper_1rjym_13 flex w-fit flex-col-reverse\" tabindex=\"-1\">\n<table class=\"w-fit min-w-(--thread-content-width)\" data-start=\"719\" data-end=\"3116\">\n<thead data-start=\"719\" data-end=\"744\">\n<tr data-start=\"719\" data-end=\"744\">\n<th data-start=\"719\" data-end=\"732\" data-col-size=\"sm\">Componente<\/th>\n<th data-start=\"732\" data-end=\"744\" data-col-size=\"xl\">Detalhes<\/th>\n<\/tr>\n<\/thead>\n<tbody data-start=\"755\" data-end=\"3116\">\n<tr data-start=\"755\" data-end=\"950\">\n<td data-start=\"755\" data-end=\"776\" data-col-size=\"sm\"><strong data-start=\"757\" data-end=\"775\">Sensor t\u00e9rmico<\/strong><\/td>\n<td data-start=\"776\" data-end=\"950\" data-col-size=\"xl\">Sensor VOx n\u00e3o arrefecido, resolu\u00e7\u00e3o <strong data-start=\"819\" data-end=\"840\">640 \u00d7 512 pix\u00e9is<\/strong>com uma dist\u00e2ncia entre p\u00edxeis de <strong data-start=\"863\" data-end=\"872\">12 \u00b5m<\/strong>. Sensibilidade t\u00e9rmica (NETD) \u2264 15 mK.<\/td>\n<\/tr>\n<tr data-start=\"951\" data-end=\"1117\">\n<td data-start=\"951\" data-end=\"989\" data-col-size=\"sm\"><strong data-start=\"953\" data-end=\"988\">Taxa de fotogramas \/ taxa de atualiza\u00e7\u00e3o<\/strong><\/td>\n<td data-start=\"989\" data-end=\"1117\" data-col-size=\"xl\">60 Hz - permitindo um seguimento suave e n\u00edtido de alvos em movimento.<\/td>\n<\/tr>\n<tr data-start=\"1118\" data-end=\"1295\">\n<td data-start=\"1118\" data-end=\"1131\" data-col-size=\"sm\"><strong data-start=\"1120\" data-end=\"1130\">\u00d3tica<\/strong><\/td>\n<td data-start=\"1131\" data-end=\"1295\" data-col-size=\"xl\">Lente de <strong data-start=\"1142\" data-end=\"1151\">38 mm<\/strong>Abertura F\/1.0. Elevada capta\u00e7\u00e3o de radia\u00e7\u00e3o t\u00e9rmica, equilibrando o alcance com a visibilidade do ambiente envolvente.<\/td>\n<\/tr>\n<tr data-start=\"1296\" data-end=\"1441\">\n<td data-start=\"1296\" data-end=\"1324\" data-col-size=\"sm\"><strong data-start=\"1298\" data-end=\"1323\">Campo de vis\u00e3o (FOV)<\/strong><\/td>\n<td data-start=\"1324\" data-end=\"1441\" data-col-size=\"xl\">Angular: ~11,6\u00b0 \u00d7 8,7\u00b0; linear: aproximadamente 20,5 \u00d7 15,4 metros a 100 m.<\/td>\n<\/tr>\n<tr data-start=\"1442\" data-end=\"1611\">\n<td data-start=\"1442\" data-end=\"1469\" data-col-size=\"sm\"><strong data-start=\"1444\" data-end=\"1468\">Alcance de dete\u00e7\u00e3o<\/strong><\/td>\n<td data-start=\"1469\" data-end=\"1611\" data-col-size=\"xl\">At\u00e9 cerca de <strong data-start=\"1482\" data-end=\"1498\">1.950 metros<\/strong> para uma lente humana t\u00edpica (\u2248 1,70 \u00d7 0,50 m) em condi\u00e7\u00f5es \u00f3ptimas.<\/td>\n<\/tr>\n<tr data-start=\"1612\" data-end=\"1749\">\n<td data-start=\"1612\" data-end=\"1640\" data-col-size=\"sm\"><strong data-start=\"1614\" data-end=\"1639\">Tel\u00eametro a laser (LRF)<\/strong><\/td>\n<td data-start=\"1640\" data-end=\"1749\" data-col-size=\"xl\">Incorporado, com um alcance de at\u00e9 <strong data-start=\"1676\" data-end=\"1692\">1.200 metros<\/strong>precis\u00e3o \u00b11 m.<\/td>\n<\/tr>\n<tr data-start=\"1750\" data-end=\"1932\">\n<td data-start=\"1750\" data-end=\"1775\" data-col-size=\"sm\"><strong data-start=\"1752\" data-end=\"1774\">Visor \/ ecr\u00e3<\/strong><\/td>\n<td data-start=\"1775\" data-end=\"1932\" data-col-size=\"xl\">AMOLED HD, resolu\u00e7\u00e3o de <strong data-start=\"1802\" data-end=\"1825\">1920 \u00d7 1080 pix\u00e9is<\/strong>. Alto contraste, bons pretos; facilita o visionamento prolongado.<\/td>\n<\/tr>\n<tr data-start=\"1933\" data-end=\"2159\">\n<td data-start=\"1933\" data-end=\"1959\" data-col-size=\"sm\"><strong data-start=\"1935\" data-end=\"1958\">Mem\u00f3ria e grava\u00e7\u00e3o<\/strong><\/td>\n<td data-start=\"1959\" data-end=\"2159\" data-col-size=\"xl\">Mem\u00f3ria interna de <strong data-start=\"1980\" data-end=\"1989\">64 GB<\/strong> para fotografias e v\u00eddeos; fun\u00e7\u00f5es como RAV (grava\u00e7\u00e3o autom\u00e1tica ao fotografar), galeria interna, liga\u00e7\u00e3o WiFi\/aplica\u00e7\u00e3o para transfer\u00eancia.<\/td>\n<\/tr>\n<tr data-start=\"2160\" data-end=\"2415\">\n<td data-start=\"2160\" data-end=\"2195\" data-col-size=\"sm\"><strong data-start=\"2162\" data-end=\"2194\">Zoom \/ fun\u00e7\u00f5es adicionais<\/strong><\/td>\n<td data-start=\"2195\" data-end=\"2415\" data-col-size=\"xl\">Zoom m\u00e1gico (zoom digital assistido) com ajustes autom\u00e1ticos da interface quando a amplia\u00e7\u00e3o \u00e9 aumentada; processamento de imagem optimizado (R+ AI) para um melhor contraste\/detalhe.<\/td>\n<\/tr>\n<tr data-start=\"2416\" data-end=\"2592\">\n<td data-start=\"2416\" data-end=\"2447\" data-col-size=\"sm\"><strong data-start=\"2418\" data-end=\"2446\">Alimenta\u00e7\u00e3o el\u00e9ctrica \/ autonomia<\/strong><\/td>\n<td data-start=\"2447\" data-end=\"2592\" data-col-size=\"xl\">Utiliza bateria <strong data-start=\"2461\" data-end=\"2470\">18650<\/strong> substitu\u00edvel. Vida \u00fatil aproximada de <strong data-start=\"2508\" data-end=\"2525\">at\u00e9 4 horas<\/strong> em condi\u00e7\u00f5es normais.<\/td>\n<\/tr>\n<tr data-start=\"2593\" data-end=\"2892\">\n<td data-start=\"2593\" data-end=\"2636\" data-col-size=\"sm\"><strong data-start=\"2595\" data-end=\"2635\">Constru\u00e7\u00e3o, durabilidade \/ ambiente<\/strong><\/td>\n<td data-start=\"2636\" data-end=\"2892\" data-col-size=\"xl\">Caixa em liga de magn\u00e9sio, robusta; resistente ao recuo (\u2248 7.000 Joules); grau de prote\u00e7\u00e3o <strong data-start=\"2743\" data-end=\"2751\">IP67<\/strong> (p\u00f3 e \u00e1gua); concebido para funcionar a temperaturas de aproximadamente -20 \u00b0C a +50 \u00b0C.<\/td>\n<\/tr>\n<tr data-start=\"2893\" data-end=\"3116\">\n<td data-start=\"2893\" data-end=\"2918\" data-col-size=\"sm\"><strong data-start=\"2895\" data-end=\"2917\">Peso e dimens\u00f5es<\/strong><\/td>\n<td data-start=\"2918\" data-end=\"3116\" data-col-size=\"xl\">Peso em torno de <strong data-start=\"2938\" data-end=\"2952\">457 gramas<\/strong> (com bateria); dimens\u00f5es aproximadas <strong data-start=\"2992\" data-end=\"3012\">115 \u00d7 85 \u00d7 76 mm<\/strong>. Um design que combina pot\u00eancia com manuseamento pr\u00e1tico no terreno.<\/td>\n<\/tr>\n<\/tbody>\n<\/table>\n<\/div>\n<\/div>\n<p>&nbsp;<\/p>\n<p><a href=\"https:\/\/dinaturez.com\/wp-content\/uploads\/2025\/09\/MATE-Series-User-Manual_ES.pdf\">Manual do Utilizador da S\u00e9rie MATE_PT<\/a><\/p>","protected":false},"excerpt":{"rendered":"<h3 data-start=\"362\" data-end=\"446\">Nocpix Clip-On Mate H38R, termal profissional com tel\u00e9metro laser integrado. Precis\u00e3o t\u00e9rmica, alcance m\u00e9dio-longo e m\u00e1xima versatilidade para ca\u00e7a nocturna e observa\u00e7\u00e3o t\u00e1tica.<\/h3>\n<h3 data-start=\"554\" data-end=\"1092\">Est\u00e1 posicionada como a op\u00e7\u00e3o mais equilibrada da gama Nocpix Mate. Re\u00fane o melhor da tecnologia t\u00e9rmica moderna num formato compacto e funcional, ideal para quem procura <strong data-start=\"766\" data-end=\"808\">m\u00e1ximo desempenho num corpo leve<\/strong> e com todas as funcionalidades. Gra\u00e7as \u00e0 sua <strong data-start=\"855\" data-end=\"908\">sensor t\u00e9rmico de alta resolu\u00e7\u00e3o, lente de 38 mm<\/strong>e a sua <strong data-start=\"915\" data-end=\"944\">tel\u00e9metro laser integrado<\/strong>oferece uma experi\u00eancia profissional de vis\u00e3o t\u00e9rmica para ca\u00e7a, vigil\u00e2ncia ou monitoriza\u00e7\u00e3o da vida selvagem, mesmo nos ambientes mais dif\u00edceis.<\/h3>","protected":false},"featured_media":25744,"template":"","meta":[],"product_brand":[],"product_cat":[149,147,191],"product_tag":[],"class_list":{"0":"post-25743","1":"product","2":"type-product","3":"status-publish","4":"has-post-thumbnail","6":"product_cat-acoples-clip-on","7":"product_cat-monoculares-termicos","8":"product_cat-nocpix","10":"first","11":"instock","12":"taxable","13":"shipping-taxable","14":"purchasable","15":"product-type-simple","16":"add-to-wishlist-after_add_to_cart"},"_links":{"self":[{"href":"https:\/\/dinaturez.com\/pt\/wp-json\/wp\/v2\/product\/25743","targetHints":{"allow":["GET"]}}],"collection":[{"href":"https:\/\/dinaturez.com\/pt\/wp-json\/wp\/v2\/product"}],"about":[{"href":"https:\/\/dinaturez.com\/pt\/wp-json\/wp\/v2\/types\/product"}],"wp:featuredmedia":[{"embeddable":true,"href":"https:\/\/dinaturez.com\/pt\/wp-json\/wp\/v2\/media\/25744"}],"wp:attachment":[{"href":"https:\/\/dinaturez.com\/pt\/wp-json\/wp\/v2\/media?parent=25743"}],"wp:term":[{"taxonomy":"product_brand","embeddable":true,"href":"https:\/\/dinaturez.com\/pt\/wp-json\/wp\/v2\/product_brand?post=25743"},{"taxonomy":"product_cat","embeddable":true,"href":"https:\/\/dinaturez.com\/pt\/wp-json\/wp\/v2\/product_cat?post=25743"},{"taxonomy":"product_tag","embeddable":true,"href":"https:\/\/dinaturez.com\/pt\/wp-json\/wp\/v2\/product_tag?post=25743"}],"curies":[{"name":"wp","href":"https:\/\/api.w.org\/{rel}","templated":true}]}}