{"id":25737,"date":"2025-09-20T12:00:53","date_gmt":"2025-09-20T10:00:53","guid":{"rendered":"https:\/\/dinaturez.com\/?post_type=product&#038;p=25737"},"modified":"2025-09-20T12:14:51","modified_gmt":"2025-09-20T10:14:51","slug":"clip-on-mate-lite-nocpix","status":"publish","type":"product","link":"https:\/\/dinaturez.com\/pt\/product\/clip-on-mate-lite-nocpix\/","title":{"rendered":"Clip-On MATE LITE NOCPIX"},"content":{"rendered":"<h3 data-start=\"451\" data-end=\"549\">Nocpix Mate Lite Thermal Clip-On com tecnologia avan\u00e7ada e design leve.<\/h3>\n<h3 data-start=\"551\" data-end=\"951\">\u00c9 um dispositivo <strong data-start=\"597\" data-end=\"637\">clip-on t\u00e9rmico de \u00faltima gera\u00e7\u00e3o<\/strong>concebido para transformar qualquer mira \u00f3tica convencional de espingarda numa poderosa ferramenta de dete\u00e7\u00e3o t\u00e9rmica. Leve, robusto e altamente eficiente, \u00e9 ideal para ca\u00e7adores exigentes que procuram <strong data-start=\"834\" data-end=\"905\">m\u00e1ximo desempenho em ambientes noturnos ou de baixa visibilidade<\/strong>sem comprometer a portabilidade ou o or\u00e7amento.<\/h3>\n<p>&nbsp;<\/p>\n<h4 data-start=\"958\" data-end=\"1044\">Sensor de alta sensibilidade - Dete\u00e7\u00e3o exacta mesmo em condi\u00e7\u00f5es extremas<\/h4>\n<p data-start=\"1046\" data-end=\"1437\">Com um sensor de temperatura <strong data-start=\"1099\" data-end=\"1119\">VOx de 12 m\u00edcrones<\/strong> com uma resolu\u00e7\u00e3o de <strong data-start=\"1142\" data-end=\"1163\">384 \u00d7 288 pix\u00e9is<\/strong> e uma sensibilidade t\u00e9rmica (NETD) de <strong data-start=\"1201\" data-end=\"1212\">\u2264 15 mK<\/strong>. Isto significa que o dispositivo \u00e9 capaz de detetar as mais pequenas diferen\u00e7as de temperatura, o que \u00e9 essencial em dias de ca\u00e7a com nevoeiro, chuva ou quando os animais dificilmente se destacam termicamente do ambiente que os rodeia.<\/p>\n<ul data-start=\"1439\" data-end=\"1605\">\n<li data-start=\"1439\" data-end=\"1477\">\n<p data-start=\"1441\" data-end=\"1477\"><strong data-start=\"1441\" data-end=\"1464\">Resolu\u00e7\u00e3o t\u00e9rmica:<\/strong> 384 \u00d7 288 px<\/p>\n<\/li>\n<li data-start=\"1478\" data-end=\"1504\">\n<p data-start=\"1480\" data-end=\"1504\"><strong data-start=\"1480\" data-end=\"1498\">Dist\u00e2ncia entre p\u00edxeis:<\/strong> 12 \u03bcm<\/p>\n<\/li>\n<li data-start=\"1505\" data-end=\"1539\">\n<p data-start=\"1507\" data-end=\"1539\"><strong data-start=\"1507\" data-end=\"1531\">Sensibilidade (NETD):<\/strong> \u2264 15 mK<\/p>\n<\/li>\n<li data-start=\"1540\" data-end=\"1605\">\n<p data-start=\"1542\" data-end=\"1605\"><strong data-start=\"1542\" data-end=\"1569\">Taxa de atualiza\u00e7\u00e3o:<\/strong> 60 Hz - imagem suave, sem atrasos<\/p>\n<\/li>\n<\/ul>\n<p>&nbsp;<\/p>\n<h4 data-start=\"1612\" data-end=\"1672\">\u00a0Objetiva de 38 mm F\/1.0 - Alcance e nitidez equilibrados<\/h4>\n<p data-start=\"1674\" data-end=\"1993\">Gra\u00e7as \u00e0 sua lente <strong data-start=\"1693\" data-end=\"1711\">38 mm F\/1.0<\/strong>oferece um equil\u00edbrio perfeito entre <strong data-start=\"1766\" data-end=\"1795\">alcance e campo de vis\u00e3o<\/strong>Isto permite ao ca\u00e7ador detetar alvos a longas dist\u00e2ncias sem perder detalhes a dist\u00e2ncias m\u00e9dias. Esta configura\u00e7\u00e3o torna-o numa escolha vers\u00e1til tanto para a persegui\u00e7\u00e3o como para a ca\u00e7a.<\/p>\n<ul data-start=\"1995\" data-end=\"2158\">\n<li data-start=\"1995\" data-end=\"2037\">\n<p data-start=\"1997\" data-end=\"2037\"><strong data-start=\"1997\" data-end=\"2023\">Campo de vis\u00e3o (FOV):<\/strong> 6,9\u00b0 \u00d7 5,2\u00b0<\/p>\n<\/li>\n<li data-start=\"2038\" data-end=\"2082\">\n<p data-start=\"2040\" data-end=\"2082\"><strong data-start=\"2040\" data-end=\"2066\">\u00c1rea coberta a 100 m:<\/strong> ~12,3 \u00d7 9,2 m<\/p>\n<\/li>\n<li data-start=\"2083\" data-end=\"2158\">\n<p data-start=\"2085\" data-end=\"2158\"><strong data-start=\"2085\" data-end=\"2112\">Dist\u00e2ncia de dete\u00e7\u00e3o:<\/strong> Para <strong data-start=\"2119\" data-end=\"2135\">1.950 metros<\/strong> (alvo de tipo humano)<\/p>\n<\/li>\n<\/ul>\n<h3 data-start=\"2165\" data-end=\"2228\"><\/h3>\n<h4 data-start=\"2165\" data-end=\"2228\">Ecr\u00e3 AMOLED Full HD - Ecr\u00e3 sem compromissos<\/h4>\n<p data-start=\"2230\" data-end=\"2513\">O dispositivo inclui um ecr\u00e3 <strong data-start=\"2268\" data-end=\"2319\">AMOLED de alta defini\u00e7\u00e3o (1920 \u00d7 1080 p\u00edxeis)<\/strong>O novo contraste elevado e os pretos profundos s\u00e3o especialmente \u00fateis na visualiza\u00e7\u00e3o de cenas t\u00e9rmicas. Isto assegura uma visualiza\u00e7\u00e3o confort\u00e1vel e realista mesmo ap\u00f3s v\u00e1rias horas de utiliza\u00e7\u00e3o.<\/p>\n<ul data-start=\"2515\" data-end=\"2626\">\n<li data-start=\"2515\" data-end=\"2559\">\n<p data-start=\"2517\" data-end=\"2559\"><strong data-start=\"2517\" data-end=\"2544\">Resolu\u00e7\u00e3o do ecr\u00e3:<\/strong> 1920 \u00d7 1080 px<\/p>\n<\/li>\n<li data-start=\"2560\" data-end=\"2584\">\n<p data-start=\"2562\" data-end=\"2584\"><strong data-start=\"2562\" data-end=\"2577\">Tecnologia:<\/strong> AMOLED<\/p>\n<\/li>\n<li data-start=\"2585\" data-end=\"2626\">\n<p data-start=\"2587\" data-end=\"2626\"><strong data-start=\"2587\" data-end=\"2619\">Reprodu\u00e7\u00e3o t\u00e9rmica suave:<\/strong> 60 fps<\/p>\n<\/li>\n<\/ul>\n<h3 data-start=\"2633\" data-end=\"2693\"><\/h3>\n<h4 data-start=\"2633\" data-end=\"2693\">Fonte de alimenta\u00e7\u00e3o inteligente - At\u00e9 6 horas de autonomia<\/h4>\n<p data-start=\"2695\" data-end=\"2978\">Utiliza\u00e7\u00e3o <strong data-start=\"2720\" data-end=\"2755\">pilhas recarreg\u00e1veis do tipo 18650<\/strong>As pilhas est\u00e3o amplamente dispon\u00edveis, s\u00e3o baratas e f\u00e1ceis de substituir. Uma carga completa fornece at\u00e9 <strong data-start=\"2855\" data-end=\"2893\">6 horas de funcionamento cont\u00ednuo<\/strong>Os conjuntos de baterias podem ser transportados como reserva para dias longos ou ca\u00e7adas prolongadas.<\/p>\n<ul data-start=\"2980\" data-end=\"3137\">\n<li data-start=\"2980\" data-end=\"3029\">\n<p data-start=\"2982\" data-end=\"3029\"><strong data-start=\"2982\" data-end=\"3002\">Tipo de bateria:<\/strong> 1 \u00d7 18650 (intercambi\u00e1vel)<\/p>\n<\/li>\n<li data-start=\"3030\" data-end=\"3060\">\n<p data-start=\"3032\" data-end=\"3060\"><strong data-start=\"3032\" data-end=\"3046\">Autonomia:<\/strong> at\u00e9 6 horas<\/p>\n<\/li>\n<li data-start=\"3061\" data-end=\"3089\">\n<p data-start=\"3063\" data-end=\"3089\"><strong data-start=\"3063\" data-end=\"3083\">Porta de carregamento:<\/strong> USB-C<\/p>\n<\/li>\n<li data-start=\"3090\" data-end=\"3137\">\n<p data-start=\"3092\" data-end=\"3137\"><strong data-start=\"3092\" data-end=\"3119\">Igni\u00e7\u00e3o ultra-r\u00e1pida:<\/strong> pronto em segundos<\/p>\n<\/li>\n<\/ul>\n<h4 data-start=\"3144\" data-end=\"3214\"><\/h4>\n<h4 data-start=\"3144\" data-end=\"3214\">Constru\u00e7\u00e3o robusta - Pronto para as condi\u00e7\u00f5es mais dif\u00edceis<\/h4>\n<p data-start=\"3216\" data-end=\"3572\">Fabricado em liga de magn\u00e9sio leve, oferece um design compacto e robusto, suportando uma utiliza\u00e7\u00e3o intensiva no terreno. Al\u00e9m disso, \u00e9 certificado <strong data-start=\"3385\" data-end=\"3393\">IP67<\/strong>Isto garante uma resist\u00eancia total ao p\u00f3 e a pequenas imers\u00f5es em \u00e1gua. Tamb\u00e9m resiste a recuos de at\u00e9 <strong data-start=\"3507\" data-end=\"3518\">7.000 J<\/strong>compat\u00edvel com a maioria dos calibres de ca\u00e7a grossa.<\/p>\n<ul data-start=\"3574\" data-end=\"3756\">\n<li data-start=\"3574\" data-end=\"3612\">\n<p data-start=\"3576\" data-end=\"3612\"><strong data-start=\"3576\" data-end=\"3589\">Material:<\/strong> liga de magn\u00e9sio<\/p>\n<\/li>\n<li data-start=\"3613\" data-end=\"3652\">\n<p data-start=\"3615\" data-end=\"3652\"><strong data-start=\"3615\" data-end=\"3630\">Prote\u00e7\u00e3o:<\/strong> IP67 (\u00e1gua e poeira)<\/p>\n<\/li>\n<li data-start=\"3653\" data-end=\"3700\">\n<p data-start=\"3655\" data-end=\"3700\"><strong data-start=\"3655\" data-end=\"3684\">Resist\u00eancia ao recuo:<\/strong> at\u00e9 7,000 J<\/p>\n<\/li>\n<li data-start=\"3701\" data-end=\"3720\">\n<p data-start=\"3703\" data-end=\"3720\"><strong data-start=\"3703\" data-end=\"3712\">Peso:<\/strong> 399 g<\/p>\n<\/li>\n<li data-start=\"3721\" data-end=\"3756\">\n<p data-start=\"3723\" data-end=\"3756\"><strong data-start=\"3723\" data-end=\"3739\">Dimens\u00f5es:<\/strong> 115 \u00d7 72 \u00d7 76 mm<\/p>\n<\/li>\n<\/ul>\n<h3><\/h3>\n<h4>A melhor experi\u00eancia global e a melhor rela\u00e7\u00e3o qualidade\/pre\u00e7o do mercado.<\/h4>\n<ul>\n<li data-start=\"2484\" data-end=\"2659\">\n<p data-start=\"2486\" data-end=\"2659\"><span style=\"color: #0000ff;\"><strong data-start=\"2486\" data-end=\"2508\">Leve e port\u00e1til<\/strong>:<\/span> Com cerca de 400 gramas e um tamanho razo\u00e1vel, pode ser montado numa mira de espingarda sem ser demasiado volumoso ou pesado.<\/p>\n<\/li>\n<li data-start=\"2660\" data-end=\"2887\">\n<p data-start=\"2662\" data-end=\"2887\"><span style=\"color: #0000ff;\"><strong data-start=\"2662\" data-end=\"2690\">Boa efici\u00eancia t\u00e9rmica<\/strong>:<\/span> Gra\u00e7as \u00e0 NETD \u2264 15 mK e \u00e0 objetiva r\u00e1pida F\/1.0, pode funcionar bem em condi\u00e7\u00f5es de baixa temperatura ou baixo contraste, o que \u00e9 importante ao amanhecer, ao anoitecer ou com pouca fonte t\u00e9rmica.<\/p>\n<\/li>\n<li data-start=\"2888\" data-end=\"3083\">\n<p data-start=\"2890\" data-end=\"3083\"><span style=\"color: #0000ff;\"><strong data-start=\"2890\" data-end=\"2914\">Durabilidade no terreno<\/strong>:<\/span> Constru\u00e7\u00e3o em liga met\u00e1lica, resist\u00eancia \u00e0 \u00e1gua\/poeira, elevada toler\u00e2ncia ao recuo. O que a torna adequada para uma utiliza\u00e7\u00e3o robusta, no exterior, em situa\u00e7\u00f5es exigentes.<\/p>\n<\/li>\n<li data-start=\"3084\" data-end=\"3282\">\n<p data-start=\"3086\" data-end=\"3282\"><span style=\"color: #0000ff;\"><strong data-start=\"3086\" data-end=\"3102\">Versatilidade<\/strong>:<\/span> de encaixe, que permite fixar e retirar o aparelho conforme necess\u00e1rio, mudar a mira se for preciso e manter o ponto de mira (\"zero\") se o aparelho o permitir.<\/p>\n<\/li>\n<\/ul>\n<p>&nbsp;<\/p>\n<h3>Funcionalidades avan\u00e7adas:<\/h3>\n<p>&nbsp;<\/p>\n<table class=\"w-fit min-w-(--thread-content-width)\" data-start=\"440\" data-end=\"2206\">\n<thead data-start=\"440\" data-end=\"469\">\n<tr data-start=\"440\" data-end=\"469\">\n<th data-start=\"440\" data-end=\"457\" data-col-size=\"sm\">Carater\u00edstica<\/th>\n<th data-start=\"457\" data-end=\"469\" data-col-size=\"lg\">Detalhes<\/th>\n<\/tr>\n<\/thead>\n<tbody data-start=\"480\" data-end=\"2206\">\n<tr data-start=\"480\" data-end=\"611\">\n<td data-start=\"480\" data-end=\"501\" data-col-size=\"sm\"><strong data-start=\"482\" data-end=\"500\">Sensor t\u00e9rmico<\/strong><\/td>\n<td data-col-size=\"lg\" data-start=\"501\" data-end=\"611\">Resolu\u00e7\u00e3o de <strong data-start=\"517\" data-end=\"530\">384 \u00d7 288<\/strong> pix\u00e9is, com uma dist\u00e2ncia entre pix\u00e9is de <strong data-start=\"561\" data-end=\"570\">12 \u00b5m<\/strong>.<\/td>\n<\/tr>\n<tr data-start=\"612\" data-end=\"795\">\n<td data-start=\"612\" data-end=\"646\" data-col-size=\"sm\"><strong data-start=\"614\" data-end=\"645\">Sensibilidade t\u00e9rmica (NETD)<\/strong><\/td>\n<td data-start=\"646\" data-end=\"795\" data-col-size=\"lg\">\u2264 15 mK, permitindo-lhe detetar contrastes t\u00e9rmicos relativamente pequenos, mesmo em condi\u00e7\u00f5es dif\u00edceis.<\/td>\n<\/tr>\n<tr data-start=\"796\" data-end=\"885\">\n<td data-start=\"796\" data-end=\"809\" data-col-size=\"sm\"><strong data-start=\"798\" data-end=\"808\">\u00d3tica<\/strong><\/td>\n<td data-col-size=\"lg\" data-start=\"809\" data-end=\"885\">Lente objetiva de <strong data-start=\"829\" data-end=\"844\">38 mm F\/1.0<\/strong>.<\/td>\n<\/tr>\n<tr data-start=\"886\" data-end=\"992\">\n<td data-start=\"886\" data-end=\"901\" data-col-size=\"sm\"><strong data-start=\"888\" data-end=\"900\">Ecr\u00e3<\/strong><\/td>\n<td data-start=\"901\" data-end=\"992\" data-col-size=\"lg\">AMOLED com uma resolu\u00e7\u00e3o de <strong data-start=\"928\" data-end=\"943\">1920 \u00d7 1080<\/strong> pix\u00e9is.<\/td>\n<\/tr>\n<tr data-start=\"993\" data-end=\"1139\">\n<td data-start=\"993\" data-end=\"1020\" data-col-size=\"sm\"><strong data-start=\"995\" data-end=\"1019\">Taxa de fotogramas<\/strong><\/td>\n<td data-start=\"1020\" data-end=\"1139\" data-col-size=\"lg\">60 Hz, o que permite obter imagens suaves, \u00fateis se houver movimento.<\/td>\n<\/tr>\n<tr data-start=\"1140\" data-end=\"1291\">\n<td data-start=\"1140\" data-end=\"1162\" data-col-size=\"sm\"><strong data-start=\"1142\" data-end=\"1161\">Campo de vis\u00e3o<\/strong><\/td>\n<td data-col-size=\"lg\" data-start=\"1162\" data-end=\"1291\">6,9 \u00d7 5,2\u00b0 (horizontal \u00d7 vertical), o que equivale a cerca de 12,3 \u00d7 9,2 metros a 100 metros.<\/td>\n<\/tr>\n<tr data-start=\"1292\" data-end=\"1480\">\n<td data-start=\"1292\" data-end=\"1321\" data-col-size=\"sm\"><strong data-start=\"1294\" data-end=\"1320\">Dist\u00e2ncia de dete\u00e7\u00e3o<\/strong><\/td>\n<td data-start=\"1321\" data-end=\"1480\" data-col-size=\"lg\">Aproximadamente 1.950 metros para um alvo do tamanho de um ser humano m\u00e9dio (1,70 \u00d7 0,50 m) em condi\u00e7\u00f5es ideais.<\/td>\n<\/tr>\n<tr data-start=\"1481\" data-end=\"1669\">\n<td data-start=\"1481\" data-end=\"1500\" data-col-size=\"sm\"><strong data-start=\"1483\" data-end=\"1499\">Alimenta\u00e7\u00e3o<\/strong><\/td>\n<td data-start=\"1500\" data-end=\"1669\" data-col-size=\"lg\">Utilizar uma bateria <strong data-start=\"1518\" data-end=\"1527\">18650<\/strong>intercambi\u00e1veis, o que \u00e9 conveniente para uma utiliza\u00e7\u00e3o prolongada. Dura\u00e7\u00e3o aproximada: at\u00e9 cerca de 6 horas.<\/td>\n<\/tr>\n<tr data-start=\"1670\" data-end=\"1806\">\n<td data-start=\"1670\" data-end=\"1695\" data-col-size=\"sm\"><strong data-start=\"1672\" data-end=\"1694\">Peso e dimens\u00f5es<\/strong><\/td>\n<td data-col-size=\"lg\" data-start=\"1695\" data-end=\"1806\">Tem um peso de ~399 gramas. Dimens\u00f5es (aprox.): 115 \u00d7 72 \u00d7 76 mm.<\/td>\n<\/tr>\n<tr data-start=\"1807\" data-end=\"2024\">\n<td data-start=\"1807\" data-end=\"1837\" data-col-size=\"sm\"><strong data-start=\"1809\" data-end=\"1836\">Constru\u00e7\u00e3o e robustez<\/strong><\/td>\n<td data-start=\"1837\" data-end=\"2024\" data-col-size=\"lg\">Corpo em liga de magn\u00e9sio, resist\u00eancia ao recuo at\u00e9 ~7.000 Joules, classe de prote\u00e7\u00e3o <strong data-start=\"1940\" data-end=\"1948\">IP67<\/strong> (prote\u00e7\u00e3o contra o p\u00f3 e a \u00e1gua).<\/td>\n<\/tr>\n<tr data-start=\"2025\" data-end=\"2206\">\n<td data-start=\"2025\" data-end=\"2047\" data-col-size=\"sm\"><strong data-start=\"2027\" data-end=\"2046\">Outras fun\u00e7\u00f5es<\/strong><\/td>\n<td data-start=\"2047\" data-end=\"2206\" data-col-size=\"lg\">64 GB de mem\u00f3ria interna, conetividade Wi-Fi\/aplica\u00e7\u00e3o, interface USB-C. Tel\u00eametro a laser (LRF) n\u00e3o inclu\u00eddo como padr\u00e3o.<\/td>\n<\/tr>\n<\/tbody>\n<\/table>\n<p>&nbsp;<\/p>\n<p><a href=\"https:\/\/dinaturez.com\/wp-content\/uploads\/2025\/09\/MATE-Series-User-Manual_ES.pdf\">Manual do Utilizador da S\u00e9rie MATE_PT<\/a><\/p>","protected":false},"excerpt":{"rendered":"<h3 data-start=\"451\" data-end=\"549\">Clip-On T\u00e9rmico Nocpix Mate Lite con tecnolog\u00eda avanzada, dise\u00f1o ligero.<\/h3>\n<h3 data-start=\"551\" data-end=\"951\">\u00c9 um dispositivo <strong data-start=\"597\" data-end=\"637\">clip-on t\u00e9rmico de \u00faltima gera\u00e7\u00e3o<\/strong>concebido para transformar qualquer mira \u00f3tica convencional de espingarda numa poderosa ferramenta de dete\u00e7\u00e3o t\u00e9rmica. Leve, robusto e altamente eficiente, \u00e9 ideal para ca\u00e7adores exigentes que procuram <strong data-start=\"834\" data-end=\"905\">m\u00e1ximo desempenho em ambientes noturnos ou de baixa visibilidade<\/strong>sem comprometer a portabilidade ou o or\u00e7amento.<\/h3>\n<p>&nbsp;<\/p>","protected":false},"featured_media":25738,"template":"","meta":[],"product_brand":[],"product_cat":[149,147,191],"product_tag":[],"class_list":{"0":"post-25737","1":"product","2":"type-product","3":"status-publish","4":"has-post-thumbnail","6":"product_cat-acoples-clip-on","7":"product_cat-monoculares-termicos","8":"product_cat-nocpix","10":"first","11":"instock","12":"taxable","13":"shipping-taxable","14":"purchasable","15":"product-type-simple","16":"add-to-wishlist-after_add_to_cart"},"_links":{"self":[{"href":"https:\/\/dinaturez.com\/pt\/wp-json\/wp\/v2\/product\/25737","targetHints":{"allow":["GET"]}}],"collection":[{"href":"https:\/\/dinaturez.com\/pt\/wp-json\/wp\/v2\/product"}],"about":[{"href":"https:\/\/dinaturez.com\/pt\/wp-json\/wp\/v2\/types\/product"}],"wp:featuredmedia":[{"embeddable":true,"href":"https:\/\/dinaturez.com\/pt\/wp-json\/wp\/v2\/media\/25738"}],"wp:attachment":[{"href":"https:\/\/dinaturez.com\/pt\/wp-json\/wp\/v2\/media?parent=25737"}],"wp:term":[{"taxonomy":"product_brand","embeddable":true,"href":"https:\/\/dinaturez.com\/pt\/wp-json\/wp\/v2\/product_brand?post=25737"},{"taxonomy":"product_cat","embeddable":true,"href":"https:\/\/dinaturez.com\/pt\/wp-json\/wp\/v2\/product_cat?post=25737"},{"taxonomy":"product_tag","embeddable":true,"href":"https:\/\/dinaturez.com\/pt\/wp-json\/wp\/v2\/product_tag?post=25737"}],"curies":[{"name":"wp","href":"https:\/\/api.w.org\/{rel}","templated":true}]}}