{"id":25705,"date":"2025-09-02T14:58:51","date_gmt":"2025-09-02T12:58:51","guid":{"rendered":"https:\/\/dinaturez.com\/?post_type=product&#038;p=25705"},"modified":"2025-09-02T14:58:52","modified_gmt":"2025-09-02T12:58:52","slug":"prismaticos-alpen-optics-chisos-8x32-ed","status":"publish","type":"product","link":"https:\/\/dinaturez.com\/pt\/product\/prismaticos-alpen-optics-chisos-8x32-ed\/","title":{"rendered":"Bin\u00f3culos ALPEN OPTICS Chisos 8\u00d732 ED com revestimento PXA"},"content":{"rendered":"<h2>O\u00a0<b>Chisos 8\u00d732<\/b> combinam dimens\u00f5es pr\u00e1ticas com um desempenho impressionante. Com uma amplia\u00e7\u00e3o de 8x e um di\u00e2metro de objetiva de 32 mm, oferecem detalhes incrivelmente n\u00edtidos e uma excelente capta\u00e7\u00e3o de luz, ideal para observa\u00e7\u00e3o de aves, caminhadas ou ca\u00e7a. Gra\u00e7as ao seu design leve e compacto, cabem em qualquer mochila e est\u00e3o sempre prontos a utilizar. Estes bin\u00f3culos Chisos s\u00e3o perfeitos para os amantes da natureza. Os bin\u00f3culos Chisos distinguem-se pela sua qualidade e desempenho excepcionais. A experi\u00eancia de observa\u00e7\u00e3o da vida selvagem com os bin\u00f3culos Chisos \u00e9 inigual\u00e1vel.<\/h2>\n<h3>Compactos e potentes - os bin\u00f3culos\u00a0<b>ALPEN OPTICS 8\u00d732 Simples 8\u00d732<\/b>\u00a0Distinguem-se pelas suas objectivas ED de alta qualidade, uma imagem brilhante e n\u00edtida e uma constru\u00e7\u00e3o robusta. Gra\u00e7as ao seu tamanho compacto, s\u00e3o o companheiro perfeito para a observa\u00e7\u00e3o da natureza, viagens, ca\u00e7a e aventuras ao ar livre. Com os bin\u00f3culos certos, cada aventura torna-se numa experi\u00eancia \u00fanica.<\/h3>\n<h3>Para quem procura qualidade e durabilidade nas suas aventuras ao ar livre.<\/h3>\n<h3>As lentes ED (dispers\u00e3o extra baixa) incorporadas asseguram uma qualidade de imagem excecional, minimizando as aberra\u00e7\u00f5es crom\u00e1ticas e proporcionando imagens n\u00edtidas e cores verdadeiras. Os prismas de vidro BK-7 possuem revestimento de fase PXA, o que garante uma excelente nitidez e contraste. As lentes totalmente revestidas optimizam a transmiss\u00e3o de luz, proporcionando imagens brilhantes e n\u00edtidas mesmo em condi\u00e7\u00f5es de pouca luz. Estes bin\u00f3culos s\u00e3o ideais para quem procura qualidade e desempenho.<\/h3>\n<h3>Os bin\u00f3culos destacam-se pela sua qualidade e desempenho excepcionais, ideais para qualquer entusiasta da observa\u00e7\u00e3o.<\/h3>\n<h3>Foram concebidos para resistir a todas as condi\u00e7\u00f5es climat\u00e9ricas. O seu corpo \u00e0 prova de \u00e1gua protege a \u00f3tica da humidade, enquanto o revestimento de borracha dur\u00e1vel assegura uma ader\u00eancia confort\u00e1vel e protege os bin\u00f3culos de choques e riscos.<\/h3>\n<h4><\/h4>\n<h4>Funcionalidades avan\u00e7adas:<\/h4>\n<ul class=\"feat\">\n<li><span style=\"color: #0000ff;\">Bin\u00f3culos com amplia\u00e7\u00e3o de 8x para imagens n\u00edtidas e est\u00e1veis<\/span><\/li>\n<li><span style=\"color: #0000ff;\">Lentes ED (dispers\u00e3o extra baixa) para uma reprodu\u00e7\u00e3o precisa das cores e uma qualidade de imagem excecional<\/span><\/li>\n<li><span style=\"color: #0000ff;\">Revestimento de fase PXA para nitidez e contraste excepcionais<\/span><\/li>\n<li><span style=\"color: #0000ff;\">Lentes totalmente multi-revestidas para uma transmiss\u00e3o \u00f3ptima da luz<\/span><\/li>\n<li><span style=\"color: #0000ff;\">Design compacto com um di\u00e2metro de lente de 32 mm, pr\u00e1tico e ideal para viajar<\/span><\/li>\n<li><span style=\"color: #0000ff;\">Corpo \u00e0 prova de \u00e1gua para utiliza\u00e7\u00e3o em todas as condi\u00e7\u00f5es climat\u00e9ricas<\/span><\/li>\n<li><span style=\"color: #0000ff;\">Revestimento de borracha dur\u00e1vel para uma ader\u00eancia segura e prote\u00e7\u00e3o contra choques<\/span><\/li>\n<li><span style=\"color: #0000ff;\">Oculares de tor\u00e7\u00e3o para uma utiliza\u00e7\u00e3o confort\u00e1vel, mesmo para utilizadores de \u00f3culos<\/span><\/li>\n<li><span style=\"color: #0000ff;\">Um companheiro vers\u00e1til para a observa\u00e7\u00e3o da natureza, viagens, ca\u00e7a e aventuras ao ar livre.<\/span><\/li>\n<\/ul>\n<p>&nbsp;<\/p>\n<h3>Os utilizadores de \u00f3culos tamb\u00e9m o consideram uma escolha perfeita. As oculares de tor\u00e7\u00e3o permitem uma utiliza\u00e7\u00e3o confort\u00e1vel sem reduzir o campo de vis\u00e3o. Al\u00e9m disso, o ajuste de dioptria integrado assegura uma personaliza\u00e7\u00e3o precisa das necessidades visuais individuais do utilizador.<\/h3>\n<h3>Com os bin\u00f3culos Chisos 8\u00d732, a experi\u00eancia de observa\u00e7\u00e3o \u00e9 elevada a um novo n\u00edvel. Uma ferramenta indispens\u00e1vel para os amantes da natureza que procuram uma ferramenta fi\u00e1vel para as suas expedi\u00e7\u00f5es.<\/h3>\n<h3><\/h3>","protected":false},"excerpt":{"rendered":"<h3>O\u00a0<b>Chisos 8\u00d732<\/b>\u00a0combinan unas dimensiones pr\u00e1cticas con un rendimiento impresionante. Con un aumento de 8x y un di\u00e1metro de objetivo de 32 mm, ofrecen detalles incre\u00edblemente n\u00edtidos y una excelente captaci\u00f3n de luz, ideales para la observaci\u00f3n de aves, el senderismo o la caza. Gracias a su dise\u00f1o ligero y compacto, caben en cualquier mochila y est\u00e1n siempre listos para usarse.<\/h3>","protected":false},"featured_media":25706,"template":"","meta":[],"product_brand":[],"product_cat":[136,142],"product_tag":[],"class_list":{"0":"post-25705","1":"product","2":"type-product","3":"status-publish","4":"has-post-thumbnail","6":"product_cat-alpen","7":"product_cat-prismaticos","9":"first","10":"instock","11":"taxable","12":"shipping-taxable","13":"purchasable","14":"product-type-simple","15":"add-to-wishlist-after_add_to_cart"},"_links":{"self":[{"href":"https:\/\/dinaturez.com\/pt\/wp-json\/wp\/v2\/product\/25705","targetHints":{"allow":["GET"]}}],"collection":[{"href":"https:\/\/dinaturez.com\/pt\/wp-json\/wp\/v2\/product"}],"about":[{"href":"https:\/\/dinaturez.com\/pt\/wp-json\/wp\/v2\/types\/product"}],"wp:featuredmedia":[{"embeddable":true,"href":"https:\/\/dinaturez.com\/pt\/wp-json\/wp\/v2\/media\/25706"}],"wp:attachment":[{"href":"https:\/\/dinaturez.com\/pt\/wp-json\/wp\/v2\/media?parent=25705"}],"wp:term":[{"taxonomy":"product_brand","embeddable":true,"href":"https:\/\/dinaturez.com\/pt\/wp-json\/wp\/v2\/product_brand?post=25705"},{"taxonomy":"product_cat","embeddable":true,"href":"https:\/\/dinaturez.com\/pt\/wp-json\/wp\/v2\/product_cat?post=25705"},{"taxonomy":"product_tag","embeddable":true,"href":"https:\/\/dinaturez.com\/pt\/wp-json\/wp\/v2\/product_tag?post=25705"}],"curies":[{"name":"wp","href":"https:\/\/api.w.org\/{rel}","templated":true}]}}