{"id":25696,"date":"2025-09-02T14:42:03","date_gmt":"2025-09-02T12:42:03","guid":{"rendered":"https:\/\/dinaturez.com\/?post_type=product&#038;p=25696"},"modified":"2025-09-02T14:42:04","modified_gmt":"2025-09-02T12:42:04","slug":"prismaticos-alpen-optics-chisos-6-5x32-ed","status":"publish","type":"product","link":"https:\/\/dinaturez.com\/pt\/product\/prismaticos-alpen-optics-chisos-6-5x32-ed\/","title":{"rendered":"Bin\u00f3culos ALPEN OPTICS Chisos 6.5\u00d732 ED com revestimento PXA"},"content":{"rendered":"<h2>O\u00a0<b>Chisos 6.5\u00d732<\/b>\u00a0combinam dimens\u00f5es pr\u00e1ticas com um desempenho impressionante. Com uma amplia\u00e7\u00e3o de 6,5x e um di\u00e2metro de objetiva de 32 mm, oferecem detalhes incrivelmente n\u00edtidos e uma excelente capta\u00e7\u00e3o de luz, ideal para observa\u00e7\u00e3o de aves, caminhadas ou ca\u00e7a. Gra\u00e7as ao seu design leve e compacto, cabem em qualquer mochila e est\u00e3o sempre prontas a utilizar.<\/h2>\n<h3>Compactos e potentes - os bin\u00f3culos\u00a0<b>ALPEN OPTICS 6.5\u00d732 Simples<\/b>\u00a0destacam-se pelas suas objectivas ED de alta qualidade, uma imagem brilhante e n\u00edtida e uma constru\u00e7\u00e3o robusta. Gra\u00e7as ao seu tamanho compacto, s\u00e3o a companhia perfeita para a observa\u00e7\u00e3o da natureza, viagens, ca\u00e7a e aventuras ao ar livre.<\/h3>\n<h3>As lentes ED (dispers\u00e3o extra baixa) incorporadas asseguram uma qualidade de imagem excecional, minimizando as aberra\u00e7\u00f5es crom\u00e1ticas e proporcionando imagens n\u00edtidas e cores verdadeiras. Os prismas de vidro BK-7 possuem um revestimento de fase PXA, que garante uma excelente nitidez e contraste. As lentes totalmente multi-revestidas optimizam a transmiss\u00e3o da luz, proporcionando imagens brilhantes e n\u00edtidas mesmo em condi\u00e7\u00f5es de pouca luz.<\/h3>\n<h3>Foram concebidos para resistir a todas as condi\u00e7\u00f5es climat\u00e9ricas. O seu corpo \u00e0 prova de \u00e1gua protege a \u00f3tica da humidade, enquanto o revestimento de borracha dur\u00e1vel assegura uma ader\u00eancia confort\u00e1vel e protege os bin\u00f3culos de choques e riscos.<\/h3>\n<p>&nbsp;<\/p>\n<h4>Funcionalidades avan\u00e7adas:<\/h4>\n<ul class=\"feat\">\n<li><span style=\"color: #0000ff;\">Bin\u00f3culos com amplia\u00e7\u00e3o de 6,5x para imagens n\u00edtidas e est\u00e1veis<\/span><\/li>\n<li><span style=\"color: #0000ff;\">Lentes ED (dispers\u00e3o extra baixa) para uma reprodu\u00e7\u00e3o precisa das cores e uma qualidade de imagem excecional<\/span><\/li>\n<li><span style=\"color: #0000ff;\">Revestimento de fase PXA para nitidez e contraste excepcionais<\/span><\/li>\n<li><span style=\"color: #0000ff;\">Lentes totalmente multi-revestidas para uma transmiss\u00e3o \u00f3ptima da luz<\/span><\/li>\n<li><span style=\"color: #0000ff;\">Design compacto com um di\u00e2metro de lente de 32 mm, pr\u00e1tico e ideal para viajar<\/span><\/li>\n<li><span style=\"color: #0000ff;\">Corpo \u00e0 prova de \u00e1gua para utiliza\u00e7\u00e3o em todas as condi\u00e7\u00f5es climat\u00e9ricas<\/span><\/li>\n<li><span style=\"color: #0000ff;\">Revestimento de borracha dur\u00e1vel para uma ader\u00eancia segura e prote\u00e7\u00e3o contra choques<\/span><\/li>\n<li><span style=\"color: #0000ff;\">Oculares de tor\u00e7\u00e3o para uma utiliza\u00e7\u00e3o confort\u00e1vel, mesmo para utilizadores de \u00f3culos<\/span><\/li>\n<li><span style=\"color: #0000ff;\">Um companheiro vers\u00e1til para a observa\u00e7\u00e3o da natureza, viagens, ca\u00e7a e aventuras ao ar livre.<\/span><\/li>\n<\/ul>\n<p>&nbsp;<\/p>\n<h3>Os utilizadores de \u00f3culos tamb\u00e9m encontrar\u00e3o no\u00a0<b>Chisos 6.5\u00d732<\/b>\u00a0uma escolha perfeita. As oculares de tor\u00e7\u00e3o permitem uma utiliza\u00e7\u00e3o confort\u00e1vel sem reduzir o campo de vis\u00e3o. Al\u00e9m disso, a regula\u00e7\u00e3o integrada das dioptrias assegura uma adapta\u00e7\u00e3o precisa \u00e0s necessidades visuais individuais do utilizador.<\/h3>\n<p>&nbsp;<\/p>\n<table class=\"sw-text-editor-table\">\n<tbody class=\"sw-text-editor-table__body\">\n<tr class=\"sw-text-editor-table__row\">\n<td class=\"sw-text-editor-table__col\">Dom\u00ednio de aplica\u00e7\u00e3o<\/td>\n<td class=\"sw-text-editor-table__col\"><b>Ca\u00e7a, observa\u00e7\u00e3o de aves e da natureza, viagens e desporto, trekking, caminhadas<\/b><\/td>\n<\/tr>\n<tr class=\"sw-text-editor-table__row\">\n<td class=\"sw-text-editor-table__col\">Aumentos<\/td>\n<td class=\"sw-text-editor-table__col\"><b>6.5 x<\/b><\/td>\n<\/tr>\n<tr class=\"sw-text-editor-table__row\">\n<td class=\"sw-text-editor-table__col\">Tipo<\/td>\n<td class=\"sw-text-editor-table__col\"><b>Telhado<\/b><\/td>\n<\/tr>\n<tr class=\"sw-text-editor-table__row\">\n<td class=\"sw-text-editor-table__col\">Di\u00e2metro da lente objetiva<\/td>\n<td class=\"sw-text-editor-table__col\"><b>32 mm<\/b><\/td>\n<\/tr>\n<tr class=\"sw-text-editor-table__row\">\n<td class=\"sw-text-editor-table__col\">Tipo de revestimento<\/td>\n<td class=\"sw-text-editor-table__col\"><b>FMC<\/b><\/td>\n<\/tr>\n<tr class=\"sw-text-editor-table__row\">\n<td class=\"sw-text-editor-table__col\">Cor do revestimento<\/td>\n<td class=\"sw-text-editor-table__col\"><\/td>\n<\/tr>\n<tr class=\"sw-text-editor-table__row\">\n<td class=\"sw-text-editor-table__col\">Intensidade da luz<\/td>\n<td class=\"sw-text-editor-table__col\"><b>27,56<\/b><\/td>\n<\/tr>\n<tr class=\"sw-text-editor-table__row\">\n<td class=\"sw-text-editor-table__col\">Fator crepuscular<\/td>\n<td class=\"sw-text-editor-table__col\"><b>18,33<\/b><\/td>\n<\/tr>\n<tr class=\"sw-text-editor-table__row\">\n<td class=\"sw-text-editor-table__col\">Campo de vis\u00e3o (1000 m)<\/td>\n<td class=\"sw-text-editor-table__col\"><b>144 m<\/b><\/td>\n<\/tr>\n<tr class=\"sw-text-editor-table__row\">\n<td class=\"sw-text-editor-table__col\">Grande plano de<\/td>\n<td class=\"sw-text-editor-table__col\"><b>2 m<\/b><\/td>\n<\/tr>\n<tr class=\"sw-text-editor-table__row\">\n<td class=\"sw-text-editor-table__col\">Prismas<\/td>\n<td class=\"sw-text-editor-table__col\"><b>BK-7<\/b><\/td>\n<\/tr>\n<tr class=\"sw-text-editor-table__row\">\n<td class=\"sw-text-editor-table__col\">Material da lente<\/td>\n<td class=\"sw-text-editor-table__col\"><b>ED Glas<\/b><\/td>\n<\/tr>\n<tr class=\"sw-text-editor-table__row\">\n<td class=\"sw-text-editor-table__col\">\u00c0 prova de \u00e1gua<\/td>\n<td class=\"sw-text-editor-table__col\"><b>Sim, 1 m \/ 30 min<\/b><\/td>\n<\/tr>\n<tr class=\"sw-text-editor-table__row\">\n<td class=\"sw-text-editor-table__col\">Dimens\u00f5es (C x L x A)<\/td>\n<td class=\"sw-text-editor-table__col\"><b>125 x 132 x 50<\/b><\/td>\n<\/tr>\n<tr class=\"sw-text-editor-table__row\">\n<td class=\"sw-text-editor-table__col\">Peso<\/td>\n<td class=\"sw-text-editor-table__col\"><b>486 g<\/b><\/td>\n<\/tr>\n<tr class=\"sw-text-editor-table__row\">\n<td class=\"sw-text-editor-table__col\">Adaptador de trip\u00e9<\/td>\n<td class=\"sw-text-editor-table__col\"><b>Sim<\/b><\/td>\n<\/tr>\n<tr class=\"sw-text-editor-table__row\">\n<td class=\"sw-text-editor-table__col\">Acess\u00f3rios<\/td>\n<td class=\"sw-text-editor-table__col\"><b>Saco com compartimento de arruma\u00e7\u00e3o em tecido de vela 900D extremamente resistente, al\u00e7a de pesco\u00e7o<\/b><\/td>\n<\/tr>\n<\/tbody>\n<\/table>\n<p>&nbsp;<\/p>\n<p><a href=\"https:\/\/dinaturez.com\/wp-content\/uploads\/2025\/09\/Manual_ALP176532-ALP170832_Chisos-Binoculars_en-de-fr-es-nl-it_ALPEN_v102024a_web.pdf\">Manual_ALP176532-ALP170832_Chisos-Binoculars_en-de-fr-es-nl-it_ALPEN_v102024a_web<\/a><\/p>","protected":false},"excerpt":{"rendered":"<h3>O\u00a0<b>Chisos 6.5\u00d732<\/b>\u00a0combinam dimens\u00f5es pr\u00e1ticas com um desempenho impressionante. Com uma amplia\u00e7\u00e3o de 6,5x e um di\u00e2metro de objetiva de 32 mm, oferecem detalhes incrivelmente n\u00edtidos e uma excelente capta\u00e7\u00e3o de luz, ideal para observa\u00e7\u00e3o de aves, caminhadas ou ca\u00e7a. Gra\u00e7as ao seu design leve e compacto, cabem em qualquer mochila e est\u00e3o sempre prontas a utilizar.<\/h3>","protected":false},"featured_media":25698,"template":"","meta":[],"product_brand":[],"product_cat":[136,142],"product_tag":[],"class_list":{"0":"post-25696","1":"product","2":"type-product","3":"status-publish","4":"has-post-thumbnail","6":"product_cat-alpen","7":"product_cat-prismaticos","9":"first","10":"instock","11":"taxable","12":"shipping-taxable","13":"purchasable","14":"product-type-simple","15":"add-to-wishlist-after_add_to_cart"},"_links":{"self":[{"href":"https:\/\/dinaturez.com\/pt\/wp-json\/wp\/v2\/product\/25696","targetHints":{"allow":["GET"]}}],"collection":[{"href":"https:\/\/dinaturez.com\/pt\/wp-json\/wp\/v2\/product"}],"about":[{"href":"https:\/\/dinaturez.com\/pt\/wp-json\/wp\/v2\/types\/product"}],"wp:featuredmedia":[{"embeddable":true,"href":"https:\/\/dinaturez.com\/pt\/wp-json\/wp\/v2\/media\/25698"}],"wp:attachment":[{"href":"https:\/\/dinaturez.com\/pt\/wp-json\/wp\/v2\/media?parent=25696"}],"wp:term":[{"taxonomy":"product_brand","embeddable":true,"href":"https:\/\/dinaturez.com\/pt\/wp-json\/wp\/v2\/product_brand?post=25696"},{"taxonomy":"product_cat","embeddable":true,"href":"https:\/\/dinaturez.com\/pt\/wp-json\/wp\/v2\/product_cat?post=25696"},{"taxonomy":"product_tag","embeddable":true,"href":"https:\/\/dinaturez.com\/pt\/wp-json\/wp\/v2\/product_tag?post=25696"}],"curies":[{"name":"wp","href":"https:\/\/api.w.org\/{rel}","templated":true}]}}