{"id":25688,"date":"2025-09-02T14:29:17","date_gmt":"2025-09-02T12:29:17","guid":{"rendered":"https:\/\/dinaturez.com\/?post_type=product&#038;p=25688"},"modified":"2025-09-02T14:30:52","modified_gmt":"2025-09-02T12:30:52","slug":"prismaticos-alpen-optics-chisos-8x25-ed","status":"publish","type":"product","link":"https:\/\/dinaturez.com\/pt\/product\/prismaticos-alpen-optics-chisos-8x25-ed\/","title":{"rendered":"Bin\u00f3culos ALPEN OPTICS Chisos 8\u00d725 ED com revestimento PXA"},"content":{"rendered":"<h2>Compactos e potentes, os bin\u00f3culos\u00a0<b>Chisos 8\u00d725<\/b>\u00a0da ALPEN OPTICS possuem vidro ED de alta qualidade, proporcionando uma nitidez de imagem excecional e um design robusto. O seu tamanho compacto torna-os o companheiro ideal para a observa\u00e7\u00e3o da natureza, viagens, ca\u00e7a ou qualquer aventura ao ar livre.<\/h2>\n<h3>Concebida para resistir \u00e0s condi\u00e7\u00f5es climat\u00e9ricas mais adversas, a\u00a0<b>Chisos 8\u00d725<\/b>\u00a0apresentam uma caixa totalmente \u00e0 prova de \u00e1gua que protege a \u00f3tica da humidade. O revestimento de borracha dur\u00e1vel proporciona uma ader\u00eancia confort\u00e1vel e protege os bin\u00f3culos de choques e riscos, para que os possa levar para qualquer lado sem preocupa\u00e7\u00f5es.<\/h3>\n<h3>O\u00a0<b>Chisos 8\u00d725<\/b>\u00a0combinam um tamanho pequeno com um desempenho excecional. Gra\u00e7as \u00e0 sua amplia\u00e7\u00e3o de 8x, proporcionam imagens n\u00edtidas e detalhadas, perfeitas para a observa\u00e7\u00e3o de aves, caminhadas ou actividades ao ar livre. O seu design leve e compacto permite-lhes caber facilmente em qualquer bolso, sempre prontos a acompanh\u00e1-lo nas suas viagens.<\/h3>\n<h3>O vidro ED (dispers\u00e3o extra baixa) garante uma qualidade de imagem excecional, minimizando as aberra\u00e7\u00f5es crom\u00e1ticas e proporcionando cores vivas e detalhes n\u00edtidos. Os prismas de vidro BK-7 incorporam um revestimento de fase PXA, que assegura um contraste e uma nitidez impressionantes. Al\u00e9m disso, as lentes multi-revestidas maximizam a transmiss\u00e3o de luz, proporcionando uma imagem clara e brilhante, mesmo em condi\u00e7\u00f5es de pouca luz.<\/h3>\n<p>&nbsp;<\/p>\n<h4>Funcionalidades avan\u00e7adas:<\/h4>\n<ul class=\"feat\">\n<li><span style=\"color: #0000ff;\">Bin\u00f3culos com amplia\u00e7\u00e3o de 8x para imagens n\u00edtidas e est\u00e1veis<\/span><\/li>\n<li><span style=\"color: #0000ff;\">Vidro ED (dispers\u00e3o extra baixa) para uma reprodu\u00e7\u00e3o de cores precisa e uma nitidez excecional<\/span><\/li>\n<li><span style=\"color: #0000ff;\">Revestimento de fase PXA para uma nitidez e contraste impressionantes<\/span><\/li>\n<li><span style=\"color: #0000ff;\">Lentes totalmente multi-revestidas para uma transmiss\u00e3o \u00f3ptima da luz<\/span><\/li>\n<li><span style=\"color: #0000ff;\">Design compacto e leve - cabe em qualquer bolso e \u00e9 perfeito para levar consigo para onde quer que v\u00e1<\/span><\/li>\n<li><span style=\"color: #0000ff;\">Caixa \u00e0 prova de \u00e1gua para utiliza\u00e7\u00e3o em todas as condi\u00e7\u00f5es climat\u00e9ricas<\/span><\/li>\n<li><span style=\"color: #0000ff;\">Revestimento de borracha dur\u00e1vel para uma ader\u00eancia segura e prote\u00e7\u00e3o contra impactos<\/span><\/li>\n<li><span style=\"color: #0000ff;\">Oculares rotativas para uma utiliza\u00e7\u00e3o confort\u00e1vel, mesmo com \u00f3culos<\/span><\/li>\n<li><span style=\"color: #0000ff;\">O companheiro ideal para a observa\u00e7\u00e3o da natureza, as viagens, a ca\u00e7a e as aventuras ao ar livre.<\/span><\/li>\n<\/ul>\n<p>&nbsp;<\/p>\n<h3>O\u00a0<b>Chisos 8\u00d725<\/b>\u00a0foram concebidos para serem confort\u00e1veis tamb\u00e9m para os utilizadores de \u00f3culos. As oculares rotativas permitem um ajuste confort\u00e1vel sem perda do campo de vis\u00e3o, enquanto o sistema de ajuste di\u00f3ptrico integrado assegura um ajuste personalizado \u00e0s necessidades visuais de cada utilizador.<\/h3>\n<p>&nbsp;<\/p>\n<table class=\"sw-text-editor-table\">\n<tbody class=\"sw-text-editor-table__body\">\n<tr class=\"sw-text-editor-table__row\">\n<td class=\"sw-text-editor-table__col\">Dom\u00ednio de aplica\u00e7\u00e3o<\/td>\n<td class=\"sw-text-editor-table__col\"><b>Ca\u00e7a, observa\u00e7\u00e3o de aves e da natureza, viagens e desporto, trekking, caminhadas<\/b><\/td>\n<\/tr>\n<tr class=\"sw-text-editor-table__row\">\n<td class=\"sw-text-editor-table__col\">Aumentos<\/td>\n<td class=\"sw-text-editor-table__col\"><b>8 x<\/b><\/td>\n<\/tr>\n<tr class=\"sw-text-editor-table__row\">\n<td class=\"sw-text-editor-table__col\">Tipo<\/td>\n<td class=\"sw-text-editor-table__col\"><b>Telhado<\/b><\/td>\n<\/tr>\n<tr class=\"sw-text-editor-table__row\">\n<td class=\"sw-text-editor-table__col\">Di\u00e2metro da lente objetiva<\/td>\n<td class=\"sw-text-editor-table__col\"><b>25 mm<\/b><\/td>\n<\/tr>\n<tr class=\"sw-text-editor-table__row\">\n<td class=\"sw-text-editor-table__col\">Tipo de revestimento<\/td>\n<td class=\"sw-text-editor-table__col\"><b>PXA + UBX<\/b><\/td>\n<\/tr>\n<tr class=\"sw-text-editor-table__row\">\n<td class=\"sw-text-editor-table__col\">Cor do revestimento<\/td>\n<td class=\"sw-text-editor-table__col\"><\/td>\n<\/tr>\n<tr class=\"sw-text-editor-table__row\">\n<td class=\"sw-text-editor-table__col\">Intensidade da luz<\/td>\n<td class=\"sw-text-editor-table__col\"><b>27,56<\/b><\/td>\n<\/tr>\n<tr class=\"sw-text-editor-table__row\">\n<td class=\"sw-text-editor-table__col\">Fator crepuscular<\/td>\n<td class=\"sw-text-editor-table__col\"><b>18,33<\/b><\/td>\n<\/tr>\n<tr class=\"sw-text-editor-table__row\">\n<td class=\"sw-text-editor-table__col\">Campo de vis\u00e3o (1000 m)<\/td>\n<td class=\"sw-text-editor-table__col\"><b>110 m<\/b><\/td>\n<\/tr>\n<tr class=\"sw-text-editor-table__row\">\n<td class=\"sw-text-editor-table__col\">Grande plano de<\/td>\n<td class=\"sw-text-editor-table__col\"><b>5 m<\/b><\/td>\n<\/tr>\n<tr class=\"sw-text-editor-table__row\">\n<td class=\"sw-text-editor-table__col\">Prismas<\/td>\n<td class=\"sw-text-editor-table__col\"><b>BaK-4<\/b><\/td>\n<\/tr>\n<tr class=\"sw-text-editor-table__row\">\n<td class=\"sw-text-editor-table__col\">\u00c0 prova de \u00e1gua<\/td>\n<td class=\"sw-text-editor-table__col\"><b>Sim, 1 m \/ 30 min<\/b><\/td>\n<\/tr>\n<tr class=\"sw-text-editor-table__row\">\n<td class=\"sw-text-editor-table__col\">Dimens\u00f5es (C x L x A)<\/td>\n<td class=\"sw-text-editor-table__col\"><b>106 x 47 x 101 mm<\/b><\/td>\n<\/tr>\n<tr class=\"sw-text-editor-table__row\">\n<td class=\"sw-text-editor-table__col\">Peso<\/td>\n<td class=\"sw-text-editor-table__col\"><b>268 g<\/b><\/td>\n<\/tr>\n<tr class=\"sw-text-editor-table__row\">\n<td class=\"sw-text-editor-table__col\">Adaptador de trip\u00e9<\/td>\n<td class=\"sw-text-editor-table__col\"><b>N\u00e3o<\/b><\/td>\n<\/tr>\n<tr class=\"sw-text-editor-table__row\">\n<td class=\"sw-text-editor-table__col\">Acess\u00f3rios<\/td>\n<td class=\"sw-text-editor-table__col\"><b>Saco de nylon com correia de transporte, cobertura contra o p\u00f3 para a ocular e lentes objectivas, fixada aos bin\u00f3culos<\/b><\/td>\n<\/tr>\n<\/tbody>\n<\/table>\n<p>&nbsp;<\/p>\n<p><a href=\"https:\/\/dinaturez.com\/wp-content\/uploads\/2025\/09\/Manual_15185-15186_Chisos-Binoculars_en-de-fr-es-nl-it_ALPEN_v122024a.pdf\">Manual_15185-15186_Chisos-Binoculars_en-de-fr-es-nl-it_ALPEN_v122024a<\/a><\/p>","protected":false},"excerpt":{"rendered":"<h3>Compactos e potentes, os bin\u00f3culos\u00a0<b>Chisos 8\u00d725<\/b>\u00a0da ALPEN OPTICS possuem vidro ED de alta qualidade, proporcionando uma nitidez de imagem excecional e um design robusto. O seu tamanho compacto torna-os o companheiro ideal para a observa\u00e7\u00e3o da natureza, viagens, ca\u00e7a ou qualquer aventura ao ar livre.<\/h3>","protected":false},"featured_media":25689,"template":"","meta":[],"product_brand":[],"product_cat":[142,136],"product_tag":[],"class_list":{"0":"post-25688","1":"product","2":"type-product","3":"status-publish","4":"has-post-thumbnail","6":"product_cat-prismaticos","7":"product_cat-alpen","9":"first","10":"instock","11":"taxable","12":"shipping-taxable","13":"purchasable","14":"product-type-simple","15":"add-to-wishlist-after_add_to_cart"},"_links":{"self":[{"href":"https:\/\/dinaturez.com\/pt\/wp-json\/wp\/v2\/product\/25688","targetHints":{"allow":["GET"]}}],"collection":[{"href":"https:\/\/dinaturez.com\/pt\/wp-json\/wp\/v2\/product"}],"about":[{"href":"https:\/\/dinaturez.com\/pt\/wp-json\/wp\/v2\/types\/product"}],"wp:featuredmedia":[{"embeddable":true,"href":"https:\/\/dinaturez.com\/pt\/wp-json\/wp\/v2\/media\/25689"}],"wp:attachment":[{"href":"https:\/\/dinaturez.com\/pt\/wp-json\/wp\/v2\/media?parent=25688"}],"wp:term":[{"taxonomy":"product_brand","embeddable":true,"href":"https:\/\/dinaturez.com\/pt\/wp-json\/wp\/v2\/product_brand?post=25688"},{"taxonomy":"product_cat","embeddable":true,"href":"https:\/\/dinaturez.com\/pt\/wp-json\/wp\/v2\/product_cat?post=25688"},{"taxonomy":"product_tag","embeddable":true,"href":"https:\/\/dinaturez.com\/pt\/wp-json\/wp\/v2\/product_tag?post=25688"}],"curies":[{"name":"wp","href":"https:\/\/api.w.org\/{rel}","templated":true}]}}