{"id":25612,"date":"2025-08-23T12:19:43","date_gmt":"2025-08-23T10:19:43","guid":{"rendered":"https:\/\/dinaturez.com\/?post_type=product&#038;p=25612"},"modified":"2026-03-23T13:11:36","modified_gmt":"2026-03-23T12:11:36","slug":"acoplable-termico-clip-on-hunt-635-pro","status":"publish","type":"product","link":"https:\/\/dinaturez.com\/pt\/product\/acoplable-termico-clip-on-hunt-635-pro\/","title":{"rendered":"HUNT 635-PRO THERMTEC"},"content":{"rendered":"<h4 data-start=\"244\" data-end=\"308\">HUNT 635-PRO<\/h4>\n<h4>O <strong data-start=\"3414\" data-end=\"3451\">ThermTec HUNT 635-PRO de <\/strong><strong data-start=\"3414\" data-end=\"3451\">VisioTech <\/strong><span style=\"font-size: 16px;\">\u00e9 um dispositivo t\u00e9rmico de encaixe de alto desempenho, ideal para ca\u00e7adores e utilizadores profissionais que procuram precis\u00e3o, portabilidade e fiabilidade. Com uma combina\u00e7\u00e3o excecional de sensor sens\u00edvel, ecr\u00e3 de alta defini\u00e7\u00e3o, funcionalidades inteligentes avan\u00e7adas e constru\u00e7\u00e3o robusta, oferece uma experi\u00eancia t\u00e9rmica completa sem comprometer o peso ou a facilidade de utiliza\u00e7\u00e3o.<\/span><\/h4>\n<p>&nbsp;<\/p>\n<h4 data-start=\"310\" data-end=\"352\">Desempenho t\u00e9rmico de alta precis\u00e3o<\/h4>\n<ul data-start=\"353\" data-end=\"928\">\n<li data-start=\"353\" data-end=\"675\">\n<p data-start=\"355\" data-end=\"675\">Monta um sensor VOx n\u00e3o arrefecido de alta resolu\u00e7\u00e3o de <strong data-start=\"412\" data-end=\"431\">640\u00d7512 p\u00edxeis<\/strong> com um tamanho de pixel de <strong data-start=\"458\" data-end=\"467\">12 \u00b5m<\/strong>o que lhe confere uma excelente sensibilidade t\u00e9rmica, com <strong data-start=\"528\" data-end=\"544\">NETD \u2264 15 mK<\/strong>O novo, ideal para detetar pequenas diferen\u00e7as de temperatura, mesmo em condi\u00e7\u00f5es dif\u00edceis.<\/p>\n<\/li>\n<li data-start=\"676\" data-end=\"928\">\n<p data-start=\"678\" data-end=\"928\">Equipado com uma lente de <strong data-start=\"704\" data-end=\"721\">35 mm (F\/1.0)<\/strong> que oferece um campo de vis\u00e3o de aproximadamente <strong data-start=\"771\" data-end=\"786\">12.5\u00b0 \u00d7 10\u00b0<\/strong>equivalente a cerca de <strong data-start=\"807\" data-end=\"825\">21,9 m a 100 m<\/strong>Isto proporciona um equil\u00edbrio perfeito entre cobertura e alcance.<\/p>\n<\/li>\n<\/ul>\n<h4 data-start=\"930\" data-end=\"957\">Visualiza\u00e7\u00e3o avan\u00e7ada<\/h4>\n<ul data-start=\"958\" data-end=\"1442\">\n<li data-start=\"958\" data-end=\"1189\">\n<p data-start=\"960\" data-end=\"1189\">Integra um ecr\u00e3 <strong data-start=\"981\" data-end=\"1023\">OLED de 0,39\u2033 com resolu\u00e7\u00e3o de 1920\u00d71080<\/strong>A nova c\u00e2mara proporciona imagens n\u00edtidas com elevado contraste e defini\u00e7\u00e3o, ideais para uma representa\u00e7\u00e3o perfeita da cena t\u00e9rmica.<\/p>\n<\/li>\n<li data-start=\"1190\" data-end=\"1442\">\n<p data-start=\"1192\" data-end=\"1442\">Tem at\u00e9 <strong data-start=\"1209\" data-end=\"1234\">seis paletas de cores<\/strong>A nova c\u00e2mara inclui defini\u00e7\u00f5es de brilho, contraste, nitidez e redu\u00e7\u00e3o de ru\u00eddo de v\u00e1rios n\u00edveis, bem como modos de retroilumina\u00e7\u00e3o configur\u00e1veis para se adaptar \u00e0s condi\u00e7\u00f5es de ca\u00e7a.<\/p>\n<\/li>\n<\/ul>\n<h4 data-start=\"1444\" data-end=\"1479\">Autonomia e gest\u00e3o da energia<\/h4>\n<ul data-start=\"1480\" data-end=\"1896\">\n<li data-start=\"1480\" data-end=\"1704\">\n<p data-start=\"1482\" data-end=\"1704\">Sistema de <strong data-start=\"1493\" data-end=\"1538\">bateria dupla recarreg\u00e1vel e intercambi\u00e1vel<\/strong>cada um com um m\u00e1ximo de <strong data-start=\"1559\" data-end=\"1579\">6 h de autonomia<\/strong>O novo sistema, que permite alcan\u00e7ar at\u00e9 <strong data-start=\"1608\" data-end=\"1625\">12 h no total<\/strong>ideal para longos dias no campo.<\/p>\n<\/li>\n<li data-start=\"1480\" data-end=\"1704\">\n<p data-start=\"1482\" data-end=\"1704\">Carregamento e transfer\u00eancia de dados por <strong data-start=\"1747\" data-end=\"1756\">USB-C<\/strong>mais mem\u00f3ria interna de <strong data-start=\"1787\" data-end=\"1796\">64 GB<\/strong> para fotografias e v\u00eddeos, acess\u00edvel tamb\u00e9m por cabo ou <strong data-start=\"1848\" data-end=\"1857\">Wi-Fi.<\/strong><\/p>\n<\/li>\n<\/ul>\n<h4 data-start=\"1898\" data-end=\"1947\">Carater\u00edsticas inteligentes e usabilidade melhorada<\/h4>\n<ul data-start=\"1948\" data-end=\"2536\">\n<li data-start=\"1948\" data-end=\"2130\">\n<p data-start=\"1950\" data-end=\"2130\">Sistema de calibra\u00e7\u00e3o <strong data-start=\"1973\" data-end=\"1993\">IA sem obturador<\/strong>A imagem mant\u00e9m-se est\u00e1vel durante mais de uma hora sem necessidade de calibra\u00e7\u00e3o frequente.<\/p>\n<\/li>\n<li data-start=\"2131\" data-end=\"2333\">\n<p data-start=\"2133\" data-end=\"2333\">Registo autom\u00e1tico <strong data-start=\"2154\" data-end=\"2161\">RAV<\/strong> (Recoil Activated Video), que capta os 11 segundos antes e depois do disparo, ideal para a documenta\u00e7\u00e3o e an\u00e1lise de cada disparo.<\/p>\n<\/li>\n<li data-start=\"2334\" data-end=\"2536\">\n<p data-start=\"2336\" data-end=\"2536\">Inclui um <strong data-start=\"2347\" data-end=\"2394\">Controlo remoto com anel Bluetooth<\/strong>que lhe permite mudar de fun\u00e7\u00e3o (como paleta, grava\u00e7\u00e3o ou disparo) sem ter de mudar de posi\u00e7\u00e3o.<\/p>\n<\/li>\n<\/ul>\n<h4 data-start=\"2538\" data-end=\"2568\">Design robusto e compacto<\/h4>\n<ul data-start=\"2569\" data-end=\"2976\">\n<li data-start=\"2569\" data-end=\"2801\">\n<p data-start=\"2571\" data-end=\"2801\">Corpo de <strong data-start=\"2581\" data-end=\"2605\">liga de magn\u00e9sio<\/strong>O peso leve, forte e duradouro, com um peso aproximado de <strong data-start=\"2654\" data-end=\"2663\">399 g<\/strong> e dimens\u00f5es compactas (<strong data-start=\"2689\" data-end=\"2709\">118 \u00d7 66 \u00d7 77 mm<\/strong>), minimizando o impacto no equil\u00edbrio da arma.<\/p>\n<\/li>\n<li data-start=\"2569\" data-end=\"2801\">\n<p data-start=\"2571\" data-end=\"2801\">Resist\u00eancia total \u00e0 \u00e1gua e ao p\u00f3 (<strong data-start=\"2839\" data-end=\"2847\">IP67<\/strong>), tiros de alta energia (<strong data-start=\"2876\" data-end=\"2893\">at\u00e9 6 000 J<\/strong>) e a opera\u00e7\u00e3o entre <strong data-start=\"2918\" data-end=\"2935\">-20 \u2103 y +50 \u2103.<\/strong><\/p>\n<\/li>\n<\/ul>\n<h4 data-start=\"2978\" data-end=\"3011\">Adaptabilidade e versatilidade<\/h4>\n<ul data-start=\"3012\" data-end=\"3388\">\n<li data-start=\"3012\" data-end=\"3244\">\n<p data-start=\"3014\" data-end=\"3244\">Montagem f\u00e1cil atrav\u00e9s de rosca standard <strong data-start=\"3058\" data-end=\"3072\">M52 \u00d7 0,75<\/strong>compat\u00edvel com luzes de circula\u00e7\u00e3o diurna entre <strong data-start=\"3114\" data-end=\"3135\">1\u00d7 e at\u00e9 16-18\u00d7<\/strong>Pode ser utilizado tanto como clip-on como monocular aut\u00f3nomo.<\/p>\n<\/li>\n<li data-start=\"3245\" data-end=\"3388\">\n<p data-start=\"3247\" data-end=\"3388\">Permite-lhe armazenar at\u00e9 <strong data-start=\"3269\" data-end=\"3291\">4 perfis de armas<\/strong>As defini\u00e7\u00f5es ideais para cada situa\u00e7\u00e3o podem ser personalizadas.<\/p>\n<\/li>\n<\/ul>\n<h2 data-start=\"3395\" data-end=\"3409\"><\/h2>\n<h3>Caracter\u00edsticas:<\/h3>\n<ul>\n<li>ThermTec<\/li>\n<li>Acoplador t\u00e9rmico de encaixe<\/li>\n<li>Sensor 640\u00d7512<\/li>\n<li>NETD ?15mK<\/li>\n<li>Tamanho do pixel 12\u00b5m<\/li>\n<li>Lente de 35 mm<\/li>\n<li>64 GB<\/li>\n<li>C\u00e1lculo da dist\u00e2ncia IA<\/li>\n<li>AMOLED 1920\u00d71080<\/li>\n<li>Captura de imagens e grava\u00e7\u00e3o de v\u00eddeo<\/li>\n<li>WiFi<\/li>\n<li>APP Smartphone<\/li>\n<li>2 pilhas substitu\u00edveis e recarreg\u00e1veis para at\u00e9 7 horas de<\/li>\n<li>dura\u00e7\u00e3o cada<\/li>\n<li>Conector USB tipo C<\/li>\n<li>Prote\u00e7\u00e3o IP67<\/li>\n<li>Dist\u00e2ncia de dete\u00e7\u00e3o 1.800m<\/li>\n<li>Peso 399g<\/li>\n<li>Rosca de adapta\u00e7\u00e3o M52x0,75<\/li>\n<li>Anel de controlo remoto<\/li>\n<\/ul>\n<p data-start=\"3411\" data-end=\"3825\">","protected":false},"excerpt":{"rendered":"<h3>O <strong data-start=\"3414\" data-end=\"3451\">ThermTec HUNT 635-PRO de <\/strong><strong style=\"font-size: 16px;\" data-start=\"3414\" data-end=\"3451\">VisioTech <\/strong>\u00e9 um dispositivo t\u00e9rmico de encaixe de alto desempenho, ideal para ca\u00e7adores e utilizadores profissionais que procuram precis\u00e3o, portabilidade e fiabilidade. Com uma combina\u00e7\u00e3o excecional de sensor sens\u00edvel, ecr\u00e3 de alta defini\u00e7\u00e3o, funcionalidades inteligentes avan\u00e7adas e constru\u00e7\u00e3o robusta, oferece uma experi\u00eancia t\u00e9rmica completa sem comprometer o peso ou a facilidade de utiliza\u00e7\u00e3o.<\/h3>","protected":false},"featured_media":25625,"template":"","meta":[],"product_brand":[],"product_cat":[131,149,144],"product_tag":[],"class_list":{"0":"post-25612","1":"product","2":"type-product","3":"status-publish","4":"has-post-thumbnail","6":"product_cat-thermtec","7":"product_cat-acoples-clip-on","8":"product_cat-vision-termica","10":"first","11":"instock","12":"taxable","13":"shipping-taxable","14":"purchasable","15":"product-type-simple","16":"add-to-wishlist-after_add_to_cart"},"_links":{"self":[{"href":"https:\/\/dinaturez.com\/pt\/wp-json\/wp\/v2\/product\/25612","targetHints":{"allow":["GET"]}}],"collection":[{"href":"https:\/\/dinaturez.com\/pt\/wp-json\/wp\/v2\/product"}],"about":[{"href":"https:\/\/dinaturez.com\/pt\/wp-json\/wp\/v2\/types\/product"}],"wp:featuredmedia":[{"embeddable":true,"href":"https:\/\/dinaturez.com\/pt\/wp-json\/wp\/v2\/media\/25625"}],"wp:attachment":[{"href":"https:\/\/dinaturez.com\/pt\/wp-json\/wp\/v2\/media?parent=25612"}],"wp:term":[{"taxonomy":"product_brand","embeddable":true,"href":"https:\/\/dinaturez.com\/pt\/wp-json\/wp\/v2\/product_brand?post=25612"},{"taxonomy":"product_cat","embeddable":true,"href":"https:\/\/dinaturez.com\/pt\/wp-json\/wp\/v2\/product_cat?post=25612"},{"taxonomy":"product_tag","embeddable":true,"href":"https:\/\/dinaturez.com\/pt\/wp-json\/wp\/v2\/product_tag?post=25612"}],"curies":[{"name":"wp","href":"https:\/\/api.w.org\/{rel}","templated":true}]}}