{"id":25560,"date":"2025-08-17T00:26:24","date_gmt":"2025-08-16T22:26:24","guid":{"rendered":"https:\/\/dinaturez.com\/?post_type=product&#038;p=25560"},"modified":"2025-09-18T18:31:50","modified_gmt":"2025-09-18T16:31:50","slug":"visor-termico-rico-2-rh50r-nocpix","status":"publish","type":"product","link":"https:\/\/dinaturez.com\/pt\/product\/visor-termico-rico-2-rh50r-nocpix\/","title":{"rendered":"Visor t\u00e9rmico RICO 2 RH50R NOCPIX"},"content":{"rendered":"<h3>Visor t\u00e9rmico Nocpix\u00a0<strong>RICO 2 RH50R<\/strong><\/h3>\n<h3><strong>Alta resolu\u00e7\u00e3o, ecr\u00e3 2K, tel\u00e9metro integrado e design profissional para longas dist\u00e2ncias. \u00c9 a mira telesc\u00f3pica t\u00e9rmica que faz a diferen\u00e7a na ca\u00e7a a longa dist\u00e2ncia. Oferece uma bateria intercambi\u00e1vel - tudo numa embalagem ergon\u00f3mica, robusta e constru\u00edda para durar.<\/strong><\/h3>\n<h3>A s\u00e9rie RICO 2 apresenta um impressionante al\u00edvio dos olhos de 60 mm com uma ocular extra-grande para o modelo H75R e um al\u00edvio dos olhos sem precedentes de 70 mm para o modelo S75R. Este design garante o m\u00e1ximo conforto durante uma utiliza\u00e7\u00e3o prolongada, permitindo aos utilizadores manter uma posi\u00e7\u00e3o de disparo descontra\u00edda sem esfor\u00e7ar os olhos. Com a lente ocular orosc\u00f3pica e as defini\u00e7\u00f5es ajust\u00e1veis de brilho, contraste e nitidez dispon\u00edveis em at\u00e9 10 n\u00edveis, os utilizadores podem facilmente adaptar a sua experi\u00eancia de visualiza\u00e7\u00e3o para se adequar a diferentes condi\u00e7\u00f5es de ilumina\u00e7\u00e3o e prefer\u00eancias pessoais.<\/h3>\n<p><img decoding=\"async\" class=\"alignnone size-medium wp-image-25559\" src=\"https:\/\/dinaturez.com\/wp-content\/uploads\/2025\/08\/1920X9401-300x147.jpg\" alt=\"\" width=\"300\" height=\"147\" srcset=\"https:\/\/dinaturez.com\/wp-content\/uploads\/2025\/08\/1920X9401-300x147.jpg 300w, https:\/\/dinaturez.com\/wp-content\/uploads\/2025\/08\/1920X9401-1024x501.jpg 1024w, https:\/\/dinaturez.com\/wp-content\/uploads\/2025\/08\/1920X9401-768x376.jpg 768w, https:\/\/dinaturez.com\/wp-content\/uploads\/2025\/08\/1920X9401-340x166.jpg 340w, https:\/\/dinaturez.com\/wp-content\/uploads\/2025\/08\/1920X9401-1536x752.jpg 1536w, https:\/\/dinaturez.com\/wp-content\/uploads\/2025\/08\/1920X9401-18x9.jpg 18w, https:\/\/dinaturez.com\/wp-content\/uploads\/2025\/08\/1920X9401-1000x490.jpg 1000w, https:\/\/dinaturez.com\/wp-content\/uploads\/2025\/08\/1920X9401-1300x636.jpg 1300w, https:\/\/dinaturez.com\/wp-content\/uploads\/2025\/08\/1920X9401.jpg 1920w\" sizes=\"(max-width: 300px) 100vw, 300px\" \/><\/p>\n<p>&nbsp;<\/p>\n<ul>\n<li><span style=\"color: #0000ff;\"><strong>Qualidade de imagem excecional<\/strong><\/span><br \/>\nPossui um sensor t\u00e9rmico VOx de\u00a0<strong>640 \u00d7 512 px<\/strong>\u00a0(12 \u00b5m) e uma sensibilidade at\u00e9\u00a0<strong>&lt; 20 mK<\/strong>O novo ecr\u00e3, claro e suave, gra\u00e7as \u00e0 sua elevada frequ\u00eancia de\u00a0<strong>60 Hz<\/strong>.<\/li>\n<li><span style=\"color: #0000ff;\"><strong>Elevado alcance de dete\u00e7\u00e3o<\/strong><\/span><br \/>\nCapaz de detetar assinaturas t\u00e9rmicas at\u00e9\u00a0<strong>2 597 m<\/strong>Isto torna-a numa ferramenta ideal para ca\u00e7ar a longas dist\u00e2ncias.<\/li>\n<li><span style=\"color: #0000ff;\"><strong>Tel\u00e9metro laser integrado (LRF)<\/strong><\/span><br \/>\nO tel\u00e9metro alcan\u00e7a at\u00e9\u00a0<strong>1 200 m<\/strong>alinhado com o eixo \u00f3tico para levar a sua precis\u00e3o para o n\u00edvel seguinte.<\/li>\n<li><span style=\"color: #0000ff;\"><strong>Ecr\u00e3 AMOLED 2K Ultra-HD<\/strong><\/span><br \/>\nEcr\u00e3 circular de\u00a0<strong>2560 \u00d7 2560 px<\/strong> que proporciona uma visualiza\u00e7\u00e3o envolvente, contrastes vibrantes e detalhes n\u00edtidos.<\/li>\n<li><span style=\"color: #0000ff;\"><strong>Processamento avan\u00e7ado MATRIX III<\/strong><\/span><br \/>\nInclui corre\u00e7\u00e3o e otimiza\u00e7\u00e3o autom\u00e1ticas da imagem para obter imagens mais n\u00edtidas, sem ajustes manuais.<\/li>\n<li><span style=\"color: #0000ff;\"><strong>Design robusto e confort\u00e1vel<\/strong><\/span><br \/>\nIntegrado\u00a0<strong>liga de magn\u00e9sio<\/strong>Resiste a impactos graves, tem uma classifica\u00e7\u00e3o IP67 e proporciona uma dura\u00e7\u00e3o de bateria superior a\u00a0<strong>5 horas<\/strong> com bateria substitu\u00edvel ou utiliza\u00e7\u00e3o USB-C.<\/li>\n<li><span style=\"color: #0000ff;\"><strong>Fun\u00e7\u00f5es pr\u00e1ticas integradas<\/strong><\/span><br \/>\nInclui grava\u00e7\u00e3o autom\u00e1tica ap\u00f3s disparo, porta de carregamento magn\u00e9tico, mem\u00f3ria interna de\u00a0<strong>32 GB<\/strong>interface intuitiva e sistema PiP (Picture-in-Picture).<\/li>\n<\/ul>\n<p>&nbsp;<\/p>\n<h3>Funcionalidades avan\u00e7adas:<\/h3>\n<ul>\n<li>Sensor (px): 640\u00d7512<\/li>\n<li>Tamanho do pixel (\u03bcm): 12<\/li>\n<li>NETD (mK): \u226415mK<\/li>\n<li>Velocidade de fotogramas (Hz): 60<\/li>\n<li>Lente objetiva (mm): 50-75<\/li>\n<li>Amplia\u00e7\u00e3o: 3~24 (RH50R) - 4~32 (RH75R)<\/li>\n<li>Alcance de dete\u00e7\u00e3o (m): 2600 (RH50R) - 3896 (RH75R)<\/li>\n<li>Medidor de dist\u00e2ncia (metros): 1200<\/li>\n<li>Cor: preto<\/li>\n<li>Campo de vis\u00e3o (graus): 8,8 x 6,6 (RH50R) - 5,9\u00d74,7 (RH75R)<\/li>\n<li>Campo de vis\u00e3o (m\/100 m): 15,4 x 11,5 (RH50R) - 10,3\u00d78,2 (RH75R)<\/li>\n<li>Ajuste da dioptria (dpt): -5~+5<\/li>\n<li>Di\u00e2metro da pupila de sa\u00edda: 23<\/li>\n<li>Dist\u00e2ncia ocular-olho (mm): 60<\/li>\n<li>Pot\u00eancia m\u00e1xima de recuo da pistola (g\/s\u00b2): 6000<\/li>\n<li>Tipo de ecr\u00e3: AMOLED<\/li>\n<li>Resolu\u00e7\u00e3o do ecr\u00e3 (px): 2560\u00d72560<\/li>\n<li>Tempo de funcionamento (22\u00b0C\/h): 5,5<\/li>\n<li>Mem\u00f3ria (gb): 32<\/li>\n<li>Peso (gr): 926 (RH50R) - 1250 (RH75R)<\/li>\n<li>Tipo de bateria: Externa<\/li>\n<li>Bateria: Pacote de l\u00edtio 2<\/li>\n<li>Temperatura de funcionamento (\u00baC): -20 ~ +50<\/li>\n<li>Dimens\u00f5es (cm): 296x78x76 (RH50R) - 336x116x90 (RH75R)<\/li>\n<\/ul>\n<ul>\n<li>Inclui o videosc\u00f3pio RICO 2, cart\u00e3o de zeragem, pano de microfibra, bateria IBP-5 de 4400 mAh, carregador, USB-C, carregador magn\u00e9tico, guia de in\u00edcio r\u00e1pido, adaptador\/guia e hardware de montagem e bolsa de transporte.<\/li>\n<\/ul>\n<p>&nbsp;<\/p>\n<h3 data-rm-block-id=\"block-42\">GARANTIA<\/h3>\n<p data-rm-block-id=\"block-43\">A NOCPIX oferece uma garantia de dez anos para o sensor, dois anos para a bateria e tr\u00eas anos para o instrumento e m\u00e3o de obra. A garantia n\u00e3o cobre perdas ou danos causados por abuso, utiliza\u00e7\u00e3o incorrecta, acidente, neglig\u00eancia ou desmontagem.<\/p>\n<p>&nbsp;<\/p>","protected":false},"excerpt":{"rendered":"<h3>Visor t\u00e9rmico Nocpix\u00a0<strong>RICO 2 RH50R<\/strong><\/h3>\n<h3><strong>Alta resolu\u00e7\u00e3o, ecr\u00e3 2K, tel\u00e9metro integrado e design profissional para longas dist\u00e2ncias. \u00c9 a mira telesc\u00f3pica t\u00e9rmica que faz a diferen\u00e7a na ca\u00e7a a longa dist\u00e2ncia. Oferece alta resolu\u00e7\u00e3o, visor envolvente de 2K, tel\u00e9metro integrado e bateria intercambi\u00e1vel - tudo numa embalagem ergon\u00f3mica e robusta constru\u00edda para durar.<\/strong><\/h3>","protected":false},"featured_media":25561,"template":"","meta":[],"product_brand":[],"product_cat":[191,144,146],"product_tag":[],"class_list":{"0":"post-25560","1":"product","2":"type-product","3":"status-publish","4":"has-post-thumbnail","6":"product_cat-nocpix","7":"product_cat-vision-termica","8":"product_cat-visores-termicos","10":"first","11":"instock","12":"taxable","13":"shipping-taxable","14":"purchasable","15":"product-type-simple","16":"add-to-wishlist-after_add_to_cart"},"_links":{"self":[{"href":"https:\/\/dinaturez.com\/pt\/wp-json\/wp\/v2\/product\/25560","targetHints":{"allow":["GET"]}}],"collection":[{"href":"https:\/\/dinaturez.com\/pt\/wp-json\/wp\/v2\/product"}],"about":[{"href":"https:\/\/dinaturez.com\/pt\/wp-json\/wp\/v2\/types\/product"}],"wp:featuredmedia":[{"embeddable":true,"href":"https:\/\/dinaturez.com\/pt\/wp-json\/wp\/v2\/media\/25561"}],"wp:attachment":[{"href":"https:\/\/dinaturez.com\/pt\/wp-json\/wp\/v2\/media?parent=25560"}],"wp:term":[{"taxonomy":"product_brand","embeddable":true,"href":"https:\/\/dinaturez.com\/pt\/wp-json\/wp\/v2\/product_brand?post=25560"},{"taxonomy":"product_cat","embeddable":true,"href":"https:\/\/dinaturez.com\/pt\/wp-json\/wp\/v2\/product_cat?post=25560"},{"taxonomy":"product_tag","embeddable":true,"href":"https:\/\/dinaturez.com\/pt\/wp-json\/wp\/v2\/product_tag?post=25560"}],"curies":[{"name":"wp","href":"https:\/\/api.w.org\/{rel}","templated":true}]}}