{"id":25553,"date":"2025-08-17T00:07:52","date_gmt":"2025-08-16T22:07:52","guid":{"rendered":"https:\/\/dinaturez.com\/?post_type=product&#038;p=25553"},"modified":"2025-09-18T18:30:04","modified_gmt":"2025-09-18T16:30:04","slug":"visor-termico-rico-2-rl42r-nocpix","status":"publish","type":"product","link":"https:\/\/dinaturez.com\/pt\/product\/visor-termico-rico-2-rl42r-nocpix\/","title":{"rendered":"RICO 2 RL42R NOCPIX Visor t\u00e9rmico RICO 2 RL42R NOCPIX"},"content":{"rendered":"<h3>Visor t\u00e9rmico Nocpix\u00a0<strong>RICO 2 RL42R<\/strong><\/h3>\n<h3><strong>Vis\u00e3o t\u00e9rmica de longo alcance, tel\u00e9metro integrado e design profissional.<\/strong><\/h3>\n<h3>\u00c9 a refer\u00eancia para o tiro a longa dist\u00e2ncia: combinando precis\u00e3o t\u00e9rmica de \u00faltima gera\u00e7\u00e3o, zoom fluido, tel\u00e9metro integrado e design ergon\u00f3mico, \u00e9 ideal para ca\u00e7adores e profissionais que exigem a m\u00e1xima fiabilidade sem sacrificar a facilidade de utiliza\u00e7\u00e3o.<\/h3>\n<h3>A s\u00e9rie RICO 2 possui um ecr\u00e3 maior de 1,03 polegadas com uma impressionante resolu\u00e7\u00e3o de 2560\u00d72560, proporcionando aos utilizadores uma experi\u00eancia de visualiza\u00e7\u00e3o envolvente que aumenta a nitidez e os detalhes. Este ecr\u00e3 de alta resolu\u00e7\u00e3o permite aos ca\u00e7adores verem o que os rodeia com uma nitidez excecional, facilitando a dete\u00e7\u00e3o e identifica\u00e7\u00e3o de alvos, mesmo em condi\u00e7\u00f5es de pouca luz.<\/h3>\n<p>&nbsp;<\/p>\n<p><img decoding=\"async\" class=\"alignnone size-medium wp-image-25559\" src=\"https:\/\/dinaturez.com\/wp-content\/uploads\/2025\/08\/1920X9401-300x147.jpg\" alt=\"\" width=\"300\" height=\"147\" srcset=\"https:\/\/dinaturez.com\/wp-content\/uploads\/2025\/08\/1920X9401-300x147.jpg 300w, https:\/\/dinaturez.com\/wp-content\/uploads\/2025\/08\/1920X9401-1024x501.jpg 1024w, https:\/\/dinaturez.com\/wp-content\/uploads\/2025\/08\/1920X9401-768x376.jpg 768w, https:\/\/dinaturez.com\/wp-content\/uploads\/2025\/08\/1920X9401-340x166.jpg 340w, https:\/\/dinaturez.com\/wp-content\/uploads\/2025\/08\/1920X9401-1536x752.jpg 1536w, https:\/\/dinaturez.com\/wp-content\/uploads\/2025\/08\/1920X9401-18x9.jpg 18w, https:\/\/dinaturez.com\/wp-content\/uploads\/2025\/08\/1920X9401-1000x490.jpg 1000w, https:\/\/dinaturez.com\/wp-content\/uploads\/2025\/08\/1920X9401-1300x636.jpg 1300w, https:\/\/dinaturez.com\/wp-content\/uploads\/2025\/08\/1920X9401.jpg 1920w\" sizes=\"(max-width: 300px) 100vw, 300px\" \/><\/p>\n<p>&nbsp;<\/p>\n<ul>\n<li><span style=\"color: #0000ff;\"><strong>Sensor potente e sens\u00edvel<\/strong><\/span><br \/>\nIncorpora um n\u00facleo t\u00e9rmico de alto desempenho com resolu\u00e7\u00e3o\u00a0<strong>1280\u00d71024 px<\/strong>\u00a0ou alternativa de\u00a0<strong>384\u00d7288 px<\/strong>\u00a0(12 \u00b5m), com uma sensibilidade excecional de\u00a0<strong>NETD \u2264 15 mK<\/strong>\u00a0e refresco de\u00a0<strong>60 Hz<\/strong>A nova c\u00e2mara foi concebida para fornecer imagens detalhadas e reactivas, mesmo em condi\u00e7\u00f5es dif\u00edceis.<\/li>\n<li><span style=\"color: #0000ff;\"><strong>\u00d3tica avan\u00e7ada para longo alcance<\/strong><\/span><br \/>\nPara al\u00e9m da robustez geral da s\u00e9rie, o modelo RL42R apresenta uma\u00a0<strong>42 mm F\/1.0<\/strong>O grande di\u00e2metro \u00f3tico melhora significativamente a recolha da radia\u00e7\u00e3o t\u00e9rmica e alarga a gama de dete\u00e7\u00e3o para\u00a0<strong>~2 200 m<\/strong>\u00a0ou mesmo mais em condi\u00e7\u00f5es favor\u00e1veis.<\/li>\n<li><span style=\"color: #0000ff;\"><strong>Tel\u00e9metro laser integrado (LRF)<\/strong><\/span><br \/>\nPode medir dist\u00e2ncias at\u00e9\u00a0<strong>1 200 m<\/strong> precis\u00e3o, perfeitamente alinhada com o eixo \u00f3tico, ideal para c\u00e1lculos bal\u00edsticos e ajustes r\u00e1pidos a partir da mira da espingarda.<\/li>\n<li><span style=\"color: #0000ff;\"><strong>Processamento inteligente e c\u00e1lculo bal\u00edstico<\/strong><\/span><br \/>\nInclui um sistema autom\u00e1tico de corre\u00e7\u00e3o de imagem e c\u00e1lculo bal\u00edstico integrado: ajusta automaticamente os valores com base no ret\u00edculo escolhido e no alcance medido.<\/li>\n<li><span style=\"color: #0000ff;\"><strong>Ecr\u00e3 Surround AMOLED Ultra-HD<\/strong><\/span><br \/>\nTem um ecr\u00e3 OLED de\u00a0<strong>1,03\u2033 e 2560\u00d72560 px<\/strong>A nova lente oferece uma vis\u00e3o clara e sem distor\u00e7\u00e3o, complementada por um elevado conforto visual e um amplo al\u00edvio ocular.<\/li>\n<li><span style=\"color: #0000ff;\"><strong>Zoom cont\u00ednuo do tipo LPVO<\/strong><\/span><br \/>\nO controlo por joystick permite um ajuste suave da amplia\u00e7\u00e3o entre \u00f3tica e digital, com ret\u00edculos personaliz\u00e1veis e navega\u00e7\u00e3o intuitiva, mesmo com luvas.<\/li>\n<li><span style=\"color: #0000ff;\"><strong>Design robusto e bateria dupla intercambi\u00e1vel<\/strong><\/span><br \/>\nConstru\u00e7\u00e3o em liga de magn\u00e9sio (Mg), resistente a impactos e condi\u00e7\u00f5es extremas, com bateria recarreg\u00e1vel\u00a0<em>troca a quente<\/em>\u00a0(sistema de troca r\u00e1pida), bateria de longa dura\u00e7\u00e3o e porta de carregamento magn\u00e9tica para prote\u00e7\u00e3o no terreno.<\/li>\n<\/ul>\n<p>&nbsp;<\/p>\n<h3>Funcionalidades avan\u00e7adas:<\/h3>\n<ul>\n<li>Sensor (px): 384\u00d7288<\/li>\n<li>Tamanho do pixel (\u03bcm): 12<\/li>\n<li>NETD (mK): \u226418mK<\/li>\n<li>Velocidade de fotogramas (Hz): 60<\/li>\n<li>Lente objetiva (mm): 42<\/li>\n<li>Amplia\u00e7\u00e3o: 4~16<\/li>\n<li>Alcance de dete\u00e7\u00e3o (m): 2197<\/li>\n<li>Medidor de dist\u00e2ncia (metros): 1200<\/li>\n<li>Cor: preto<\/li>\n<li>Campo de vis\u00e3o (graus): 6,3\u00d74,7<\/li>\n<li>Campo de vis\u00e3o (m\/100 m): 11\u00d78,2<\/li>\n<li>Ajuste da dioptria (dpt): -5~+5<\/li>\n<li>Di\u00e2metro da pupila de sa\u00edda: 23<\/li>\n<li>Dist\u00e2ncia ocular-olho (mm): 60<\/li>\n<li>Pot\u00eancia m\u00e1xima de recuo da pistola (g\/s\u00b2): 6000<\/li>\n<li>Tipo de ecr\u00e3: AMOLED<\/li>\n<li>Resolu\u00e7\u00e3o do ecr\u00e3 (px): 2560\u00d72560<\/li>\n<li>Tempo de funcionamento (22\u00b0C\/h): 5,5<\/li>\n<li>Fonte de alimenta\u00e7\u00e3o externa: 5V (Tipo C)<\/li>\n<li>\u00cdndice de prote\u00e7\u00e3o: IP67<\/li>\n<li>Mem\u00f3ria (gb): 32<\/li>\n<li>Peso (gr): 900<\/li>\n<li>Tipo de bateria: Externa<\/li>\n<li>Bateria: Pacote de l\u00edtio 2<\/li>\n<li>Temperatura de funcionamento (\u00baC): -20 ~ +50<\/li>\n<li>Dimens\u00f5es (cm): 296x78x76<\/li>\n<\/ul>\n<ul>\n<li>Inclui o videosc\u00f3pio RICO 2, cart\u00e3o de zeragem, pano de microfibra, bateria IBP-5 de 4400 mAh, carregador, USB-C, carregador magn\u00e9tico, guia de in\u00edcio r\u00e1pido, adaptador\/guia e hardware de montagem e bolsa de transporte.<\/li>\n<\/ul>\n<p>&nbsp;<\/p>\n<h3 data-rm-block-id=\"block-42\">GARANTIA<\/h3>\n<p data-rm-block-id=\"block-43\">A NOCPIX oferece uma garantia de dez anos para o sensor, dois anos para a bateria e tr\u00eas anos para o instrumento e m\u00e3o de obra. A garantia n\u00e3o cobre perdas ou danos causados por abuso, utiliza\u00e7\u00e3o incorrecta, acidente, neglig\u00eancia ou desmontagem.<\/p>\n<p>&nbsp;<\/p>","protected":false},"excerpt":{"rendered":"<h3>Visor t\u00e9rmico Nocpix\u00a0<strong>RICO 2 RL42R<\/strong><\/h3>\n<h3><strong>Vis\u00e3o t\u00e9rmica de longo alcance, tel\u00e9metro integrado e design profissional. <\/strong>\u00c9 a refer\u00eancia para o tiro a longa dist\u00e2ncia: combinando precis\u00e3o t\u00e9rmica de \u00faltima gera\u00e7\u00e3o, zoom fluido, tel\u00e9metro integrado e design ergon\u00f3mico, \u00e9 ideal para ca\u00e7adores e profissionais que exigem a m\u00e1xima fiabilidade sem sacrificar a facilidade de utiliza\u00e7\u00e3o.<\/h3>\n<h3>A s\u00e9rie RICO 2 possui um ecr\u00e3 maior de 1,03 polegadas com uma impressionante resolu\u00e7\u00e3o de 2560\u00d72560, proporcionando aos utilizadores uma experi\u00eancia de visualiza\u00e7\u00e3o envolvente que aumenta a nitidez e os detalhes. Este ecr\u00e3 de alta resolu\u00e7\u00e3o permite aos ca\u00e7adores verem o que os rodeia com uma nitidez excecional, facilitando a dete\u00e7\u00e3o e identifica\u00e7\u00e3o de alvos, mesmo em condi\u00e7\u00f5es de pouca luz.<\/h3>\n<p>&nbsp;<\/p>","protected":false},"featured_media":25554,"template":"","meta":[],"product_brand":[],"product_cat":[191,144,146],"product_tag":[],"class_list":{"0":"post-25553","1":"product","2":"type-product","3":"status-publish","4":"has-post-thumbnail","6":"product_cat-nocpix","7":"product_cat-vision-termica","8":"product_cat-visores-termicos","10":"first","11":"instock","12":"taxable","13":"shipping-taxable","14":"purchasable","15":"product-type-simple","16":"add-to-wishlist-after_add_to_cart"},"_links":{"self":[{"href":"https:\/\/dinaturez.com\/pt\/wp-json\/wp\/v2\/product\/25553","targetHints":{"allow":["GET"]}}],"collection":[{"href":"https:\/\/dinaturez.com\/pt\/wp-json\/wp\/v2\/product"}],"about":[{"href":"https:\/\/dinaturez.com\/pt\/wp-json\/wp\/v2\/types\/product"}],"wp:featuredmedia":[{"embeddable":true,"href":"https:\/\/dinaturez.com\/pt\/wp-json\/wp\/v2\/media\/25554"}],"wp:attachment":[{"href":"https:\/\/dinaturez.com\/pt\/wp-json\/wp\/v2\/media?parent=25553"}],"wp:term":[{"taxonomy":"product_brand","embeddable":true,"href":"https:\/\/dinaturez.com\/pt\/wp-json\/wp\/v2\/product_brand?post=25553"},{"taxonomy":"product_cat","embeddable":true,"href":"https:\/\/dinaturez.com\/pt\/wp-json\/wp\/v2\/product_cat?post=25553"},{"taxonomy":"product_tag","embeddable":true,"href":"https:\/\/dinaturez.com\/pt\/wp-json\/wp\/v2\/product_tag?post=25553"}],"curies":[{"name":"wp","href":"https:\/\/api.w.org\/{rel}","templated":true}]}}