{"id":25515,"date":"2025-08-08T15:00:33","date_gmt":"2025-08-08T13:00:33","guid":{"rendered":"https:\/\/dinaturez.com\/?post_type=product&#038;p=25515"},"modified":"2025-09-18T18:22:43","modified_gmt":"2025-09-18T16:22:43","slug":"visor-termico-ace-al35-nocpix","status":"publish","type":"product","link":"https:\/\/dinaturez.com\/pt\/product\/visor-termico-ace-al35-nocpix\/","title":{"rendered":"Visor t\u00e9rmico ACE AL35 NOCPIX"},"content":{"rendered":"<h3 data-rm-block-id=\"block-1\"><strong>Descubra a Nocpix ACE L35: a mira t\u00e9rmica para espingardas que combina pot\u00eancia e facilidade de utiliza\u00e7\u00e3o no terreno.<\/strong><\/h3>\n<h3 data-rm-block-id=\"block-2\">O\u00a0<strong>Nocpix ACE L35<\/strong>\u00a0oferece um equil\u00edbrio excecional entre desempenho avan\u00e7ado e facilidade de utiliza\u00e7\u00e3o. O seu sensor sens\u00edvel e o ecr\u00e3 AMOLED de alta resolu\u00e7\u00e3o proporcionam imagens superiores, enquanto a lupa \u00f3tica mant\u00e9m a qualidade visual sem distor\u00e7\u00e3o. Com a sua bateria dupla, design robusto e funcionalidades inteligentes, como a grava\u00e7\u00e3o autom\u00e1tica e a liga\u00e7\u00e3o m\u00f3vel, \u00e9 o companheiro ideal para o ca\u00e7ador exigente. Perfeita para ca\u00e7adas t\u00e1cticas, ca\u00e7adas nocturnas e ambientes dif\u00edceis, esta mira t\u00e9rmica para espingardas eleva a sua experi\u00eancia a um novo patamar.<\/h3>\n<p>&nbsp;<\/p>\n<div style=\"width: 720px;\" class=\"wp-video\"><video class=\"wp-video-shortcode\" id=\"video-25515-1\" width=\"720\" height=\"720\" preload=\"metadata\" controls=\"controls\"><source type=\"video\/mp4\" src=\"https:\/\/dinaturez.com\/wp-content\/uploads\/2025\/08\/1.mp4?_=1\" \/><a href=\"https:\/\/dinaturez.com\/wp-content\/uploads\/2025\/08\/1.mp4\">https:\/\/dinaturez.com\/wp-content\/uploads\/2025\/08\/1.mp4<\/a><\/video><\/div>\n<p data-rm-block-id=\"block-5\">\n<p data-rm-block-id=\"block-5\"><span style=\"color: #0000ff;\"><strong>Vis\u00e3o t\u00e9rmica de elevado desempenho:<\/strong><\/span><br \/>\nEquipado com um sensor t\u00e9rmico de 384\u00d7288 (12 \u00b5m) e uma sensibilidade \u226418 mK, o ACE L35 proporciona imagens n\u00edtidas e detalhadas, mesmo na escurid\u00e3o total ou em condi\u00e7\u00f5es adversas. O ecr\u00e3 AMOLED redondo de alta resolu\u00e7\u00e3o (2560\u00d72560) permite uma visualiza\u00e7\u00e3o clara e confort\u00e1vel.<\/p>\n<p data-rm-block-id=\"block-6\"><span style=\"color: #0000ff;\"><strong>Amplia\u00e7\u00e3o \u00f3tica sem comprometer a qualidade:<\/strong><\/span><br \/>\nPossui uma lupa ocular \u00f3tica de 1-3\u00d7 que amplia a imagem sem recorrer ao zoom digital, evitando distor\u00e7\u00f5es e mantendo o ret\u00edculo bem alinhado.<\/p>\n<p data-rm-block-id=\"block-7\"><span style=\"color: #0000ff;\"><strong>Sistema de alimenta\u00e7\u00e3o dupla para uma autonomia m\u00e1xima:<\/strong><\/span><br \/>\nAlimentado por uma bateria interna recarreg\u00e1vel via USB-C e por baterias 18650 intercambi\u00e1veis, permitindo-lhe continuar a trabalhar sem interrup\u00e7\u00f5es. Funciona durante mais de 7 horas no total.<\/p>\n<p data-rm-block-id=\"block-8\"><span style=\"color: #0000ff;\"><strong>Robusto e fi\u00e1vel em qualquer ambiente:<\/strong><\/span><br \/>\nConstru\u00e7\u00e3o em liga de alum\u00ednio com prote\u00e7\u00e3o IP 67 contra \u00e1gua e poeira. Concebida para resistir a temperaturas extremas (aprox. -20 \u00b0C a +50 \u00b0C) e ao recuo de espingardas potentes.<\/p>\n<p data-rm-block-id=\"block-9\"><span style=\"color: #0000ff;\"><strong>Fun\u00e7\u00f5es pr\u00e1ticas para o ca\u00e7ador moderno:<\/strong><\/span><\/p>\n<ul>\n<li>\n<p data-rm-block-id=\"block-10\">Grava\u00e7\u00e3o RAV incorporada e 64 GB de armazenamento .<\/p>\n<\/li>\n<li>\n<p data-rm-block-id=\"block-11\">Conectividade Wi-Fi e controlo por aplica\u00e7\u00e3o m\u00f3vel.<\/p>\n<\/li>\n<li>\n<p data-rm-block-id=\"block-12\">Ampla sele\u00e7\u00e3o de paletas t\u00e9rmicas (White Hot, Black Hot, Red Hot, Color, Viridian, Violet, Crimson) e fun\u00e7\u00e3o Picture-in-Picture para vistas detalhadas.<\/p>\n<\/li>\n<li>\n<p data-rm-block-id=\"block-12\">Controlos simplificados para uma experi\u00eancia de campo intuitiva.<\/p>\n<\/li>\n<\/ul>\n<p>&nbsp;<\/p>\n<h3 data-rm-block-id=\"block-15\">Funcionalidades avan\u00e7adas:<\/h3>\n<ul class=\"compare_item\">\n<li>\n<p data-rm-block-id=\"block-16\">Sensor t\u00e9rmico: 384 x 288 e 12 \u03bcm<\/p>\n<\/li>\n<\/ul>\n<ul class=\"compare_item\">\n<li>\n<p data-rm-block-id=\"block-17\">NETD, mK: \u2264 18<\/p>\n<\/li>\n<\/ul>\n<ul class=\"compare_item\">\n<li>\n<p data-rm-block-id=\"block-18\">Taxa de fotogramas, Hz: 60<\/p>\n<\/li>\n<\/ul>\n<ul class=\"compare_item\">\n<li>\n<p data-rm-block-id=\"block-19\">Objetiva da lente: 35 mm F0.9<\/p>\n<\/li>\n<\/ul>\n<ul class=\"compare_item\">\n<li>\n<p data-rm-block-id=\"block-20\">Campo de vis\u00e3o (H\u00d7V), \u00b0\/m a 100 m: 7,5 x 5,7\/13 x 10<\/p>\n<\/li>\n<\/ul>\n<ul class=\"compare_item\">\n<li>\n<p data-rm-block-id=\"block-21\">Amplia\u00e7\u00e3o, \u00d7: 4~16<\/p>\n<\/li>\n<\/ul>\n<ul class=\"compare_item\">\n<li>\n<p data-rm-block-id=\"block-22\">Zoom ocular, \u00d7: 1~3<\/p>\n<\/li>\n<\/ul>\n<ul class=\"compare_item\">\n<li>\n<p data-rm-block-id=\"block-23\">Alcance do detetor, m [dimens\u00e3o do alvo: 1,7 m \u00d7 0,5 m, P(n) = 99%]: 1800<\/p>\n<\/li>\n<\/ul>\n<ul class=\"compare_item\">\n<li>\n<p data-rm-block-id=\"block-24\">Al\u00edvio de sa\u00edda, mm: 50<\/p>\n<\/li>\n<\/ul>\n<ul class=\"compare_item\">\n<li>\n<p data-rm-block-id=\"block-25\">Di\u00e2metro da pupila de sa\u00edda: 8 mm<\/p>\n<\/li>\n<\/ul>\n<ul class=\"compare_item\">\n<li>\n<p data-rm-block-id=\"block-26\">Dioptria, D: -5~5<\/p>\n<\/li>\n<\/ul>\n<ul class=\"compare_item\">\n<li>\n<p data-rm-block-id=\"block-27\">Tipo: AMOLED de 1,03 polegadas<\/p>\n<\/li>\n<\/ul>\n<ul class=\"compare_item\">\n<li>\n<p data-rm-block-id=\"block-28\">Resolu\u00e7\u00e3o: 2560\u00d72560<\/p>\n<\/li>\n<\/ul>\n<ul class=\"compare_item\">\n<li>\n<p data-rm-block-id=\"block-29\">Bateria: Bateria 18650 de 4000 mAh incorporada<\/p>\n<\/li>\n<\/ul>\n<ul class=\"compare_item\">\n<li>\n<p data-rm-block-id=\"block-30\">Tempo m\u00e1ximo de funcionamento (t=22\u2103)h: 7<\/p>\n<\/li>\n<\/ul>\n<ul class=\"compare_item\">\n<li>\n<p data-rm-block-id=\"block-31\">Dist\u00e2ncia de alcance LRF, m: -<\/p>\n<\/li>\n<\/ul>\n<ul class=\"compare_item\">\n<li>\n<p data-rm-block-id=\"block-32\">C\u00e1lculo bal\u00edstico: -<\/p>\n<\/li>\n<\/ul>\n<ul class=\"compare_item\">\n<li>\n<p data-rm-block-id=\"block-33\">Fotografia, v\u00eddeo e grava\u00e7\u00e3o de \u00e1udio: Sim<\/p>\n<\/li>\n<\/ul>\n<ul class=\"compare_item\">\n<li>\n<p data-rm-block-id=\"block-34\">Capacidade da mem\u00f3ria, GB: 64<\/p>\n<\/li>\n<\/ul>\n<ul class=\"compare_item\">\n<li>\n<p data-rm-block-id=\"block-35\">WIFI e aplica\u00e7\u00e3o: Sim<\/p>\n<\/li>\n<\/ul>\n<ul class=\"compare_item\">\n<li>\n<p data-rm-block-id=\"block-36\">Peso, g (com bateria): 1050<\/p>\n<\/li>\n<\/ul>\n<ul class=\"compare_item\">\n<li>\n<p data-rm-block-id=\"block-37\">Dimens\u00f5es, mm: 350\u00d790\u00d762<\/p>\n<\/li>\n<\/ul>\n<p>&nbsp;<\/p>\n<h3 data-rm-block-id=\"block-39\">Apresentamos a s\u00e9rie ACE, a principal mira telesc\u00f3pica t\u00e9rmica concebida para todos os ambientes de ca\u00e7a. Possui um sensor t\u00e9rmico de alta resolu\u00e7\u00e3o desenvolvido internamente, LRF integrado e sistemas avan\u00e7ados Reality+ e Vision+. Proporciona uma qualidade de imagem sem paralelo e um desempenho superior.<\/h3>\n<h3 data-rm-block-id=\"block-40\">Equipado com um sensor t\u00e9rmico HD Gen-2 que oferece uma resolu\u00e7\u00e3o at\u00e9 1280\u00d71024 e uma taxa de fotogramas at\u00e9 60 Hz, o ACE proporciona um desempenho est\u00e1vel com um NETD\u226415mK. Isto permite-lhe detetar at\u00e9 as mais pequenas varia\u00e7\u00f5es de temperatura, resultando em imagens t\u00e9rmicas excecionalmente detalhadas e suaves, mesmo quando segue presas em movimento r\u00e1pido.<\/h3>\n<p>&nbsp;<\/p>\n<h3 data-rm-block-id=\"block-42\">GARANTIA<\/h3>\n<p data-rm-block-id=\"block-43\">A NOCPIX oferece uma garantia de dez anos para o sensor, dois anos para a bateria e tr\u00eas anos para o instrumento e m\u00e3o de obra. A garantia n\u00e3o cobre perdas ou danos causados por abuso, utiliza\u00e7\u00e3o incorrecta, acidente, neglig\u00eancia ou desmontagem.<\/p>\n<p data-rm-block-id=\"block-44\">","protected":false},"excerpt":{"rendered":"<h3>O\u00a0<strong>Nocpix ACE L35<\/strong>\u00a0oferece um equil\u00edbrio excecional entre desempenho avan\u00e7ado e facilidade de utiliza\u00e7\u00e3o. O seu sensor sens\u00edvel e o ecr\u00e3 AMOLED de alta resolu\u00e7\u00e3o proporcionam imagens superiores, enquanto a lupa \u00f3tica mant\u00e9m a qualidade visual sem distor\u00e7\u00e3o. Com a sua bateria dupla, design robusto e funcionalidades inteligentes, como a grava\u00e7\u00e3o autom\u00e1tica e a liga\u00e7\u00e3o m\u00f3vel, \u00e9 o companheiro ideal para o ca\u00e7ador exigente. Perfeita para ca\u00e7adas t\u00e1cticas, ca\u00e7adas nocturnas e ambientes dif\u00edceis, esta mira t\u00e9rmica para espingardas eleva a sua experi\u00eancia a um novo patamar.<\/h3>","protected":false},"featured_media":25518,"template":"","meta":[],"product_brand":[],"product_cat":[191,144,146],"product_tag":[],"class_list":{"0":"post-25515","1":"product","2":"type-product","3":"status-publish","4":"has-post-thumbnail","6":"product_cat-nocpix","7":"product_cat-vision-termica","8":"product_cat-visores-termicos","10":"first","11":"instock","12":"taxable","13":"shipping-taxable","14":"purchasable","15":"product-type-simple","16":"add-to-wishlist-after_add_to_cart"},"_links":{"self":[{"href":"https:\/\/dinaturez.com\/pt\/wp-json\/wp\/v2\/product\/25515","targetHints":{"allow":["GET"]}}],"collection":[{"href":"https:\/\/dinaturez.com\/pt\/wp-json\/wp\/v2\/product"}],"about":[{"href":"https:\/\/dinaturez.com\/pt\/wp-json\/wp\/v2\/types\/product"}],"wp:featuredmedia":[{"embeddable":true,"href":"https:\/\/dinaturez.com\/pt\/wp-json\/wp\/v2\/media\/25518"}],"wp:attachment":[{"href":"https:\/\/dinaturez.com\/pt\/wp-json\/wp\/v2\/media?parent=25515"}],"wp:term":[{"taxonomy":"product_brand","embeddable":true,"href":"https:\/\/dinaturez.com\/pt\/wp-json\/wp\/v2\/product_brand?post=25515"},{"taxonomy":"product_cat","embeddable":true,"href":"https:\/\/dinaturez.com\/pt\/wp-json\/wp\/v2\/product_cat?post=25515"},{"taxonomy":"product_tag","embeddable":true,"href":"https:\/\/dinaturez.com\/pt\/wp-json\/wp\/v2\/product_tag?post=25515"}],"curies":[{"name":"wp","href":"https:\/\/api.w.org\/{rel}","templated":true}]}}