{"id":25502,"date":"2025-08-07T10:57:18","date_gmt":"2025-08-07T08:57:18","guid":{"rendered":"https:\/\/dinaturez.com\/?post_type=product&#038;p=25502"},"modified":"2026-02-06T11:11:40","modified_gmt":"2026-02-06T10:11:40","slug":"binocular-termico-quest-qh50r","status":"publish","type":"product","link":"https:\/\/dinaturez.com\/pt\/product\/binocular-termico-quest-qh50r\/","title":{"rendered":"Bin\u00f3culo t\u00e9rmico QUEST H50R NOCPIX"},"content":{"rendered":"<h3>O bin\u00f3culo t\u00e9rmico QUEST H50R oferece tecnologia avan\u00e7ada com sensor 640\u00d7512, lente de 50 mm e tel\u00e9metro laser integrado.<\/h3>\n<h3>Concebidos para profissionais exigentes, estes bin\u00f3culos combinam precis\u00e3o, ergonomia e robustez num formato binocular confort\u00e1vel e potente.<\/h3>\n<h3>Sensor de alta resolu\u00e7\u00e3o, tel\u00e9metro laser preciso, ecr\u00e3 AMOLED, zoom potente, bateria amov\u00edvel e robustez para condi\u00e7\u00f5es extremas. Ideal para ca\u00e7a, vigil\u00e2ncia profissional ou salvamento t\u00e9cnico no exterior.<\/h3>\n<p>&nbsp;<\/p>\n<ul>\n<li><span style=\"color: #0000ff;\"><strong>Sensor t\u00e9rmico profissional 640\u00d7512:<\/strong> <\/span>com p\u00edxeis de 12 \u00b5m, NETD \u2264 15 mK e taxa de atualiza\u00e7\u00e3o de 60 Hz para imagens n\u00edtidas mesmo em condi\u00e7\u00f5es dif\u00edceis.<\/li>\n<li><span style=\"color: #0000ff;\"><strong>Objetiva 50 mm F\/1.1:<\/strong> <\/span>e zoom digital entre 4\u00d7 e at\u00e9 32\u00d7, ideal para observa\u00e7\u00e3o \u00e0 dist\u00e2ncia.<\/li>\n<li><span style=\"color: #0000ff;\"><strong>Ecr\u00e3 duplo AMOLED:<\/strong><\/span> alta resolu\u00e7\u00e3o (1920 \u00d7 1200 px em cada ocular), com corre\u00e7\u00e3o de dioptria independente para cada olho.<\/li>\n<li><span style=\"color: #0000ff;\"><strong>Tel\u00e9metro laser integrado (LRF):<\/strong>\u00a0<\/span>com um alcance de at\u00e9\u00a0<strong>1 000 jardas (\u2248 915 m)<\/strong>pronto para medi\u00e7\u00f5es instant\u00e2neas e exactas.<\/li>\n<li><span style=\"color: #0000ff;\"><strong>Grande alcance de dete\u00e7\u00e3o<\/strong>: at\u00e9\u00a0<strong>2 600 m (\u2248 2 850 ydas):<\/strong><\/span> dependendo das condi\u00e7\u00f5es ambientais.<\/li>\n<li><span style=\"color: #0000ff;\"><strong>64 GB de armazenamento interno e conetividade Wi-Fi:<\/strong><\/span>\u00a0com grava\u00e7\u00e3o de fotografia\/v\u00eddeo\/\u00e1udio e transmiss\u00e3o em tempo real atrav\u00e9s da aplica\u00e7\u00e3o.<\/li>\n<li><span style=\"color: #0000ff;\"><strong>Fonte de alimenta\u00e7\u00e3o dupla fi\u00e1vel<\/strong><\/span>Bateria interna + bateria 18650 substitu\u00edvel (hot-swappable) e carregamento via USB-C, com autonomia de cerca de 6 horas.<\/li>\n<li><span style=\"color: #0000ff;\"><strong>Constru\u00e7\u00e3o leve e robusta (\u2248 700 g): <\/strong><\/span>com revestimento antiderrapante e classifica\u00e7\u00e3o IP67 contra poeira e \u00e1gua.<\/li>\n<\/ul>\n<h3><\/h3>\n<div style=\"width: 1920px;\" class=\"wp-video\"><video class=\"wp-video-shortcode\" id=\"video-25502-2\" width=\"1920\" height=\"1080\" preload=\"metadata\" controls=\"controls\"><source type=\"video\/mp4\" src=\"https:\/\/dinaturez.com\/wp-content\/uploads\/2025\/08\/Quest-How-to-Use.mp4?_=2\" \/><a href=\"https:\/\/dinaturez.com\/wp-content\/uploads\/2025\/08\/Quest-How-to-Use.mp4\">https:\/\/dinaturez.com\/wp-content\/uploads\/2025\/08\/Quest-How-to-Use.mp4<\/a><\/video><\/div>\n<h3><\/h3>\n<h3>Funcionalidades avan\u00e7adas:<\/h3>\n<ul>\n<li>Bin\u00f3culo t\u00e9rmico compacto e leve.<\/li>\n<li>Alcance de dete\u00e7\u00e3o at\u00e9 2600 metros.<\/li>\n<li>Tel\u00e9metro laser oculto (LRF) com um alcance de 1000 metros.<\/li>\n<li>C\u00e1lculo bal\u00edstico integrado.<\/li>\n<li>Sensor t\u00e9rmico de 640x512px.<\/li>\n<li>NETD \u226415mK.<\/li>\n<li>Taxa de atualiza\u00e7\u00e3o de 60Hz.<\/li>\n<li>Tecnologia de melhoramento de imagem R+.<\/li>\n<li>Ecr\u00e3 AMOLED de 1920x1200px.<\/li>\n<li>Caixa de borracha duradoura.<\/li>\n<li>Certifica\u00e7\u00e3o IP67 (resistente ao p\u00f3 e \u00e0 humidade).<\/li>\n<li>Design ergon\u00f3mico com quatro bot\u00f5es e rodas de deslocamento centrais.<\/li>\n<li>Peso 700 gramas.<\/li>\n<li>Inclui estojo de transporte personalizado.<\/li>\n<li>Sistema de bateria dupla: bateria 18650 fixa e uma bateria 18650 intercambi\u00e1vel.<\/li>\n<li>Fun\u00e7\u00f5es de fotografia, v\u00eddeo e microfone com 64 GB de armazenamento.<\/li>\n<\/ul>\n<p>&nbsp;<\/p>\n<h3 data-rm-block-id=\"block-19\">GARANTIA<\/h3>\n<p data-rm-block-id=\"block-20\">A NOCPIX oferece uma garantia de dez anos para o sensor, dois anos para a bateria e tr\u00eas anos para o instrumento e m\u00e3o de obra. A garantia n\u00e3o cobre perdas ou danos causados por abuso, utiliza\u00e7\u00e3o incorrecta, acidente, neglig\u00eancia ou desmontagem.<\/p>\n<p data-rm-block-id=\"block-22\"><strong><a href=\"https:\/\/www.nocpix.com\/es\/quest-series\/\" target=\"_blank\" rel=\"noopener\">Bin\u00f3culos t\u00e9rmicos Quest\u00a0<\/a><\/strong>S\u00e3o mais do que simples ferramentas - s\u00e3o uma extens\u00e3o dos seus sentidos, permitindo-lhe ver para al\u00e9m do vis\u00edvel para a ca\u00e7a nocturna e a explora\u00e7\u00e3o ao ar livre. Desde o design ergon\u00f3mico \u00e0 tecnologia de imagem de ponta, todos os detalhes s\u00e3o meticulosamente concebidos para aumentar o conforto e a efici\u00eancia. Quer seja um ca\u00e7ador profissional ou um entusiasta de actividades ao ar livre, estes bin\u00f3culos ser\u00e3o o seu companheiro de confian\u00e7a no escuro.<\/p>\n<p data-rm-block-id=\"block-22\"><img fetchpriority=\"high\" decoding=\"async\" class=\"alignnone size-medium wp-image-25508\" src=\"https:\/\/dinaturez.com\/wp-content\/uploads\/2025\/08\/797Th3TQ-300x300.jpeg\" alt=\"\" width=\"300\" height=\"300\" srcset=\"https:\/\/dinaturez.com\/wp-content\/uploads\/2025\/08\/797Th3TQ-300x300.jpeg 300w, https:\/\/dinaturez.com\/wp-content\/uploads\/2025\/08\/797Th3TQ-150x150.jpeg 150w, https:\/\/dinaturez.com\/wp-content\/uploads\/2025\/08\/797Th3TQ-768x768.jpeg 768w, https:\/\/dinaturez.com\/wp-content\/uploads\/2025\/08\/797Th3TQ-340x340.jpeg 340w, https:\/\/dinaturez.com\/wp-content\/uploads\/2025\/08\/797Th3TQ-120x120.jpeg 120w, https:\/\/dinaturez.com\/wp-content\/uploads\/2025\/08\/797Th3TQ-12x12.jpeg 12w, https:\/\/dinaturez.com\/wp-content\/uploads\/2025\/08\/797Th3TQ-600x600.jpeg 600w, https:\/\/dinaturez.com\/wp-content\/uploads\/2025\/08\/797Th3TQ-100x100.jpeg 100w, https:\/\/dinaturez.com\/wp-content\/uploads\/2025\/08\/797Th3TQ-46x46.jpeg 46w, https:\/\/dinaturez.com\/wp-content\/uploads\/2025\/08\/797Th3TQ-700x700.jpeg 700w, https:\/\/dinaturez.com\/wp-content\/uploads\/2025\/08\/797Th3TQ.jpeg 800w\" sizes=\"(max-width: 300px) 100vw, 300px\" \/><\/p>","protected":false},"excerpt":{"rendered":"<h3>Bin\u00f3culo t\u00e9rmico QUEST QH50R, que oferece tecnologia avan\u00e7ada com sensor 640\u00d7512, lente de 50 mm e tel\u00e9metro laser integrado.<\/h3>\n<h3>Concebidos para profissionais exigentes, estes bin\u00f3culos combinam precis\u00e3o, ergonomia e robustez num formato binocular confort\u00e1vel e potente.<\/h3>\n<h3>Sensor de alta resolu\u00e7\u00e3o, tel\u00e9metro laser preciso, ecr\u00e3 AMOLED, zoom potente, bateria amov\u00edvel e robustez para condi\u00e7\u00f5es extremas. Ideal para ca\u00e7a, vigil\u00e2ncia profissional ou salvamento t\u00e9cnico no exterior.<\/h3>\n<p>&nbsp;<\/p>\n<div style=\"width: 1920px;\" class=\"wp-video\"><video class=\"wp-video-shortcode\" id=\"video-25502-1\" width=\"1920\" height=\"1080\" preload=\"metadata\" controls=\"controls\"><source type=\"video\/mp4\" src=\"https:\/\/dinaturez.com\/wp-content\/uploads\/2025\/08\/Quest-How-to-Use.mp4?_=1\" \/><a href=\"https:\/\/dinaturez.com\/wp-content\/uploads\/2025\/08\/Quest-How-to-Use.mp4\">https:\/\/dinaturez.com\/wp-content\/uploads\/2025\/08\/Quest-How-to-Use.mp4<\/a><\/video><\/div>","protected":false},"featured_media":25503,"template":"","meta":[],"product_brand":[],"product_cat":[192,193,191,144],"product_tag":[],"class_list":{"0":"post-25502","1":"product","2":"type-product","3":"status-publish","4":"has-post-thumbnail","6":"product_cat-binoculares-termicos","7":"product_cat-binoculares-termicos-nocpix","8":"product_cat-nocpix","9":"product_cat-vision-termica","11":"first","12":"instock","13":"taxable","14":"shipping-taxable","15":"purchasable","16":"product-type-simple","17":"add-to-wishlist-after_add_to_cart"},"_links":{"self":[{"href":"https:\/\/dinaturez.com\/pt\/wp-json\/wp\/v2\/product\/25502","targetHints":{"allow":["GET"]}}],"collection":[{"href":"https:\/\/dinaturez.com\/pt\/wp-json\/wp\/v2\/product"}],"about":[{"href":"https:\/\/dinaturez.com\/pt\/wp-json\/wp\/v2\/types\/product"}],"wp:featuredmedia":[{"embeddable":true,"href":"https:\/\/dinaturez.com\/pt\/wp-json\/wp\/v2\/media\/25503"}],"wp:attachment":[{"href":"https:\/\/dinaturez.com\/pt\/wp-json\/wp\/v2\/media?parent=25502"}],"wp:term":[{"taxonomy":"product_brand","embeddable":true,"href":"https:\/\/dinaturez.com\/pt\/wp-json\/wp\/v2\/product_brand?post=25502"},{"taxonomy":"product_cat","embeddable":true,"href":"https:\/\/dinaturez.com\/pt\/wp-json\/wp\/v2\/product_cat?post=25502"},{"taxonomy":"product_tag","embeddable":true,"href":"https:\/\/dinaturez.com\/pt\/wp-json\/wp\/v2\/product_tag?post=25502"}],"curies":[{"name":"wp","href":"https:\/\/api.w.org\/{rel}","templated":true}]}}