{"id":25469,"date":"2025-08-06T10:25:12","date_gmt":"2025-08-06T08:25:12","guid":{"rendered":"https:\/\/dinaturez.com\/?post_type=product&#038;p=25469"},"modified":"2025-09-18T18:21:03","modified_gmt":"2025-09-18T16:21:03","slug":"monocular-termico-vista-vs50r-nocpix","status":"publish","type":"product","link":"https:\/\/dinaturez.com\/pt\/product\/monocular-termico-vista-vs50r-nocpix\/","title":{"rendered":"Monocular t\u00e9rmico VISTA VS50R NOCPIX"},"content":{"rendered":"<h3 data-rm-block-id=\"block-1\">Monocular t\u00e9rmico <strong>VISTA VS50R Nocpix.<\/strong><\/h3>\n<h3 data-rm-block-id=\"block-2\"><strong>Sensor 1280\u00d71024, ecr\u00e3 AMOLED 2K e tel\u00e9metro incorporado para um desempenho superior.<\/strong><\/h3>\n<h3 data-rm-block-id=\"block-3\">Perfeito para os utilizadores mais exigentes: oferece dete\u00e7\u00e3o e medi\u00e7\u00e3o de precis\u00e3o num formato ergon\u00f3mico e robusto.<\/h3>\n<p>&nbsp;<\/p>\n<ul>\n<li>\n<p data-rm-block-id=\"block-5\"><span style=\"color: #0000ff;\">\u00a0<strong>Sensor t\u00e9rmico de resolu\u00e7\u00e3o ultra-alta:<\/strong><\/span><br \/>\nSensor VOx de\u00a0<strong>1280 \u00d7 1024 px<\/strong>, Pixel de 12 \u00b5m e sensibilidade t\u00e9rmica\u00a0<strong>NETD \u2264 15 mK<\/strong>, Isto garante imagens de elevado contraste mesmo com as mais pequenas diferen\u00e7as de temperatura.<\/p>\n<\/li>\n<li>\n<p data-rm-block-id=\"block-6\"><span style=\"color: #0000ff;\">\u00a0<strong>Ecr\u00e3 AMOLED circular 2K de 2560\u00d72560 px:<\/strong><\/span><br \/>\nVisualiza\u00e7\u00e3o envolvente com excelente luminosidade e nitidez, e o design Vision+ maximiza o campo de vis\u00e3o (pupila de sa\u00edda de 8 mm).<\/p>\n<\/li>\n<li>\n<p data-rm-block-id=\"block-7\"><span style=\"color: #0000ff;\">\u00a0<strong>Lente 50 mm F\/0.9:<\/strong><\/span><br \/>\nMaior capta\u00e7\u00e3o de radia\u00e7\u00e3o t\u00e9rmica (20 % superior \u00e0s lentes F\/1.0), ideal para ambientes escuros ou de baixa visibilidade.<\/p>\n<\/li>\n<li>\n<p data-rm-block-id=\"block-8\"><span style=\"color: #0000ff;\">\u00a0<strong>Zoom de 2\u00d7 \u00f3tico a ~40\u00d7 digital:<\/strong><\/span><br \/>\nPermite uma observa\u00e7\u00e3o e pormenoriza\u00e7\u00e3o precisas dos alvos, mesmo a grandes dist\u00e2ncias.<\/p>\n<\/li>\n<li>\n<p data-rm-block-id=\"block-9\">\u00a0<span style=\"color: #0000ff;\"><strong>Tel\u00e9metro laser integrado (LRF):<\/strong><\/span><br \/>\nMede at\u00e9\u00a0<strong>1 200 m (\u22481 312 yd)<\/strong> com elevada precis\u00e3o, ideal para c\u00e1lculos de dist\u00e2ncia sem necessidade de dispositivos adicionais.<\/p>\n<\/li>\n<li>\n<p data-rm-block-id=\"block-10\">\u00a0<span style=\"color: #0000ff;\"><strong>7 paletas de cores:<\/strong><\/span><br \/>\nIncluindo modos monocrom\u00e1ticos vermelho e verde puros, entre outros, com defini\u00e7\u00f5es concebidas para minimizar a fadiga ocular.<\/p>\n<\/li>\n<li>\n<p data-rm-block-id=\"block-11\">\u00a0<span style=\"color: #0000ff;\"><strong>Grava\u00e7\u00e3o incorporada com conetividade Wi-Fi:<\/strong><\/span><br \/>\nArmazenamento interno de\u00a0<strong>64 GB<\/strong> para fotografias, v\u00eddeos e \u00e1udio, com controlo remoto atrav\u00e9s de uma aplica\u00e7\u00e3o m\u00f3vel.<\/p>\n<\/li>\n<li>\n<p data-rm-block-id=\"block-12\">\u00a0<span style=\"color: #0000ff;\"><strong>Bateria recarreg\u00e1vel IBP-7 com carregamento USB-C:<\/strong><\/span><br \/>\nAutonomia de at\u00e9\u00a0<strong>5,5 horas<\/strong>, com a op\u00e7\u00e3o de carregamento externo e mudan\u00e7a r\u00e1pida no terreno.<\/p>\n<\/li>\n<li>\n<p data-rm-block-id=\"block-13\"><span style=\"color: #0000ff;\">\u00a0<strong>Constru\u00e7\u00e3o robusta com certifica\u00e7\u00e3o IP67:<\/strong><\/span><br \/>\nResistente \u00e0 \u00e1gua, ao p\u00f3 e aos choques, ideal para uma utiliza\u00e7\u00e3o intensiva no exterior. Peso aproximado:\u00a0<strong>650 g.<\/strong><\/p>\n<\/li>\n<\/ul>\n<p>&nbsp;<\/p>\n<h3 data-rm-block-id=\"block-15\">Funcionalidades avan\u00e7adas:<\/h3>\n<ul class=\"compare_item\">\n<li>\n<h3 data-rm-block-id=\"block-16\">Sensor t\u00e9rmico: 1280\u00d71024 e 12 \u03bcm<\/h3>\n<\/li>\n<\/ul>\n<ul class=\"compare_item\">\n<li>\n<h3 data-rm-block-id=\"block-17\">L\u00edquido, mK: \u226415<\/h3>\n<\/li>\n<\/ul>\n<ul class=\"compare_item\">\n<li>\n<h3 data-rm-block-id=\"block-18\">Taxa de fotogramas, Hz: 60<\/h3>\n<\/li>\n<\/ul>\n<ul class=\"compare_item\">\n<li>\n<h3 data-rm-block-id=\"block-19\">Objetiva da lente, mm: 50F0.9<\/h3>\n<\/li>\n<\/ul>\n<ul class=\"compare_item\">\n<li>\n<h3 data-rm-block-id=\"block-20\">Campo de vis\u00e3o (H\u00d7V),\u00b0\/m a 100 m: 17,5 \u00d7 14,0\/31 \u00d7 25<\/h3>\n<\/li>\n<\/ul>\n<ul class=\"compare_item\">\n<li>\n<h3 data-rm-block-id=\"block-21\">Amplia\u00e7\u00e3o,\u00d7: 2~40<\/h3>\n<\/li>\n<\/ul>\n<ul class=\"compare_item\">\n<li>\n<h3 data-rm-block-id=\"block-22\">Alcance de dete\u00e7\u00e3o, m [dimens\u00e3o do alvo: 1,7 m \u00d7 0,5 m, P(n) = 99%]: 2600<\/h3>\n<\/li>\n<\/ul>\n<ul class=\"compare_item\">\n<li>\n<h3 data-rm-block-id=\"block-23\">Al\u00edvio de sa\u00edda, mm: 25<\/h3>\n<\/li>\n<\/ul>\n<ul class=\"compare_item\">\n<li>\n<h3 data-rm-block-id=\"block-24\">Di\u00e2metro da pupila de sa\u00edda, mm: 8<\/h3>\n<\/li>\n<\/ul>\n<ul class=\"compare_item\">\n<li>\n<h3 data-rm-block-id=\"block-25\">Dioptria,D: -4~+6<\/h3>\n<\/li>\n<\/ul>\n<ul class=\"compare_item\">\n<li>\n<h3 data-rm-block-id=\"block-26\">Tipo: AMOLED<\/h3>\n<\/li>\n<\/ul>\n<ul class=\"compare_item\">\n<li>\n<h3 data-rm-block-id=\"block-27\">Resolu\u00e7\u00e3o: 2560 \u00d7 2560<\/h3>\n<\/li>\n<\/ul>\n<ul class=\"compare_item\">\n<li>\n<h3 data-rm-block-id=\"block-28\">Tipo de bateria: Bateria de i\u00f5es de l\u00edtio substitu\u00edvel IBP-7\/4400 mAh<\/h3>\n<\/li>\n<\/ul>\n<ul class=\"compare_item\">\n<li>\n<h3 data-rm-block-id=\"block-29\">Tempo m\u00e1ximo de funcionamento (t=22\u2103)h: 4,5<\/h3>\n<\/li>\n<\/ul>\n<ul class=\"compare_item\">\n<li>\n<h3 data-rm-block-id=\"block-30\">Classe de seguran\u00e7a laser: Classe 1<\/h3>\n<\/li>\n<\/ul>\n<ul class=\"compare_item\">\n<li>\n<h3 data-rm-block-id=\"block-31\">Dist\u00e2ncia m\u00e1xima do tel\u00e9metro, m: 1200<\/h3>\n<\/li>\n<\/ul>\n<ul class=\"compare_item\">\n<li>\n<h3 data-rm-block-id=\"block-32\">Capacidade da mem\u00f3ria, GB: 64<\/h3>\n<\/li>\n<\/ul>\n<ul class=\"compare_item\">\n<li>\n<h3 data-rm-block-id=\"block-33\">Classifica\u00e7\u00e3o IP: IP67<\/h3>\n<\/li>\n<\/ul>\n<ul class=\"compare_item\">\n<li>\n<h3 data-rm-block-id=\"block-34\">Temperatura de funcionamento, \u2103: -20 ~ +50<\/h3>\n<\/li>\n<\/ul>\n<ul class=\"compare_item\">\n<li>\n<h3 data-rm-block-id=\"block-35\">Peso, g (com bateria): 690<\/h3>\n<\/li>\n<\/ul>\n<ul class=\"compare_item\">\n<li>\n<h3 data-rm-block-id=\"block-36\">Dimens\u00e3o, mm: 201\u00d770\u00d782<\/h3>\n<\/li>\n<\/ul>\n<p>&nbsp;<\/p>\n<h3 data-rm-block-id=\"block-38\">Com um\u00a0<strong>sensor de temperatura ultra-HD<\/strong>, com um ecr\u00e3 AMOLED 2K, tel\u00e9metro laser integrado e zoom de longo alcance, a\u00a0<strong>VISTA VS50R<\/strong>\u00a0\u00e9 a ferramenta ideal para utilizadores profissionais que necessitam da m\u00e1xima precis\u00e3o, fiabilidade e autonomia. Ideal para actividades como a ca\u00e7a, a vigil\u00e2ncia, a seguran\u00e7a ou o salvamento em ambientes exigentes.<\/h3>\n<p>&nbsp;<\/p>\n<h3 data-rm-block-id=\"block-40\">GARANTIA<\/h3>\n<p data-rm-block-id=\"block-41\">A NOCPIX oferece uma garantia de dez anos para o sensor, dois anos para a bateria e tr\u00eas anos para o instrumento e m\u00e3o de obra. A garantia n\u00e3o cobre perdas ou danos causados por abuso, utiliza\u00e7\u00e3o incorrecta, acidente, neglig\u00eancia ou desmontagem.<\/p>\n<p data-rm-block-id=\"block-43\"><img fetchpriority=\"high\" decoding=\"async\" class=\"alignnone size-medium wp-image-25442\" src=\"https:\/\/dinaturez.com\/wp-content\/uploads\/2025\/08\/Vista-vh35-vh35r-vh50-vh50r-300x300.jpeg\" alt=\"\" width=\"300\" height=\"300\" srcset=\"https:\/\/dinaturez.com\/wp-content\/uploads\/2025\/08\/Vista-vh35-vh35r-vh50-vh50r-300x300.jpeg 300w, https:\/\/dinaturez.com\/wp-content\/uploads\/2025\/08\/Vista-vh35-vh35r-vh50-vh50r-150x150.jpeg 150w, https:\/\/dinaturez.com\/wp-content\/uploads\/2025\/08\/Vista-vh35-vh35r-vh50-vh50r-768x768.jpeg 768w, https:\/\/dinaturez.com\/wp-content\/uploads\/2025\/08\/Vista-vh35-vh35r-vh50-vh50r-340x340.jpeg 340w, https:\/\/dinaturez.com\/wp-content\/uploads\/2025\/08\/Vista-vh35-vh35r-vh50-vh50r-120x120.jpeg 120w, https:\/\/dinaturez.com\/wp-content\/uploads\/2025\/08\/Vista-vh35-vh35r-vh50-vh50r-12x12.jpeg 12w, https:\/\/dinaturez.com\/wp-content\/uploads\/2025\/08\/Vista-vh35-vh35r-vh50-vh50r-600x600.jpeg 600w, https:\/\/dinaturez.com\/wp-content\/uploads\/2025\/08\/Vista-vh35-vh35r-vh50-vh50r-100x100.jpeg 100w, https:\/\/dinaturez.com\/wp-content\/uploads\/2025\/08\/Vista-vh35-vh35r-vh50-vh50r-46x46.jpeg 46w, https:\/\/dinaturez.com\/wp-content\/uploads\/2025\/08\/Vista-vh35-vh35r-vh50-vh50r-700x700.jpeg 700w, https:\/\/dinaturez.com\/wp-content\/uploads\/2025\/08\/Vista-vh35-vh35r-vh50-vh50r.jpeg 800w\" sizes=\"(max-width: 300px) 100vw, 300px\" \/><\/p>","protected":false},"excerpt":{"rendered":"<h3>El monocular t\u00e9rmico VISTA VS50R de Nocpix, con un <strong>sensor de temperatura ultra-HD<\/strong>, com um ecr\u00e3 AMOLED 2K, tel\u00e9metro laser integrado e zoom de longo alcance, a\u00a0<strong>VISTA VS50R<\/strong>\u00a0\u00e9 a ferramenta ideal para utilizadores profissionais que necessitam da m\u00e1xima precis\u00e3o, fiabilidade e autonomia. Ideal para actividades como a ca\u00e7a, a vigil\u00e2ncia, a seguran\u00e7a ou o salvamento em ambientes exigentes.<\/h3>","protected":false},"featured_media":25470,"template":"","meta":[],"product_brand":[],"product_cat":[147,191,144],"product_tag":[],"class_list":{"0":"post-25469","1":"product","2":"type-product","3":"status-publish","4":"has-post-thumbnail","6":"product_cat-monoculares-termicos","7":"product_cat-nocpix","8":"product_cat-vision-termica","10":"first","11":"instock","12":"taxable","13":"shipping-taxable","14":"purchasable","15":"product-type-simple","16":"add-to-wishlist-after_add_to_cart"},"_links":{"self":[{"href":"https:\/\/dinaturez.com\/pt\/wp-json\/wp\/v2\/product\/25469","targetHints":{"allow":["GET"]}}],"collection":[{"href":"https:\/\/dinaturez.com\/pt\/wp-json\/wp\/v2\/product"}],"about":[{"href":"https:\/\/dinaturez.com\/pt\/wp-json\/wp\/v2\/types\/product"}],"wp:featuredmedia":[{"embeddable":true,"href":"https:\/\/dinaturez.com\/pt\/wp-json\/wp\/v2\/media\/25470"}],"wp:attachment":[{"href":"https:\/\/dinaturez.com\/pt\/wp-json\/wp\/v2\/media?parent=25469"}],"wp:term":[{"taxonomy":"product_brand","embeddable":true,"href":"https:\/\/dinaturez.com\/pt\/wp-json\/wp\/v2\/product_brand?post=25469"},{"taxonomy":"product_cat","embeddable":true,"href":"https:\/\/dinaturez.com\/pt\/wp-json\/wp\/v2\/product_cat?post=25469"},{"taxonomy":"product_tag","embeddable":true,"href":"https:\/\/dinaturez.com\/pt\/wp-json\/wp\/v2\/product_tag?post=25469"}],"curies":[{"name":"wp","href":"https:\/\/api.w.org\/{rel}","templated":true}]}}