{"id":25445,"date":"2025-08-05T09:41:22","date_gmt":"2025-08-05T07:41:22","guid":{"rendered":"https:\/\/dinaturez.com\/?post_type=product&#038;p=25445"},"modified":"2025-09-18T18:18:25","modified_gmt":"2025-09-18T16:18:25","slug":"monocular-termico-vista-vh50-nocpix","status":"publish","type":"product","link":"https:\/\/dinaturez.com\/pt\/product\/monocular-termico-vista-vh50-nocpix\/","title":{"rendered":"Monocular t\u00e9rmico VISTA VH50 NOCPIX"},"content":{"rendered":"<h3>Monocular t\u00e9rmico Nocpix VISTA VH50<\/h3>\n<h3><strong>Pot\u00eancia, precis\u00e3o e extrema nitidez em imagens t\u00e9rmicas profissionais.<\/strong><\/h3>\n<h3>O\u00a0<strong>Nocpix VISTA VH50<\/strong>\u00a0combina \u00f3tica avan\u00e7ada com um sensor t\u00e9rmico de alta defini\u00e7\u00e3o e uma interface moderna, proporcionando imagens n\u00edtidas a longas dist\u00e2ncias. Ideal para ca\u00e7a, vigil\u00e2ncia e opera\u00e7\u00f5es exigentes no exterior.<\/h3>\n<h3><\/h3>\n<ul>\n<li><span style=\"color: #0000ff;\">\u00a0<strong>Sensor t\u00e9rmico VOx 640 \u00d7 512 px (12 \u00b5m):<\/strong><\/span><br \/>\nOferece uma dete\u00e7\u00e3o de detalhes extremamente elevada, mesmo em condi\u00e7\u00f5es climat\u00e9ricas adversas. A sua sensibilidade t\u00e9rmica\u00a0<strong>NETD \u2264 15 mK<\/strong>\u00a0garante imagens n\u00edtidas mesmo com diferen\u00e7as m\u00ednimas de temperatura.<\/li>\n<li><span style=\"color: #0000ff;\">\u00a0<strong>Objetiva de 50 mm F\/0.9 com zoom at\u00e9 40\u00d7:<\/strong><\/span><br \/>\nAmplia\u00e7\u00e3o \u00f3tica de\u00a0<strong>4\u00d7<\/strong>digitalmente expans\u00edvel at\u00e9\u00a0<strong>40\u00d7<\/strong>perfeito para observa\u00e7\u00e3o a longa dist\u00e2ncia sem perda de qualidade.<\/li>\n<li>\u00a0<span style=\"color: #0000ff;\"><strong>Ecr\u00e3 circular AMOLED 2K (2560 \u00d7 2560 px, 60 Hz):<\/strong><\/span><br \/>\nVisualiza\u00e7\u00e3o suave, brilhante e envolvente, mesmo em utiliza\u00e7\u00e3o nocturna prolongada ou com \u00f3culos.<\/li>\n<li><span style=\"color: #0000ff;\">\u00a0<strong>7 paletas de cores:<\/strong><\/span><br \/>\nModos como Branco Quente, Preto Quente, Vermelho Quente, Verde Quente, Arco-\u00edris, Carmesim ou Violeta, com defini\u00e7\u00f5es que reduzem a fadiga ocular durante observa\u00e7\u00f5es longas.<\/li>\n<li><span style=\"color: #0000ff;\">\u00a0<strong>Grava\u00e7\u00e3o de imagem, v\u00eddeo e \u00e1udio:<\/strong><\/span><br \/>\nArmazena conte\u00fados na sua mem\u00f3ria interna de\u00a0<strong>64 GB<\/strong>com a possibilidade de transmitir em tempo real atrav\u00e9s de\u00a0<strong>Wi-Fi e aplica\u00e7\u00e3o m\u00f3vel<\/strong>.<\/li>\n<li>\u00a0<span style=\"color: #0000ff;\"><strong>Bateria IBP-7 intercambi\u00e1vel e recarreg\u00e1vel:<\/strong><\/span><br \/>\nPara\u00a0<strong>5,5 horas de autonomia<\/strong>com a possibilidade de cobrar por\u00a0<strong>USB-C<\/strong>\u00a0ou substitui\u00e7\u00e3o r\u00e1pida no terreno.<\/li>\n<li><span style=\"color: #0000ff;\">\u00a0<strong>Design robusto e prote\u00e7\u00e3o IP67:<\/strong><\/span><br \/>\nCaixa selada resistente \u00e0 \u00e1gua, p\u00f3 e choques, ideal para condi\u00e7\u00f5es extremas.<\/li>\n<\/ul>\n<h3><\/h3>\n<h3>Funcionalidades avan\u00e7adas:<\/h3>\n<p>&nbsp;<\/p>\n<ul>\n<li><strong>Sensor 640x512px e NETD \u226415mK<\/strong>\u00a0para imagens de alta qualidade.<\/li>\n<li><strong>Ecr\u00e3 AMOLED 2560x2560px<\/strong>\u00a0com tecnologia Pure Vision.<\/li>\n<li><strong>Lente 50 mm F0.9<\/strong>\u00a0para uma maior capta\u00e7\u00e3o de luz.<\/li>\n<li><strong>Zoom ajust\u00e1vel de 4x a 40x<\/strong>\u00a0para uma observa\u00e7\u00e3o exacta.<\/li>\n<li><strong>Sete paletas de cores<\/strong>\u00a0para se adaptar a diferentes condi\u00e7\u00f5es.<\/li>\n<li><strong>Peso leve 630g<\/strong>\u00a0e design compacto (19,0 x 6,7 x 7,9 cm).<\/li>\n<li><strong>Bateria IBP-7 substitu\u00edvel de 4400 mAh<\/strong>\u00a0com at\u00e9 5,5 horas de autonomia da bateria.<\/li>\n<li><strong>Resist\u00eancia IP67<\/strong>\u00a0contra o p\u00f3 e a \u00e1gua.<\/li>\n<li><strong>64 GB de armazenamento interno<\/strong>\u00a0para fotografias e v\u00eddeos com som.<\/li>\n<\/ul>\n<p>&nbsp;<\/p>\n<h3 data-rm-block-id=\"block-26\">GARANTIA<\/h3>\n<p data-rm-block-id=\"block-27\">A NOCPIX oferece uma garantia de dez anos para o sensor, dois anos para a bateria e tr\u00eas anos para o instrumento e m\u00e3o de obra. A garantia n\u00e3o cobre perdas ou danos causados por abuso, utiliza\u00e7\u00e3o incorrecta, acidente, neglig\u00eancia ou desmontagem.<\/p>\n<p data-rm-block-id=\"block-27\"><img fetchpriority=\"high\" decoding=\"async\" class=\"alignnone size-medium wp-image-25442\" src=\"https:\/\/dinaturez.com\/wp-content\/uploads\/2025\/08\/Vista-vh35-vh35r-vh50-vh50r-300x300.jpeg\" alt=\"\" width=\"300\" height=\"300\" srcset=\"https:\/\/dinaturez.com\/wp-content\/uploads\/2025\/08\/Vista-vh35-vh35r-vh50-vh50r-300x300.jpeg 300w, https:\/\/dinaturez.com\/wp-content\/uploads\/2025\/08\/Vista-vh35-vh35r-vh50-vh50r-150x150.jpeg 150w, https:\/\/dinaturez.com\/wp-content\/uploads\/2025\/08\/Vista-vh35-vh35r-vh50-vh50r-768x768.jpeg 768w, https:\/\/dinaturez.com\/wp-content\/uploads\/2025\/08\/Vista-vh35-vh35r-vh50-vh50r-340x340.jpeg 340w, https:\/\/dinaturez.com\/wp-content\/uploads\/2025\/08\/Vista-vh35-vh35r-vh50-vh50r-120x120.jpeg 120w, https:\/\/dinaturez.com\/wp-content\/uploads\/2025\/08\/Vista-vh35-vh35r-vh50-vh50r-12x12.jpeg 12w, https:\/\/dinaturez.com\/wp-content\/uploads\/2025\/08\/Vista-vh35-vh35r-vh50-vh50r-600x600.jpeg 600w, https:\/\/dinaturez.com\/wp-content\/uploads\/2025\/08\/Vista-vh35-vh35r-vh50-vh50r-100x100.jpeg 100w, https:\/\/dinaturez.com\/wp-content\/uploads\/2025\/08\/Vista-vh35-vh35r-vh50-vh50r-46x46.jpeg 46w, https:\/\/dinaturez.com\/wp-content\/uploads\/2025\/08\/Vista-vh35-vh35r-vh50-vh50r-700x700.jpeg 700w, https:\/\/dinaturez.com\/wp-content\/uploads\/2025\/08\/Vista-vh35-vh35r-vh50-vh50r.jpeg 800w\" sizes=\"(max-width: 300px) 100vw, 300px\" \/><\/p>\n<p>&nbsp;<\/p>","protected":false},"excerpt":{"rendered":"<h3>O monocular t\u00e9rmico VISTA VH50 da Nocpix foi concebido para quem procura o melhor da vis\u00e3o t\u00e9rmica sem necessidade de um tel\u00e9metro. O seu sensor potente, o visor de alta resolu\u00e7\u00e3o, as paletas optimizadas e o design robusto fazem dele uma ferramenta fi\u00e1vel para ambientes exigentes e actividades profissionais como a ca\u00e7a, o reconhecimento ou a vigil\u00e2ncia nocturna.<img fetchpriority=\"high\" decoding=\"async\" class=\"alignnone size-medium wp-image-25442\" src=\"https:\/\/dinaturez.com\/wp-content\/uploads\/2025\/08\/Vista-vh35-vh35r-vh50-vh50r-300x300.jpeg\" alt=\"\" width=\"300\" height=\"300\" srcset=\"https:\/\/dinaturez.com\/wp-content\/uploads\/2025\/08\/Vista-vh35-vh35r-vh50-vh50r-300x300.jpeg 300w, https:\/\/dinaturez.com\/wp-content\/uploads\/2025\/08\/Vista-vh35-vh35r-vh50-vh50r-150x150.jpeg 150w, https:\/\/dinaturez.com\/wp-content\/uploads\/2025\/08\/Vista-vh35-vh35r-vh50-vh50r-768x768.jpeg 768w, https:\/\/dinaturez.com\/wp-content\/uploads\/2025\/08\/Vista-vh35-vh35r-vh50-vh50r-340x340.jpeg 340w, https:\/\/dinaturez.com\/wp-content\/uploads\/2025\/08\/Vista-vh35-vh35r-vh50-vh50r-120x120.jpeg 120w, https:\/\/dinaturez.com\/wp-content\/uploads\/2025\/08\/Vista-vh35-vh35r-vh50-vh50r-12x12.jpeg 12w, https:\/\/dinaturez.com\/wp-content\/uploads\/2025\/08\/Vista-vh35-vh35r-vh50-vh50r-600x600.jpeg 600w, https:\/\/dinaturez.com\/wp-content\/uploads\/2025\/08\/Vista-vh35-vh35r-vh50-vh50r-100x100.jpeg 100w, https:\/\/dinaturez.com\/wp-content\/uploads\/2025\/08\/Vista-vh35-vh35r-vh50-vh50r-46x46.jpeg 46w, https:\/\/dinaturez.com\/wp-content\/uploads\/2025\/08\/Vista-vh35-vh35r-vh50-vh50r-700x700.jpeg 700w, https:\/\/dinaturez.com\/wp-content\/uploads\/2025\/08\/Vista-vh35-vh35r-vh50-vh50r.jpeg 800w\" sizes=\"(max-width: 300px) 100vw, 300px\" \/><\/h3>","protected":false},"featured_media":25446,"template":"","meta":[],"product_brand":[],"product_cat":[147,191,144],"product_tag":[],"class_list":{"0":"post-25445","1":"product","2":"type-product","3":"status-publish","4":"has-post-thumbnail","6":"product_cat-monoculares-termicos","7":"product_cat-nocpix","8":"product_cat-vision-termica","10":"first","11":"instock","12":"taxable","13":"shipping-taxable","14":"purchasable","15":"product-type-simple","16":"add-to-wishlist-after_add_to_cart"},"_links":{"self":[{"href":"https:\/\/dinaturez.com\/pt\/wp-json\/wp\/v2\/product\/25445","targetHints":{"allow":["GET"]}}],"collection":[{"href":"https:\/\/dinaturez.com\/pt\/wp-json\/wp\/v2\/product"}],"about":[{"href":"https:\/\/dinaturez.com\/pt\/wp-json\/wp\/v2\/types\/product"}],"wp:featuredmedia":[{"embeddable":true,"href":"https:\/\/dinaturez.com\/pt\/wp-json\/wp\/v2\/media\/25446"}],"wp:attachment":[{"href":"https:\/\/dinaturez.com\/pt\/wp-json\/wp\/v2\/media?parent=25445"}],"wp:term":[{"taxonomy":"product_brand","embeddable":true,"href":"https:\/\/dinaturez.com\/pt\/wp-json\/wp\/v2\/product_brand?post=25445"},{"taxonomy":"product_cat","embeddable":true,"href":"https:\/\/dinaturez.com\/pt\/wp-json\/wp\/v2\/product_cat?post=25445"},{"taxonomy":"product_tag","embeddable":true,"href":"https:\/\/dinaturez.com\/pt\/wp-json\/wp\/v2\/product_tag?post=25445"}],"curies":[{"name":"wp","href":"https:\/\/api.w.org\/{rel}","templated":true}]}}