{"id":25428,"date":"2025-08-04T15:28:37","date_gmt":"2025-08-04T13:28:37","guid":{"rendered":"https:\/\/dinaturez.com\/?post_type=product&#038;p=25428"},"modified":"2025-09-18T18:16:02","modified_gmt":"2025-09-18T16:16:02","slug":"monocular-termico-vista-vh35-nocpix","status":"publish","type":"product","link":"https:\/\/dinaturez.com\/pt\/product\/monocular-termico-vista-vh35-nocpix\/","title":{"rendered":"Monocular t\u00e9rmico VISTA VH35 NOCPIX"},"content":{"rendered":"<h3>Monocular t\u00e9rmico VISTA VH35 Nocpix<\/h3>\n<h3><strong>Vis\u00e3o t\u00e9rmica de elevado desempenho com tel\u00e9metro laser integrado e vis\u00e3o de grande angular<\/strong><\/h3>\n<h3>Ideal para quem procura alcance, precis\u00e3o e versatilidade numa ferramenta compacta.<\/h3>\n<p>&nbsp;<\/p>\n<h3>A vis\u00e3o oferecida por este monocular t\u00e9rmico \u00e9 excecional para uma variedade de aplica\u00e7\u00f5es.<\/h3>\n<p>&nbsp;<\/p>\n<ul>\n<li><span style=\"color: #0000ff;\">\u00a0<strong>Resolu\u00e7\u00e3o t\u00e9rmica avan\u00e7ada:<\/strong><\/span><br \/>\nSensor VOx de\u00a0<strong>640 \u00d7 512 px<\/strong>, com um p\u00edxel de\u00a0<strong>12 \u00b5m<\/strong> e sensibilidade NETD \u2264 15 mK, que gera imagens t\u00e9rmicas altamente detalhadas e de elevado contraste, ideais para uma vis\u00e3o clara.<\/li>\n<li><span style=\"color: #0000ff;\"><strong>Zoom potente e campo de vis\u00e3o equilibrado:<\/strong><\/span><br \/>\nAumentos de\u00a0<strong>\u00d3tica 3\u00d7 at\u00e9 digital 28\u00d7<\/strong>\u00a0numa lente de\u00a0<strong>35 mm F\/0.9<\/strong>, adequado para observa\u00e7\u00e3o a curta e longa dist\u00e2ncia.<\/li>\n<li>\u00a0<span style=\"color: #0000ff;\"><strong>Tel\u00e9metro laser integrado LRF:<\/strong><\/span><br \/>\nPode medir dist\u00e2ncias at\u00e9\u00a0<strong>1 200 jardas (\u22481 100 m)<\/strong> com uma precis\u00e3o de \u00b11 jarda; ideal para c\u00e1lculos r\u00e1pidos em actividades t\u00e1cticas ou de ca\u00e7a.<\/li>\n<li><span style=\"color: #0000ff;\">\u00a0<strong>Longo alcance de dete\u00e7\u00e3o:<\/strong><\/span><br \/>\nCapaz de detetar assinaturas t\u00e9rmicas a mais de\u00a0<strong>1 800 metros<\/strong>, de acordo com o tipo de alvo e as condi\u00e7\u00f5es atmosf\u00e9ricas.<\/li>\n<li><span style=\"color: #0000ff;\">\u00a0<strong>Ecr\u00e3 AMOLED Ultra HD:<\/strong><\/span><br \/>\nVisualiza\u00e7\u00e3o circular de\u00a0<strong>2560 \u00d7 2560 px<\/strong>, Os novos 60 Hz e a estabiliza\u00e7\u00e3o eletr\u00f3nica da imagem para um ecr\u00e3 suave e sem distor\u00e7\u00f5es.<\/li>\n<li><span style=\"color: #0000ff;\">\u00a0<strong>Grava\u00e7\u00e3o e conetividade integradas:<\/strong><\/span><br \/>\nCaptura de fotografias, v\u00eddeo e \u00e1udio na mem\u00f3ria interna de\u00a0<strong>64 GB<\/strong>, com conetividade Wi-Fi e controlo remoto atrav\u00e9s de uma aplica\u00e7\u00e3o. Tamb\u00e9m permite o carregamento a partir de USB-C externo\u00a0\u00a0<strong>Constru\u00e7\u00e3o robusta e pr\u00e1tica<\/strong><br \/>\nCaixa IP67 \u00e0 prova de p\u00f3 e \u00e1gua, bateria de longa dura\u00e7\u00e3o\u00a0<strong>at\u00e9 5,5 horas<\/strong>, peso aprox.\u00a0<strong>640 g<\/strong>, design ergon\u00f3mico para uma utiliza\u00e7\u00e3o prolongada.<\/li>\n<\/ul>\n<p>&nbsp;<\/p>\n<h3>O modelo\u00a0<strong>VISTA H35R<\/strong>\u00a0combina a pot\u00eancia t\u00e9rmica de um sensor de alta resolu\u00e7\u00e3o, um tel\u00e9metro laser preciso e um zoom de longo alcance num formato robusto e ergon\u00f3mico. Perfeito para ca\u00e7adores, profissionais de salvamento, observa\u00e7\u00e3o da vida selvagem ou vigil\u00e2ncia nocturna, oferece versatilidade e precis\u00e3o em tarefas de curto e longo alcance.<\/h3>\n<p>&nbsp;<\/p>\n<h3>Funcionalidades avan\u00e7adas:<\/h3>\n<ul>\n<li>\n<h3>Design leve e compacto, 610 g (640g VH35R)<\/h3>\n<\/li>\n<li>\n<h3>640X512 p\u00edxeis e sensor de 12 \u03bcm<\/h3>\n<\/li>\n<li>\n<h3>Objeto da objetiva 35 mm, abertura F0.9<\/h3>\n<\/li>\n<li>\n<h3>NETD\u226415mK<\/h3>\n<\/li>\n<li>\n<h3>Ocular com sa\u00edda de 8 mm<\/h3>\n<\/li>\n<li>\n<h3>Amplia\u00e7\u00e3o progressiva de 3x a 28x<\/h3>\n<\/li>\n<li>\n<h3>Modo Pure Vision Vista<\/h3>\n<\/li>\n<li>\n<h3>Bot\u00f5es silenciosos e de f\u00e1cil acesso<\/h3>\n<\/li>\n<li>\n<h3>Resistente a poeira e salpicos de \u00e1gua, classifica\u00e7\u00e3o IP67<\/h3>\n<\/li>\n<li>\n<h3>Ecr\u00e3 AMOLED 2560x2560px<\/h3>\n<\/li>\n<li>\n<h3>Captar imagens e v\u00eddeos com som<\/h3>\n<\/li>\n<li>\n<h3>64 GB de armazenamento interno e conetividade Wi-Fi<\/h3>\n<\/li>\n<li>\n<h3>Bateria externa de 4400mAh, dura\u00e7\u00e3o da bateria at\u00e9 5,5h.<\/h3>\n<\/li>\n<li>\n<h3>7 paletas de cores<\/h3>\n<\/li>\n<li>\n<h3>Medidor de dist\u00e2ncia 1200\u00b11m (VH35R)<\/h3>\n<\/li>\n<\/ul>\n<p>&nbsp;<\/p>\n<h3>GARANTIA<\/h3>\n<p>A NOCPIX oferece uma garantia de dez anos para o sensor, dois anos para a bateria e tr\u00eas anos para o instrumento e m\u00e3o de obra. A garantia n\u00e3o cobre perdas ou danos causados por abuso, utiliza\u00e7\u00e3o incorrecta, acidente, neglig\u00eancia ou desmontagem.<\/p>\n<p>&nbsp;<\/p>\n<p><img fetchpriority=\"high\" decoding=\"async\" class=\"alignnone size-medium wp-image-25442\" src=\"https:\/\/dinaturez.com\/wp-content\/uploads\/2025\/08\/Vista-vh35-vh35r-vh50-vh50r-300x300.jpeg\" alt=\"\" width=\"300\" height=\"300\" srcset=\"https:\/\/dinaturez.com\/wp-content\/uploads\/2025\/08\/Vista-vh35-vh35r-vh50-vh50r-300x300.jpeg 300w, https:\/\/dinaturez.com\/wp-content\/uploads\/2025\/08\/Vista-vh35-vh35r-vh50-vh50r-150x150.jpeg 150w, https:\/\/dinaturez.com\/wp-content\/uploads\/2025\/08\/Vista-vh35-vh35r-vh50-vh50r-768x768.jpeg 768w, https:\/\/dinaturez.com\/wp-content\/uploads\/2025\/08\/Vista-vh35-vh35r-vh50-vh50r-340x340.jpeg 340w, https:\/\/dinaturez.com\/wp-content\/uploads\/2025\/08\/Vista-vh35-vh35r-vh50-vh50r-120x120.jpeg 120w, https:\/\/dinaturez.com\/wp-content\/uploads\/2025\/08\/Vista-vh35-vh35r-vh50-vh50r-12x12.jpeg 12w, https:\/\/dinaturez.com\/wp-content\/uploads\/2025\/08\/Vista-vh35-vh35r-vh50-vh50r-600x600.jpeg 600w, https:\/\/dinaturez.com\/wp-content\/uploads\/2025\/08\/Vista-vh35-vh35r-vh50-vh50r-100x100.jpeg 100w, https:\/\/dinaturez.com\/wp-content\/uploads\/2025\/08\/Vista-vh35-vh35r-vh50-vh50r-46x46.jpeg 46w, https:\/\/dinaturez.com\/wp-content\/uploads\/2025\/08\/Vista-vh35-vh35r-vh50-vh50r-700x700.jpeg 700w, https:\/\/dinaturez.com\/wp-content\/uploads\/2025\/08\/Vista-vh35-vh35r-vh50-vh50r.jpeg 800w\" sizes=\"(max-width: 300px) 100vw, 300px\" \/><\/p>\n<p>&nbsp;<\/p>","protected":false},"excerpt":{"rendered":"<h3><img fetchpriority=\"high\" decoding=\"async\" class=\"alignnone size-medium wp-image-25442\" src=\"https:\/\/dinaturez.com\/wp-content\/uploads\/2025\/08\/Vista-vh35-vh35r-vh50-vh50r-300x300.jpeg\" alt=\"\" width=\"300\" height=\"300\" srcset=\"https:\/\/dinaturez.com\/wp-content\/uploads\/2025\/08\/Vista-vh35-vh35r-vh50-vh50r-300x300.jpeg 300w, https:\/\/dinaturez.com\/wp-content\/uploads\/2025\/08\/Vista-vh35-vh35r-vh50-vh50r-150x150.jpeg 150w, https:\/\/dinaturez.com\/wp-content\/uploads\/2025\/08\/Vista-vh35-vh35r-vh50-vh50r-768x768.jpeg 768w, https:\/\/dinaturez.com\/wp-content\/uploads\/2025\/08\/Vista-vh35-vh35r-vh50-vh50r-340x340.jpeg 340w, https:\/\/dinaturez.com\/wp-content\/uploads\/2025\/08\/Vista-vh35-vh35r-vh50-vh50r-120x120.jpeg 120w, https:\/\/dinaturez.com\/wp-content\/uploads\/2025\/08\/Vista-vh35-vh35r-vh50-vh50r-12x12.jpeg 12w, https:\/\/dinaturez.com\/wp-content\/uploads\/2025\/08\/Vista-vh35-vh35r-vh50-vh50r-600x600.jpeg 600w, https:\/\/dinaturez.com\/wp-content\/uploads\/2025\/08\/Vista-vh35-vh35r-vh50-vh50r-100x100.jpeg 100w, https:\/\/dinaturez.com\/wp-content\/uploads\/2025\/08\/Vista-vh35-vh35r-vh50-vh50r-46x46.jpeg 46w, https:\/\/dinaturez.com\/wp-content\/uploads\/2025\/08\/Vista-vh35-vh35r-vh50-vh50r-700x700.jpeg 700w, https:\/\/dinaturez.com\/wp-content\/uploads\/2025\/08\/Vista-vh35-vh35r-vh50-vh50r.jpeg 800w\" sizes=\"(max-width: 300px) 100vw, 300px\" \/><\/h3>\n<h3>O modelo\u00a0<strong>VISTA H35R<\/strong> de Nocpix, combina la potencia t\u00e9rmica de un sensor de alta resoluci\u00f3n, un tel\u00e9metro l\u00e1ser preciso y zoom de gran alcance en un formato robusto y ergon\u00f3mico. Perfecto para cazadores, profesionales de rescate, observaci\u00f3n de fauna o vigilancia nocturna, ofrece versatilidad y precisi\u00f3n desde tareas cortas a largas distancias.<\/h3>","protected":false},"featured_media":25429,"template":"","meta":[],"product_brand":[],"product_cat":[191,147,144],"product_tag":[],"class_list":{"0":"post-25428","1":"product","2":"type-product","3":"status-publish","4":"has-post-thumbnail","6":"product_cat-nocpix","7":"product_cat-monoculares-termicos","8":"product_cat-vision-termica","10":"first","11":"instock","12":"taxable","13":"shipping-taxable","14":"purchasable","15":"product-type-simple","16":"add-to-wishlist-after_add_to_cart"},"_links":{"self":[{"href":"https:\/\/dinaturez.com\/pt\/wp-json\/wp\/v2\/product\/25428","targetHints":{"allow":["GET"]}}],"collection":[{"href":"https:\/\/dinaturez.com\/pt\/wp-json\/wp\/v2\/product"}],"about":[{"href":"https:\/\/dinaturez.com\/pt\/wp-json\/wp\/v2\/types\/product"}],"wp:featuredmedia":[{"embeddable":true,"href":"https:\/\/dinaturez.com\/pt\/wp-json\/wp\/v2\/media\/25429"}],"wp:attachment":[{"href":"https:\/\/dinaturez.com\/pt\/wp-json\/wp\/v2\/media?parent=25428"}],"wp:term":[{"taxonomy":"product_brand","embeddable":true,"href":"https:\/\/dinaturez.com\/pt\/wp-json\/wp\/v2\/product_brand?post=25428"},{"taxonomy":"product_cat","embeddable":true,"href":"https:\/\/dinaturez.com\/pt\/wp-json\/wp\/v2\/product_cat?post=25428"},{"taxonomy":"product_tag","embeddable":true,"href":"https:\/\/dinaturez.com\/pt\/wp-json\/wp\/v2\/product_tag?post=25428"}],"curies":[{"name":"wp","href":"https:\/\/api.w.org\/{rel}","templated":true}]}}