{"id":25418,"date":"2025-08-04T15:05:13","date_gmt":"2025-08-04T13:05:13","guid":{"rendered":"https:\/\/dinaturez.com\/?post_type=product&#038;p=25418"},"modified":"2025-09-18T18:06:46","modified_gmt":"2025-09-18T16:06:46","slug":"monocular-termico-lh35r-nocpix","status":"publish","type":"product","link":"https:\/\/dinaturez.com\/pt\/product\/monocular-termico-lh35r-nocpix\/","title":{"rendered":"Monocular t\u00e9rmico LUMI LH35R NOCPIX LUMI LH35R NOCPIX"},"content":{"rendered":"<h3><strong>Compacta, vision\u00e1ria e com tel\u00e9metro: m\u00e1xima versatilidade num formato profissional.<\/strong><\/h3>\n<h3>Ideal para utilizadores que procuram imagens t\u00e9rmicas de qualidade superior e medi\u00e7\u00e3o de dist\u00e2ncias integrada num dispositivo port\u00e1til.<\/h3>\n<h3>Este modelo, o monocular t\u00e9rmico LUMI LH35R da Nocpix, combina imagem t\u00e9rmica de alta defini\u00e7\u00e3o com tel\u00e9metro laser integrado e processamento Reality+AI, tudo num formato compacto que pesa menos do que um smartphone. Ideal para dezenas de aplica\u00e7\u00f5es: ca\u00e7a, vigil\u00e2ncia, salvamento ou seguran\u00e7a, gra\u00e7as ao seu equil\u00edbrio entre desempenho, ergonomia e qualidade robusta. Este mon\u00f3culo t\u00e9rmico \u00e9 perfeito para quem procura tecnologia de ponta.<\/h3>\n<p>&nbsp;<\/p>\n<h3>Al\u00e9m disso, o mon\u00f3culo \u00e9 uma ferramenta essencial para os entusiastas da observa\u00e7\u00e3o nocturna.<\/h3>\n<ul>\n<li><span style=\"color: #0000ff;\"><strong>Sensor t\u00e9rmico de alta defini\u00e7\u00e3o:<\/strong><\/span><br \/>\nResolu\u00e7\u00e3o de\u00a0<strong>640 \u00d7 512 px<\/strong>pixel de\u00a0<strong>12 \u00b5m<\/strong>\u00a0e sensibilidade\u00a0<strong>NETD \u2264 18 mK<\/strong>A LH35R Nocpix oferece um desempenho excecional em condi\u00e7\u00f5es adversas.<\/li>\n<li>\u00a0<span style=\"color: #0000ff;\"><strong>Lente de 35 mm F\/0.9:<\/strong><\/span><br \/>\nRecolha de radia\u00e7\u00e3o t\u00e9rmica a\u00a0<strong>20 % mais eficiente<\/strong> Este dispositivo permite-lhe ver pormenores que seriam dif\u00edceis de ver a olho nu.<\/p>\n<p>Este mon\u00f3culo \u00e9 ideal para situa\u00e7\u00f5es em que a visibilidade \u00e9 limitada.<\/li>\n<li>\u00a0<span style=\"color: #0000ff;\"><strong>Tel\u00e9metro LRF integrado:<\/strong><\/span><br \/>\nNdiferenciais at\u00e9\u00a0<strong>800 m<\/strong> com precis\u00e3o \u00f3tica, acrescentando capacidade de computa\u00e7\u00e3o bal\u00edstica sem acess\u00f3rios adicionais.<\/li>\n<li><span style=\"color: #0000ff;\">\u00a0<strong>Realidade+ IA e estabiliza\u00e7\u00e3o eletr\u00f3nica:<\/strong><\/span><br \/>\nO processamento de imagem avan\u00e7ado reduz o ru\u00eddo e melhora a nitidez mesmo em movimento.<\/li>\n<li>\u00a0<span style=\"color: #0000ff;\"><strong>Vis\u00e3o confort\u00e1vel sem fadiga:<\/strong><\/span><br \/>\nInclui paletas de cores, incluindo modos de cor em <strong>vermelho e verde<\/strong>Com um mon\u00f3culo de qualidade, a experi\u00eancia de observa\u00e7\u00e3o \u00e9 elevada a um novo n\u00edvel, permitindo-lhe desfrutar ao m\u00e1ximo de cada aventura.<\/p>\n<p>A utiliza\u00e7\u00e3o de um aparelho de qualidade \u00e9 essencial para qualquer atividade ao ar livre.<\/li>\n<li><span style=\"color: #0000ff;\">\u00a0<strong>Bateria intercambi\u00e1vel 18650 com polaridade invertida:<\/strong><\/span><br \/>\nPermite a substitui\u00e7\u00e3o segura da pilha, mesmo em situa\u00e7\u00f5es de escurid\u00e3o, com uma dura\u00e7\u00e3o da pilha de at\u00e9\u00a0<strong>5 h<\/strong>A portabilidade deste dispositivo torna-o ideal para excurs\u00f5es prolongadas.<\/li>\n<li><span style=\"color: #0000ff;\">\u00a0<strong>Design ultra-leve e duradouro:<\/strong><\/span><br \/>\nCaixa IP67, peso de\u00a0<strong>\u2248335-385 g consoante a configura\u00e7\u00e3o<\/strong>ideal para longos dias na estrada.<\/li>\n<li>\u00a0<span style=\"color: #0000ff;\"><strong>Grava\u00e7\u00e3o integrada e armazenamento interno:<\/strong><\/span><br \/>\nInclui 32 GB de mem\u00f3ria, webcam com microfone, fotografia e v\u00eddeo para captar e partilhar as suas observa\u00e7\u00f5es.<\/li>\n<\/ul>\n<p>&nbsp;<\/p>\n<h3>Funcionalidades avan\u00e7adas:<\/h3>\n<h3>Tel\u00e9metro integrado (LRF 800m\u00b11metro) com resposta r\u00e1pida e baixa lat\u00eancia.<\/h3>\n<h3>Sensor t\u00e9rmico de 640\u00d7512 e 12 \u03bcm desenvolvido pelo pr\u00f3prio.<\/h3>\n<h3>NETD \u226418mK para imagens n\u00edtidas em condi\u00e7\u00f5es dif\u00edceis.<\/h3>\n<h3>Lente 35mm F0.9, 20% mais brilhante que F1.0.<\/h3>\n<h3>Dimens\u00f5es compactas: 147x47x74 mm.<\/h3>\n<h3>Peso leve: 385 g (335 g sem bateria).<\/h3>\n<h3>Ocular com pupila de sa\u00edda de 10 mm para melhor visibilidade.<\/h3>\n<h3>Bot\u00f5es silenciosos para evitar ru\u00eddos durante a observa\u00e7\u00e3o.<\/h3>\n<h3>V\u00e1rias paletas de cores, incluindo vermelho e verde, para reduzir a fadiga ocular.<\/h3>\n<h3>Bateria 18650 substitu\u00edvel com fun\u00e7\u00e3o de invers\u00e3o de polaridade.<\/h3>\n<h3>Amplia\u00e7\u00e3o de 2,5\/5\/10\/20x para uma observa\u00e7\u00e3o mais precisa.<\/h3>\n<h3>IP67 resistente ao p\u00f3 e \u00e0 \u00e1gua.<\/h3>\n<h3>Fun\u00e7\u00f5es de fotografia, v\u00eddeo e microfone com 32 GB de armazenamento.<\/h3>\n<h3>Inclui monocular, bolsa de transporte, pilhas IBP-7 x 2, cabo de dados, correia de pesco\u00e7o, pano de limpeza da objetiva e guia de in\u00edcio r\u00e1pido.<\/h3>\n<p>&nbsp;<\/p>\n<h3>GARANTIA do monocular<\/h3>\n<p>A NOCPIX oferece uma garantia de dez anos para o sensor, dois anos para a bateria e tr\u00eas anos para o instrumento e m\u00e3o de obra. A garantia n\u00e3o cobre perdas ou danos causados por abuso, utiliza\u00e7\u00e3o incorrecta, acidente, neglig\u00eancia ou desmontagem.<\/p>\n<p>&nbsp;<\/p>","protected":false},"excerpt":{"rendered":"<p>Este modelo, o monocular t\u00e9rmico LUMI LH35R da Nocpix, combina imagem t\u00e9rmica de alta defini\u00e7\u00e3o com tel\u00e9metro laser integrado e processamento Reality+AI, tudo num formato compacto que pesa menos do que um smartphone. Ideal para dezenas de aplica\u00e7\u00f5es: ca\u00e7a, vigil\u00e2ncia, salvamento ou seguran\u00e7a, gra\u00e7as ao seu equil\u00edbrio entre desempenho, ergonomia e qualidade robusta.<\/p>","protected":false},"featured_media":25419,"template":"","meta":[],"product_brand":[],"product_cat":[191,147,144],"product_tag":[],"class_list":{"0":"post-25418","1":"product","2":"type-product","3":"status-publish","4":"has-post-thumbnail","6":"product_cat-nocpix","7":"product_cat-monoculares-termicos","8":"product_cat-vision-termica","10":"first","11":"instock","12":"sale","13":"taxable","14":"shipping-taxable","15":"purchasable","16":"product-type-simple","17":"add-to-wishlist-after_add_to_cart"},"_links":{"self":[{"href":"https:\/\/dinaturez.com\/pt\/wp-json\/wp\/v2\/product\/25418","targetHints":{"allow":["GET"]}}],"collection":[{"href":"https:\/\/dinaturez.com\/pt\/wp-json\/wp\/v2\/product"}],"about":[{"href":"https:\/\/dinaturez.com\/pt\/wp-json\/wp\/v2\/types\/product"}],"wp:featuredmedia":[{"embeddable":true,"href":"https:\/\/dinaturez.com\/pt\/wp-json\/wp\/v2\/media\/25419"}],"wp:attachment":[{"href":"https:\/\/dinaturez.com\/pt\/wp-json\/wp\/v2\/media?parent=25418"}],"wp:term":[{"taxonomy":"product_brand","embeddable":true,"href":"https:\/\/dinaturez.com\/pt\/wp-json\/wp\/v2\/product_brand?post=25418"},{"taxonomy":"product_cat","embeddable":true,"href":"https:\/\/dinaturez.com\/pt\/wp-json\/wp\/v2\/product_cat?post=25418"},{"taxonomy":"product_tag","embeddable":true,"href":"https:\/\/dinaturez.com\/pt\/wp-json\/wp\/v2\/product_tag?post=25418"}],"curies":[{"name":"wp","href":"https:\/\/api.w.org\/{rel}","templated":true}]}}