{"id":25406,"date":"2025-08-01T18:32:03","date_gmt":"2025-08-01T16:32:03","guid":{"rendered":"https:\/\/dinaturez.com\/?post_type=product&#038;p=25406"},"modified":"2025-09-18T18:04:16","modified_gmt":"2025-09-18T16:04:16","slug":"monocular-termico-lumi-l35r-nocpix","status":"publish","type":"product","link":"https:\/\/dinaturez.com\/pt\/product\/monocular-termico-lumi-l35r-nocpix\/","title":{"rendered":"Monocular t\u00e9rmico LUMI L35R NOCPIX LUMI L35R NOCPIX"},"content":{"rendered":"<h3 data-rm-block-id=\"block-1\"><strong>Pot\u00eancia e precis\u00e3o num formato de bolso.<\/strong><\/h3>\n<h3 data-rm-block-id=\"block-2\">O\u00a0<strong>LUMI L35R<\/strong> da Nocpix combina um desempenho t\u00e9rmico excecional e tecnologia avan\u00e7ada num corpo mais pequeno do que m\u00f3vel, ultra-compacto e leve, concebido para proporcionar uma vis\u00e3o nocturna precisa para ca\u00e7a, seguran\u00e7a, navega\u00e7\u00e3o, salvamento e actividades ao ar livre. O seu sensor de 384\u00d7288 px com p\u00edxeis de 12 \u00b5m e sensibilidade NETD \u2264 18 mK garante imagens n\u00edtidas e detalhadas, mesmo em condi\u00e7\u00f5es adversas.<\/h3>\n<p>&nbsp;<\/p>\n<div class=\"adn ads\" data-message-id=\"#msg-f:1839270063044756934\" data-legacy-message-id=\"19866660a1cb05c6\">\n<div class=\"gs\">\n<div class=\"\">\n<div id=\":o6\" class=\"ii gt\">\n<div id=\":o5\" class=\"a3s aiL\">\n<p data-rm-block-id=\"block-4\"><span style=\"color: #0000ff;\"><strong>\u00d3tica superior e alcance excecional:<\/strong><\/span><br \/>\nA objetiva de 35 mm f\/0,9, com estabiliza\u00e7\u00e3o eletr\u00f3nica da imagem, permite a dete\u00e7\u00e3o t\u00e9rmica at\u00e9 1 800 m. O campo de vis\u00e3o de aproximadamente 7,5 \u00d7 5,7\u00b0 (13 m \u00d7 10 m a 100 m) e o zoom \u00f3tico de 4-16\u00d7 oferecem flexibilidade para alvos pr\u00f3ximos e distantes.<\/p>\n<p data-rm-block-id=\"block-5\"><span style=\"color: #0000ff;\"><strong>Tel\u00e9metro laser integrado (LRF):<\/strong><\/span><br \/>\nEquipado com um tel\u00e9metro laser de classe 1 e um alcance de at\u00e9 800 m, permite medi\u00e7\u00f5es precisas sem acess\u00f3rios adicionais. Ideal para a ca\u00e7a, a vigil\u00e2ncia ou o salvamento de precis\u00e3o.<\/p>\n<p data-rm-block-id=\"block-6\"><span style=\"color: #0000ff;\"><strong>Ecr\u00e3 AMOLED e processamento Reality +:<\/strong><\/span><br \/>\nO ecr\u00e3 AMOLED de alta resolu\u00e7\u00e3o (1024\u00d7768 px) e o algoritmo propriet\u00e1rio Reality+ melhoram o contraste, reduzem o ru\u00eddo e melhoram a nitidez geral, especialmente em condi\u00e7\u00f5es dif\u00edceis, como nevoeiro ou vegeta\u00e7\u00e3o densa.<\/p>\n<p data-rm-block-id=\"block-7\"><span style=\"color: #0000ff;\"><strong>Design robusto, leve e duradouro:<\/strong><\/span><br \/>\nCom prote\u00e7\u00e3o IP67 contra \u00e1gua e poeira, suporta temperaturas de -20\u00b0C a 50\u00b0C. Pesa entre 335 g e 385 g, consoante a configura\u00e7\u00e3o, e mede apenas 143 \u00d7 47 \u00d7 74 mm, o que facilita o seu transporte e manuseamento. A bateria 18650 amov\u00edvel proporciona 4\u00bd a 6 horas de utiliza\u00e7\u00e3o, dependendo do ambiente de funcionamento.<\/p>\n<h3 data-rm-block-id=\"block-8\"><\/h3>\n<h3 class=\"adL\" data-rm-block-id=\"block-9\">Funcionalidades avan\u00e7adas:<\/h3>\n<\/div>\n<\/div>\n<\/div>\n<\/div>\n<\/div>\n<ul>\n<li>\n<h3 data-rm-block-id=\"block-10\">Tel\u00e9metro integrado (LRF 800m\u00b11metro) com resposta r\u00e1pida e baixa lat\u00eancia.<\/h3>\n<\/li>\n<li>\n<h3 data-rm-block-id=\"block-11\">Sensor t\u00e9rmico de 384\u00d7288 e 12 \u03bcm desenvolvido pelo pr\u00f3prio.<\/h3>\n<\/li>\n<li>\n<h3 data-rm-block-id=\"block-12\">NETD \u226418mK para imagens n\u00edtidas em condi\u00e7\u00f5es dif\u00edceis.<\/h3>\n<\/li>\n<li>\n<h3 data-rm-block-id=\"block-13\">Lente 35mm F0.9, 20% mais brilhante que F1.0.<\/h3>\n<\/li>\n<li>\n<h3 data-rm-block-id=\"block-14\">Dimens\u00f5es compactas: 147x47x74 mm.<\/h3>\n<\/li>\n<li>\n<h3 data-rm-block-id=\"block-15\">Peso leve: 375g (325g sem bateria).<\/h3>\n<\/li>\n<li>\n<h3 data-rm-block-id=\"block-16\">Ocular com pupila de sa\u00edda de 10 mm para melhor visibilidade.<\/h3>\n<\/li>\n<li>\n<h3 data-rm-block-id=\"block-17\">Bot\u00f5es silenciosos para evitar ru\u00eddos durante a observa\u00e7\u00e3o.<\/h3>\n<\/li>\n<li>\n<h3 data-rm-block-id=\"block-18\">V\u00e1rias paletas de cores, incluindo vermelho e verde, para reduzir a fadiga ocular.<\/h3>\n<\/li>\n<li>\n<h3 data-rm-block-id=\"block-19\">Bateria 18650 substitu\u00edvel com fun\u00e7\u00e3o de invers\u00e3o de polaridade.<\/h3>\n<\/li>\n<li>\n<h3 data-rm-block-id=\"block-20\">Amplia\u00e7\u00e3o de 4\/8\/16x para maior precis\u00e3o na observa\u00e7\u00e3o.<\/h3>\n<\/li>\n<li>\n<h3 data-rm-block-id=\"block-21\">IP67 resistente ao p\u00f3 e \u00e0 \u00e1gua.<\/h3>\n<\/li>\n<li>\n<h3 data-rm-block-id=\"block-22\">Fun\u00e7\u00f5es de fotografia, v\u00eddeo e microfone com 32G de armazenamento.<\/h3>\n<\/li>\n<li>\n<h3 data-rm-block-id=\"block-23\">Inclui monocular, bolsa de transporte, pilhas 18650 x 2, carregador de pilhas 18650,<\/h3>\n<\/li>\n<li>\n<h3 data-rm-block-id=\"block-24\">Cabo de dados, fita para o pesco\u00e7o, pano de limpeza da objetiva e guia de in\u00edcio r\u00e1pido.<\/h3>\n<\/li>\n<\/ul>\n<p>&nbsp;<\/p>\n<h3 data-rm-block-id=\"block-26\">GARANTIA<\/h3>\n<p data-rm-block-id=\"block-27\">A NOCPIX oferece uma garantia de dez anos para o sensor, dois anos para a bateria e tr\u00eas anos para o instrumento e m\u00e3o de obra. A garantia n\u00e3o cobre perdas ou danos causados por abuso, utiliza\u00e7\u00e3o incorrecta, acidente, neglig\u00eancia ou desmontagem.<\/p>\n<p data-rm-block-id=\"block-28\">","protected":false},"excerpt":{"rendered":"<h3>O\u00a0<strong>LUMI L35R<\/strong> da Nocpix combina um desempenho t\u00e9rmico excecional e tecnologia avan\u00e7ada num corpo mais pequeno do que m\u00f3vel, ultra-compacto e leve, concebido para proporcionar uma vis\u00e3o nocturna precisa para ca\u00e7a, seguran\u00e7a, navega\u00e7\u00e3o, salvamento e actividades ao ar livre. O seu sensor de 384\u00d7288 px com p\u00edxeis de 12 \u00b5m e sensibilidade NETD \u2264 18 mK garante imagens n\u00edtidas e detalhadas, mesmo em condi\u00e7\u00f5es adversas.<\/h3>","protected":false},"featured_media":25407,"template":"","meta":[],"product_brand":[],"product_cat":[191,147,144],"product_tag":[],"class_list":{"0":"post-25406","1":"product","2":"type-product","3":"status-publish","4":"has-post-thumbnail","6":"product_cat-nocpix","7":"product_cat-monoculares-termicos","8":"product_cat-vision-termica","10":"first","11":"instock","12":"sale","13":"taxable","14":"shipping-taxable","15":"purchasable","16":"product-type-simple","17":"add-to-wishlist-after_add_to_cart"},"_links":{"self":[{"href":"https:\/\/dinaturez.com\/pt\/wp-json\/wp\/v2\/product\/25406","targetHints":{"allow":["GET"]}}],"collection":[{"href":"https:\/\/dinaturez.com\/pt\/wp-json\/wp\/v2\/product"}],"about":[{"href":"https:\/\/dinaturez.com\/pt\/wp-json\/wp\/v2\/types\/product"}],"wp:featuredmedia":[{"embeddable":true,"href":"https:\/\/dinaturez.com\/pt\/wp-json\/wp\/v2\/media\/25407"}],"wp:attachment":[{"href":"https:\/\/dinaturez.com\/pt\/wp-json\/wp\/v2\/media?parent=25406"}],"wp:term":[{"taxonomy":"product_brand","embeddable":true,"href":"https:\/\/dinaturez.com\/pt\/wp-json\/wp\/v2\/product_brand?post=25406"},{"taxonomy":"product_cat","embeddable":true,"href":"https:\/\/dinaturez.com\/pt\/wp-json\/wp\/v2\/product_cat?post=25406"},{"taxonomy":"product_tag","embeddable":true,"href":"https:\/\/dinaturez.com\/pt\/wp-json\/wp\/v2\/product_tag?post=25406"}],"curies":[{"name":"wp","href":"https:\/\/api.w.org\/{rel}","templated":true}]}}