{"id":25373,"date":"2025-07-31T18:37:18","date_gmt":"2025-07-31T16:37:18","guid":{"rendered":"https:\/\/dinaturez.com\/?post_type=product&#038;p=25373"},"modified":"2025-09-18T17:58:49","modified_gmt":"2025-09-18T15:58:49","slug":"monocular-termico-lumi-ll19-nocpix","status":"publish","type":"product","link":"https:\/\/dinaturez.com\/pt\/product\/monocular-termico-lumi-ll19-nocpix\/","title":{"rendered":"Monocular t\u00e9rmico LUMI L19 NOCPIX LUMI L19 NOCPIX"},"content":{"rendered":"<h3 data-rm-block-id=\"block-1\">Vis\u00e3o t\u00e9rmica leve, vers\u00e1til e profissional para qualquer situa\u00e7\u00e3o.<\/h3>\n<div class=\"elementor-widget-container\">\n<div class=\"woocommerce-product-details__short-description\">\n<h3><span class=\"TextRun SCXW18958075 BCX0\" lang=\"ES-CO\" xml:lang=\"ES-CO\" data-contrast=\"auto\"><span class=\"NormalTextRun SCXW18958075 BCX0\">A s\u00e9rie\u00a0<\/span><span class=\"NormalTextRun SpellingErrorV2Themed SCXW18958075 BCX0\">Lumi<\/span><span class=\"NormalTextRun SCXW18958075 BCX0\">\u00a0causa uma primeira impress\u00e3o poderosa com o seu corpo compacto e pequeno e as suas capacidades superiores. Com tecnologia de sensor desenvolvida internamente e algoritmos de imagem avan\u00e7ados\u00a0<\/span><span class=\"NormalTextRun SpellingErrorV2Themed SCXW18958075 BCX0\">Realidade<\/span><span class=\"NormalTextRun SCXW18958075 BCX0\">+ AI, oferece uma qualidade de imagem excecional que se destaca na sua classe.\u00a0<\/span><span class=\"NormalTextRun SCXW18958075 BCX0\">O dispositivo \u00e9 incrivelmente pr\u00e1tico de transportar e utilizar, e tem um tamanho port\u00e1til ainda mais pequeno do que um telem\u00f3vel.<\/span><\/span><span class=\"EOP SCXW18958075 BCX0\" data-ccp-props=\"{}\">\u00a0<\/span><\/h3>\n<\/div>\n<\/div>\n<h3 data-rm-block-id=\"block-4\">O mon\u00f3culo t\u00e9rmico LL19 da Nocpix \u00e9 o modelo mais compacto da gama LUMI, oferecendo um grande campo de vis\u00e3o, autonomia e leveza. Perfeito para a observa\u00e7\u00e3o da vida selvagem, seguran\u00e7a ou ca\u00e7a, gra\u00e7as ao seu design ultra-confort\u00e1vel e \u00e0 sua resist\u00eancia a todas as condi\u00e7\u00f5es climat\u00e9ricas.<\/h3>\n<h4 data-rm-block-id=\"block-5\"><\/h4>\n<h4 data-rm-block-id=\"block-5\">Funcionalidades avan\u00e7adas:<\/h4>\n<p data-rm-block-id=\"block-6\"><span style=\"color: #0000ff;\">Sensor t\u00e9rmico de elevada sensibilidade:\u00a0<span style=\"color: #000000;\">Resolu\u00e7\u00e3o de 384 x 288px, p\u00edxeis de 12 \u00b5m e NETD \u2264 18 mk para imagens n\u00edtidas mesmo com nevoeiro, chuva ou p\u00f3.<\/span><\/span><\/p>\n<p data-rm-block-id=\"block-7\"><span style=\"color: #0000ff;\"> Lente de 19 mm:\u00a0<span style=\"color: #000000;\">Campo de vis\u00e3o mais amplo, ideal para explora\u00e7\u00e3o e procura em espa\u00e7os abertos.<\/span><\/span><\/p>\n<p data-rm-block-id=\"block-8\"><span style=\"color: #0000ff;\"> Zoom \u00f3tico de 2x e digital de at\u00e9 8x:\u00a0<span style=\"color: #000000;\">Permite-lhe localizar alvos a dist\u00e2ncias m\u00e9dias, mantendo a nitidez da imagem.<\/span><\/span><\/p>\n<p data-rm-block-id=\"block-9\"><span style=\"color: #0000ff;\">Alc<\/span><span style=\"color: #0000ff;\">O alcance de dete\u00e7\u00e3o \u00e9 de at\u00e9 980m:\u00a0<span style=\"color: #000000;\">Perfeito para detetar pessoas ou animais em qualquer ambiente.<\/span><\/span><\/p>\n<p data-rm-block-id=\"block-10\"><span style=\"color: #0000ff;\">4 paletas de cores: <span style=\"color: #000000;\">V\u00e1rios modos de visualiza\u00e7\u00e3o para se adaptar \u00e0s suas prefer\u00eancias e condi\u00e7\u00f5es.<\/span><\/span><\/p>\n<p data-rm-block-id=\"block-11\"><span style=\"color: #0000ff;\"> Grava\u00e7\u00e3o integrada de fotografias e v\u00eddeos:\u00a0<span style=\"color: #000000;\">Mem\u00f3ria interna de 32 GB para guardar as suas observa\u00e7\u00f5es sem necessidade de dispositivos externos.<\/span><\/span><\/p>\n<p data-rm-block-id=\"block-12\"><span style=\"color: #0000ff;\"> Bateria recarreg\u00e1vel substitu\u00edvel:\u00a0<span style=\"color: #000000;\">At\u00e9 5 horas de dura\u00e7\u00e3o da bateria com a bateria 18650, f\u00e1cil de mudar em qualquer lugar.<\/span><\/span><\/p>\n<p data-rm-block-id=\"block-13\"><span style=\"color: #0000ff;\">Conectividade Wi-Fi e aplica\u00e7\u00e3o m\u00f3vel:\u00a0<span style=\"color: #000000;\">Controlo remoto, transmiss\u00e3o de v\u00eddeo e gest\u00e3o de ficheiros a partir do seu smartphone.<\/span>\u00a0<\/span><\/p>\n<p data-rm-block-id=\"block-14\"><span style=\"color: #0000ff;\"> Design compacto e robusto:\u00a0\u00a0<span style=\"color: #000000;\">Caixa IP67 \u00e0 prova de p\u00f3 e \u00e1gua, pesando apenas 300 g. Ideal para levar sempre consigo.<\/span><\/span><\/p>\n<h3 data-rm-block-id=\"block-14\">Garantia<\/h3>\n<p>A Nocpix oferece uma garantia de dez anos para o sensor, dois anos para a bateria e tr\u00eas anos para o instrumento e m\u00e3o de obra. A garantia n\u00e3o cobre perdas ou danos causados por abuso, utiliza\u00e7\u00e3o incorrecta, acidente, neglig\u00eancia ou desmontagem.<\/p>\n<p>&nbsp;<\/p>","protected":false},"excerpt":{"rendered":"<h3>O mon\u00f3culo t\u00e9rmico LL19 da Nocpix \u00e9 o modelo mais compacto da gama LUMI, oferecendo um grande campo de vis\u00e3o, autonomia e leveza. Perfeito para a observa\u00e7\u00e3o da vida selvagem, seguran\u00e7a ou ca\u00e7a, gra\u00e7as ao seu design ultra-confort\u00e1vel e \u00e0 sua resist\u00eancia a todas as condi\u00e7\u00f5es climat\u00e9ricas.<\/h3>","protected":false},"featured_media":25374,"template":"","meta":[],"product_brand":[],"product_cat":[191,147,144],"product_tag":[],"class_list":{"0":"post-25373","1":"product","2":"type-product","3":"status-publish","4":"has-post-thumbnail","6":"product_cat-nocpix","7":"product_cat-monoculares-termicos","8":"product_cat-vision-termica","10":"first","11":"instock","12":"sale","13":"taxable","14":"shipping-taxable","15":"purchasable","16":"product-type-simple","17":"add-to-wishlist-after_add_to_cart"},"_links":{"self":[{"href":"https:\/\/dinaturez.com\/pt\/wp-json\/wp\/v2\/product\/25373","targetHints":{"allow":["GET"]}}],"collection":[{"href":"https:\/\/dinaturez.com\/pt\/wp-json\/wp\/v2\/product"}],"about":[{"href":"https:\/\/dinaturez.com\/pt\/wp-json\/wp\/v2\/types\/product"}],"wp:featuredmedia":[{"embeddable":true,"href":"https:\/\/dinaturez.com\/pt\/wp-json\/wp\/v2\/media\/25374"}],"wp:attachment":[{"href":"https:\/\/dinaturez.com\/pt\/wp-json\/wp\/v2\/media?parent=25373"}],"wp:term":[{"taxonomy":"product_brand","embeddable":true,"href":"https:\/\/dinaturez.com\/pt\/wp-json\/wp\/v2\/product_brand?post=25373"},{"taxonomy":"product_cat","embeddable":true,"href":"https:\/\/dinaturez.com\/pt\/wp-json\/wp\/v2\/product_cat?post=25373"},{"taxonomy":"product_tag","embeddable":true,"href":"https:\/\/dinaturez.com\/pt\/wp-json\/wp\/v2\/product_tag?post=25373"}],"curies":[{"name":"wp","href":"https:\/\/api.w.org\/{rel}","templated":true}]}}