{"id":25365,"date":"2025-07-31T19:01:59","date_gmt":"2025-07-31T17:01:59","guid":{"rendered":"https:\/\/dinaturez.com\/?post_type=product&#038;p=25365"},"modified":"2025-09-18T17:57:07","modified_gmt":"2025-09-18T15:57:07","slug":"monocular-termico-lumi-l35-nocpix","status":"publish","type":"product","link":"https:\/\/dinaturez.com\/pt\/product\/monocular-termico-lumi-l35-nocpix\/","title":{"rendered":"Monocular t\u00e9rmico LUMI L35 NOCPIX LUMI L35 NOCPIX"},"content":{"rendered":"<h3>Monocular t\u00e9rmico NOCPIX LUMI L35.<\/h3>\n<h3>Perfeito para quem procura um desempenho t\u00e9rmico avan\u00e7ado num dispositivo ultra-port\u00e1til.<\/h3>\n<div class=\"elementor-element elementor-element-515b63ac elementor-widget-tablet__width-inherit elementor-widget elementor-widget-woocommerce-product-content\" data-id=\"515b63ac\" data-element_type=\"widget\" data-widget_type=\"woocommerce-product-content.default\">\n<div class=\"elementor-widget-container\">\n<div class=\"elementor-element elementor-element-6cc1c0f1 elementor-widget elementor-widget-woocommerce-product-short-description\" style=\"font-size: 16px; font-weight: 400;\" data-id=\"6cc1c0f1\" data-element_type=\"widget\" data-widget_type=\"woocommerce-product-short-description.default\">\n<div class=\"elementor-widget-container\">\n<div class=\"woocommerce-product-details__short-description\">\n<h3><span class=\"TextRun SCXW18958075 BCX0\" lang=\"ES-CO\" xml:lang=\"ES-CO\" data-contrast=\"auto\"><span class=\"NormalTextRun SCXW18958075 BCX0\">A s\u00e9rie\u00a0<\/span><span class=\"NormalTextRun SpellingErrorV2Themed SCXW18958075 BCX0\">Lumi<\/span><span class=\"NormalTextRun SCXW18958075 BCX0\">\u00a0causa uma primeira impress\u00e3o poderosa com o seu corpo compacto e pequeno e as suas capacidades superiores. Com tecnologia de sensor desenvolvida internamente e algoritmos de imagem avan\u00e7ados\u00a0<\/span><span class=\"NormalTextRun SpellingErrorV2Themed SCXW18958075 BCX0\">Realidade<\/span><span class=\"NormalTextRun SCXW18958075 BCX0\">+ AI, oferece uma qualidade de imagem excecional que se destaca na sua classe.\u00a0<\/span><span class=\"NormalTextRun SCXW18958075 BCX0\">O dispositivo \u00e9 incrivelmente pr\u00e1tico de transportar e utilizar, e tem um tamanho port\u00e1til ainda mais pequeno do que um telem\u00f3vel.<\/span><\/span><span class=\"EOP SCXW18958075 BCX0\" data-ccp-props=\"{}\">\u00a0<\/span><\/h3>\n<p>&nbsp;<\/p>\n<\/div>\n<\/div>\n<\/div>\n<\/div>\n<\/div>\n<p><span style=\"color: #0000ff;\">Imagem t\u00e9rmica de alta qualidade:\u00a0<span style=\"color: #000000;\">Sensor Nocpix 384 x 288px com p\u00edxeis de 12 \u00b5m e sensibilidade NETD \u226418mk, proporcionando nitidez e contraste mesmo com nevoeiro, p\u00f3 ou chuva.<\/span><\/span><\/p>\n<p><span style=\"color: #0000ff;\"> Lente brilhante F\/0.9 de 35 mm:\u00a0<span style=\"color: #000000;\">Permite captar 20% mais radia\u00e7\u00e3o t\u00e9rmica em compara\u00e7\u00e3o com as objectivas F\/1.0, resultando em imagens mais brilhantes e n\u00edtidas.<\/span><\/span><\/p>\n<p><span style=\"color: #0000ff;\">Zoom vers\u00e1til (4x \u00f3tico \/ at\u00e9 16x digital)<\/span><span style=\"color: #0000ff;\">:\u00a0<span style=\"color: #000000;\">Excelente para identificar alvos de m\u00e9dio alcance em pormenor a partir de um pequeno dispositivo.<\/span><\/span><\/p>\n<p><span style=\"color: #0000ff;\"> Alcance de dete\u00e7\u00e3o at\u00e9 1800m:\u00a0<span style=\"color: #000000;\">Dete\u00e7\u00e3o fi\u00e1vel de alvos humanos (\u22481,7m x 0,5m) em condi\u00e7\u00f5es normais.<\/span><\/span><\/p>\n<p><span style=\"color: #0000ff;\"> Processamento da realidade+IA e estabiliza\u00e7\u00e3o eletr\u00f3nica:\u00a0<span style=\"color: #000000;\">Melhora a imagem, reduz o ru\u00eddo visual e mant\u00e9m a nitidez mesmo em movimento.<\/span><\/span><\/p>\n<p><span style=\"color: #0000ff;\"> Ampla sele\u00e7\u00e3o de paletas de cores:\u00a0<span style=\"color: #000000;\">Inclui modos vermelho, verde, branco\/preto e mais op\u00e7\u00f5es que reduzem a fadiga ocular durante sess\u00f5es prolongadas.<\/span><\/span><\/p>\n<p><span style=\"color: #0000ff;\"> Bateria recarreg\u00e1vel 18650 substitu\u00edvel: <span style=\"color: #000000;\">Inclui fun\u00e7\u00e3o de invers\u00e3o de polaridade para uma substitui\u00e7\u00e3o segura da pilha no escuro. Funciona at\u00e9 4,5 horas com uma pilha (at\u00e9 6 horas em modelos semelhantes).<\/span><\/span><\/p>\n<p><span style=\"color: #0000ff;\">Grava\u00e7\u00e3o integrada de fotografia, v\u00eddeo e \u00e1udio:\u00a0<span style=\"color: #000000;\">Mem\u00f3ria interna de 32 GB e conetividade Wi-Fi para controlo remoto atrav\u00e9s de uma aplica\u00e7\u00e3o compat\u00edvel.<\/span><\/span><\/p>\n<p><span style=\"color: #0000ff;\">Design robusto e leve:\u00a0<span style=\"color: #000000;\">Caixa IP67 \u00e0 prova de \u00e1gua e de poeira, peso de apenas \u2248335g (com bateria), com bot\u00f5es silenciosos e design ergon\u00f3mico ambidestro.<\/span><\/span><\/p>\n<p>&nbsp;<\/p>\n<h4>Funcionalidades avan\u00e7adas:<\/h4>\n<ul data-start=\"277\" data-end=\"1200\">\n<li data-start=\"277\" data-end=\"325\">\n<p data-start=\"279\" data-end=\"325\"><strong data-start=\"279\" data-end=\"298\">Sensor t\u00e9rmico:<\/strong>\u00a0384 \u00d7 288 pix\u00e9is, 12 \u03bcm<\/p>\n<\/li>\n<li data-start=\"326\" data-end=\"363\">\n<p data-start=\"328\" data-end=\"363\"><strong data-start=\"328\" data-end=\"355\">Taxa de atualiza\u00e7\u00e3o:<\/strong>\u00a050 Hz<\/p>\n<\/li>\n<li data-start=\"364\" data-end=\"399\">\n<p data-start=\"366\" data-end=\"399\"><strong data-start=\"366\" data-end=\"385\">Lente objetiva:<\/strong>\u00a035 mm, F1.0<\/p>\n<\/li>\n<li data-start=\"400\" data-end=\"444\">\n<p data-start=\"402\" data-end=\"444\"><strong data-start=\"402\" data-end=\"428\">Campo de vis\u00e3o (FOV):<\/strong>\u00a010.66\u00b0 \u00d7 8.0\u00b0<\/p>\n<\/li>\n<li data-start=\"445\" data-end=\"477\">\n<p data-start=\"447\" data-end=\"477\"><strong data-start=\"447\" data-end=\"464\">Zoom digital:<\/strong>\u00a01x, 2x, 4x<\/p>\n<\/li>\n<li data-start=\"478\" data-end=\"544\">\n<p data-start=\"480\" data-end=\"544\"><strong data-start=\"480\" data-end=\"523\">Alcance de dete\u00e7\u00e3o (alvo humano):<\/strong>\u00a0at\u00e9 1.800 metros<\/p>\n<\/li>\n<li data-start=\"545\" data-end=\"597\">\n<p data-start=\"547\" data-end=\"597\"><strong data-start=\"547\" data-end=\"568\">Ecr\u00e3 interno:<\/strong>\u00a0AMOLED, 1024 \u00d7 768 p\u00edxeis<\/p>\n<\/li>\n<li data-start=\"598\" data-end=\"702\">\n<p data-start=\"600\" data-end=\"702\"><strong data-start=\"600\" data-end=\"620\">Modos de imagem:<\/strong>\u00a0Branco quente, preto quente, vermelho quente, paleta de arco-\u00edris, entre outros.<\/p>\n<\/li>\n<li data-start=\"703\" data-end=\"780\">\n<p data-start=\"705\" data-end=\"780\"><strong data-start=\"705\" data-end=\"739\">Grava\u00e7\u00e3o de v\u00eddeo e imagem:<\/strong>\u00a0Integrado (com armazenamento interno)<\/p>\n<\/li>\n<li data-start=\"781\" data-end=\"864\">\n<p data-start=\"783\" data-end=\"864\"><strong data-start=\"783\" data-end=\"800\">Conectividade:<\/strong>\u00a0Wi-Fi para transmiss\u00e3o em direto e controlo remoto atrav\u00e9s da aplica\u00e7\u00e3o m\u00f3vel<\/p>\n<\/li>\n<li data-start=\"865\" data-end=\"928\">\n<p data-start=\"867\" data-end=\"928\"><strong data-start=\"867\" data-end=\"879\">Bateria:<\/strong>\u00a0Integrado, at\u00e9 6 horas de funcionamento cont\u00ednuo<\/p>\n<\/li>\n<li data-start=\"929\" data-end=\"1000\">\n<p data-start=\"931\" data-end=\"1000\"><strong data-start=\"931\" data-end=\"956\">Fonte de alimenta\u00e7\u00e3o externa:<\/strong>\u00a0Porta USB-C (compat\u00edvel com bancos de pot\u00eancia)<\/p>\n<\/li>\n<li data-start=\"1001\" data-end=\"1079\">\n<p data-start=\"1003\" data-end=\"1079\"><strong data-start=\"1003\" data-end=\"1027\">Resist\u00eancia \u00e0 \u00e1gua:<\/strong>\u00a0IP66 (resistente ao p\u00f3, chuva e salpicos de \u00e1gua)<\/p>\n<\/li>\n<li data-start=\"1080\" data-end=\"1126\">\n<p data-start=\"1082\" data-end=\"1126\"><strong data-start=\"1082\" data-end=\"1108\">Temperatura de funcionamento:<\/strong>\u00a0-20 \u00b0C a +50 \u00b0C<\/p>\n<\/li>\n<li data-start=\"1127\" data-end=\"1162\">\n<p data-start=\"1129\" data-end=\"1162\"><strong data-start=\"1129\" data-end=\"1138\">Peso:<\/strong>\u00a0Cerca de 450 g<\/p>\n<\/li>\n<li data-start=\"1163\" data-end=\"1200\">\n<p data-start=\"1165\" data-end=\"1200\"><strong data-start=\"1165\" data-end=\"1181\">Dimens\u00f5es:<\/strong>\u00a0200 \u00d7 65 \u00d7 68 mm<\/p>\n<\/li>\n<\/ul>\n<h3><\/h3>\n<h3>GARANTIA<\/h3>\n<p>A NOCPIX oferece uma garantia de dez anos para o sensor, dois anos para a bateria e tr\u00eas anos para o instrumento e m\u00e3o de obra. A garantia n\u00e3o cobre perdas ou danos causados por abuso, utiliza\u00e7\u00e3o incorrecta, acidente, neglig\u00eancia ou desmontagem.<\/p>\n<p>&nbsp;<\/p>\n<p>&nbsp;<\/p>\n<p>&nbsp;<\/p>","protected":false},"excerpt":{"rendered":"<h3>O monocular t\u00e9rmico Nocpix L35 \u00e9 perfeito para quem procura um desempenho t\u00e9rmico avan\u00e7ado num dispositivo ultra-port\u00e1til.<\/h3>\n<div class=\"elementor-element elementor-element-515b63ac elementor-widget-tablet__width-inherit elementor-widget elementor-widget-woocommerce-product-content\" data-id=\"515b63ac\" data-element_type=\"widget\" data-widget_type=\"woocommerce-product-content.default\">\n<div class=\"elementor-widget-container\">\n<div class=\"elementor-element elementor-element-6cc1c0f1 elementor-widget elementor-widget-woocommerce-product-short-description\" style=\"font-size: 16px; font-weight: 400;\" data-id=\"6cc1c0f1\" data-element_type=\"widget\" data-widget_type=\"woocommerce-product-short-description.default\">\n<div class=\"elementor-widget-container\">\n<div class=\"woocommerce-product-details__short-description\">\n<h3><span class=\"TextRun SCXW18958075 BCX0\" lang=\"ES-CO\" xml:lang=\"ES-CO\" data-contrast=\"auto\"><span class=\"NormalTextRun SCXW18958075 BCX0\">A s\u00e9rie\u00a0<\/span><span class=\"NormalTextRun SpellingErrorV2Themed SCXW18958075 BCX0\">Lumi<\/span><span class=\"NormalTextRun SCXW18958075 BCX0\">\u00a0causa uma primeira impress\u00e3o poderosa com o seu corpo compacto e pequeno e as suas capacidades superiores. Com tecnologia de sensor desenvolvida internamente e algoritmos de imagem avan\u00e7ados\u00a0<\/span><span class=\"NormalTextRun SpellingErrorV2Themed SCXW18958075 BCX0\">Realidade<\/span><span class=\"NormalTextRun SCXW18958075 BCX0\">+ AI, oferece uma qualidade de imagem excecional que se destaca na sua classe.\u00a0<\/span><span class=\"NormalTextRun SCXW18958075 BCX0\">O dispositivo \u00e9 incrivelmente pr\u00e1tico de transportar e utilizar, e tem um tamanho port\u00e1til ainda mais pequeno do que um telem\u00f3vel.<\/span><\/span><span class=\"EOP SCXW18958075 BCX0\" data-ccp-props=\"{}\">\u00a0<\/span><\/h3>\n<\/div>\n<\/div>\n<\/div>\n<\/div>\n<\/div>","protected":false},"featured_media":25380,"template":"","meta":[],"product_brand":[],"product_cat":[144,147,191],"product_tag":[],"class_list":{"0":"post-25365","1":"product","2":"type-product","3":"status-publish","4":"has-post-thumbnail","6":"product_cat-vision-termica","7":"product_cat-monoculares-termicos","8":"product_cat-nocpix","10":"first","11":"instock","12":"sale","13":"taxable","14":"shipping-taxable","15":"purchasable","16":"product-type-simple","17":"add-to-wishlist-after_add_to_cart"},"_links":{"self":[{"href":"https:\/\/dinaturez.com\/pt\/wp-json\/wp\/v2\/product\/25365","targetHints":{"allow":["GET"]}}],"collection":[{"href":"https:\/\/dinaturez.com\/pt\/wp-json\/wp\/v2\/product"}],"about":[{"href":"https:\/\/dinaturez.com\/pt\/wp-json\/wp\/v2\/types\/product"}],"wp:featuredmedia":[{"embeddable":true,"href":"https:\/\/dinaturez.com\/pt\/wp-json\/wp\/v2\/media\/25380"}],"wp:attachment":[{"href":"https:\/\/dinaturez.com\/pt\/wp-json\/wp\/v2\/media?parent=25365"}],"wp:term":[{"taxonomy":"product_brand","embeddable":true,"href":"https:\/\/dinaturez.com\/pt\/wp-json\/wp\/v2\/product_brand?post=25365"},{"taxonomy":"product_cat","embeddable":true,"href":"https:\/\/dinaturez.com\/pt\/wp-json\/wp\/v2\/product_cat?post=25365"},{"taxonomy":"product_tag","embeddable":true,"href":"https:\/\/dinaturez.com\/pt\/wp-json\/wp\/v2\/product_tag?post=25365"}],"curies":[{"name":"wp","href":"https:\/\/api.w.org\/{rel}","templated":true}]}}