{"id":25332,"date":"2025-07-25T12:08:29","date_gmt":"2025-07-25T10:08:29","guid":{"rendered":"https:\/\/dinaturez.com\/?post_type=product&#038;p=25332"},"modified":"2025-11-11T08:06:54","modified_gmt":"2025-11-11T07:06:54","slug":"clip-on-termico-avata-635-conotech","status":"publish","type":"product","link":"https:\/\/dinaturez.com\/pt\/product\/clip-on-termico-avata-635-conotech\/","title":{"rendered":"Clip-On t\u00e9rmico AVATA 635 CONOTECH"},"content":{"rendered":"<h2>M\u00e1xima precis\u00e3o e desempenho profissional num design compacto. Ideal para quem procura precis\u00e3o e qualidade nas suas digitaliza\u00e7\u00f5es t\u00e9rmicas, com vis\u00e3o t\u00e9rmica precisa mesmo em ambientes exigentes.<\/h2>\n<p>&nbsp;<\/p>\n<h4><strong>O AVATA THERMAL CLIP-ON 635\u00a0<\/strong>destaca-se por oferecer uma qualidade excecional, reconhecimento de detalhes mesmo em ambientes com baixo contraste t\u00e9rmico, como neve, p\u00f3, fumo ou nevoeiro. Esta capacidade assegura um desempenho fi\u00e1vel numa s\u00e9rie de condi\u00e7\u00f5es meteorol\u00f3gicas extensas, tornando-o uma ferramenta indispens\u00e1vel para utiliza\u00e7\u00e3o em ca\u00e7a profissional.<\/h4>\n<p>&nbsp;<\/p>\n<p><span style=\"color: #0000ff;\">Alta resolu\u00e7\u00e3o e sensibilidade. <span style=\"color: #000000;\">Sensor VOx com 640\u00d7512 px, p\u00edxeis de 12 \u00b5m e NETD &lt;20mk, permitindo uma dete\u00e7\u00e3o clara em condi\u00e7\u00f5es de baixa visibilidade, como neve, fumo ou nevoeiro.<\/span><\/span><\/p>\n<p><span style=\"color: #0000ff;\">Montagem r\u00e1pida sem recuo.\u00a0<span style=\"color: #000000;\">\u00c9 instalado como um clip-on \u00e0 frente da viseira diurna sem alterar o ponto de impacto original.<\/span><\/span><\/p>\n<p><span style=\"color: #0000ff;\">Carregamento expresso e efici\u00eancia energ\u00e9tica.\u00a0<span style=\"color: #000000;\">Carregue rapidamente o 100% em 1 hora atrav\u00e9s de USB-C e funcione com uma ou duas baterias de 18500 sem perda de desempenho.<\/span><\/span><\/p>\n<p><span style=\"color: #0000ff;\">Constru\u00e7\u00e3o forte e leve.\u00a0<span style=\"color: #000000;\">Apenas 450g; caixa robusta com classifica\u00e7\u00e3o IP&amp;\/, resist\u00eancia ao impacto at\u00e9 7000J e funcionamento fi\u00e1vel entre -20\u00b0C e +50\u00b0C.<\/span><\/span><\/p>\n<p><span style=\"color: #0000ff;\">Funcionamento intuitivo.\u00a0<span style=\"color: #000000;\">Interruptor de tr\u00eas posi\u00e7\u00f5es (ON\/OFF\/Standby) e roda rotativa f\u00e1ceis de utilizar mesmo com luvas.<\/span><\/span><\/p>\n<p><span style=\"color: #0000ff;\">Exatid\u00e3o verificada.\u00a0<span style=\"color: #000000;\">Posi\u00e7\u00e3o de 0,67 MOA gra\u00e7as ao design \u00f3tico avan\u00e7ado e \u00e0 calibra\u00e7\u00e3o t\u00e9rmica precisa.<\/span><\/span><\/p>\n<h4><\/h4>\n<h4>Funcionalidades avan\u00e7adas:<\/h4>\n<h4 class=\"p1\">Objetiva: 35mm.<\/h4>\n<h4 class=\"p1\">Amplia\u00e7\u00e3o: 1x<\/h4>\n<h4 class=\"p1\">Resolu\u00e7\u00e3o: 640X512<\/h4>\n<h4 class=\"p1\">NETD: &lt;15mK<\/h4>\n<h4 class=\"p1\">FOV (HxV), m@ 100m: 22\u00d717,5<\/h4>\n<h4 class=\"p1\">Peso (sem bateria): 450g.<\/h4>\n<h4 class=\"p1\">Dimens\u00f5es: 67x70x145mm<\/h4>\n<h4 data-rm-block-id=\"block-5\"><\/h4>\n<h4 data-rm-block-id=\"block-6\"><\/h4>","protected":false},"excerpt":{"rendered":"<h3>O\u00a0<strong>AVATA 635\u00a0<\/strong>de<strong> CONOTECH<\/strong> destaca por ofrecer una combinaci\u00f3n de precisi\u00f3n t\u00e9rmica, dise\u00f1o compacto y facilidad de uso. Ideal tanto para cazadores profesionales como para tareas de vigilancia o rescate donde se requiere una visi\u00f3n t\u00e9rmica fiable y r\u00e1pida. Su sistema sin necesidad de recalibrar el visor, junto con su peso ligero y alta durabilidad, lo convierten en una excelente opci\u00f3n para uso exigente en exteriores.<\/h3>","protected":false},"featured_media":25333,"template":"","meta":[],"product_brand":[],"product_cat":[149,197],"product_tag":[],"class_list":{"0":"post-25332","1":"product","2":"type-product","3":"status-publish","4":"has-post-thumbnail","6":"product_cat-acoples-clip-on","7":"product_cat-conotech","9":"first","10":"instock","11":"taxable","12":"shipping-taxable","13":"purchasable","14":"product-type-simple","15":"add-to-wishlist-after_add_to_cart"},"_links":{"self":[{"href":"https:\/\/dinaturez.com\/pt\/wp-json\/wp\/v2\/product\/25332","targetHints":{"allow":["GET"]}}],"collection":[{"href":"https:\/\/dinaturez.com\/pt\/wp-json\/wp\/v2\/product"}],"about":[{"href":"https:\/\/dinaturez.com\/pt\/wp-json\/wp\/v2\/types\/product"}],"wp:featuredmedia":[{"embeddable":true,"href":"https:\/\/dinaturez.com\/pt\/wp-json\/wp\/v2\/media\/25333"}],"wp:attachment":[{"href":"https:\/\/dinaturez.com\/pt\/wp-json\/wp\/v2\/media?parent=25332"}],"wp:term":[{"taxonomy":"product_brand","embeddable":true,"href":"https:\/\/dinaturez.com\/pt\/wp-json\/wp\/v2\/product_brand?post=25332"},{"taxonomy":"product_cat","embeddable":true,"href":"https:\/\/dinaturez.com\/pt\/wp-json\/wp\/v2\/product_cat?post=25332"},{"taxonomy":"product_tag","embeddable":true,"href":"https:\/\/dinaturez.com\/pt\/wp-json\/wp\/v2\/product_tag?post=25332"}],"curies":[{"name":"wp","href":"https:\/\/api.w.org\/{rel}","templated":true}]}}