{"id":25308,"date":"2025-07-24T11:45:15","date_gmt":"2025-07-24T09:45:15","guid":{"rendered":"https:\/\/dinaturez.com\/?post_type=product&#038;p=25308"},"modified":"2025-07-24T14:30:18","modified_gmt":"2025-07-24T12:30:18","slug":"clip-on-termico-avata-335-conotech","status":"publish","type":"product","link":"https:\/\/dinaturez.com\/pt\/product\/clip-on-termico-avata-335-conotech\/","title":{"rendered":"Clip-On t\u00e9rmico AVATA 335 CONOTECH"},"content":{"rendered":"<h2 style=\"text-align: left;\">Ideal para quem procura desempenho e qualidade nos seus exames t\u00e9rmicos. Precis\u00e3o e fiabilidade em qualquer ambiente.<\/h2>\n<p>&nbsp;<\/p>\n<h3 style=\"text-align: left;\"><strong>O AVATA 335 THERMAL CLIP-ON<\/strong>\u00a0destaca-se por oferecer uma qualidade excecional, reconhecimento de detalhes mesmo em ambientes com baixo contraste t\u00e9rmico, como neve, p\u00f3, fumo ou nevoeiro. Esta capacidade assegura um desempenho fi\u00e1vel numa s\u00e9rie de condi\u00e7\u00f5es meteorol\u00f3gicas extensas, tornando-o uma ferramenta indispens\u00e1vel para utiliza\u00e7\u00e3o em ca\u00e7a profissional.<\/h3>\n<p>&nbsp;<\/p>\n<ul>\n<li><span style=\"color: #0000ff;\">Dete\u00e7\u00e3o m\u00e1xima em condi\u00e7\u00f5es adversas.\u00a0<span style=\"color: #000000;\">Visualiza claramente em cen\u00e1rios de baixo contraste t\u00e9rmico: nevoeiro, chuva, chuva, neve, neve e gelo.<\/span><\/span><span style=\"color: #0000ff;\"><span style=\"color: #000000;\">lvo ou fumo.<\/span><\/span><\/li>\n<li><span style=\"color: #0000ff;\">Precis\u00e3o sem recuo.\u00a0<span style=\"color: #000000;\">\u00c9 facilmente montado em frente do visor \u00f3tico sem necessidade de outros ajustes.<\/span><\/span><\/li>\n<li><span style=\"color: #0000ff;\">Controlo intuitivo e personaliz\u00e1vel.\u00a0<span style=\"color: #000000;\">Roda central, bot\u00e3o configur\u00e1vel e compatibilidade com o controlo remoto.<\/span><\/span><\/li>\n<li><span style=\"color: #0000ff;\">Registo integrado.\u00a0<span style=\"color: #000000;\">Capte fotografias e v\u00eddeos com 64 GB de mem\u00f3ria interna para rever e partilhar as suas sess\u00f5es.<\/span><\/span><\/li>\n<li><span style=\"color: #0000ff;\">Autonomia prolongada.\u00a0<span style=\"color: #000000;\">At\u00e9 7 horas de utiliza\u00e7\u00e3o cont\u00ednua com duas baterias de 18500 e carregamento r\u00e1pido atrav\u00e9s de USB-C.<\/span><\/span><\/li>\n<li><span style=\"color: #0000ff;\">Constru\u00e7\u00e3o robusta.\u00a0<span style=\"color: #000000;\">Resistente \u00e0 \u00e1gua (IP67), ao recuo (at\u00e9 7.000J) e a temperaturas extremas (-20\u00baC a + 50\u00baC).<\/span><\/span><\/li>\n<\/ul>\n<p>&nbsp;<\/p>\n<h3><strong>Funcionalidades avan\u00e7adas:<\/strong><\/h3>\n<h4 class=\"p1\">Objetiva: 35mm.<\/h4>\n<h4 class=\"p1\">Amplia\u00e7\u00e3o: 1x<\/h4>\n<h4 class=\"p1\">Resolu\u00e7\u00e3o: 384\u00d7288<\/h4>\n<h4 class=\"p1\">NETD: &lt;15mK<\/h4>\n<h4 class=\"p1\">FOV (HxV), m@ 100m: 13,6\u00d79,87<\/h4>\n<h4 class=\"p1\">Peso (sem bateria): 450g.<\/h4>\n<h4 class=\"p1\">Dimens\u00f5es: 67x70x145mm.<\/h4>\n<p>&nbsp;<\/p>\n<p>&nbsp;<\/p>","protected":false},"excerpt":{"rendered":"<h2>O AVATA 335 Thermal Clip-On \u00e9 ideal para quem procura precis\u00e3o e qualidade nos seus exames t\u00e9rmicos, o AVATA 335 oferece um desempenho excecional mesmo em condi\u00e7\u00f5es de baixo contraste t\u00e9rmico, como neve, nevoeiro, poeira ou fumo, tornando-o uma ferramenta indispens\u00e1vel para a ca\u00e7a, garantindo fiabilidade e precis\u00e3o em qualquer ambiente.<\/h2>","protected":false},"featured_media":25311,"template":"","meta":[],"product_brand":[],"product_cat":[197,149],"product_tag":[],"class_list":{"0":"post-25308","1":"product","2":"type-product","3":"status-publish","4":"has-post-thumbnail","6":"product_cat-conotech","7":"product_cat-acoples-clip-on","9":"first","10":"instock","11":"taxable","12":"shipping-taxable","13":"purchasable","14":"product-type-simple","15":"add-to-wishlist-after_add_to_cart"},"_links":{"self":[{"href":"https:\/\/dinaturez.com\/pt\/wp-json\/wp\/v2\/product\/25308","targetHints":{"allow":["GET"]}}],"collection":[{"href":"https:\/\/dinaturez.com\/pt\/wp-json\/wp\/v2\/product"}],"about":[{"href":"https:\/\/dinaturez.com\/pt\/wp-json\/wp\/v2\/types\/product"}],"wp:featuredmedia":[{"embeddable":true,"href":"https:\/\/dinaturez.com\/pt\/wp-json\/wp\/v2\/media\/25311"}],"wp:attachment":[{"href":"https:\/\/dinaturez.com\/pt\/wp-json\/wp\/v2\/media?parent=25308"}],"wp:term":[{"taxonomy":"product_brand","embeddable":true,"href":"https:\/\/dinaturez.com\/pt\/wp-json\/wp\/v2\/product_brand?post=25308"},{"taxonomy":"product_cat","embeddable":true,"href":"https:\/\/dinaturez.com\/pt\/wp-json\/wp\/v2\/product_cat?post=25308"},{"taxonomy":"product_tag","embeddable":true,"href":"https:\/\/dinaturez.com\/pt\/wp-json\/wp\/v2\/product_tag?post=25308"}],"curies":[{"name":"wp","href":"https:\/\/api.w.org\/{rel}","templated":true}]}}