{"id":25300,"date":"2025-07-23T11:19:07","date_gmt":"2025-07-23T09:19:07","guid":{"rendered":"https:\/\/dinaturez.com\/?post_type=product&#038;p=25300"},"modified":"2025-07-24T12:12:10","modified_gmt":"2025-07-24T10:12:10","slug":"night-arrow-max-650-liir","status":"publish","type":"product","link":"https:\/\/dinaturez.com\/pt\/product\/night-arrow-max-650-liir\/","title":{"rendered":"Viseira t\u00e9rmica NIGHT ARROW MAX 650 LIIR CONOTECH"},"content":{"rendered":"<h2><strong>Este dispositivo tornou-se uma refer\u00eancia no mercado.<\/strong><\/h2>\n<h3>A viseira t\u00e9rmica\u00a0\u00a0<strong>SETA NOCTURNA MAX 650 LIIR<\/strong>\u00a0de\u00a0<strong>CONOTECH<\/strong>\u00a0proporciona imagens n\u00edtidas e de elevado contraste.<\/h3>\n<h3>Um medidor laser montado diretamente na lente ajudar-nos-\u00e1 a fazer medi\u00e7\u00f5es mais precisas.<\/h3>\n<h3>Utiliza um sensor de imagem t\u00e9rmica de 12 \u03bcm com menos de 15 mk NETD e suporta uma bateria externa amov\u00edvel para aumentar a dura\u00e7\u00e3o da bateria para mais de 12 horas. Tamb\u00e9m suporta um carregamento r\u00e1pido em 3 horas.<\/h3>\n<h3>O\u00a0<strong>SETA NOCTURNA MAX 650 LIIR\u00a0<\/strong>\u00e9 ideal para quem procura precis\u00e3o e qualidade nos seus exames t\u00e9rmicos.<\/h3>\n<p>- 12 horas de funcionamento.<br \/>\n- Suporte para carregamento r\u00e1pido de 3 horas.<br \/>\n- Roda girat\u00f3ria cl\u00e1ssica.<br \/>\n- Controlos f\u00e1ceis de utilizar.<\/p>\n<p>&nbsp;<\/p>\n<h3>A popularidade do\u00a0<strong>SETA NOCTURNA MAX 650 LIIR\u00a0<\/strong>de\u00a0<strong>CONOTECH<\/strong> \u00e9 devido \u00e0s suas carater\u00edsticas avan\u00e7adas.<\/h3>\n<p>- Detetor de tipo Vox n\u00e3o arrefecido<br \/>\n- Resolu\u00e7\u00e3o 640\u00d7512<br \/>\n- Velocidade de fotogramas 50 Hz<br \/>\n- Pixel12\u03bcm<br \/>\n- Gama espetral 8-14 \u03bcm<br \/>\n- VERMELHO Menos de 15mk<\/p>\n<p>- Objetiva: 50mm\/F1.1<br \/>\n- Amplia\u00e7\u00e3o de 2,7x<br \/>\n- FOV (HxV), graus \/ m@100m 15,4 x 12,3<br \/>\n- Alcance de aproxima\u00e7\u00e3o3m<br \/>\n- Ajuste de dioptrias\u00b15D<br \/>\n- Al\u00edvio dos olhos 55 mm<\/p>\n<p>- Dist\u00e2ncia de dete\u00e7\u00e3o (1,7 m) 3540 m<br \/>\n- Dist\u00e2ncia de reconhecimento (1,7 m) 1180 m<br \/>\n- Dist\u00e2ncia de identifica\u00e7\u00e3o (1,7 m) 600 m<\/p>\n<p>- Zoom 1x\/2x\/4x\/8x<br \/>\n- Filtros: 6 opcionais<br \/>\n- Tempo de arranque Menos de 5 segundos<br \/>\n- Melhoramento de imagemDDE<br \/>\n- Contraste e luminosidadeAGC<br \/>\n- Atualiza\u00e7\u00e3o em linha Sim<\/p>\n<p>- Ecr\u00e3 de tipo OLED<br \/>\n- Resolu\u00e7\u00e3o 1024\u00d7768<br \/>\n- V\u00eddeo WIFI externo<br \/>\n- Armazenamento: 32G<br \/>\n- Fonte de alimenta\u00e7\u00e3o: 2\u00d718650 bateria (bateria incorporada) + 1\u00d718500 (bateria externa)<br \/>\n- Fonte de alimenta\u00e7\u00e3o externa: 5V-2A, 9V-2A (USB Tipo C)<br \/>\n- Tempo de funcionamento (a t=22\u00b0C), h 12h<\/p>\n<p>- Peso sem bateria: 950g<br \/>\n- Tamanho: 72x89x390mm<\/p>\n<p>- Grau de prote\u00e7\u00e3o IP67<br \/>\n- Temperatura de funcionamento -20 \u2103 \/ 50 \u2103<br \/>\n- Temperatura de armazenamento -40 \u2103 \/ 60 \u2103<br \/>\n- Resist\u00eancia ao choque 1200 g\/m<\/p>","protected":false},"excerpt":{"rendered":"<p>Descubre el visor t\u00e9rmico\u00a0<strong>SETA NOCTURNA MAX 650 LIIR\u00a0<\/strong>de\u00a0<strong>CONOTECH\u00a0<\/strong>con im\u00e1genes n\u00edtidas y bater\u00eda de larga duraci\u00f3n. Este dispositivo se ha convertido en una referencia del mercado. Es ideal para quienes buscan precisi\u00f3n y claridad en sus exploraciones t\u00e9rmicas.<\/p>","protected":false},"featured_media":25301,"template":"","meta":[],"product_brand":[],"product_cat":[197,146],"product_tag":[],"class_list":{"0":"post-25300","1":"product","2":"type-product","3":"status-publish","4":"has-post-thumbnail","6":"product_cat-conotech","7":"product_cat-visores-termicos","9":"first","10":"instock","11":"taxable","12":"shipping-taxable","13":"purchasable","14":"product-type-simple","15":"add-to-wishlist-after_add_to_cart"},"_links":{"self":[{"href":"https:\/\/dinaturez.com\/pt\/wp-json\/wp\/v2\/product\/25300","targetHints":{"allow":["GET"]}}],"collection":[{"href":"https:\/\/dinaturez.com\/pt\/wp-json\/wp\/v2\/product"}],"about":[{"href":"https:\/\/dinaturez.com\/pt\/wp-json\/wp\/v2\/types\/product"}],"wp:featuredmedia":[{"embeddable":true,"href":"https:\/\/dinaturez.com\/pt\/wp-json\/wp\/v2\/media\/25301"}],"wp:attachment":[{"href":"https:\/\/dinaturez.com\/pt\/wp-json\/wp\/v2\/media?parent=25300"}],"wp:term":[{"taxonomy":"product_brand","embeddable":true,"href":"https:\/\/dinaturez.com\/pt\/wp-json\/wp\/v2\/product_brand?post=25300"},{"taxonomy":"product_cat","embeddable":true,"href":"https:\/\/dinaturez.com\/pt\/wp-json\/wp\/v2\/product_cat?post=25300"},{"taxonomy":"product_tag","embeddable":true,"href":"https:\/\/dinaturez.com\/pt\/wp-json\/wp\/v2\/product_tag?post=25300"}],"curies":[{"name":"wp","href":"https:\/\/api.w.org\/{rel}","templated":true}]}}