{"id":25282,"date":"2025-07-23T10:31:59","date_gmt":"2025-07-23T08:31:59","guid":{"rendered":"https:\/\/dinaturez.com\/?post_type=product&#038;p=25282"},"modified":"2025-07-24T12:07:06","modified_gmt":"2025-07-24T10:07:06","slug":"night-arrow-max-350-liir","status":"publish","type":"product","link":"https:\/\/dinaturez.com\/pt\/product\/night-arrow-max-350-liir\/","title":{"rendered":"Viseira t\u00e9rmica NIGHT ARROW MAX 350 LIIR CONOTECH"},"content":{"rendered":"<h2><strong>Este dispositivo tornou-se uma refer\u00eancia no mercado.<\/strong><\/h2>\n<h3>A viseira t\u00e9rmica\u00a0\u00a0<strong>ARROW MAX 350 LIIR NOCTURNO<\/strong>\u00a0de\u00a0<strong>CONOTECH<\/strong> fornece imagens n\u00edtidas e de alto contraste. Acompanhado de um medidor laser montado diretamente na lente, ajudar-nos-\u00e1 a fazer medi\u00e7\u00f5es mais precisas.<\/h3>\n<h3>Utiliza um sensor de imagem t\u00e9rmica de 12 \u03bcm com menos de 15 mk NETD. Al\u00e9m disso, o Night Arrow suporta uma bateria externa amov\u00edvel para aumentar a dura\u00e7\u00e3o da bateria para mais de 12 horas. Tamb\u00e9m suporta carregamento r\u00e1pido em 3 horas.<\/h3>\n<h3>-O\u00a0<strong>ARROW MAX 350 LIIR NOCTURNO<\/strong> \u00e9 ideal para quem procura precis\u00e3o e qualidade nos seus exames t\u00e9rmicos.<\/h3>\n<p>- Suporte para carregamento r\u00e1pido de 3 horas.<br \/>\n- Roda girat\u00f3ria cl\u00e1ssica.<br \/>\n- Controlos f\u00e1ceis de utilizar.<\/p>\n<h3>A popularidade do <strong>ARROW MAX 350 LIIR NOCTURNO <\/strong>\u00e9 devido \u00e0s suas carater\u00edsticas avan\u00e7adas.<\/h3>\n<p>- Detetor de tipo Vox n\u00e3o arrefecido<br \/>\n- Resolu\u00e7\u00e3o 384\u00d7288<br \/>\n- Velocidade de fotogramas 50 Hz<br \/>\n- Pixel12\u03bcm<br \/>\n- Gama espetral 8-14 \u03bcm<br \/>\n- VERMELHOMenos de 15mk<\/p>\n<p>- Objetiva: 5Omm\/F1.1<br \/>\n- Amplia\u00e7\u00e3o de 4,8x<br \/>\n- FOV (HxV), graus \/ m@100m 9,2 x 7<br \/>\n- Alcance de aproxima\u00e7\u00e3o3m<br \/>\n- Ajuste de dioptrias\u00b15D<br \/>\n- Al\u00edvio ocular55mm<\/p>\n<p>- Dist\u00e2ncia de dete\u00e7\u00e3o (1,7 m) 3540 m<br \/>\n- Dist\u00e2ncia de reconhecimento (1,7 m) 1180 m<br \/>\n- Dist\u00e2ncia de identifica\u00e7\u00e3o (1,7 m) 600 m<\/p>\n<p>- Zoom 1x\/2x\/4x\/8x<br \/>\n- Filtros: 6 opcionais<br \/>\n- Tempo de arranque Menos de 5 segundos<br \/>\n- Melhoramento de imagemDDE<br \/>\n- Contraste e luminosidadeAGC<br \/>\n- Atualiza\u00e7\u00e3o em linha Sim<\/p>\n<p>- Ecr\u00e3 de tipo OLED<br \/>\n- Resolu\u00e7\u00e3o 1024\u00d7768<br \/>\n- V\u00eddeo WIFI externo<br \/>\n- Armazenamento: 32G<br \/>\n- Fonte de alimenta\u00e7\u00e3o: 2\u00d718650 bateria (bateria incorporada) + 1\u00d718500 (bateria externa)<br \/>\n- Fonte de alimenta\u00e7\u00e3o externa: 5V-2A, 9V-2A (USB Tipo C)<br \/>\n- Tempo de funcionamento (a t=22\u00b0C), h 12h<\/p>\n<p>- Peso sem bateria: 990g<br \/>\n- Tamanho: 72x89x380mm<\/p>\n<p>- Grau de prote\u00e7\u00e3o IP67<br \/>\n- Temperatura de funcionamento -20 \u2103 \/ 50 \u2103<br \/>\n- Temperatura de armazenamento -40 \u2103 \/ 60 \u2103<br \/>\n- Resist\u00eancia ao choque 1200 g\/m<\/p>\n<p>&nbsp;<\/p>","protected":false},"excerpt":{"rendered":"<p>Descubre el visor t\u00e9rmico\u00a0<strong>ARROW MAX 350 LIIR NOCTURNO\u00a0<\/strong>de\u00a0<strong>CONOTECH\u00a0<\/strong>con im\u00e1genes n\u00edtidas y bater\u00eda de larga duraci\u00f3n. Este dispositivo se ha convertido en una referencia del mercado. Es ideal para quienes buscan precisi\u00f3n y claridad en sus exploraciones t\u00e9rmicas.<\/p>","protected":false},"featured_media":25283,"template":"","meta":[],"product_brand":[],"product_cat":[146,197],"product_tag":[],"class_list":{"0":"post-25282","1":"product","2":"type-product","3":"status-publish","4":"has-post-thumbnail","6":"product_cat-visores-termicos","7":"product_cat-conotech","9":"first","10":"instock","11":"taxable","12":"shipping-taxable","13":"purchasable","14":"product-type-simple","15":"add-to-wishlist-after_add_to_cart"},"_links":{"self":[{"href":"https:\/\/dinaturez.com\/pt\/wp-json\/wp\/v2\/product\/25282","targetHints":{"allow":["GET"]}}],"collection":[{"href":"https:\/\/dinaturez.com\/pt\/wp-json\/wp\/v2\/product"}],"about":[{"href":"https:\/\/dinaturez.com\/pt\/wp-json\/wp\/v2\/types\/product"}],"wp:featuredmedia":[{"embeddable":true,"href":"https:\/\/dinaturez.com\/pt\/wp-json\/wp\/v2\/media\/25283"}],"wp:attachment":[{"href":"https:\/\/dinaturez.com\/pt\/wp-json\/wp\/v2\/media?parent=25282"}],"wp:term":[{"taxonomy":"product_brand","embeddable":true,"href":"https:\/\/dinaturez.com\/pt\/wp-json\/wp\/v2\/product_brand?post=25282"},{"taxonomy":"product_cat","embeddable":true,"href":"https:\/\/dinaturez.com\/pt\/wp-json\/wp\/v2\/product_cat?post=25282"},{"taxonomy":"product_tag","embeddable":true,"href":"https:\/\/dinaturez.com\/pt\/wp-json\/wp\/v2\/product_tag?post=25282"}],"curies":[{"name":"wp","href":"https:\/\/api.w.org\/{rel}","templated":true}]}}