{"id":25232,"date":"2025-06-28T04:03:44","date_gmt":"2025-06-28T02:03:44","guid":{"rendered":"https:\/\/dinaturez.com\/?post_type=product&#038;p=25232"},"modified":"2025-08-28T17:25:24","modified_gmt":"2025-08-28T15:25:24","slug":"aquila-650-liir","status":"publish","type":"product","link":"https:\/\/dinaturez.com\/pt\/product\/aquila-650-liir\/","title":{"rendered":"Monocular t\u00e9rmico Aquila 650 LIIR CONOTECH"},"content":{"rendered":"<div>\n<p data-rm-block-id=\"block-1\">Aquila 650 LIIR<\/p>\n<p data-rm-block-id=\"block-2\">S\u00e3o os primeiros e \u00fanicos produtos no mundo a incorporar a tecnologia patenteada LIIR (Laser in IR) que integra um tel\u00e9metro laser no interior da objetiva, sem interferir com a qualidade da imagem. Esta tecnologia garante um alinhamento perfeito dos eixos do laser e dos infravermelhos, oferecendo uma precis\u00e3o e fiabilidade inigual\u00e1veis, al\u00e9m de oferecer ao utilizador um dispositivo mais pequeno e sem elementos adicionais, evitando problemas de entalamento, de ergonomia, at\u00e9 mesmo de incid\u00eancias e de fric\u00e7\u00e3o.<\/p>\n<p data-rm-block-id=\"block-3\"><a href=\"https:\/\/thermalvision.expert\/producto\/aquila-monocular-termico-conotech\/\" target=\"_blank\" rel=\"noopener\"><img fetchpriority=\"high\" decoding=\"async\" class=\"wp-image-5982\" src=\"https:\/\/thermalvision.expert\/wp-content\/uploads\/2023\/08\/LIIR-REPRESENTATIVA-e1693682147283.jpg\" sizes=\"(max-width: 926px) 100vw, 926px\" srcset=\"https:\/\/thermalvision.expert\/wp-content\/uploads\/2023\/08\/LIIR-REPRESENTATIVA-e1693682147283.jpg 645w, https:\/\/thermalvision.expert\/wp-content\/uploads\/2023\/08\/LIIR-REPRESENTATIVA-e1693682147283-300x208.jpg 300w, https:\/\/thermalvision.expert\/wp-content\/uploads\/2023\/08\/LIIR-REPRESENTATIVA-e1693682147283-600x417.jpg 600w\" alt=\"AQUILA 650 LIIR\" width=\"926\" height=\"643\" \/><\/a><\/p>\n<h3 data-rm-block-id=\"block-4\"><strong>\u00a0Pequenos pormenores<\/strong><\/h3>\n<div data-rm-block-id=\"block-5\">\u00a0Diferenciam a s\u00e9rie Aquila, que incorpora um mecanismo de regula\u00e7\u00e3o ocular espec\u00edfico para os utilizadores que usam \u00f3culos ou para uso diurno, para evitar que a luz penetre pelas laterais, uma vez que elimina o t\u00edpico tapa olhos de borracha que embacia a lente quando h\u00e1 muita humidade, al\u00e9m de evitar incidentes de quebra da borracha tradicional, proporcionando maior fiabilidade e durabilidade do que a sua concorr\u00eancia.<\/div>\n<div data-rm-block-id=\"block-6\"><\/div>\n<div>\n<p data-rm-block-id=\"block-7\"><img decoding=\"async\" class=\"wp-image-5984\" src=\"https:\/\/thermalvision.expert\/wp-content\/uploads\/2023\/08\/ocular.jpg\" sizes=\"(min-width: 0px) and (max-width: 480px) 480px, (min-width: 481px) 935px, 100vw\" srcset=\"https:\/\/thermalvision.expert\/wp-content\/uploads\/2023\/08\/ocular.jpg 935w, https:\/\/thermalvision.expert\/wp-content\/uploads\/2023\/08\/ocular-480x288.jpg 480w\" alt=\"OCULAR MONOCULAR T\u00c9RMICO AQUILA 625\" width=\"935\" height=\"562\" \/><\/p>\n<\/div>\n<div data-rm-block-id=\"block-8\"><\/div>\n<div>\n<h3 data-rm-block-id=\"block-9\"><strong>Bot\u00e3o silencioso<\/strong><\/h3>\n<div data-rm-block-id=\"block-10\"><\/div>\n<div data-rm-block-id=\"block-11\">\u00a0Equipada com uma roda de focagem silenciosa no bot\u00e3o superior, funciona com uma m\u00e3o e \u00e9 excecionalmente f\u00e1cil de utilizar tanto por esquerdinos como por destros.<\/div>\n<div data-rm-block-id=\"block-12\"><img decoding=\"async\" class=\"alignnone size-full wp-image-5911\" src=\"https:\/\/thermalvision.expert\/wp-content\/uploads\/2023\/08\/%E7%BB%84-1.png\" sizes=\"(max-width: 1200px) 100vw, 1200px\" srcset=\"https:\/\/thermalvision.expert\/wp-content\/uploads\/2023\/08\/\u7ec4-1.png 1200w, https:\/\/thermalvision.expert\/wp-content\/uploads\/2023\/08\/\u7ec4-1-300x200.png 300w, https:\/\/thermalvision.expert\/wp-content\/uploads\/2023\/08\/\u7ec4-1-1024x683.png 1024w, https:\/\/thermalvision.expert\/wp-content\/uploads\/2023\/08\/\u7ec4-1-768x512.png 768w, https:\/\/thermalvision.expert\/wp-content\/uploads\/2023\/08\/\u7ec4-1-1080x720.png 1080w, https:\/\/thermalvision.expert\/wp-content\/uploads\/2023\/08\/\u7ec4-1-980x653.png 980w, https:\/\/thermalvision.expert\/wp-content\/uploads\/2023\/08\/\u7ec4-1-480x320.png 480w, https:\/\/thermalvision.expert\/wp-content\/uploads\/2023\/08\/\u7ec4-1-600x400.png 600w\" alt=\"\" width=\"1200\" height=\"800\" \/>\u00a0\u00a0A aproxima\u00e7\u00e3o tem uma refer\u00eancia de 70m (76 Yard).<\/div>\n<div data-rm-block-id=\"block-13\"><img loading=\"lazy\" decoding=\"async\" class=\"alignnone size-full wp-image-5967\" src=\"https:\/\/thermalvision.expert\/wp-content\/uploads\/2023\/08\/Aquila-4-lente-dual-CIRC-1.png\" sizes=\"(min-width: 0px) and (max-width: 480px) 480px, (min-width: 481px) and (max-width: 980px) 980px, (min-width: 981px) and (max-width: 1280px) 1280px, (min-width: 1281px) 1652px, 100vw\" srcset=\"https:\/\/thermalvision.expert\/wp-content\/uploads\/2023\/08\/Aquila-4-lente-dual-CIRC-1.png 1652w, https:\/\/thermalvision.expert\/wp-content\/uploads\/2023\/08\/Aquila-4-lente-dual-CIRC-1-1280x690.png 1280w, https:\/\/thermalvision.expert\/wp-content\/uploads\/2023\/08\/Aquila-4-lente-dual-CIRC-1-980x529.png 980w, https:\/\/thermalvision.expert\/wp-content\/uploads\/2023\/08\/Aquila-4-lente-dual-CIRC-1-480x259.png 480w\" alt=\"\" width=\"1652\" height=\"891\" \/><\/div>\n<div data-rm-block-id=\"block-14\"><\/div>\n<div data-rm-block-id=\"block-15\"><\/div>\n<\/div>\n<\/div>\n<div>\n<h3 data-rm-block-id=\"block-16\"><strong>Sensor de imagem avan\u00e7ado de 12 \u03bcm \u226425mk (@25 \u00b0C,F#=1,0)<\/strong><\/h3>\n<p data-rm-block-id=\"block-17\">Estas unidades montam um sensor de imagem t\u00e9rmica altamente sens\u00edvel. Isto d\u00e1 ao Aquila um reconhecimento de detalhes maravilhoso mesmo quando o contraste t\u00e9rmico do ambiente \u00e9 baixo: durante a queda de neve, poeira ou neblina, chuva ou chuvisco, fumo, nevoeiro e outros agentes atmosf\u00e9ricos que reduzem a transmit\u00e2ncia t\u00e9rmica e causam a perda de detalhes no ambiente em particular.<\/p>\n<p data-rm-block-id=\"block-18\"><strong>\u00a0Para estas ocasi\u00f5es ou para melhorar a vis\u00e3o dos cornos secos<\/strong>Aquila tem um\u00a0<strong>modo de visualiza\u00e7\u00e3o extremo para um contraste m\u00e1ximo<\/strong>A utiliza\u00e7\u00e3o da paleta de cores, combinada com algumas das paletas de cores concebidas para o efeito, competem mesmo com sensores de menor sensibilidade e fornecem-nos pequenos mas importantes pormenores que fazem a diferen\u00e7a entre identificar ou n\u00e3o um animal.<\/p>\n<p data-rm-block-id=\"block-19\">\n<\/div>\n<div>\n<div data-rm-block-id=\"block-20\"><img decoding=\"async\" src=\"https:\/\/www.cono-tech.com\/temp\/uploads\/ueditor\/image\/2023-04-13\/f7e9173c-897a-4347-a683-a5c4d67de1f1.png\" \/><\/div>\n<\/div>\n<div>\n<div data-rm-block-id=\"block-21\"><\/div>\n<h3 data-rm-block-id=\"block-22\"><\/h3>\n<h3 data-rm-block-id=\"block-23\"><strong>Autonomia de longa dura\u00e7\u00e3o<\/strong><\/h3>\n<div data-rm-block-id=\"block-24\"><\/div>\n<div data-rm-block-id=\"block-25\">\u00a0Disp\u00f5e de uma bateria incorporada e de uma bateria externa. Al\u00e9m disso, o compartimento da bateria pode funcionar de forma aut\u00f3noma como carregador, al\u00e9m de indicar a capacidade de carga da bateria. Fornecido com duas unidades de bateria recarreg\u00e1vel 18500 para uma autonomia m\u00e1xima.<\/div>\n<div data-rm-block-id=\"block-26\"><img loading=\"lazy\" decoding=\"async\" class=\"alignnone size-full wp-image-5907\" src=\"https:\/\/thermalvision.expert\/wp-content\/uploads\/2023\/08\/Aquila-5.png\" sizes=\"(min-width: 0px) and (max-width: 480px) 480px, (min-width: 481px) and (max-width: 980px) 980px, (min-width: 981px) and (max-width: 1280px) 1280px, (min-width: 1281px) 2912px, 100vw\" srcset=\"https:\/\/thermalvision.expert\/wp-content\/uploads\/2023\/08\/Aquila-5.png 2912w, https:\/\/thermalvision.expert\/wp-content\/uploads\/2023\/08\/Aquila-5-1280x730.png 1280w, https:\/\/thermalvision.expert\/wp-content\/uploads\/2023\/08\/Aquila-5-980x559.png 980w, https:\/\/thermalvision.expert\/wp-content\/uploads\/2023\/08\/Aquila-5-480x274.png 480w\" alt=\"\" width=\"2912\" height=\"1660\" \/>\u00a0A bateria interna suporta um carregamento r\u00e1pido de at\u00e9 90 % numa hora.<\/div>\n<div data-rm-block-id=\"block-27\"><img loading=\"lazy\" decoding=\"async\" class=\"alignnone size-full wp-image-5908\" src=\"https:\/\/thermalvision.expert\/wp-content\/uploads\/2023\/08\/Aquila-8.png\" sizes=\"(min-width: 0px) and (max-width: 480px) 480px, (min-width: 481px) and (max-width: 980px) 980px, (min-width: 981px) and (max-width: 1280px) 1280px, (min-width: 1281px) 5000px, 100vw\" srcset=\"https:\/\/thermalvision.expert\/wp-content\/uploads\/2023\/08\/Aquila-8.png 5000w, https:\/\/thermalvision.expert\/wp-content\/uploads\/2023\/08\/Aquila-8-1280x508.png 1280w, https:\/\/thermalvision.expert\/wp-content\/uploads\/2023\/08\/Aquila-8-980x389.png 980w, https:\/\/thermalvision.expert\/wp-content\/uploads\/2023\/08\/Aquila-8-480x190.png 480w\" alt=\"\" width=\"5000\" height=\"1984\" \/><\/div>\n<div data-rm-block-id=\"block-28\"><\/div>\n<div>\n<h3 data-rm-block-id=\"block-29\"><strong>6 paletas de cores ajust\u00e1veis<\/strong><\/h3>\n<p data-rm-block-id=\"block-30\">As 6 paletas de cores dispon\u00edveis melhoram a visualiza\u00e7\u00e3o em diferentes condi\u00e7\u00f5es ou cen\u00e1rios, proporcionando mais possibilidades de dete\u00e7\u00e3o e identifica\u00e7\u00e3o.<\/p>\n<\/div>\n<\/div>\n<div>\n<div>\n<h4 data-rm-block-id=\"block-33\">\u00a0 \u00a0 \u00a0 \u00a0 \u00a0 \u00a0 \u00a0 \u00a0 \u00a0 \u00a0 \u00a0 \u00a0 \u00a0 \u00a0 \u00a0 \u00a0 \u00a0 \u00a0 \u00a0 \u00a0 \u00a0 \u00a0 \u00a0 \u00a0 \u00a0 \u00a0 \u00a0 \u00a0 \u00a0 \u00a0 \u00a0 \u00a0 \u00a0 \u00a0 \u00a0 \u00a0 \u00a0 \u00a0 Identifica\u00e7\u00e3o<\/h4>\n<\/div>\n<div data-rm-block-id=\"block-34\"><img loading=\"lazy\" decoding=\"async\" class=\"alignnone size-medium wp-image-5968\" src=\"https:\/\/thermalvision.expert\/wp-content\/uploads\/2023\/08\/PALETA-BLANCA-300x202.png\" sizes=\"(max-width: 300px) 100vw, 300px\" srcset=\"https:\/\/thermalvision.expert\/wp-content\/uploads\/2023\/08\/PALETA-BLANCA-300x202.png 300w, https:\/\/thermalvision.expert\/wp-content\/uploads\/2023\/08\/PALETA-BLANCA.png 369w\" alt=\"\" width=\"300\" height=\"202\" \/>\u00a0\u00a0<img loading=\"lazy\" decoding=\"async\" class=\"alignnone size-medium wp-image-5969\" src=\"https:\/\/thermalvision.expert\/wp-content\/uploads\/2023\/08\/PALETA-NEGRA-300x200.png\" sizes=\"(max-width: 300px) 100vw, 300px\" srcset=\"https:\/\/thermalvision.expert\/wp-content\/uploads\/2023\/08\/PALETA-NEGRA-300x200.png 300w, https:\/\/thermalvision.expert\/wp-content\/uploads\/2023\/08\/PALETA-NEGRA.png 367w\" alt=\"\" width=\"300\" height=\"200\" \/>\u00a0\u00a0<img loading=\"lazy\" decoding=\"async\" class=\"wp-image-5975 alignnone\" src=\"https:\/\/thermalvision.expert\/wp-content\/uploads\/2023\/08\/PALETA-AZUL-CLARA-1-300x202.png\" sizes=\"(max-width: 293px) 100vw, 293px\" srcset=\"https:\/\/thermalvision.expert\/wp-content\/uploads\/2023\/08\/PALETA-AZUL-CLARA-1-300x202.png 300w, https:\/\/thermalvision.expert\/wp-content\/uploads\/2023\/08\/PALETA-AZUL-CLARA-1.png 367w\" alt=\"\" width=\"293\" height=\"197\" \/><\/div>\n<\/div>\n<div data-rm-block-id=\"block-35\"><\/div>\n<h4 data-rm-block-id=\"block-36\"><\/h4>\n<h4 data-rm-block-id=\"block-37\">\u00a0 \u00a0 \u00a0 \u00a0 \u00a0 \u00a0 \u00a0 \u00a0 \u00a0 \u00a0 \u00a0 \u00a0 \u00a0 \u00a0 \u00a0 \u00a0 \u00a0 \u00a0 \u00a0 \u00a0 \u00a0 \u00a0 \u00a0 \u00a0 \u00a0 \u00a0 \u00a0 \u00a0 \u00a0 \u00a0 \u00a0 \u00a0 \u00a0 \u00a0 \u00a0 \u00a0 \u00a0 \u00a0 \u00a0 \u00a0 \u00a0 \u00a0Dete\u00e7\u00e3o<\/h4>\n<div>\n<div>\n<div data-rm-block-id=\"block-39\"><img loading=\"lazy\" decoding=\"async\" class=\"alignnone size-medium wp-image-5970\" src=\"https:\/\/thermalvision.expert\/wp-content\/uploads\/2023\/08\/PALETA-NARANJA-300x198.png\" sizes=\"(max-width: 300px) 100vw, 300px\" srcset=\"https:\/\/thermalvision.expert\/wp-content\/uploads\/2023\/08\/PALETA-NARANJA-300x198.png 300w, https:\/\/thermalvision.expert\/wp-content\/uploads\/2023\/08\/PALETA-NARANJA.png 369w\" alt=\"\" width=\"300\" height=\"198\" \/>\u00a0\u00a0<img loading=\"lazy\" decoding=\"async\" class=\"alignnone size-medium wp-image-5971\" src=\"https:\/\/thermalvision.expert\/wp-content\/uploads\/2023\/08\/PALETA-ROJO-300x200.png\" sizes=\"(max-width: 300px) 100vw, 300px\" srcset=\"https:\/\/thermalvision.expert\/wp-content\/uploads\/2023\/08\/PALETA-ROJO-300x200.png 300w, https:\/\/thermalvision.expert\/wp-content\/uploads\/2023\/08\/PALETA-ROJO.png 357w\" alt=\"\" width=\"300\" height=\"200\" \/>\u00a0\u00a0<img loading=\"lazy\" decoding=\"async\" class=\"alignnone size-medium wp-image-5973\" src=\"https:\/\/thermalvision.expert\/wp-content\/uploads\/2023\/08\/PALETA-AZUL-OSCURO-300x202.png\" sizes=\"(max-width: 300px) 100vw, 300px\" srcset=\"https:\/\/thermalvision.expert\/wp-content\/uploads\/2023\/08\/PALETA-AZUL-OSCURO-300x202.png 300w, https:\/\/thermalvision.expert\/wp-content\/uploads\/2023\/08\/PALETA-AZUL-OSCURO.png 367w\" alt=\"\" width=\"300\" height=\"202\" \/><\/div>\n<div data-rm-block-id=\"block-40\"><\/div>\n<div data-rm-block-id=\"block-41\"><\/div>\n<div data-rm-block-id=\"block-42\"><\/div>\n<div data-rm-block-id=\"block-43\"><\/div>\n<div data-rm-block-id=\"block-44\"><\/div>\n<div data-rm-block-id=\"block-45\"><\/div>\n<div data-rm-block-id=\"block-46\"><\/div>\n<div data-rm-block-id=\"block-47\"><img loading=\"lazy\" decoding=\"async\" class=\"alignnone size-full wp-image-5987\" src=\"https:\/\/thermalvision.expert\/wp-content\/uploads\/2023\/08\/AQUILA-FAMILY-2-scaled.jpg\" sizes=\"(min-width: 0px) and (max-width: 480px) 480px, (min-width: 481px) and (max-width: 980px) 980px, (min-width: 981px) and (max-width: 1280px) 1280px, (min-width: 1281px) 2560px, 100vw\" srcset=\"https:\/\/thermalvision.expert\/wp-content\/uploads\/2023\/08\/AQUILA-FAMILY-2-scaled.jpg 2560w, https:\/\/thermalvision.expert\/wp-content\/uploads\/2023\/08\/AQUILA-FAMILY-2-1280x720.jpg 1280w, https:\/\/thermalvision.expert\/wp-content\/uploads\/2023\/08\/AQUILA-FAMILY-2-980x551.jpg 980w, https:\/\/thermalvision.expert\/wp-content\/uploads\/2023\/08\/AQUILA-FAMILY-2-480x270.jpg 480w\" alt=\"\" width=\"2560\" height=\"1440\" \/><\/div>\n<div data-rm-block-id=\"block-48\">\u00a0A Aquila oferece v\u00e1rias vers\u00f5es para se adaptar \u00e0s necessidades espec\u00edficas de cada utilizador, dependendo da dist\u00e2ncia e do \u00e2ngulo de vis\u00e3o necess\u00e1rios.\u00a0<strong>325\/335\/625\/635<\/strong>\u00a0para dist\u00e2ncias curtas e m\u00e9dias, Aquila\u00a0<strong>LIIR 350LIIR\/650LIIR<\/strong>\u00a0para m\u00e9dias e longas dist\u00e2ncias e s\u00e9ries de campo vari\u00e1vel duplo\u00a0<strong>3D19-38 E 3D25-50<\/strong>\u00a0com 384*288 sensores e<strong>\u00a06D19-38 E 6D25-50<\/strong>\u00a0com o qual nos podemos adaptar a todo o tipo de dist\u00e2ncias com um \u00fanico dispositivo.<\/div>\n<div data-rm-block-id=\"block-49\">\u00a0Consulte-nos se precisar de aconselhamento, um especialista resolver\u00e1 as suas d\u00favidas de forma personalizada.<\/div>\n<\/div>\n<\/div>","protected":false},"excerpt":{"rendered":"<h3 data-rm-block-id=\"block-1\">Aquila 650 LIIR<\/h3>\n<h3 data-rm-block-id=\"block-2\">S\u00e3o os primeiros e \u00fanicos produtos no mundo a incorporar a tecnologia patenteada LIIR (Laser in IR) que integra um tel\u00e9metro laser no interior da objetiva, sem interferir com a qualidade da imagem. Esta tecnologia garante um alinhamento perfeito dos eixos do laser e dos infravermelhos, oferecendo uma precis\u00e3o e fiabilidade inigual\u00e1veis, al\u00e9m de oferecer ao utilizador um dispositivo mais pequeno e sem elementos adicionais, evitando problemas de entalamento, de ergonomia, at\u00e9 mesmo de incid\u00eancias e de fric\u00e7\u00e3o.<\/h3>","protected":false},"featured_media":25672,"template":"","meta":[],"product_brand":[],"product_cat":[197,147,144,146],"product_tag":[],"class_list":{"0":"post-25232","1":"product","2":"type-product","3":"status-publish","4":"has-post-thumbnail","6":"product_cat-conotech","7":"product_cat-monoculares-termicos","8":"product_cat-vision-termica","9":"product_cat-visores-termicos","11":"first","12":"instock","13":"taxable","14":"shipping-taxable","15":"purchasable","16":"product-type-simple","17":"add-to-wishlist-after_add_to_cart"},"_links":{"self":[{"href":"https:\/\/dinaturez.com\/pt\/wp-json\/wp\/v2\/product\/25232","targetHints":{"allow":["GET"]}}],"collection":[{"href":"https:\/\/dinaturez.com\/pt\/wp-json\/wp\/v2\/product"}],"about":[{"href":"https:\/\/dinaturez.com\/pt\/wp-json\/wp\/v2\/types\/product"}],"wp:featuredmedia":[{"embeddable":true,"href":"https:\/\/dinaturez.com\/pt\/wp-json\/wp\/v2\/media\/25672"}],"wp:attachment":[{"href":"https:\/\/dinaturez.com\/pt\/wp-json\/wp\/v2\/media?parent=25232"}],"wp:term":[{"taxonomy":"product_brand","embeddable":true,"href":"https:\/\/dinaturez.com\/pt\/wp-json\/wp\/v2\/product_brand?post=25232"},{"taxonomy":"product_cat","embeddable":true,"href":"https:\/\/dinaturez.com\/pt\/wp-json\/wp\/v2\/product_cat?post=25232"},{"taxonomy":"product_tag","embeddable":true,"href":"https:\/\/dinaturez.com\/pt\/wp-json\/wp\/v2\/product_tag?post=25232"}],"curies":[{"name":"wp","href":"https:\/\/api.w.org\/{rel}","templated":true}]}}