{"id":25189,"date":"2025-06-28T02:28:38","date_gmt":"2025-06-28T00:28:38","guid":{"rendered":"https:\/\/dinaturez.com\/?post_type=product&#038;p=25189"},"modified":"2025-08-28T17:17:35","modified_gmt":"2025-08-28T15:17:35","slug":"aquila-3d-197","status":"publish","type":"product","link":"https:\/\/dinaturez.com\/pt\/product\/aquila-3d-197\/","title":{"rendered":"Monocular t\u00e9rmico AQUILA 3D 19\/38 DUAL CONOTECH"},"content":{"rendered":"<div class=\"product-description\">\n<h1><strong><a href=\"https:\/\/thermalvision.expert\/producto\/conotech-aquila-3d-25-50-dual\/\" target=\"_blank\" rel=\"noopener\">Carater\u00edsticas<\/a><\/strong><\/h1>\n<p>O novo monocular t\u00e9rmico Aquila 3D 25\/50 da Conotech \u00e9 recomendado para miss\u00f5es de vigil\u00e2ncia, busca ou salvamento, expedi\u00e7\u00f5es de ca\u00e7a e observa\u00e7\u00e3o ou prospe\u00e7\u00e3o animal, entre outras. Onde o utilizador necessita de adaptar o campo de vis\u00e3o e a dist\u00e2ncia de dete\u00e7\u00e3o a diferentes cen\u00e1rios, tanto densos a curtas dist\u00e2ncias como abertos a longas dist\u00e2ncias. Est\u00e1 equipado com um sensor de 12\u00b5m de alto desempenho e uma resolu\u00e7\u00e3o de 384 * 288 Px. com uma sensibilidade de \u226425mK, que combinado com um software eficaz e uma variedade de paletas de cores oferece a melhor experi\u00eancia ao utilizador. Al\u00e9m disso, implementa fun\u00e7\u00f5es de melhoramento de imagem espec\u00edficas para condi\u00e7\u00f5es dif\u00edceis.<\/p>\n<h3><strong>Pequeno d<\/strong><strong>pormenores<\/strong><\/h3>\n<h3><img fetchpriority=\"high\" decoding=\"async\" class=\"wp-image-5984\" src=\"https:\/\/thermalvision.expert\/wp-content\/uploads\/2023\/08\/ocular.jpg\" sizes=\"(min-width: 0px) and (max-width: 480px) 480px, (min-width: 481px) 935px, 100vw\" srcset=\"https:\/\/thermalvision.expert\/wp-content\/uploads\/2023\/08\/ocular.jpg 935w, https:\/\/thermalvision.expert\/wp-content\/uploads\/2023\/08\/ocular-480x288.jpg 480w\" alt=\"OCULAR MONOCULAR T\u00c9RMICO AQUILA 625\" width=\"935\" height=\"562\" \/><\/h3>\n<p>Diferenciam a s\u00e9rie Aquila, que incorpora um mecanismo de regula\u00e7\u00e3o ocular espec\u00edfico para os utilizadores que usam \u00f3culos ou para uso diurno, para evitar que a luz penetre pelas laterais, uma vez que elimina o t\u00edpico tapa olhos de borracha que embacia a lente quando h\u00e1 muita humidade, al\u00e9m de evitar incidentes de quebra da borracha tradicional, proporcionando maior fiabilidade e durabilidade do que a sua concorr\u00eancia.<\/p>\n<h3><strong>Sensor de imagem avan\u00e7ado de 12 \u03bcm \u226425mk (@25 \u00b0C,F#=1,0)<\/strong><\/h3>\n<p>Estas unidades montam um sensor de imagem t\u00e9rmica altamente sens\u00edvel. Isto d\u00e1 ao Aquila um reconhecimento de detalhes maravilhoso mesmo quando o contraste t\u00e9rmico do ambiente \u00e9 baixo: durante a queda de neve, poeira ou neblina, chuva ou chuvisco, fumo, nevoeiro e outros agentes atmosf\u00e9ricos que reduzem a transmit\u00e2ncia t\u00e9rmica e causam a perda de detalhes no ambiente em particular.<\/p>\n<p><strong>\u00a0Para estas ocasi\u00f5es ou para melhorar a vis\u00e3o dos cornos secos<\/strong>Aquila tem um\u00a0<strong>modo de visualiza\u00e7\u00e3o extremo para um contraste m\u00e1ximo<\/strong>A utiliza\u00e7\u00e3o da paleta de cores, combinada com algumas das paletas de cores concebidas para o efeito, competem mesmo com sensores de menor sensibilidade e fornecem-nos pequenos mas importantes pormenores que fazem a diferen\u00e7a entre identificar ou n\u00e3o um animal.<\/p>\n<p><img decoding=\"async\" class=\"size-full wp-image-6023\" src=\"https:\/\/thermalvision.expert\/wp-content\/uploads\/2023\/09\/sensor-384-x-288.png\" sizes=\"(min-width: 0px) and (max-width: 480px) 480px, (min-width: 481px) and (max-width: 980px) 980px, (min-width: 981px) 1161px, 100vw\" srcset=\"https:\/\/thermalvision.expert\/wp-content\/uploads\/2023\/09\/sensor-384-x-288.png 1161w, https:\/\/thermalvision.expert\/wp-content\/uploads\/2023\/09\/sensor-384-x-288-980x597.png 980w, https:\/\/thermalvision.expert\/wp-content\/uploads\/2023\/09\/sensor-384-x-288-480x292.png 480w\" alt=\"Sensor 384 x 288\" width=\"1161\" height=\"707\" \/><\/p>\n<h3><\/h3>\n<h3><strong>Autonomia de longa dura\u00e7\u00e3o<\/strong><\/h3>\n<div><\/div>\n<div>\u00a0Tem uma bateria incorporada que pode ser combinada com uma bateria externa adicional. Al\u00e9m disso, o compartimento da bateria pode funcionar independentemente como um carregador que indica a capacidade de carga da bateria. Fornecido com duas unidades de bateria recarreg\u00e1vel 18500 para uma autonomia m\u00e1xima.<\/div>\n<\/div>\n<div class=\"product-description\">\n<div><img decoding=\"async\" class=\"wp-image-5985 aligncenter\" src=\"https:\/\/thermalvision.expert\/wp-content\/uploads\/2023\/08\/portapilas-aquila.jpg\" sizes=\"(min-width: 0px) and (max-width: 480px) 480px, (min-width: 481px) 743px, 100vw\" srcset=\"https:\/\/thermalvision.expert\/wp-content\/uploads\/2023\/08\/portapilas-aquila.jpg 743w, https:\/\/thermalvision.expert\/wp-content\/uploads\/2023\/08\/portapilas-aquila-480x254.jpg 480w\" alt=\"\" width=\"743\" height=\"394\" \/>\u00a0A bateria interna suporta um carregamento r\u00e1pido de at\u00e9 90 % numa hora.<\/div>\n<div><img loading=\"lazy\" decoding=\"async\" class=\"alignnone size-full wp-image-5908\" src=\"https:\/\/thermalvision.expert\/wp-content\/uploads\/2023\/08\/Aquila-8.png\" sizes=\"(min-width: 0px) and (max-width: 480px) 480px, (min-width: 481px) and (max-width: 980px) 980px, (min-width: 981px) and (max-width: 1280px) 1280px, (min-width: 1281px) 5000px, 100vw\" srcset=\"https:\/\/thermalvision.expert\/wp-content\/uploads\/2023\/08\/Aquila-8.png 5000w, https:\/\/thermalvision.expert\/wp-content\/uploads\/2023\/08\/Aquila-8-1280x508.png 1280w, https:\/\/thermalvision.expert\/wp-content\/uploads\/2023\/08\/Aquila-8-980x389.png 980w, https:\/\/thermalvision.expert\/wp-content\/uploads\/2023\/08\/Aquila-8-480x190.png 480w\" alt=\"\" width=\"5000\" height=\"1984\" \/><\/div>\n<div><\/div>\n<p><img loading=\"lazy\" decoding=\"async\" class=\"alignnone size-full wp-image-5987\" src=\"https:\/\/thermalvision.expert\/wp-content\/uploads\/2023\/08\/AQUILA-FAMILY-2-scaled.jpg\" sizes=\"(min-width: 0px) and (max-width: 480px) 480px, (min-width: 481px) and (max-width: 980px) 980px, (min-width: 981px) and (max-width: 1280px) 1280px, (min-width: 1281px) 2560px, 100vw\" srcset=\"https:\/\/thermalvision.expert\/wp-content\/uploads\/2023\/08\/AQUILA-FAMILY-2-scaled.jpg 2560w, https:\/\/thermalvision.expert\/wp-content\/uploads\/2023\/08\/AQUILA-FAMILY-2-1280x720.jpg 1280w, https:\/\/thermalvision.expert\/wp-content\/uploads\/2023\/08\/AQUILA-FAMILY-2-980x551.jpg 980w, https:\/\/thermalvision.expert\/wp-content\/uploads\/2023\/08\/AQUILA-FAMILY-2-480x270.jpg 480w\" alt=\"\" width=\"2560\" height=\"1440\" \/><\/p>\n<div>\u00a0A Aquila oferece v\u00e1rias vers\u00f5es para se adaptar \u00e0s necessidades espec\u00edficas de cada utilizador, dependendo da dist\u00e2ncia e do \u00e2ngulo de vis\u00e3o necess\u00e1rios.\u00a0<strong>325\/335\/625\/635<\/strong>\u00a0para dist\u00e2ncias curtas e m\u00e9dias, Aquila\u00a0<strong>LIIR 350LIIR\/650LIIR<\/strong>\u00a0para m\u00e9dias e longas dist\u00e2ncias e s\u00e9ries de campo vari\u00e1vel duplo\u00a0<strong>3D19-38 E 3D25-50<\/strong>\u00a0com 384*288 sensores e<strong>\u00a06D19-38 E 6D25-50<\/strong>\u00a0com o qual nos podemos adaptar a todo o tipo de dist\u00e2ncias com um \u00fanico dispositivo.<\/div>\n<div>\u00a0Consulte-nos se precisar de aconselhamento, um especialista resolver\u00e1 as suas d\u00favidas de forma personalizada.<\/div>\n<\/div>","protected":false},"excerpt":{"rendered":"<h3>O novo monocular t\u00e9rmico Aquila 3D 25\/50 da Conotech \u00e9 recomendado para miss\u00f5es de vigil\u00e2ncia, busca ou salvamento, expedi\u00e7\u00f5es de ca\u00e7a e observa\u00e7\u00e3o ou prospe\u00e7\u00e3o animal, entre outras. Onde o utilizador necessita de adaptar o campo de vis\u00e3o e a dist\u00e2ncia de dete\u00e7\u00e3o a diferentes cen\u00e1rios, tanto densos a curtas dist\u00e2ncias como abertos a longas dist\u00e2ncias. Est\u00e1 equipado com um sensor de 12\u00b5m de alto desempenho e uma resolu\u00e7\u00e3o de 384 * 288 Px. com uma sensibilidade de \u226425mK, que combinado com um software eficaz e uma variedade de paletas de cores oferece a melhor experi\u00eancia ao utilizador. Al\u00e9m disso, implementa fun\u00e7\u00f5es de melhoramento de imagem espec\u00edficas para condi\u00e7\u00f5es dif\u00edceis.<\/h3>","protected":false},"featured_media":25649,"template":"","meta":[],"product_brand":[],"product_cat":[197,147,144,146],"product_tag":[],"class_list":{"0":"post-25189","1":"product","2":"type-product","3":"status-publish","4":"has-post-thumbnail","6":"product_cat-conotech","7":"product_cat-monoculares-termicos","8":"product_cat-vision-termica","9":"product_cat-visores-termicos","11":"first","12":"instock","13":"taxable","14":"shipping-taxable","15":"purchasable","16":"product-type-simple","17":"add-to-wishlist-after_add_to_cart"},"_links":{"self":[{"href":"https:\/\/dinaturez.com\/pt\/wp-json\/wp\/v2\/product\/25189","targetHints":{"allow":["GET"]}}],"collection":[{"href":"https:\/\/dinaturez.com\/pt\/wp-json\/wp\/v2\/product"}],"about":[{"href":"https:\/\/dinaturez.com\/pt\/wp-json\/wp\/v2\/types\/product"}],"wp:featuredmedia":[{"embeddable":true,"href":"https:\/\/dinaturez.com\/pt\/wp-json\/wp\/v2\/media\/25649"}],"wp:attachment":[{"href":"https:\/\/dinaturez.com\/pt\/wp-json\/wp\/v2\/media?parent=25189"}],"wp:term":[{"taxonomy":"product_brand","embeddable":true,"href":"https:\/\/dinaturez.com\/pt\/wp-json\/wp\/v2\/product_brand?post=25189"},{"taxonomy":"product_cat","embeddable":true,"href":"https:\/\/dinaturez.com\/pt\/wp-json\/wp\/v2\/product_cat?post=25189"},{"taxonomy":"product_tag","embeddable":true,"href":"https:\/\/dinaturez.com\/pt\/wp-json\/wp\/v2\/product_tag?post=25189"}],"curies":[{"name":"wp","href":"https:\/\/api.w.org\/{rel}","templated":true}]}}