{"id":25132,"date":"2025-06-02T01:12:44","date_gmt":"2025-06-01T23:12:44","guid":{"rendered":"https:\/\/dinaturez.com\/?post_type=product&#038;p=25132"},"modified":"2025-06-02T01:17:04","modified_gmt":"2025-06-01T23:17:04","slug":"mando-collar-gps-eseek-tecnologia-vhf-4g-con-sistema-android-integrado","status":"publish","type":"product","link":"https:\/\/dinaturez.com\/pt\/product\/mando-collar-gps-eseek-tecnologia-vhf-4g-con-sistema-android-integrado\/","title":{"rendered":"Controlo remoto eSEEK + coleira GPS - Tecnologia VHF + 4G com sistema Android integrado"},"content":{"rendered":"<h3>Controlo remoto eSEEK + coleira GPS - Tecnologia VHF + 4G com sistema Android integrado<\/h3>\n<p><strong>Coleira GPS eSEEK + Controlo Remoto: o pack mais completo e avan\u00e7ado para localizar, controlar e treinar c\u00e3es de ca\u00e7a. Combina as mais recentes tecnologias de localiza\u00e7\u00e3o com a pot\u00eancia de um telecomando com sistema Android, que pode ser utilizado como um verdadeiro smartphone.<\/strong><\/p>\n<p>Com conetividade GPS\/GLONASS\/GALILEO\/BDS, VHF, 4G e Wi-Fi, este dispositivo oferece uma localiza\u00e7\u00e3o precisa e sem interfer\u00eancias, mesmo em terrenos dif\u00edceis. Permite igualmente gerir percursos, enviar comandos e visualizar o hist\u00f3rico a partir de uma interface moderna, intuitiva e potente.<\/p>\n<h4><strong>\ud83d\udd39 Carater\u00edsticas principais:<\/strong><\/h4>\n<p>Comando multifuncional para Android: utilize diretamente o WhatsApp, mapas e outras aplica\u00e7\u00f5es.<\/p>\n<p>Localiza\u00e7\u00e3o exacta: gra\u00e7as ao sistema GPS multibanda.<\/p>\n<p>Tecnologia VHF, 4G e Wi-Fi: para uma liga\u00e7\u00e3o est\u00e1vel em qualquer altura.<\/p>\n<p>Alertas em tempo real: detecta se o c\u00e3o est\u00e1 parado, em movimento e a sua velocidade.<\/p>\n<p>Tra\u00e7o completo do percurso do c\u00e3o no mapa.<\/p>\n<p>Geofences configur\u00e1veis para uma forma\u00e7\u00e3o mais segura e eficiente.<\/p>\n<p>Modo de treino integrado.<\/p>\n<p>Compat\u00edvel com o Google Maps.<\/p>\n<p>Bateria de longa dura\u00e7\u00e3o na coleira e no controlo remoto.<\/p>\n<p>3 anos de garantia.<\/p>\n<p>Pe\u00e7as sobressalentes e assist\u00eancia t\u00e9cnica dispon\u00edveis em Espanha.<\/p>\n<p>Distribuidor oficial em Espanha com servi\u00e7o p\u00f3s-venda direto.<\/p>","protected":false},"excerpt":{"rendered":"<p><strong>Controlo remoto + coleira GPS eSEEK. Controlo remoto com sistema Android. Tecnologia GPS, VHF, 4G e Wi-Fi. Controlo remoto compat\u00edvel com WhatsApp e Google Maps. Bateria de longa dura\u00e7\u00e3o.<\/strong><\/p>","protected":false},"featured_media":25134,"template":"","meta":[],"product_brand":[],"product_cat":[105],"product_tag":[],"class_list":{"0":"post-25132","1":"product","2":"type-product","3":"status-publish","4":"has-post-thumbnail","6":"product_cat-accesorios","7":"ts_product_brand-nuevo","9":"first","10":"instock","11":"taxable","12":"shipping-taxable","13":"purchasable","14":"product-type-simple","15":"add-to-wishlist-after_add_to_cart"},"_links":{"self":[{"href":"https:\/\/dinaturez.com\/pt\/wp-json\/wp\/v2\/product\/25132","targetHints":{"allow":["GET"]}}],"collection":[{"href":"https:\/\/dinaturez.com\/pt\/wp-json\/wp\/v2\/product"}],"about":[{"href":"https:\/\/dinaturez.com\/pt\/wp-json\/wp\/v2\/types\/product"}],"wp:featuredmedia":[{"embeddable":true,"href":"https:\/\/dinaturez.com\/pt\/wp-json\/wp\/v2\/media\/25134"}],"wp:attachment":[{"href":"https:\/\/dinaturez.com\/pt\/wp-json\/wp\/v2\/media?parent=25132"}],"wp:term":[{"taxonomy":"product_brand","embeddable":true,"href":"https:\/\/dinaturez.com\/pt\/wp-json\/wp\/v2\/product_brand?post=25132"},{"taxonomy":"product_cat","embeddable":true,"href":"https:\/\/dinaturez.com\/pt\/wp-json\/wp\/v2\/product_cat?post=25132"},{"taxonomy":"product_tag","embeddable":true,"href":"https:\/\/dinaturez.com\/pt\/wp-json\/wp\/v2\/product_tag?post=25132"}],"curies":[{"name":"wp","href":"https:\/\/api.w.org\/{rel}","templated":true}]}}