{"id":25096,"date":"2025-05-25T15:36:40","date_gmt":"2025-05-25T13:36:40","guid":{"rendered":"https:\/\/dinaturez.com\/?post_type=product&#038;p=25096"},"modified":"2026-02-24T09:40:13","modified_gmt":"2026-02-24T08:40:13","slug":"caja-de-seguridad-mb300-para-gardepro","status":"publish","type":"product","link":"https:\/\/dinaturez.com\/pt\/product\/caja-de-seguridad-mb300-para-gardepro\/","title":{"rendered":"GardePro MB300 Caixa de bloqueio antirroubo para c\u00e2maras MB300"},"content":{"rendered":"<h3>GardePro MB300 Caixa de seguran\u00e7a antirroubo para c\u00e2maras - Prote\u00e7\u00e3o total no terreno<\/h3>\n<h3>Proteja a sua c\u00e2mara fotogr\u00e1fica com a caixa de seguran\u00e7a MB300, concebida \u00e0 medida dos modelos:<\/h3>\n<h3>GardePro X70GL e X80GL.<\/h3>\n<h3>Fabricado em a\u00e7o resistente, \u00e9 a solu\u00e7\u00e3o ideal contra roubo, vandalismo e condi\u00e7\u00f5es exteriores extremas.<\/h3>\n<h3>Compat\u00edvel com os sistemas de cadeados de seguran\u00e7a Dinaturez e Python para uma fixa\u00e7\u00e3o segura em \u00e1rvores ou estruturas fixas.<\/h3>\n<p><strong>Carater\u00edsticas principais:<\/strong><\/p>\n<p>Altamente resistente para utiliza\u00e7\u00e3o no exterior<\/p>\n<p>Instala\u00e7\u00e3o r\u00e1pida e segura<\/p>\n<p>Prote\u00e7\u00e3o total para as suas c\u00e2maras GardePro mais avan\u00e7adas<\/p>","protected":false},"excerpt":{"rendered":"<p>Caja de seguridad antirrobo MB300<\/p>\n<p>Caja met\u00e1lica resistente para c\u00e1maras GardePro X70GL, X70GPL PRO, X80GL y X80GPL PRO. Compatible con el candado de seguridad Dinaturez y sistemas tipo Python. Protecci\u00f3n eficaz contra robos y vandalismo.<\/p>","protected":false},"featured_media":25097,"template":"","meta":[],"product_brand":[],"product_cat":[105,139,138,129],"product_tag":[],"class_list":{"0":"post-25096","1":"product","2":"type-product","3":"status-publish","4":"has-post-thumbnail","6":"product_cat-accesorios","7":"product_cat-camara-con-envio-al-movil","8":"product_cat-camaras-basicas","9":"product_cat-gardepro","11":"first","12":"instock","13":"taxable","14":"shipping-taxable","15":"purchasable","16":"product-type-simple","17":"add-to-wishlist-after_add_to_cart"},"_links":{"self":[{"href":"https:\/\/dinaturez.com\/pt\/wp-json\/wp\/v2\/product\/25096","targetHints":{"allow":["GET"]}}],"collection":[{"href":"https:\/\/dinaturez.com\/pt\/wp-json\/wp\/v2\/product"}],"about":[{"href":"https:\/\/dinaturez.com\/pt\/wp-json\/wp\/v2\/types\/product"}],"wp:featuredmedia":[{"embeddable":true,"href":"https:\/\/dinaturez.com\/pt\/wp-json\/wp\/v2\/media\/25097"}],"wp:attachment":[{"href":"https:\/\/dinaturez.com\/pt\/wp-json\/wp\/v2\/media?parent=25096"}],"wp:term":[{"taxonomy":"product_brand","embeddable":true,"href":"https:\/\/dinaturez.com\/pt\/wp-json\/wp\/v2\/product_brand?post=25096"},{"taxonomy":"product_cat","embeddable":true,"href":"https:\/\/dinaturez.com\/pt\/wp-json\/wp\/v2\/product_cat?post=25096"},{"taxonomy":"product_tag","embeddable":true,"href":"https:\/\/dinaturez.com\/pt\/wp-json\/wp\/v2\/product_tag?post=25096"}],"curies":[{"name":"wp","href":"https:\/\/api.w.org\/{rel}","templated":true}]}}