{"id":25078,"date":"2025-05-23T23:07:38","date_gmt":"2025-05-23T21:07:38","guid":{"rendered":"https:\/\/dinaturez.com\/?post_type=product&#038;p=25078"},"modified":"2025-05-23T23:07:40","modified_gmt":"2025-05-23T21:07:40","slug":"gardepro-x70gpl-pro-camara-4g-gps-con-bateria-de-litio-y-grabacion-en-directo","status":"publish","type":"product","link":"https:\/\/dinaturez.com\/pt\/product\/gardepro-x70gpl-pro-camara-4g-gps-con-bateria-de-litio-y-grabacion-en-directo\/","title":{"rendered":"GardePro X70GPL PRO - C\u00e2mara GPS 4G com bateria de l\u00edtio e grava\u00e7\u00e3o em direto"},"content":{"rendered":"<h3>GardePro X70GPL PRO - C\u00e2mara GPS 4G com bateria de l\u00edtio e grava\u00e7\u00e3o em direto<\/h3>\n<p><strong>GardePro X70GPL PRO - Uma das c\u00e2maras 4G mais avan\u00e7adas do mercado com GPS, v\u00eddeo em direto, bateria de l\u00edtio e LEDs IR de 940 nm.<\/strong><\/p>\n<p>A GardePro X70GPL PRO posiciona-se como uma das c\u00e2maras fotogr\u00e1ficas mais avan\u00e7adas do mercado, ideal para os utilizadores mais exigentes que procuram desempenho, autonomia e controlo total a partir do seu telem\u00f3vel.<\/p>\n<p>Equipada com conetividade 4G, GPS incorporado, transmiss\u00e3o em direto e uma potente bateria de l\u00edtio recarreg\u00e1vel de 7800mAh, esta c\u00e2mara oferece tudo o que precisa para vigil\u00e2ncia de quintas, ca\u00e7a ou seguran\u00e7a rural.<\/p>\n<p>Gra\u00e7as \u00e0 aplica\u00e7\u00e3o gratuita GardePro Mobile, pode assistir em direto a qualquer momento, receber imagens e v\u00eddeos de baixa resolu\u00e7\u00e3o e solicitar conte\u00fados HD. O m\u00f3dulo GPS comunica a sua localiza\u00e7\u00e3o a cada 1, 3 ou 7 dias, configur\u00e1vel a partir da aplica\u00e7\u00e3o.<\/p>\n<p>Capta fotografias at\u00e9 48 megapix\u00e9is e v\u00eddeo com resolu\u00e7\u00e3o de 1296p, com IR e alcance de dete\u00e7\u00e3o at\u00e9 30 metros. Al\u00e9m disso, utiliza LEDs de infravermelhos invis\u00edveis de 940 nm, impedindo a dete\u00e7\u00e3o por animais ou pessoas. Disparo ultrarr\u00e1pido de 0,1 segundos e suporte para cart\u00f5es SD at\u00e9 512 GB.<\/p>\n<p>Totalmente desbloqueado, funciona com qualquer cart\u00e3o SIM de qualquer operador com cobertura 4G.<\/p>\n<p>Recomenda-se a utiliza\u00e7\u00e3o de um cart\u00e3o SD GardePro de 32 GB para um desempenho \u00f3timo.<\/p>","protected":false},"excerpt":{"rendered":"<p><strong>Uma das c\u00e2maras de armadilhagem fotogr\u00e1fica mais completas e avan\u00e7adas. 4G, GPS, v\u00eddeo em direto, bateria de l\u00edtio de 7800mAh, vis\u00e3o nocturna invis\u00edvel de 940nm e compat\u00edvel com qualquer SIM. Recomendamos um SD GardePro de 32GB.<\/strong><\/p>","protected":false},"featured_media":25079,"template":"","meta":[],"product_brand":[],"product_cat":[139,102,110,129],"product_tag":[],"class_list":{"0":"post-25078","1":"product","2":"type-product","3":"status-publish","4":"has-post-thumbnail","6":"product_cat-camara-con-envio-al-movil","7":"product_cat-camaras","8":"product_cat-destacados","9":"product_cat-gardepro","10":"ts_product_brand-nuevo","12":"first","13":"instock","14":"taxable","15":"shipping-taxable","16":"purchasable","17":"product-type-simple","18":"add-to-wishlist-after_add_to_cart"},"_links":{"self":[{"href":"https:\/\/dinaturez.com\/pt\/wp-json\/wp\/v2\/product\/25078","targetHints":{"allow":["GET"]}}],"collection":[{"href":"https:\/\/dinaturez.com\/pt\/wp-json\/wp\/v2\/product"}],"about":[{"href":"https:\/\/dinaturez.com\/pt\/wp-json\/wp\/v2\/types\/product"}],"wp:featuredmedia":[{"embeddable":true,"href":"https:\/\/dinaturez.com\/pt\/wp-json\/wp\/v2\/media\/25079"}],"wp:attachment":[{"href":"https:\/\/dinaturez.com\/pt\/wp-json\/wp\/v2\/media?parent=25078"}],"wp:term":[{"taxonomy":"product_brand","embeddable":true,"href":"https:\/\/dinaturez.com\/pt\/wp-json\/wp\/v2\/product_brand?post=25078"},{"taxonomy":"product_cat","embeddable":true,"href":"https:\/\/dinaturez.com\/pt\/wp-json\/wp\/v2\/product_cat?post=25078"},{"taxonomy":"product_tag","embeddable":true,"href":"https:\/\/dinaturez.com\/pt\/wp-json\/wp\/v2\/product_tag?post=25078"}],"curies":[{"name":"wp","href":"https:\/\/api.w.org\/{rel}","templated":true}]}}