{"id":24989,"date":"2025-04-18T12:31:15","date_gmt":"2025-04-18T10:31:15","guid":{"rendered":"https:\/\/dinaturez.com\/?post_type=product&#038;p=24989"},"modified":"2025-06-05T22:17:38","modified_gmt":"2025-06-05T20:17:38","slug":"pixfra-volans-lrf-visor-nocturno-digital-4k-con-telemetro-y-balistica-inteligente","status":"publish","type":"product","link":"https:\/\/dinaturez.com\/pt\/product\/pixfra-volans-lrf-visor-nocturno-digital-4k-con-telemetro-y-balistica-inteligente\/","title":{"rendered":"Sistema digital de vis\u00e3o nocturna Pixfra Volans LRF 4K com tel\u00e9metro e bal\u00edstica inteligente"},"content":{"rendered":"<h3>Pixfra Volans LRF - Sistema digital de vis\u00e3o nocturna 4K com tel\u00e9metro laser e bal\u00edstica inteligente<\/h3>\n<p>&nbsp;<\/p>\n<p><strong>A Pixfra Volans \u00e9 uma mira digital de vis\u00e3o nocturna topo de gama concebida para proporcionar uma vis\u00e3o diurna e nocturna precisa, mesmo em condi\u00e7\u00f5es extremas. Incorpora um sensor de luz estelar CMOS 4K, tel\u00e9metro laser de longo alcance, bal\u00edstica inteligente e uma constru\u00e7\u00e3o met\u00e1lica de alta resist\u00eancia, tornando-o numa ferramenta ideal para ca\u00e7a, observa\u00e7\u00e3o e seguran\u00e7a.<\/strong><\/p>\n<p><strong>requer uma lanterna de infravermelhos (IR), que n\u00e3o est\u00e1 inclu\u00edda.<\/strong><\/p>\n<p>&nbsp;<\/p>\n<h3><strong>Carater\u00edsticas principais:<\/strong><\/h3>\n<ul>\n<li><strong>Sensor de luz das estrelas 4K (3840 \u00d7 2160)<\/strong><\/li>\n<\/ul>\n<p>Imagens de ultra alta defini\u00e7\u00e3o com capacidade de dete\u00e7\u00e3o melhorada e amplia\u00e7\u00e3o \u00f3tica de base de 4,9x.<\/p>\n<ul>\n<li><strong>Abertura ajust\u00e1vel F1.2-F3.0<\/strong><\/li>\n<\/ul>\n<p>Optimiza a qualidade da imagem ajustando-se a diferentes condi\u00e7\u00f5es de ilumina\u00e7\u00e3o, tanto de dia como de noite.<\/p>\n<ul>\n<li><strong>Ecr\u00e3 circular nativo de 1,25<\/strong><\/li>\n<\/ul>\n<p>Proporciona uma experi\u00eancia visual mais natural, com uma interface intuitiva e um grande conforto para os olhos.<\/p>\n<ul>\n<li><strong>Tel\u00e9metro laser integrado (at\u00e9 1000 m)<\/strong><\/li>\n<\/ul>\n<p>Mede dist\u00e2ncias com uma precis\u00e3o de \u00b11 metro, ideal para tiro a longa dist\u00e2ncia.<\/p>\n<ul>\n<li><strong>Bal\u00edstica inteligente integrada<\/strong><\/li>\n<\/ul>\n<p>Calcula o ponto de impacto ideal tendo em conta as condi\u00e7\u00f5es reais e os dados do utilizador.<\/p>\n<ul>\n<li><strong>Troca r\u00e1pida da pilha\u00a0<\/strong><\/li>\n<\/ul>\n<p>Sistema de liberta\u00e7\u00e3o r\u00e1pida sem ferramentas para uma substitui\u00e7\u00e3o r\u00e1pida no terreno.<\/p>\n<ul>\n<li><strong>70 mm de dist\u00e2ncia entre os olhos<\/strong><\/li>\n<\/ul>\n<p>Maior conforto e visibilidade em qualquer situa\u00e7\u00e3o.<\/p>\n<ul>\n<li><strong>APP para zeragem r\u00e1pida (Pixfra Outdoor)<\/strong><\/li>\n<\/ul>\n<p>Permite a cria\u00e7\u00e3o de perfis zero personalizados e defini\u00e7\u00f5es de coordenadas precisas.<\/p>\n<ul>\n<li><strong>Galeria local integrada<\/strong><\/li>\n<\/ul>\n<p>Reproduzir, eliminar e gerir as suas imagens e v\u00eddeos diretamente a partir do visualizador.<\/p>\n<ul>\n<li><strong>Corpo met\u00e1lico de alta resist\u00eancia (impacto de 1000 g\/ms)<\/strong><\/li>\n<\/ul>\n<p>Durabilidade garantida em ambientes exigentes.<\/p>","protected":false},"excerpt":{"rendered":"<p>Pixfra Volans LRF \u2013 Visor Nocturno Digital 4K con Tel\u00e9metro L\u00e1ser y Bal\u00edstica Inteligente &nbsp; El Pixfra Volans es un visor nocturno digital de alta gama dise\u00f1ado para ofrecer visi\u00f3n precisa de d\u00eda y de noche, incluso en condiciones extremas. Incorpora un sensor CMOS 4K de luz estelar, tel\u00e9metro l\u00e1ser de largo alcance, bal\u00edstica inteligente [&hellip;]<\/p>","protected":false},"featured_media":24990,"template":"","meta":[],"product_brand":[],"product_cat":[110,190,145,103,154],"product_tag":[],"class_list":{"0":"post-24989","1":"product","2":"type-product","3":"status-publish","4":"has-post-thumbnail","6":"product_cat-destacados","7":"product_cat-pixfra","8":"product_cat-vision-nocturna","9":"product_cat-vision-nocturna-y-termica","10":"product_cat-visores-nocturnos","11":"ts_product_brand-nuevo","13":"first","14":"instock","15":"taxable","16":"shipping-taxable","17":"purchasable","18":"product-type-simple","19":"add-to-wishlist-after_add_to_cart"},"_links":{"self":[{"href":"https:\/\/dinaturez.com\/pt\/wp-json\/wp\/v2\/product\/24989","targetHints":{"allow":["GET"]}}],"collection":[{"href":"https:\/\/dinaturez.com\/pt\/wp-json\/wp\/v2\/product"}],"about":[{"href":"https:\/\/dinaturez.com\/pt\/wp-json\/wp\/v2\/types\/product"}],"wp:featuredmedia":[{"embeddable":true,"href":"https:\/\/dinaturez.com\/pt\/wp-json\/wp\/v2\/media\/24990"}],"wp:attachment":[{"href":"https:\/\/dinaturez.com\/pt\/wp-json\/wp\/v2\/media?parent=24989"}],"wp:term":[{"taxonomy":"product_brand","embeddable":true,"href":"https:\/\/dinaturez.com\/pt\/wp-json\/wp\/v2\/product_brand?post=24989"},{"taxonomy":"product_cat","embeddable":true,"href":"https:\/\/dinaturez.com\/pt\/wp-json\/wp\/v2\/product_cat?post=24989"},{"taxonomy":"product_tag","embeddable":true,"href":"https:\/\/dinaturez.com\/pt\/wp-json\/wp\/v2\/product_tag?post=24989"}],"curies":[{"name":"wp","href":"https:\/\/api.w.org\/{rel}","templated":true}]}}