{"id":24953,"date":"2025-04-13T09:14:05","date_gmt":"2025-04-13T07:14:05","guid":{"rendered":"https:\/\/dinaturez.com\/?post_type=product&#038;p=24953"},"modified":"2025-04-13T09:14:07","modified_gmt":"2025-04-13T07:14:07","slug":"pixfra-taurus-t635-lrf-monocular-termico-acoplable-con-medidor-de-distancia-laser","status":"publish","type":"product","link":"https:\/\/dinaturez.com\/pt\/product\/pixfra-taurus-t635-lrf-monocular-termico-acoplable-con-medidor-de-distancia-laser\/","title":{"rendered":"PIXFRA Taurus T635 LRF Monocular T\u00e9rmico acopl\u00e1vel com medidor de dist\u00e2ncia a laser"},"content":{"rendered":"<div class=\"product-detail-description-text\"><b>Monocular t\u00e9rmico de alta resolu\u00e7\u00e3o, compacto e potente<\/b><br \/>\nO\u00a0<b>PIXFRA Taurus T635 LRF<\/b>\u00a0combina tecnologia avan\u00e7ada com um design compacto. O seu\u00a0<b>VOx 640\u00d7512, 12\u00b5m, &lt;18mK sensor NETD de alta resolu\u00e7\u00e3o<\/b>a\u00a0<b>Lente 35 mm f1.0<\/b>\u00a0e o grande ecr\u00e3\u00a0<b>1920 x 1080 OLED<\/b>\u00a0asseguram uma dete\u00e7\u00e3o fi\u00e1vel e uma representa\u00e7\u00e3o clara das assinaturas t\u00e9rmicas a dist\u00e2ncias at\u00e9 1800 m. Apesar dos seus potentes componentes internos, o Taurus mant\u00e9m-se compacto e leve.<\/p>\n<p><b>Precis\u00e3o de disparo repetido<\/b><br \/>\nA tecnologia avan\u00e7ada de ajuste de sub-pixel zero, com um valor de clique ultra-fino de 0,9 cm a 100 m, garante uma posi\u00e7\u00e3o de impacto precisa ap\u00f3s cada disparo.<\/p>\n<p><b>Medidor de dist\u00e2ncia a laser integrado<\/b><br \/>\nO medidor de dist\u00e2ncias a laser integrado mede com precis\u00e3o dist\u00e2ncias at\u00e9 1000 m e \u00e9 completamente invis\u00edvel para os animais selvagens.<\/p>\n<p><b>Amplo campo de vis\u00e3o com alta resolu\u00e7\u00e3o<\/b><br \/>\nO amplo campo de vis\u00e3o de 22 m (a 100 m), a grande dist\u00e2ncia de dete\u00e7\u00e3o de 1800 m e a alta resolu\u00e7\u00e3o do sensor fazem com que o\u00a0<b>PIXFRA Taurus T635 LRF<\/b>\u00a0o polivalente perfeito para florestas, persegui\u00e7\u00f5es e dist\u00e2ncias m\u00e9dias.<\/p>\n<p><b>Firmware moderno para imagens n\u00edtidas<\/b><br \/>\nO dispositivo t\u00e9rmico acopl\u00e1vel inclui os mais recentes\u00a0<b>firmware PIPS 2.0 (Pixfra Imaging Processing System)<\/b>que melhora a qualidade da imagem com funcionalidades como o zoom optimizado, a redu\u00e7\u00e3o do ru\u00eddo e a nitidez das margens.<\/p>\n<p><b>Calibra\u00e7\u00e3o de imagem adaptativa assistida por IA<\/b><br \/>\nTodos os modelos da s\u00e9rie Taurus produzem imagens optimizadas por intelig\u00eancia artificial. A Calibra\u00e7\u00e3o de imagem adaptativa (AAIC), alimentada por IA, melhora continuamente a qualidade da imagem em cada disparo.<\/p>\n<p>6 paletas de cores:<br \/>\nEst\u00e3o dispon\u00edveis 6 paletas de cores: Branco quente, Preto quente, Preto quente, Arco-\u00edris, Vermelho quente, Verde quente e S\u00e9pia.<\/p>\n<p><b>Autonomia nocturna sem interrup\u00e7\u00f5es<\/b><br \/>\nUma potente bateria substitu\u00edvel (2 unidades inclu\u00eddas) fornece at\u00e9\u00a0<b>6 horas de autonomia<\/b>O novo sistema garante uma utiliza\u00e7\u00e3o prolongada e sem interrup\u00e7\u00f5es.<\/p>\n<p><b>Robusto e fi\u00e1vel em qualquer ambiente<\/b><br \/>\nCom um\u00a0<b>Certifica\u00e7\u00e3o IP67<\/b>Este dispositivo t\u00e9rmico, com a sua caixa leve e robusta em liga de magn\u00e9sio, \u00e9 \u00e0 prova de \u00e1gua e de poeiras e funciona perfeitamente mesmo em condi\u00e7\u00f5es climat\u00e9ricas adversas, como chuva ou nevoeiro. Al\u00e9m disso, gra\u00e7as \u00e0 sua tecnologia estabilizada, funciona de forma fi\u00e1vel mesmo em temperaturas extremas de -30 \u00b0C a +55 \u00b0C.<\/p>\n<p><b>Transmiss\u00e3o est\u00e1vel em direto via WIFI para smartphones e tablets<\/b><br \/>\nA conetividade WIFI permite uma liga\u00e7\u00e3o r\u00e1pida e est\u00e1vel a um m\u00e1ximo de quatro dispositivos em simult\u00e2neo.<\/p>\n<p><b>Fun\u00e7\u00e3o de grava\u00e7\u00e3o e armazenamento de fotografias e v\u00eddeos<\/b><br \/>\nO grande armazenamento interno de 32 GB oferece espa\u00e7o suficiente para grava\u00e7\u00f5es de imagem e v\u00eddeo.<\/p>\n<p><b>CARACTER\u00cdSTICAS<\/b><\/p>\n<ul>\n<li>Compacto e leve: ideal para florestas, zonas de procura de alimentos e dist\u00e2ncias m\u00e9dias<\/li>\n<li>Medidor de dist\u00e2ncia laser integrado, preciso e invis\u00edvel para animais selvagens (at\u00e9 1000 m)<\/li>\n<li>Rosca M52 0,75<\/li>\n<li>Valor de clique ultrafino de 0,9 cm a 100 m<\/li>\n<li>Sensor t\u00e9rmico 640\u00d7512, 12\u00b5m, &lt;18mK NETD<\/li>\n<li>Lente de 35 mm f1.0 com dist\u00e2ncia de dete\u00e7\u00e3o de 1800 m<\/li>\n<li>Resistente a impactos at\u00e9 6000 joules<\/li>\n<li>Funcionamento intuitivo e silencioso, tamb\u00e9m atrav\u00e9s de controlo remoto Bluetooth<\/li>\n<li>Campo de vis\u00e3o (H: 22 m; V: 17,5 m) para um controlo total<\/li>\n<li>Firmware PIPS 2.0: zoom melhorado, redu\u00e7\u00e3o de ru\u00eddo, nitidez de margens<\/li>\n<li>Imagem optimizada por IA<\/li>\n<li>6 paletas de cores: Branco quente, Preto quente, Arco-\u00edris quente, Vermelho quente, Verde quente e S\u00e9pia<\/li>\n<li>Imperme\u00e1vel e \u00e0 prova de poeira de acordo com IP67<\/li>\n<li>Caixa met\u00e1lica e tampa protetora da lente<\/li>\n<li>Bateria substitu\u00edvel com at\u00e9 6 horas de autonomia<\/li>\n<li>Seguimento de pontos quentes para uma dete\u00e7\u00e3o precisa de fontes de calor<\/li>\n<li>Fun\u00e7\u00e3o de captura e armazenamento de imagens e v\u00eddeos<\/li>\n<li>32 GB de armazenamento interno<\/li>\n<li>Transmiss\u00e3o em direto r\u00e1pida e est\u00e1vel atrav\u00e9s de WiFi<\/li>\n<li>Dimens\u00f5es\/peso: 126 mm \u00d7 92 mm \u00d7 71 mm \/ 545 g<\/li>\n<\/ul>\n<p>INCLUINDO<\/p>\n<ul>\n<li>PIXFRA Taurus T635 LRF dispositivo de imagem t\u00e9rmica acopl\u00e1vel com medidor de dist\u00e2ncia a laser<\/li>\n<li>2x bateria 18650<\/li>\n<li>1x Base de carregamento para 2x 18650 baterias<\/li>\n<li>1x Controlo remoto com base magn\u00e9tica<\/li>\n<li>1x cabo USB-C<\/li>\n<li>1x Al\u00e7a de transporte<\/li>\n<li>5x Almofadas de aquecimento<\/li>\n<li>1x Chave de montagem<\/li>\n<li>Manual do utilizador<\/li>\n<\/ul>\n<\/div>\n<div class=\"product-detail-properties\">\n<div class=\"row product-detail-properties-container\">\n<div class=\"col-md-10 col-lg-6\">\n<table class=\"table table-striped product-detail-properties-table\">\n<tbody>\n<tr class=\"properties-row\">\n<th class=\"properties-label\">Ajuste da dioptria:<\/th>\n<td class=\"properties-value\">0<\/td>\n<\/tr>\n<tr class=\"properties-row\">\n<th class=\"properties-label\">Altura total (mm):<\/th>\n<td class=\"properties-value\">71<\/td>\n<\/tr>\n<tr class=\"properties-row\">\n<th class=\"properties-label\">Largura total (mm):<\/th>\n<td class=\"properties-value\">92<\/td>\n<\/tr>\n<tr class=\"properties-row\">\n<th class=\"properties-label\">Aumentar para:<\/th>\n<td class=\"properties-value\">1<\/td>\n<\/tr>\n<tr class=\"properties-row\">\n<th class=\"properties-label\">Aumento de:<\/th>\n<td class=\"properties-value\">1<\/td>\n<\/tr>\n<tr class=\"properties-row\">\n<th class=\"properties-label\">Aumento progressivo:<\/th>\n<td class=\"properties-value\">1x<\/td>\n<\/tr>\n<tr class=\"properties-row\">\n<th class=\"properties-label\">Calibra\u00e7\u00e3o:<\/th>\n<td class=\"properties-value\">Autom\u00e1tico, Manual<\/td>\n<\/tr>\n<tr class=\"properties-row\">\n<th class=\"properties-label\">Campo de vis\u00e3o (graus):<\/th>\n<td class=\"properties-value\">12.4<\/td>\n<\/tr>\n<tr class=\"properties-row\">\n<th class=\"properties-label\">Campo de vis\u00e3o (m\/100m) min:<\/th>\n<td class=\"properties-value\">22<\/td>\n<\/tr>\n<tr class=\"properties-row\">\n<th class=\"properties-label\">Campo de vis\u00e3o a 1000 m 7) (m):<\/th>\n<td class=\"properties-value\">220<\/td>\n<\/tr>\n<tr class=\"properties-row\">\n<th class=\"properties-label\">Cor:<\/th>\n<td class=\"properties-value\">preto<\/td>\n<\/tr>\n<tr class=\"properties-row\">\n<th class=\"properties-label\">Compat\u00edvel com Stream Vision:<\/th>\n<td class=\"properties-value\">0<\/td>\n<\/tr>\n<tr class=\"properties-row\">\n<th class=\"properties-label\">Compat\u00edvel com o controlo remoto Pulsar:<\/th>\n<td class=\"properties-value\">0<\/td>\n<\/tr>\n<tr class=\"properties-row\">\n<th class=\"properties-label\">Di\u00e2metro da lente:<\/th>\n<td class=\"properties-value\">35<\/td>\n<\/tr>\n<tr class=\"properties-row\">\n<th class=\"properties-label\">Dura\u00e7\u00e3o da bateria (h):<\/th>\n<td class=\"properties-value\">6<\/td>\n<\/tr>\n<tr class=\"properties-row\">\n<th class=\"properties-label\">Fam\u00edlia de produtos:<\/th>\n<td class=\"properties-value\">Touro<\/td>\n<\/tr>\n<tr class=\"properties-row\">\n<th class=\"properties-label\">Focagem de perto (m):<\/th>\n<td class=\"properties-value\">3<\/td>\n<\/tr>\n<tr class=\"properties-row\">\n<th class=\"properties-label\">Frequ\u00eancia de repeti\u00e7\u00e3o de imagens:<\/th>\n<td class=\"properties-value\">50 Hz<\/td>\n<\/tr>\n<tr class=\"properties-row\">\n<th class=\"properties-label\">Fonte de alimenta\u00e7\u00e3o inclu\u00edda:<\/th>\n<td class=\"properties-value\">0<\/td>\n<\/tr>\n<tr class=\"properties-row\">\n<th class=\"properties-label\">Fun\u00e7\u00e3o \"ecr\u00e3 desligado\":<\/th>\n<td class=\"properties-value\">1<\/td>\n<\/tr>\n<tr class=\"properties-row\">\n<th class=\"properties-label\">\u00c0 prova de \u00e1gua 8):<\/th>\n<td class=\"properties-value\">1<\/td>\n<\/tr>\n<tr class=\"properties-row\">\n<th class=\"properties-label\">Interfaces:<\/th>\n<td class=\"properties-value\">USB tipo C<\/td>\n<\/tr>\n<tr class=\"properties-row\">\n<th class=\"properties-label\">Comprimento total (mm):<\/th>\n<td class=\"properties-value\">126<\/td>\n<\/tr>\n<tr class=\"properties-row\">\n<th class=\"properties-label\">Material da caixa:<\/th>\n<td class=\"properties-value\">Metal<\/td>\n<\/tr>\n<tr class=\"properties-row\">\n<th class=\"properties-label\">Mem\u00f3ria interna:<\/th>\n<td class=\"properties-value\">32 GB<\/td>\n<\/tr>\n<tr class=\"properties-row\">\n<th class=\"properties-label\">Modo de encerramento autom\u00e1tico:<\/th>\n<td class=\"properties-value\">1<\/td>\n<\/tr>\n<tr class=\"properties-row\">\n<th class=\"properties-label\">Montado na cabe\u00e7a:<\/th>\n<td class=\"properties-value\">0<\/td>\n<\/tr>\n<tr class=\"properties-row\">\n<th class=\"properties-label\">NETD (&lt; mK):<\/th>\n<td class=\"properties-value\">18<\/td>\n<\/tr>\n<tr class=\"properties-row\">\n<th class=\"properties-label\">N\u00edvel de prote\u00e7\u00e3o \u00e0 prova de \u00e1gua:<\/th>\n<td class=\"properties-value\">IP67<\/td>\n<\/tr>\n<tr class=\"properties-row\">\n<th class=\"properties-label\">Oculares para utilizadores de \u00f3culos:<\/th>\n<td class=\"properties-value\">0<\/td>\n<\/tr>\n<tr class=\"properties-row\">\n<th class=\"properties-label\">Paleta de cores:<\/th>\n<td class=\"properties-value\">1<\/td>\n<\/tr>\n<tr class=\"properties-row\">\n<th class=\"properties-label\">Peso l\u00edquido (g):<\/th>\n<td class=\"properties-value\">500<\/td>\n<\/tr>\n<tr class=\"properties-row\">\n<th class=\"properties-label\">Peso l\u00edquido (sem acess\u00f3rios) (g):<\/th>\n<td class=\"properties-value\">1590<\/td>\n<\/tr>\n<tr class=\"properties-row\">\n<th class=\"properties-label\">Pilhas inclu\u00eddas:<\/th>\n<td class=\"properties-value\">1<\/td>\n<\/tr>\n<tr class=\"properties-row\">\n<th class=\"properties-label\">Pilhas necess\u00e1rias:<\/th>\n<td class=\"properties-value\">1<\/td>\n<\/tr>\n<tr class=\"properties-row\">\n<th class=\"properties-label\">Alcance de dete\u00e7\u00e3o (m):<\/th>\n<td class=\"properties-value\">1800<\/td>\n<\/tr>\n<tr class=\"properties-row\">\n<th class=\"properties-label\">Gama de temperaturas m\u00e1ximas (\u00b0C):<\/th>\n<td class=\"properties-value\">55<\/td>\n<\/tr>\n<tr class=\"properties-row\">\n<th class=\"properties-label\">Gama de temperaturas m\u00ednimas (\u00b0C):<\/th>\n<td class=\"properties-value\">-30<\/td>\n<\/tr>\n<tr class=\"properties-row\">\n<th class=\"properties-label\">Resist\u00eancia ao impacto \/ espingardas (J):<\/th>\n<td class=\"properties-value\">6000<\/td>\n<\/tr>\n<tr class=\"properties-row\">\n<th class=\"properties-label\">Resolu\u00e7\u00e3o:<\/th>\n<td class=\"properties-value\">1920 x 1080 Pix\u00e9is<\/td>\n<\/tr>\n<tr class=\"properties-row\">\n<th class=\"properties-label\">Rosca de liga\u00e7\u00e3o do trip\u00e9:<\/th>\n<td class=\"properties-value\">1<\/td>\n<\/tr>\n<tr class=\"properties-row\">\n<th class=\"properties-label\">Tel\u00e9metro:<\/th>\n<td class=\"properties-value\">1<\/td>\n<\/tr>\n<tr class=\"properties-row\">\n<th class=\"properties-label\">Tipo:<\/th>\n<td class=\"properties-value\">I\u00f5es de l\u00edtio<\/td>\n<\/tr>\n<tr class=\"properties-row\">\n<th class=\"properties-label\">Tipo:<\/th>\n<td class=\"properties-value\">monocular<\/td>\n<\/tr>\n<tr class=\"properties-row\">\n<th class=\"properties-label\">Tipo de ecr\u00e3:<\/th>\n<td class=\"properties-value\">OLED<\/td>\n<\/tr>\n<tr class=\"properties-row\">\n<th class=\"properties-label\">Tipo de sensor:<\/th>\n<td class=\"properties-value\">VOx 640\u00d7512 \/ 12\u00b5m \/ NETD<\/td>\n<\/tr>\n<\/tbody>\n<\/table>\n<\/div>\n<\/div>\n<\/div>","protected":false},"excerpt":{"rendered":"<p class=\"lead\">Monocular t\u00e9rmico de alta resolu\u00e7\u00e3o, compacto, leve e acopl\u00e1vel com medidor de dist\u00e2ncia a laser, elevada precis\u00e3o de disparo e repetibilidade: o polivalente ideal para florestas, \u00e1reas de alimenta\u00e7\u00e3o e dist\u00e2ncias m\u00e9dias.<\/p>\n<ul id=\"ul-brickfox\">\n<li class=\"li-brickfox\">Valor de clique ultra-fino de 0,9 cm (a 100 m) para uma precis\u00e3o de tiro excecional, resistente a impactos at\u00e9 6000 joules, rosca M52 0,75<\/li>\n<li class=\"li-brickfox\">VOx 640\u00d7512, 12\u00b5m, &lt;18mK NETD, lente 35mm f1.0 com uma dist\u00e2ncia de dete\u00e7\u00e3o de 1800m.<\/li>\n<li class=\"li-brickfox\">Amplo campo de vis\u00e3o: H: 22 m; V: 17,5 m (a 100 m), utiliz\u00e1vel com \u00f3pticas at\u00e9 10x de amplia\u00e7\u00e3o<\/li>\n<li class=\"li-brickfox\">Compacto e potente, ideal para silvicultura, \u00e1reas de alimenta\u00e7\u00e3o e dist\u00e2ncias m\u00e9dias<\/li>\n<li class=\"li-brickfox\">Funcionamento f\u00e1cil e silencioso tanto para destros como para canhotos gra\u00e7as ao design de 3 bot\u00f5es, \u00e0 roda de focagem ergon\u00f3mica e ao controlo remoto Bluetooth com base magn\u00e9tica inclu\u00edda.<\/li>\n<li class=\"li-brickfox\">Firmware PIPS 2.0: zoom melhorado, redu\u00e7\u00e3o do ru\u00eddo e nitidez das margens, com calibra\u00e7\u00e3o de imagem adaptativa assistida por IA (AAIC)<\/li>\n<li class=\"li-brickfox\">At\u00e9 6 horas de autonomia<\/li>\n<li class=\"li-brickfox\">Imperme\u00e1vel e \u00e0 prova de poeira de acordo com a certifica\u00e7\u00e3o IP67<\/li>\n<li class=\"li-brickfox\">Seis paletas de cores: Branco-quente, Preto-quente, Arco-\u00edris, Vermelho-quente, Verde-quente e S\u00e9pia.<\/li>\n<li class=\"li-brickfox\">Fun\u00e7\u00e3o de seguimento de pontos quentes para uma dete\u00e7\u00e3o precisa de fontes de calor<\/li>\n<\/ul>","protected":false},"featured_media":24954,"template":"","meta":[],"product_brand":[],"product_cat":[149,190,144],"product_tag":[],"class_list":{"0":"post-24953","1":"product","2":"type-product","3":"status-publish","4":"has-post-thumbnail","6":"product_cat-acoples-clip-on","7":"product_cat-pixfra","8":"product_cat-vision-termica","10":"first","11":"instock","12":"taxable","13":"shipping-taxable","14":"purchasable","15":"product-type-simple","16":"add-to-wishlist-after_add_to_cart"},"_links":{"self":[{"href":"https:\/\/dinaturez.com\/pt\/wp-json\/wp\/v2\/product\/24953","targetHints":{"allow":["GET"]}}],"collection":[{"href":"https:\/\/dinaturez.com\/pt\/wp-json\/wp\/v2\/product"}],"about":[{"href":"https:\/\/dinaturez.com\/pt\/wp-json\/wp\/v2\/types\/product"}],"wp:featuredmedia":[{"embeddable":true,"href":"https:\/\/dinaturez.com\/pt\/wp-json\/wp\/v2\/media\/24954"}],"wp:attachment":[{"href":"https:\/\/dinaturez.com\/pt\/wp-json\/wp\/v2\/media?parent=24953"}],"wp:term":[{"taxonomy":"product_brand","embeddable":true,"href":"https:\/\/dinaturez.com\/pt\/wp-json\/wp\/v2\/product_brand?post=24953"},{"taxonomy":"product_cat","embeddable":true,"href":"https:\/\/dinaturez.com\/pt\/wp-json\/wp\/v2\/product_cat?post=24953"},{"taxonomy":"product_tag","embeddable":true,"href":"https:\/\/dinaturez.com\/pt\/wp-json\/wp\/v2\/product_tag?post=24953"}],"curies":[{"name":"wp","href":"https:\/\/api.w.org\/{rel}","templated":true}]}}