{"id":24882,"date":"2025-04-12T10:21:27","date_gmt":"2025-04-12T08:21:27","guid":{"rendered":"https:\/\/dinaturez.com\/?post_type=product&#038;p=24882"},"modified":"2025-04-12T10:21:50","modified_gmt":"2025-04-12T08:21:50","slug":"pixfra-arc-lrf-a425p-monocular-termico-con-telemetro-laser","status":"publish","type":"product","link":"https:\/\/dinaturez.com\/pt\/product\/pixfra-arc-lrf-a425p-monocular-termico-con-telemetro-laser\/","title":{"rendered":"PIXFRA Arc LRF A425P Monocular t\u00e9rmico com tel\u00e9metro laser"},"content":{"rendered":"<div class=\"product-detail-description-text\"><b>Dispositivo t\u00e9rmico compacto e potente<\/b><br \/>\nO\u00a0<b>PIXFRA Arco LRF A425P<\/b>\u00a0combina tecnologia avan\u00e7ada com um design compacto. O seu\u00a0<b>sensor t\u00e9rmico VOx 384\u00d7288, 12\u00b5m, &lt;20mK NETD<\/b>a\u00a0<b>Lente 25 mm f1.0<\/b>\u00a0e o seu grande ecr\u00e3 OLED de\u00a0<b>1440 x 1080<\/b>\u00a0asseguram uma dete\u00e7\u00e3o fi\u00e1vel e uma representa\u00e7\u00e3o clara das assinaturas t\u00e9rmicas a dist\u00e2ncias at\u00e9 1300 m. Para al\u00e9m disso, o\u00a0<b>tel\u00e9metro laser<\/b>O Arc LRF, quase invis\u00edvel e integrado na sua caixa de liga de magn\u00e9sio, complementa na perfei\u00e7\u00e3o o Arc LRF. Apesar dos seus componentes de alta tecnologia, o Arc permanece leve e compacto, perfeito para ser transportado confortavelmente em qualquer bolso.<b>Tel\u00e9metro laser com medi\u00e7\u00e3o exacta at\u00e9 1000 m<\/b><br \/>\nQuase invisivelmente integrado na caixa, o tel\u00e9metro laser da s\u00e9rie Arc LRF mede com precis\u00e3o dist\u00e2ncias entre 5 e 1000 m, quer com uma medi\u00e7\u00e3o pontual ao premir um bot\u00e3o, quer com medi\u00e7\u00f5es cont\u00ednuas, limitadas no tempo ou ilimitadas ao longo do tempo.<b>Amplo campo de vis\u00e3o para uma melhor perspetiva<\/b><br \/>\nCom um campo de vis\u00e3o de mais de 18,4 m (a 100 m), o\u00a0<b>PIXFRA Arco LRF A425P<\/b>\u00a0\u00e9 perfeito para os ca\u00e7adores ou perseguidores da floresta.<\/p>\n<p><b>Firmware moderno para imagens n\u00edtidas<\/b><br \/>\nA c\u00e2mara t\u00e9rmica inclui as mais recentes\u00a0<b>firmware PIPS 2.0 (Pixfra Imaging Processing System)<\/b>A nova c\u00e2mara \u00e9 uma nova gera\u00e7\u00e3o da nova tecnologia \"Zoom in\", que melhora significativamente a qualidade da imagem com funcionalidades como o zoom avan\u00e7ado, a redu\u00e7\u00e3o do ru\u00eddo e a nitidez das margens.<\/p>\n<p><b>6 paletas de cores:<\/b><br \/>\nEst\u00e3o dispon\u00edveis 6 paletas de cores: Branco quente, Preto quente, Preto quente, Arco-\u00edris, Vermelho quente, Verde quente e S\u00e9pia.<\/p>\n<p><b>Autonomia nocturna<\/b><br \/>\nO seu conjunto de pilhas intermut\u00e1veis (2 unidades inclu\u00eddas) fornece at\u00e9\u00a0<b>7,5 horas de dura\u00e7\u00e3o<\/b>garantindo longas sess\u00f5es sem interrup\u00e7\u00f5es.<\/p>\n<p><b>Robusto e fi\u00e1vel em qualquer ambiente<\/b><br \/>\nGra\u00e7as \u00e0 sua\u00a0<b>Certifica\u00e7\u00e3o IP67<\/b>Com a sua robusta caixa em liga de magn\u00e9sio, o dispositivo t\u00e9rmico \u00e9 resistente ao p\u00f3 e \u00e0 \u00e1gua e funciona perfeitamente mesmo em condi\u00e7\u00f5es climat\u00e9ricas adversas, como chuva ou nevoeiro. Al\u00e9m disso, a sua tecnologia de temperatura estabilizada garante um desempenho fi\u00e1vel mesmo em condi\u00e7\u00f5es extremas de -30 \u00b0C a +55 \u00b0C.<\/p>\n<p><b>Transmiss\u00e3o est\u00e1vel em direto via WiFi para smartphones e tablets<\/b><br \/>\nA conetividade WiFi permite uma liga\u00e7\u00e3o r\u00e1pida e est\u00e1vel a um m\u00e1ximo de quatro dispositivos em simult\u00e2neo, num raio de 20 m.<\/p>\n<p><b>Fun\u00e7\u00e3o de grava\u00e7\u00e3o e armazenamento de fotografias e v\u00eddeos<\/b><br \/>\nA sua grande mem\u00f3ria interna de 32 GB oferece espa\u00e7o suficiente para gravar fotografias e v\u00eddeos.<\/p>\n<p><b>Acess\u00f3rios pr\u00e1ticos e transporte f\u00e1cil<\/b><br \/>\nO monocular t\u00e9rmico \u00e9 fornecido com um estojo de transporte de alta qualidade, uma correia de transporte e uma correia de m\u00e3o, tornando-o f\u00e1cil de utilizar e transportar em seguran\u00e7a em todos os passeios.<\/p>\n<p><b>CARACTER\u00cdSTICAS<\/b><\/p>\n<ul>\n<li>Leve e compacto - ideal para persegui\u00e7\u00e3o, ca\u00e7a na floresta e dist\u00e2ncias de isco<\/li>\n<li>Sensor t\u00e9rmico 384\u00d7288, 12\u00b5m, &lt;20mK NETD<\/li>\n<li>Lente de 25 mm f1.0 com alcance de dete\u00e7\u00e3o de 1300 m<\/li>\n<li>Tel\u00e9metro laser preciso at\u00e9 1000 m<\/li>\n<li>Amplo campo de vis\u00e3o (H: 18,4 m; V: 13,8 m) para uma vis\u00e3o completa<\/li>\n<li>Amplia\u00e7\u00e3o b\u00e1sica: 2,1x<\/li>\n<li>Zoom digital: 1x, 2x, 4x, 8x<\/li>\n<li>Fun\u00e7\u00e3o de grava\u00e7\u00e3o de fotografias e v\u00eddeos<\/li>\n<li>Grande mem\u00f3ria interna de 32 GB<\/li>\n<li>Firmware PIPS 2.0: zoom melhorado, redu\u00e7\u00e3o de ru\u00eddo e nitidez das margens<\/li>\n<li>6 paletas de cores: Branco quente, Preto quente, Arco-\u00edris quente, Vermelho quente, Verde quente e S\u00e9pia<\/li>\n<li>Seguimento de pontos quentes para uma dete\u00e7\u00e3o precisa de fontes de calor<\/li>\n<li>Fun\u00e7\u00e3o de captura e armazenamento de imagens e v\u00eddeos<\/li>\n<li>32 GB de armazenamento interno<\/li>\n<li>Transmiss\u00e3o em direto r\u00e1pida e est\u00e1vel atrav\u00e9s de WiFi<\/li>\n<li>Imperme\u00e1vel e \u00e0 prova de poeira de acordo com a certifica\u00e7\u00e3o IP67<\/li>\n<li>Bateria intercambi\u00e1vel, at\u00e9 7,5 horas de autonomia por bateria<\/li>\n<li>Dimens\u00f5es\/Peso: 168 mm \u00d7 50 mm \u00d7 78 mm \/ 370 g<\/li>\n<\/ul>\n<p><b>INCLUINDO<\/b><\/p>\n<ul>\n<li>Dispositivo t\u00e9rmico PIXFRA Arc LRF A425P<\/li>\n<li>Cobertura protetora<\/li>\n<li>Al\u00e7a de transporte<\/li>\n<li>Correia de m\u00e3o<\/li>\n<li>Cabo USB-C<\/li>\n<li>Manual do utilizador<\/li>\n<\/ul>\n<\/div>\n<div class=\"product-detail-properties\">\n<div class=\"row product-detail-properties-container\">\n<div class=\"col-md-10 col-lg-6\">\n<table class=\"table table-striped product-detail-properties-table\">\n<tbody>\n<tr class=\"properties-row\">\n<th class=\"properties-label\">Ajuste da dioptria:<\/th>\n<td class=\"properties-value\">1<\/td>\n<\/tr>\n<tr class=\"properties-row\">\n<th class=\"properties-label\">Altura total (mm):<\/th>\n<td class=\"properties-value\">50<\/td>\n<\/tr>\n<tr class=\"properties-row\">\n<th class=\"properties-label\">Largura total (mm):<\/th>\n<td class=\"properties-value\">78<\/td>\n<\/tr>\n<tr class=\"properties-row\">\n<th class=\"properties-label\">Aumentar para:<\/th>\n<td class=\"properties-value\">22.08<\/td>\n<\/tr>\n<tr class=\"properties-row\">\n<th class=\"properties-label\">Aumento de:<\/th>\n<td class=\"properties-value\">2.76<\/td>\n<\/tr>\n<tr class=\"properties-row\">\n<th class=\"properties-label\">Aumento progressivo:<\/th>\n<td class=\"properties-value\">1x, 2x, 4x, 8x<\/td>\n<\/tr>\n<tr class=\"properties-row\">\n<th class=\"properties-label\">Calibra\u00e7\u00e3o:<\/th>\n<td class=\"properties-value\">Autom\u00e1tico, Manual<\/td>\n<\/tr>\n<tr class=\"properties-row\">\n<th class=\"properties-label\">Campo de vis\u00e3o (graus):<\/th>\n<td class=\"properties-value\">10.5<\/td>\n<\/tr>\n<tr class=\"properties-row\">\n<th class=\"properties-label\">Campo de vis\u00e3o (m\/100m) min:<\/th>\n<td class=\"properties-value\">18.4<\/td>\n<\/tr>\n<tr class=\"properties-row\">\n<th class=\"properties-label\">Campo de vis\u00e3o a 1000 m 7) (m):<\/th>\n<td class=\"properties-value\">184<\/td>\n<\/tr>\n<tr class=\"properties-row\">\n<th class=\"properties-label\">Cor:<\/th>\n<td class=\"properties-value\">preto<\/td>\n<\/tr>\n<tr class=\"properties-row\">\n<th class=\"properties-label\">Compat\u00edvel com Stream Vision:<\/th>\n<td class=\"properties-value\">0<\/td>\n<\/tr>\n<tr class=\"properties-row\">\n<th class=\"properties-label\">Compat\u00edvel com o controlo remoto Pulsar:<\/th>\n<td class=\"properties-value\">0<\/td>\n<\/tr>\n<tr class=\"properties-row\">\n<th class=\"properties-label\">Di\u00e2metro da lente:<\/th>\n<td class=\"properties-value\">25<\/td>\n<\/tr>\n<tr class=\"properties-row\">\n<th class=\"properties-label\">Dura\u00e7\u00e3o da bateria (h):<\/th>\n<td class=\"properties-value\">7.5<\/td>\n<\/tr>\n<tr class=\"properties-row\">\n<th class=\"properties-label\">Fam\u00edlia de produtos:<\/th>\n<td class=\"properties-value\">Arco LRF<\/td>\n<\/tr>\n<tr class=\"properties-row\">\n<th class=\"properties-label\">Focagem de perto (m):<\/th>\n<td class=\"properties-value\">2<\/td>\n<\/tr>\n<tr class=\"properties-row\">\n<th class=\"properties-label\">Frequ\u00eancia de repeti\u00e7\u00e3o de imagens:<\/th>\n<td class=\"properties-value\">50 Hz<\/td>\n<\/tr>\n<tr class=\"properties-row\">\n<th class=\"properties-label\">Fonte de alimenta\u00e7\u00e3o inclu\u00edda:<\/th>\n<td class=\"properties-value\">0<\/td>\n<\/tr>\n<tr class=\"properties-row\">\n<th class=\"properties-label\">Fun\u00e7\u00e3o \"ecr\u00e3 desligado\":<\/th>\n<td class=\"properties-value\">1<\/td>\n<\/tr>\n<tr class=\"properties-row\">\n<th class=\"properties-label\">\u00c0 prova de \u00e1gua 8):<\/th>\n<td class=\"properties-value\">1<\/td>\n<\/tr>\n<tr class=\"properties-row\">\n<th class=\"properties-label\">Interfaces:<\/th>\n<td class=\"properties-value\">USB tipo C<\/td>\n<\/tr>\n<tr class=\"properties-row\">\n<th class=\"properties-label\">Comprimento total (mm):<\/th>\n<td class=\"properties-value\">168<\/td>\n<\/tr>\n<tr class=\"properties-row\">\n<th class=\"properties-label\">Material da caixa:<\/th>\n<td class=\"properties-value\">Magn\u00e9sio<\/td>\n<\/tr>\n<tr class=\"properties-row\">\n<th class=\"properties-label\">Mem\u00f3ria interna:<\/th>\n<td class=\"properties-value\">32 GB<\/td>\n<\/tr>\n<tr class=\"properties-row\">\n<th class=\"properties-label\">Modo de encerramento autom\u00e1tico:<\/th>\n<td class=\"properties-value\">1<\/td>\n<\/tr>\n<tr class=\"properties-row\">\n<th class=\"properties-label\">Montado na cabe\u00e7a:<\/th>\n<td class=\"properties-value\">0<\/td>\n<\/tr>\n<tr class=\"properties-row\">\n<th class=\"properties-label\">NETD (&lt; mK):<\/th>\n<td class=\"properties-value\">25<\/td>\n<\/tr>\n<tr class=\"properties-row\">\n<th class=\"properties-label\">N\u00edvel de prote\u00e7\u00e3o \u00e0 prova de \u00e1gua:<\/th>\n<td class=\"properties-value\">IP67<\/td>\n<\/tr>\n<tr class=\"properties-row\">\n<th class=\"properties-label\">Oculares para utilizadores de \u00f3culos:<\/th>\n<td class=\"properties-value\">0<\/td>\n<\/tr>\n<tr class=\"properties-row\">\n<th class=\"properties-label\">Paleta de cores:<\/th>\n<td class=\"properties-value\">1<\/td>\n<\/tr>\n<tr class=\"properties-row\">\n<th class=\"properties-label\">Peso l\u00edquido (g):<\/th>\n<td class=\"properties-value\">370<\/td>\n<\/tr>\n<tr class=\"properties-row\">\n<th class=\"properties-label\">Peso l\u00edquido (sem acess\u00f3rios) (g):<\/th>\n<td class=\"properties-value\">1060<\/td>\n<\/tr>\n<tr class=\"properties-row\">\n<th class=\"properties-label\">Pilhas inclu\u00eddas:<\/th>\n<td class=\"properties-value\">0<\/td>\n<\/tr>\n<tr class=\"properties-row\">\n<th class=\"properties-label\">Pilhas necess\u00e1rias:<\/th>\n<td class=\"properties-value\">1<\/td>\n<\/tr>\n<tr class=\"properties-row\">\n<th class=\"properties-label\">Alcance de dete\u00e7\u00e3o (m):<\/th>\n<td class=\"properties-value\">1300<\/td>\n<\/tr>\n<tr class=\"properties-row\">\n<th class=\"properties-label\">Gama de temperaturas m\u00e1ximas (\u00b0C):<\/th>\n<td class=\"properties-value\">55<\/td>\n<\/tr>\n<tr class=\"properties-row\">\n<th class=\"properties-label\">Gama de temperaturas m\u00ednimas (\u00b0C):<\/th>\n<td class=\"properties-value\">-30<\/td>\n<\/tr>\n<tr class=\"properties-row\">\n<th class=\"properties-label\">Resolu\u00e7\u00e3o:<\/th>\n<td class=\"properties-value\">800 x 600 p\u00edxeis<\/td>\n<\/tr>\n<tr class=\"properties-row\">\n<th class=\"properties-label\">Revestimento do inv\u00f3lucro:<\/th>\n<td class=\"properties-value\">Borracha\/Pl\u00e1stico<\/td>\n<\/tr>\n<tr class=\"properties-row\">\n<th class=\"properties-label\">Rosca de liga\u00e7\u00e3o do trip\u00e9:<\/th>\n<td class=\"properties-value\">1<\/td>\n<\/tr>\n<tr class=\"properties-row\">\n<th class=\"properties-label\">Tel\u00e9metro:<\/th>\n<td class=\"properties-value\">1<\/td>\n<\/tr>\n<tr class=\"properties-row\">\n<th class=\"properties-label\">Tipo:<\/th>\n<td class=\"properties-value\">I\u00f5es de l\u00edtio<\/td>\n<\/tr>\n<tr class=\"properties-row\">\n<th class=\"properties-label\">Tipo:<\/th>\n<td class=\"properties-value\">monocular<\/td>\n<\/tr>\n<tr class=\"properties-row\">\n<th class=\"properties-label\">Tipo de ecr\u00e3:<\/th>\n<td class=\"properties-value\">OLED<\/td>\n<\/tr>\n<tr class=\"properties-row\">\n<th class=\"properties-label\">Tipo de sensor:<\/th>\n<td class=\"properties-value\">Vox 384\u00d7288 \/ 12\u00b5m \/ NETD<\/td>\n<\/tr>\n<\/tbody>\n<\/table>\n<\/div>\n<\/div>\n<\/div>","protected":false},"excerpt":{"rendered":"<p class=\"lead\">Monocular t\u00e9rmico de alto desempenho com tel\u00e9metro laser, concebido para ser robusto, leve e manobr\u00e1vel. Ideal para a ca\u00e7a a curta dist\u00e2ncia<\/p>\n<ul id=\"ul-brickfox\">\n<li class=\"li-brickfox\">Tel\u00e9metro laser preciso at\u00e9 1000 m<\/li>\n<li class=\"li-brickfox\">Sensor t\u00e9rmico VOx 384&#215;288, 12\u00b5m, &lt;20mK NETD<\/li>\n<li class=\"li-brickfox\">Lente de 25 mm f1.0 com alcance de dete\u00e7\u00e3o de 1300 m<\/li>\n<li class=\"li-brickfox\">Amplo campo de vis\u00e3o: (H: 18,4 m; V: 13,8 m) para uma vis\u00e3o completa<\/li>\n<li class=\"li-brickfox\">Leve e compacta, com um amplo campo de vis\u00e3o, ideal para persegui\u00e7\u00e3o, ca\u00e7a na floresta e dist\u00e2ncias de isco.<\/li>\n<li class=\"li-brickfox\">Firmware PIPS 2.0: zoom melhorado, redu\u00e7\u00e3o de ru\u00eddo e nitidez das margens<\/li>\n<li class=\"li-brickfox\">Inclui 2 pilhas intercambi\u00e1veis, cada uma com at\u00e9 7,5 horas de autonomia<\/li>\n<li class=\"li-brickfox\">Imperme\u00e1vel e \u00e0 prova de poeira de acordo com a certifica\u00e7\u00e3o IP67<\/li>\n<li class=\"li-brickfox\">6 paletas de cores: Branco quente, Preto quente, Arco-\u00edris quente, Vermelho quente, Verde quente e S\u00e9pia<\/li>\n<li class=\"li-brickfox\">Seguimento de pontos quentes para uma dete\u00e7\u00e3o precisa de fontes de calor<\/li>\n<\/ul>","protected":false},"featured_media":24883,"template":"","meta":[],"product_brand":[],"product_cat":[147,190,144],"product_tag":[],"class_list":{"0":"post-24882","1":"product","2":"type-product","3":"status-publish","4":"has-post-thumbnail","6":"product_cat-monoculares-termicos","7":"product_cat-pixfra","8":"product_cat-vision-termica","10":"first","11":"instock","12":"taxable","13":"shipping-taxable","14":"purchasable","15":"product-type-simple","16":"add-to-wishlist-after_add_to_cart"},"_links":{"self":[{"href":"https:\/\/dinaturez.com\/pt\/wp-json\/wp\/v2\/product\/24882","targetHints":{"allow":["GET"]}}],"collection":[{"href":"https:\/\/dinaturez.com\/pt\/wp-json\/wp\/v2\/product"}],"about":[{"href":"https:\/\/dinaturez.com\/pt\/wp-json\/wp\/v2\/types\/product"}],"wp:featuredmedia":[{"embeddable":true,"href":"https:\/\/dinaturez.com\/pt\/wp-json\/wp\/v2\/media\/24883"}],"wp:attachment":[{"href":"https:\/\/dinaturez.com\/pt\/wp-json\/wp\/v2\/media?parent=24882"}],"wp:term":[{"taxonomy":"product_brand","embeddable":true,"href":"https:\/\/dinaturez.com\/pt\/wp-json\/wp\/v2\/product_brand?post=24882"},{"taxonomy":"product_cat","embeddable":true,"href":"https:\/\/dinaturez.com\/pt\/wp-json\/wp\/v2\/product_cat?post=24882"},{"taxonomy":"product_tag","embeddable":true,"href":"https:\/\/dinaturez.com\/pt\/wp-json\/wp\/v2\/product_tag?post=24882"}],"curies":[{"name":"wp","href":"https:\/\/api.w.org\/{rel}","templated":true}]}}