{"id":24823,"date":"2025-03-30T11:37:13","date_gmt":"2025-03-30T09:37:13","guid":{"rendered":"https:\/\/dinaturez.com\/?post_type=product&#038;p=24823"},"modified":"2025-08-29T17:51:24","modified_gmt":"2025-08-29T15:51:24","slug":"pixfra-mile-2-m625-monocular-termico","status":"publish","type":"product","link":"https:\/\/dinaturez.com\/pt\/product\/pixfra-mile-2-m625-monocular-termico\/","title":{"rendered":"Monocular t\u00e9rmico PIXFRA Mile 2 M625"},"content":{"rendered":"<div class=\"product-detail-description-text\"><b>Dispositivo t\u00e9rmico compacto e potente<\/b><br \/>\nO\u00a0<b>PIXFRA Milha 2 M625<\/b>\u00a0combina tecnologia avan\u00e7ada com um design premiado. Os seus\u00a0<b>sensor t\u00e9rmico VOx de alta sensibilidade 640\u00d7512, 12\u00b5m e &lt;25mK NETD,<\/b>\u00a0a lente\u00a0<b>25 mm f1.0<\/b>\u00a0e o\u00a0<b>Ecr\u00e3 AMOLED 800 x 600<\/b>\u00a0garantem uma dete\u00e7\u00e3o fi\u00e1vel e uma imagem n\u00edtida das assinaturas t\u00e9rmicas at\u00e9 1300 m. O design inovador do bot\u00e3o de press\u00e3o permite uma opera\u00e7\u00e3o f\u00e1cil com uma s\u00f3 m\u00e3o, mesmo na escurid\u00e3o total. Apesar dos seus poderosos componentes internos, este dispositivo robusto \u00e9 compacto e leve, cabendo confortavelmente em qualquer bolso.<b>Amplo campo de vis\u00e3o<\/b><br \/>\nO amplo campo de vis\u00e3o de mais de 30,7 m (a 100 m) permite que o\u00a0<b>PIXFRA Milha M625<\/b>\u00a0\u00e9 o observador ideal para ca\u00e7adores e exploradores.<\/p>\n<p><b>Design premiado<\/b><br \/>\nA s\u00e9rie de modelos t\u00e9rmicos Mile 2 foi galardoada com o prestigiado pr\u00e9mio\u00a0<b>Pr\u00e9mio Red Dot<\/b>\u00a0gra\u00e7as ao seu design compacto, leve e f\u00e1cil de utilizar.<\/p>\n<p><b>Firmware moderno para imagens de alta qualidade<\/b><br \/>\nO dispositivo vem equipado com o mais recente firmware PIPS 2.0 (Pixfra Imaging Processing System), que melhora a qualidade da imagem com funcionalidades avan\u00e7adas, como zoom optimizado, redu\u00e7\u00e3o de ru\u00eddo e nitidez melhorada.<\/p>\n<p><b>6 paletas de cores<\/b><br \/>\nEscolha entre 6 paletas de cores: branco-quente, preto-quente, arco-\u00edris, vermelho-quente, verde-quente e s\u00e9pia.<\/p>\n<p><b>Robusto e fi\u00e1vel em qualquer ambiente<\/b><br \/>\nGra\u00e7as \u00e0 sua certifica\u00e7\u00e3o IP67, o dispositivo \u00e9 resistente \u00e0 \u00e1gua e ao p\u00f3, garantindo um funcionamento sem falhas em condi\u00e7\u00f5es adversas, como chuva ou nevoeiro. Al\u00e9m disso, a sua tecnologia termicamente estabilizada permite um desempenho fi\u00e1vel em temperaturas extremas, de -30 \u00b0C a +55 \u00b0C. A bateria de alto desempenho fornece at\u00e9\u00a0<b>6,5 horas de autonomia<\/b>ideal para longos dias ao ar livre.<\/p>\n<p><b>Fun\u00e7\u00f5es inovadoras para v\u00e1rias aplica\u00e7\u00f5es<\/b><br \/>\nInclui uma b\u00fassola eletr\u00f3nica que oferece navega\u00e7\u00e3o e orienta\u00e7\u00e3o precisas, perfeitas para aventuras na natureza ou no campo. Al\u00e9m disso, a fun\u00e7\u00e3o de ponto quente identifica automaticamente a fonte de calor mais intensa com uma mira, facilitando a identifica\u00e7\u00e3o dos alvos.<\/p>\n<p><b>Transmiss\u00e3o em direto via WiFi<\/b><br \/>\nLigue-se ao seu smartphone ou tablet atrav\u00e9s de WiFi, com a capacidade de ligar at\u00e9 quatro dispositivos ao mesmo tempo num raio de 40 m.<\/p>\n<p><b>Fun\u00e7\u00e3o de grava\u00e7\u00e3o e armazenamento de imagens e v\u00eddeos<\/b><br \/>\nA grande mem\u00f3ria interna de 16 GB oferece espa\u00e7o suficiente para grava\u00e7\u00f5es de imagem e v\u00eddeo.<\/p>\n<p><b>Acess\u00f3rios pr\u00e1ticos para um transporte f\u00e1cil<\/b><br \/>\nO dispositivo inclui uma bolsa de prote\u00e7\u00e3o, uma correia de pesco\u00e7o e uma correia de m\u00e3o, proporcionando conforto e seguran\u00e7a em todos os momentos.<\/p>\n<p><b>CARACTER\u00cdSTICAS<\/b><\/p>\n<ul>\n<li>Sensor t\u00e9rmico VOx 640\u00d7512, 12\u00b5m, &lt;25mK NETD<\/li>\n<li>Lente de 25 mm f1.0 com dist\u00e2ncia de dete\u00e7\u00e3o de 1300 m<\/li>\n<li>Amplo campo de vis\u00e3o (H: 30,7 m; V: 24,6 m)<\/li>\n<li>Amplia\u00e7\u00e3o da base: 1,65x<\/li>\n<li>Zoom digital: 1x, 2x, 4x, 8x<\/li>\n<li>Fun\u00e7\u00e3o de grava\u00e7\u00e3o de imagem e v\u00eddeo<\/li>\n<li>Grande mem\u00f3ria interna de 16 GB<\/li>\n<li>Firmware PIPS 2.0: zoom melhorado, redu\u00e7\u00e3o de ru\u00eddo e maior nitidez<\/li>\n<li>6 paletas de cores: branco quente, preto quente, preto quente, arco-\u00edris, vermelho quente, verde quente e s\u00e9pia<\/li>\n<li>Seguimento de pontos quentes para uma dete\u00e7\u00e3o precisa<\/li>\n<li>Fun\u00e7\u00e3o de b\u00fassola eletr\u00f3nica para uma orienta\u00e7\u00e3o segura<\/li>\n<li>Fun\u00e7\u00e3o de captura e armazenamento de imagens e v\u00eddeos<\/li>\n<li>16 GB de armazenamento interno<\/li>\n<li>Transmiss\u00e3o em direto r\u00e1pida e est\u00e1vel atrav\u00e9s de WiFi<\/li>\n<li>Imperme\u00e1vel e \u00e0 prova de poeira de acordo com IP67<\/li>\n<li>Compacta e leve - ideal para persegui\u00e7\u00e3o e explora\u00e7\u00e3o<\/li>\n<li>At\u00e9 6,5 horas de autonomia<\/li>\n<li>Vencedor do Pr\u00e9mio de Design Red Dot<\/li>\n<li>Dimens\u00f5es\/Peso: 157,5 mm \u00d7 56,6 mm \u00d7 50,3 mm \/ 320 g<\/li>\n<\/ul>\n<p><b>INCLUINDO<\/b><\/p>\n<ul>\n<li>Monocular t\u00e9rmico PIXFRA Mile 2 M625<\/li>\n<li>Saco de prote\u00e7\u00e3o<\/li>\n<li>Correia para o pesco\u00e7o<\/li>\n<li>Correia de m\u00e3o<\/li>\n<li>Cabo USB-C<\/li>\n<li>Manual do utilizador<\/li>\n<\/ul>\n<\/div>\n<div class=\"product-detail-properties\">\n<div class=\"row product-detail-properties-container\">\n<div class=\"col-md-10 col-lg-6\">\n<table class=\"table table-striped product-detail-properties-table\">\n<tbody>\n<tr class=\"properties-row\">\n<th class=\"properties-label\">Ajuste da dioptria:<\/th>\n<td class=\"properties-value\">1<\/td>\n<\/tr>\n<tr class=\"properties-row\">\n<th class=\"properties-label\">Altura total (mm):<\/th>\n<td class=\"properties-value\">50<\/td>\n<\/tr>\n<tr class=\"properties-row\">\n<th class=\"properties-label\">Largura total (mm):<\/th>\n<td class=\"properties-value\">56<\/td>\n<\/tr>\n<tr class=\"properties-row\">\n<th class=\"properties-label\">Aumentar para:<\/th>\n<td class=\"properties-value\">13.2<\/td>\n<\/tr>\n<tr class=\"properties-row\">\n<th class=\"properties-label\">Aumento de:<\/th>\n<td class=\"properties-value\">1.65<\/td>\n<\/tr>\n<tr class=\"properties-row\">\n<th class=\"properties-label\">Aumento progressivo:<\/th>\n<td class=\"properties-value\">1x, 2x, 4x, 8x<\/td>\n<\/tr>\n<tr class=\"properties-row\">\n<th class=\"properties-label\">Calibra\u00e7\u00e3o:<\/th>\n<td class=\"properties-value\">Autom\u00e1tico, Manual<\/td>\n<\/tr>\n<tr class=\"properties-row\">\n<th class=\"properties-label\">Campo de vis\u00e3o (graus):<\/th>\n<td class=\"properties-value\">17.5<\/td>\n<\/tr>\n<tr class=\"properties-row\">\n<th class=\"properties-label\">Campo de vis\u00e3o (m\/100m) min:<\/th>\n<td class=\"properties-value\">30.7<\/td>\n<\/tr>\n<tr class=\"properties-row\">\n<th class=\"properties-label\">Campo de vis\u00e3o a 1000 m 7) (m):<\/th>\n<td class=\"properties-value\">307<\/td>\n<\/tr>\n<tr class=\"properties-row\">\n<th class=\"properties-label\">Cor:<\/th>\n<td class=\"properties-value\">preto<\/td>\n<\/tr>\n<tr class=\"properties-row\">\n<th class=\"properties-label\">Di\u00e2metro da lente:<\/th>\n<td class=\"properties-value\">25<\/td>\n<\/tr>\n<tr class=\"properties-row\">\n<th class=\"properties-label\">Dura\u00e7\u00e3o da bateria (h):<\/th>\n<td class=\"properties-value\">6.5<\/td>\n<\/tr>\n<tr class=\"properties-row\">\n<th class=\"properties-label\">Fam\u00edlia de produtos:<\/th>\n<td class=\"properties-value\">Milha 2<\/td>\n<\/tr>\n<tr class=\"properties-row\">\n<th class=\"properties-label\">Focagem de perto (m):<\/th>\n<td class=\"properties-value\">2<\/td>\n<\/tr>\n<tr class=\"properties-row\">\n<th class=\"properties-label\">Frequ\u00eancia de repeti\u00e7\u00e3o de imagens:<\/th>\n<td class=\"properties-value\">50 Hz<\/td>\n<\/tr>\n<tr class=\"properties-row\">\n<th class=\"properties-label\">Fun\u00e7\u00e3o \"ecr\u00e3 desligado\":<\/th>\n<td class=\"properties-value\">1<\/td>\n<\/tr>\n<tr class=\"properties-row\">\n<th class=\"properties-label\">\u00c0 prova de \u00e1gua 8):<\/th>\n<td class=\"properties-value\">1<\/td>\n<\/tr>\n<tr class=\"properties-row\">\n<th class=\"properties-label\">Interfaces:<\/th>\n<td class=\"properties-value\">USB tipo C<\/td>\n<\/tr>\n<tr class=\"properties-row\">\n<th class=\"properties-label\">Comprimento total (mm):<\/th>\n<td class=\"properties-value\">157<\/td>\n<\/tr>\n<tr class=\"properties-row\">\n<th class=\"properties-label\">Material da caixa:<\/th>\n<td class=\"properties-value\">Pl\u00e1stico<\/td>\n<\/tr>\n<tr class=\"properties-row\">\n<th class=\"properties-label\">Mem\u00f3ria interna:<\/th>\n<td class=\"properties-value\">16 GB<\/td>\n<\/tr>\n<tr class=\"properties-row\">\n<th class=\"properties-label\">Modo de encerramento autom\u00e1tico:<\/th>\n<td class=\"properties-value\">1<\/td>\n<\/tr>\n<tr class=\"properties-row\">\n<th class=\"properties-label\">Montado na cabe\u00e7a:<\/th>\n<td class=\"properties-value\">0<\/td>\n<\/tr>\n<tr class=\"properties-row\">\n<th class=\"properties-label\">NETD (&lt; mK):<\/th>\n<td class=\"properties-value\">25<\/td>\n<\/tr>\n<tr class=\"properties-row\">\n<th class=\"properties-label\">N\u00edvel de prote\u00e7\u00e3o \u00e0 prova de \u00e1gua:<\/th>\n<td class=\"properties-value\">IP67<\/td>\n<\/tr>\n<tr class=\"properties-row\">\n<th class=\"properties-label\">Oculares para utilizadores de \u00f3culos:<\/th>\n<td class=\"properties-value\">0<\/td>\n<\/tr>\n<tr class=\"properties-row\">\n<th class=\"properties-label\">Paleta de cores:<\/th>\n<td class=\"properties-value\">1<\/td>\n<\/tr>\n<tr class=\"properties-row\">\n<th class=\"properties-label\">Peso l\u00edquido (g):<\/th>\n<td class=\"properties-value\">320<\/td>\n<\/tr>\n<tr class=\"properties-row\">\n<th class=\"properties-label\">Pilhas inclu\u00eddas:<\/th>\n<td class=\"properties-value\">0<\/td>\n<\/tr>\n<tr class=\"properties-row\">\n<th class=\"properties-label\">Pilhas necess\u00e1rias:<\/th>\n<td class=\"properties-value\">1<\/td>\n<\/tr>\n<tr class=\"properties-row\">\n<th class=\"properties-label\">Pupila de sa\u00edda (mm):<\/th>\n<td class=\"properties-value\">6<\/td>\n<\/tr>\n<tr class=\"properties-row\">\n<th class=\"properties-label\">Alcance de dete\u00e7\u00e3o (m):<\/th>\n<td class=\"properties-value\">1300<\/td>\n<\/tr>\n<tr class=\"properties-row\">\n<th class=\"properties-label\">Gama de temperaturas m\u00e1ximas (\u00b0C):<\/th>\n<td class=\"properties-value\">55<\/td>\n<\/tr>\n<tr class=\"properties-row\">\n<th class=\"properties-label\">Gama de temperaturas m\u00ednimas (\u00b0C):<\/th>\n<td class=\"properties-value\">-30<\/td>\n<\/tr>\n<tr class=\"properties-row\">\n<th class=\"properties-label\">Resolu\u00e7\u00e3o:<\/th>\n<td class=\"properties-value\">800 x 600 p\u00edxeis<\/td>\n<\/tr>\n<tr class=\"properties-row\">\n<th class=\"properties-label\">Revestimento do inv\u00f3lucro:<\/th>\n<td class=\"properties-value\">Borracha\/Pl\u00e1stico<\/td>\n<\/tr>\n<tr class=\"properties-row\">\n<th class=\"properties-label\">Rosca de liga\u00e7\u00e3o do trip\u00e9:<\/th>\n<td class=\"properties-value\">1<\/td>\n<\/tr>\n<tr class=\"properties-row\">\n<th class=\"properties-label\">Tel\u00e9metro:<\/th>\n<td class=\"properties-value\">0<\/td>\n<\/tr>\n<tr class=\"properties-row\">\n<th class=\"properties-label\">Tipo:<\/th>\n<td class=\"properties-value\">monocular<\/td>\n<\/tr>\n<tr class=\"properties-row\">\n<th class=\"properties-label\">Tipo de ecr\u00e3:<\/th>\n<td class=\"properties-value\">AMOLED<\/td>\n<\/tr>\n<tr class=\"properties-row\">\n<th class=\"properties-label\">Tipo de sensor:<\/th>\n<td class=\"properties-value\">Vox 640\u00d7512 \/ 12\u00b5m \/ NETD<\/td>\n<\/tr>\n<\/tbody>\n<\/table>\n<\/div>\n<\/div>\n<\/div>","protected":false},"excerpt":{"rendered":"<p class=\"lead\">Tecnologia de elevado desempenho num design compacto e premiado<\/p>\n<ul id=\"ul-brickfox\">\n<li class=\"li-brickfox\">Ganador del Premio &#8220;Red Dot Design Award&#8221; 2024<\/li>\n<li class=\"li-brickfox\">Sensor t\u00e9rmico VOx 640\u00d7512, 12\u00b5m, &lt;25mK NETD, lente 25mm f1.0, dist\u00e2ncia de dete\u00e7\u00e3o at\u00e9 1300 m<\/li>\n<li class=\"li-brickfox\">Amplo campo de vis\u00e3o (H: 30,7 m; V: 24,6 m) para uma perspetiva completa<\/li>\n<li class=\"li-brickfox\">Compacta e leve, \u00e9 perfeita para perseguir, ca\u00e7ar na floresta ou explorar a natureza selvagem.<\/li>\n<li class=\"li-brickfox\">Firmware PIPS 2.0 com zoom melhorado, redu\u00e7\u00e3o de ru\u00eddo e contornos mais n\u00edtidos<\/li>\n<li class=\"li-brickfox\">At\u00e9 6,5 horas de autonomia da bateria, ideal para longos dias ao ar livre<\/li>\n<li class=\"li-brickfox\">Certifica\u00e7\u00e3o IP67 - resistente \u00e0 \u00e1gua e ao p\u00f3, concebido para suportar as condi\u00e7\u00f5es mais extremas<\/li>\n<li class=\"li-brickfox\">6 paletas de cores: branco quente, preto quente, preto quente, arco-\u00edris, vermelho quente, verde quente e s\u00e9pia<\/li>\n<li class=\"li-brickfox\">Seguimento de pontos de acesso para identificar com precis\u00e3o os alvos<\/li>\n<li class=\"li-brickfox\">Fun\u00e7\u00e3o de b\u00fassola eletr\u00f3nica para uma orienta\u00e7\u00e3o segura<\/li>\n<\/ul>","protected":false},"featured_media":24824,"template":"","meta":[],"product_brand":[],"product_cat":[147,190,144],"product_tag":[],"class_list":{"0":"post-24823","1":"product","2":"type-product","3":"status-publish","4":"has-post-thumbnail","6":"product_cat-monoculares-termicos","7":"product_cat-pixfra","8":"product_cat-vision-termica","10":"first","11":"instock","12":"taxable","13":"shipping-taxable","14":"purchasable","15":"product-type-simple","16":"add-to-wishlist-after_add_to_cart"},"_links":{"self":[{"href":"https:\/\/dinaturez.com\/pt\/wp-json\/wp\/v2\/product\/24823","targetHints":{"allow":["GET"]}}],"collection":[{"href":"https:\/\/dinaturez.com\/pt\/wp-json\/wp\/v2\/product"}],"about":[{"href":"https:\/\/dinaturez.com\/pt\/wp-json\/wp\/v2\/types\/product"}],"wp:featuredmedia":[{"embeddable":true,"href":"https:\/\/dinaturez.com\/pt\/wp-json\/wp\/v2\/media\/24824"}],"wp:attachment":[{"href":"https:\/\/dinaturez.com\/pt\/wp-json\/wp\/v2\/media?parent=24823"}],"wp:term":[{"taxonomy":"product_brand","embeddable":true,"href":"https:\/\/dinaturez.com\/pt\/wp-json\/wp\/v2\/product_brand?post=24823"},{"taxonomy":"product_cat","embeddable":true,"href":"https:\/\/dinaturez.com\/pt\/wp-json\/wp\/v2\/product_cat?post=24823"},{"taxonomy":"product_tag","embeddable":true,"href":"https:\/\/dinaturez.com\/pt\/wp-json\/wp\/v2\/product_tag?post=24823"}],"curies":[{"name":"wp","href":"https:\/\/api.w.org\/{rel}","templated":true}]}}