{"id":24780,"date":"2025-03-28T23:14:27","date_gmt":"2025-03-28T22:14:27","guid":{"rendered":"https:\/\/dinaturez.com\/?post_type=product&#038;p=24780"},"modified":"2025-04-12T11:27:36","modified_gmt":"2025-04-12T09:27:36","slug":"pixfra-sirius-s635-monocular-termico","status":"publish","type":"product","link":"https:\/\/dinaturez.com\/pt\/product\/pixfra-sirius-s635-monocular-termico\/","title":{"rendered":"Monocular t\u00e9rmico PIXFRA Sirius S635"},"content":{"rendered":"<div class=\"product-detail-description-text\"><b>Dispositivo t\u00e9rmico compacto e potente<\/b><br \/>\nO\u00a0<b>PIXFRA Sirius S635<\/b>\u00a0combina tecnologia avan\u00e7ada com um design compacto. O seu\u00a0<b>Sensor VOx 640\u00d7512, 12\u00b5m, &lt;18mK NETD extremamente sens\u00edvel<\/b>a\u00a0<b>Lente 35 mm f1.0<\/b>\u00a0e o grande ecr\u00e3\u00a0<b>1920 x 1080 OLED<\/b>\u00a0garantem uma dete\u00e7\u00e3o fi\u00e1vel e uma representa\u00e7\u00e3o clara das assinaturas t\u00e9rmicas a dist\u00e2ncias at\u00e9 1800 m. Apesar dos seus poderosos componentes internos, o Sirius mant\u00e9m-se compacto, permitindo-lhe caber confortavelmente em quase todos os bolsos.<\/p>\n<p><b>Amplo campo de vis\u00e3o e longa dist\u00e2ncia de dete\u00e7\u00e3o<\/b><br \/>\nO amplo campo de vis\u00e3o de 21,9 m (a 100 m) e a grande dist\u00e2ncia de dete\u00e7\u00e3o de 1800 m revelam muitos detalhes mesmo a m\u00e9dias e longas dist\u00e2ncias, tornando o\u00a0<b>PIXFRA Sirius S635<\/b>\u00a0o companheiro ideal para a floresta, a ca\u00e7a e as observa\u00e7\u00f5es a m\u00e9dia dist\u00e2ncia.<\/p>\n<p><b>Firmware moderno para imagens n\u00edtidas<\/b><br \/>\nA c\u00e2mara t\u00e9rmica incorpora as mais recentes\u00a0<b>firmware PIPS 2.0 (Pixfra Imaging Processing System)<\/b>que melhora a qualidade da imagem com funcionalidades como o zoom optimizado, a redu\u00e7\u00e3o do ru\u00eddo e a nitidez das margens.<\/p>\n<p><b>Calibra\u00e7\u00e3o de imagem adaptativa assistida por IA<\/b><br \/>\nTodos os modelos da s\u00e9rie Sirius produzem imagens optimizadas por intelig\u00eancia artificial. A Calibra\u00e7\u00e3o de imagem adaptativa (AAIC) alimentada por IA melhora continuamente a qualidade da imagem em cada disparo.<\/p>\n<p><b>6 paletas de cores<\/b><br \/>\nEst\u00e3o dispon\u00edveis 6 paletas de cores: Branco quente, Preto quente, Preto quente, Arco-\u00edris, Vermelho quente, Verde quente e S\u00e9pia.<\/p>\n<p><b>Autonomia nocturna<\/b><br \/>\nUma potente bateria substitu\u00edvel (2 unidades inclu\u00eddas) fornece at\u00e9\u00a0<b>6 horas de autonomia<\/b>O novo sistema garante uma utiliza\u00e7\u00e3o prolongada e sem interrup\u00e7\u00f5es.<\/p>\n<p><b>Robusto e fi\u00e1vel em qualquer ambiente<\/b><br \/>\nCom um\u00a0<b>Certifica\u00e7\u00e3o IP67<\/b>Este dispositivo t\u00e9rmico, com a sua caixa leve e robusta em liga de magn\u00e9sio, \u00e9 \u00e0 prova de \u00e1gua e de poeiras e funciona perfeitamente mesmo em condi\u00e7\u00f5es climat\u00e9ricas adversas, como chuva ou nevoeiro. Al\u00e9m disso, gra\u00e7as \u00e0 sua tecnologia estabilizada, funciona de forma fi\u00e1vel mesmo em temperaturas extremas de -30 \u00b0C a +55 \u00b0C.<\/p>\n<p><b>Transmiss\u00e3o est\u00e1vel em direto via WIFI para smartphones e tablets<\/b><br \/>\nA conetividade WIFI permite uma liga\u00e7\u00e3o r\u00e1pida e est\u00e1vel a um m\u00e1ximo de quatro dispositivos em simult\u00e2neo e num raio de 20 m.<\/p>\n<p><b>Fun\u00e7\u00e3o de grava\u00e7\u00e3o e armazenamento de fotografias e v\u00eddeos<\/b><br \/>\nO grande armazenamento interno de 64 GB oferece espa\u00e7o suficiente para grava\u00e7\u00f5es de imagem e v\u00eddeo.<\/p>\n<p><b>Acess\u00f3rios pr\u00e1ticos e transporte f\u00e1cil<\/b><br \/>\nO monocular t\u00e9rmico \u00e9 fornecido com um estojo de alta qualidade, uma al\u00e7a de ombro e uma al\u00e7a de m\u00e3o. Isto permite que o dispositivo seja utilizado e transportado confortavelmente em qualquer situa\u00e7\u00e3o.<\/p>\n<p><b>CARACTER\u00cdSTICAS<\/b><\/p>\n<ul>\n<li>Robusta e compacta - ideal para a floresta, ca\u00e7a e observa\u00e7\u00f5es a m\u00e9dia dist\u00e2ncia<\/li>\n<li>Sensor t\u00e9rmico 640\u00d7512, 12\u00b5m, &lt;18mK NETD<\/li>\n<li>Lente de 35 mm f1.0 com dist\u00e2ncia de dete\u00e7\u00e3o de 1800 m<\/li>\n<li>Imagem optimizada por IA<\/li>\n<li>Campo de vis\u00e3o (H: 21,9 m; V: 17,6 m) para uma vis\u00e3o completa<\/li>\n<li>Firmware PIPS 2.0: zoom melhorado, redu\u00e7\u00e3o de ru\u00eddo, nitidez de margens<\/li>\n<li>6 paletas de cores: Branco quente, Preto quente, Arco-\u00edris quente, Vermelho quente, Verde quente e S\u00e9pia<\/li>\n<li>Seguimento de pontos quentes para uma dete\u00e7\u00e3o precisa de fontes de calor<\/li>\n<li>Fun\u00e7\u00e3o de b\u00fassola eletr\u00f3nica para uma orienta\u00e7\u00e3o segura<\/li>\n<li>Fun\u00e7\u00e3o de captura e armazenamento de imagens e v\u00eddeos<\/li>\n<li>64 GB de armazenamento interno<\/li>\n<li>Transmiss\u00e3o em direto r\u00e1pida e est\u00e1vel atrav\u00e9s de WiFi<\/li>\n<li>Imperme\u00e1vel e \u00e0 prova de poeira de acordo com IP67<\/li>\n<li>Bateria substitu\u00edvel com at\u00e9 6 horas de autonomia por bateria<\/li>\n<li>Dimens\u00f5es\/peso: 194 mm \u00d7 65 mm \u00d7 54 mm \/ 421 g<\/li>\n<\/ul>\n<p><b>INCLUINDO<\/b><\/p>\n<ul>\n<li>Dispositivo t\u00e9rmico PIXFRA Sirius S635<\/li>\n<li>Cobertura protetora<\/li>\n<li>Al\u00e7a de ombro<\/li>\n<li>Correia de m\u00e3o<\/li>\n<li>Cabo USB-C<\/li>\n<li>Manual do utilizador<\/li>\n<\/ul>\n<\/div>\n<div class=\"product-detail-properties\">\n<div class=\"row product-detail-properties-container\">\n<div class=\"col-md-10 col-lg-6\">\n<table class=\"table table-striped product-detail-properties-table\">\n<tbody>\n<tr class=\"properties-row\">\n<th class=\"properties-label\">Ajuste da dioptria:<\/th>\n<td class=\"properties-value\">1<\/td>\n<\/tr>\n<tr class=\"properties-row\">\n<th class=\"properties-label\">Altura total (mm):<\/th>\n<td class=\"properties-value\">54<\/td>\n<\/tr>\n<tr class=\"properties-row\">\n<th class=\"properties-label\">Largura total (mm):<\/th>\n<td class=\"properties-value\">65<\/td>\n<\/tr>\n<tr class=\"properties-row\">\n<th class=\"properties-label\">Aumentar para:<\/th>\n<td class=\"properties-value\">19.2<\/td>\n<\/tr>\n<tr class=\"properties-row\">\n<th class=\"properties-label\">Aumento de:<\/th>\n<td class=\"properties-value\">2.41<\/td>\n<\/tr>\n<tr class=\"properties-row\">\n<th class=\"properties-label\">Aumento progressivo:<\/th>\n<td class=\"properties-value\">1x, 2x, 4x, 8x<\/td>\n<\/tr>\n<tr class=\"properties-row\">\n<th class=\"properties-label\">Calibra\u00e7\u00e3o:<\/th>\n<td class=\"properties-value\">Autom\u00e1tico, Manual<\/td>\n<\/tr>\n<tr class=\"properties-row\">\n<th class=\"properties-label\">Campo de vis\u00e3o (graus):<\/th>\n<td class=\"properties-value\">12.4<\/td>\n<\/tr>\n<tr class=\"properties-row\">\n<th class=\"properties-label\">Campo de vis\u00e3o (m\/100m) min:<\/th>\n<td class=\"properties-value\">21.9<\/td>\n<\/tr>\n<tr class=\"properties-row\">\n<th class=\"properties-label\">Campo de vis\u00e3o a 1000 m 7) (m):<\/th>\n<td class=\"properties-value\">219<\/td>\n<\/tr>\n<tr class=\"properties-row\">\n<th class=\"properties-label\">Cor:<\/th>\n<td class=\"properties-value\">preto<\/td>\n<\/tr>\n<tr class=\"properties-row\">\n<th class=\"properties-label\">Compat\u00edvel com Stream Vision:<\/th>\n<td class=\"properties-value\">0<\/td>\n<\/tr>\n<tr class=\"properties-row\">\n<th class=\"properties-label\">Compat\u00edvel com o controlo remoto Pulsar:<\/th>\n<td class=\"properties-value\">0<\/td>\n<\/tr>\n<tr class=\"properties-row\">\n<th class=\"properties-label\">Di\u00e2metro da lente:<\/th>\n<td class=\"properties-value\">35<\/td>\n<\/tr>\n<tr class=\"properties-row\">\n<th class=\"properties-label\">Dura\u00e7\u00e3o da bateria (h):<\/th>\n<td class=\"properties-value\">6<\/td>\n<\/tr>\n<tr class=\"properties-row\">\n<th class=\"properties-label\">Fam\u00edlia de produtos:<\/th>\n<td class=\"properties-value\">Sirius<\/td>\n<\/tr>\n<tr class=\"properties-row\">\n<th class=\"properties-label\">Focagem de perto (m):<\/th>\n<td class=\"properties-value\">3<\/td>\n<\/tr>\n<tr class=\"properties-row\">\n<th class=\"properties-label\">Frequ\u00eancia de repeti\u00e7\u00e3o de imagens:<\/th>\n<td class=\"properties-value\">50 Hz<\/td>\n<\/tr>\n<tr class=\"properties-row\">\n<th class=\"properties-label\">Fonte de alimenta\u00e7\u00e3o inclu\u00edda:<\/th>\n<td class=\"properties-value\">0<\/td>\n<\/tr>\n<tr class=\"properties-row\">\n<th class=\"properties-label\">Fun\u00e7\u00e3o \"ecr\u00e3 desligado\":<\/th>\n<td class=\"properties-value\">1<\/td>\n<\/tr>\n<tr class=\"properties-row\">\n<th class=\"properties-label\">\u00c0 prova de \u00e1gua 8):<\/th>\n<td class=\"properties-value\">1<\/td>\n<\/tr>\n<tr class=\"properties-row\">\n<th class=\"properties-label\">Interfaces:<\/th>\n<td class=\"properties-value\">USB tipo C<\/td>\n<\/tr>\n<tr class=\"properties-row\">\n<th class=\"properties-label\">Comprimento total (mm):<\/th>\n<td class=\"properties-value\">194<\/td>\n<\/tr>\n<tr class=\"properties-row\">\n<th class=\"properties-label\">Material da caixa:<\/th>\n<td class=\"properties-value\">Pl\u00e1stico<\/td>\n<\/tr>\n<tr class=\"properties-row\">\n<th class=\"properties-label\">Mem\u00f3ria interna:<\/th>\n<td class=\"properties-value\">64 GB<\/td>\n<\/tr>\n<tr class=\"properties-row\">\n<th class=\"properties-label\">Modo de encerramento autom\u00e1tico:<\/th>\n<td class=\"properties-value\">1<\/td>\n<\/tr>\n<tr class=\"properties-row\">\n<th class=\"properties-label\">Montado na cabe\u00e7a:<\/th>\n<td class=\"properties-value\">0<\/td>\n<\/tr>\n<tr class=\"properties-row\">\n<th class=\"properties-label\">NETD (&lt; mK):<\/th>\n<td class=\"properties-value\">18<\/td>\n<\/tr>\n<tr class=\"properties-row\">\n<th class=\"properties-label\">N\u00edvel de prote\u00e7\u00e3o \u00e0 prova de \u00e1gua:<\/th>\n<td class=\"properties-value\">IP67<\/td>\n<\/tr>\n<tr class=\"properties-row\">\n<th class=\"properties-label\">Oculares para utilizadores de \u00f3culos:<\/th>\n<td class=\"properties-value\">0<\/td>\n<\/tr>\n<tr class=\"properties-row\">\n<th class=\"properties-label\">Paleta de cores:<\/th>\n<td class=\"properties-value\">1<\/td>\n<\/tr>\n<tr class=\"properties-row\">\n<th class=\"properties-label\">Peso l\u00edquido (g):<\/th>\n<td class=\"properties-value\">421<\/td>\n<\/tr>\n<tr class=\"properties-row\">\n<th class=\"properties-label\">Peso l\u00edquido (sem acess\u00f3rios) (g):<\/th>\n<td class=\"properties-value\">1115<\/td>\n<\/tr>\n<tr class=\"properties-row\">\n<th class=\"properties-label\">Pilhas inclu\u00eddas:<\/th>\n<td class=\"properties-value\">1<\/td>\n<\/tr>\n<tr class=\"properties-row\">\n<th class=\"properties-label\">Pilhas necess\u00e1rias:<\/th>\n<td class=\"properties-value\">1<\/td>\n<\/tr>\n<tr class=\"properties-row\">\n<th class=\"properties-label\">Pupila de sa\u00edda (mm):<\/th>\n<td class=\"properties-value\">8<\/td>\n<\/tr>\n<tr class=\"properties-row\">\n<th class=\"properties-label\">Alcance de dete\u00e7\u00e3o (m):<\/th>\n<td class=\"properties-value\">1800<\/td>\n<\/tr>\n<tr class=\"properties-row\">\n<th class=\"properties-label\">Gama de temperaturas m\u00e1ximas (\u00b0C):<\/th>\n<td class=\"properties-value\">55<\/td>\n<\/tr>\n<tr class=\"properties-row\">\n<th class=\"properties-label\">Gama de temperaturas m\u00ednimas (\u00b0C):<\/th>\n<td class=\"properties-value\">-30<\/td>\n<\/tr>\n<tr class=\"properties-row\">\n<th class=\"properties-label\">Resolu\u00e7\u00e3o:<\/th>\n<td class=\"properties-value\">1920 x 1080 Pix\u00e9is<\/td>\n<\/tr>\n<tr class=\"properties-row\">\n<th class=\"properties-label\">Revestimento do inv\u00f3lucro:<\/th>\n<td class=\"properties-value\">Borracha\/Pl\u00e1stico<\/td>\n<\/tr>\n<tr class=\"properties-row\">\n<th class=\"properties-label\">Rosca de liga\u00e7\u00e3o do trip\u00e9:<\/th>\n<td class=\"properties-value\">1<\/td>\n<\/tr>\n<tr class=\"properties-row\">\n<th class=\"properties-label\">Tel\u00e9metro:<\/th>\n<td class=\"properties-value\">0<\/td>\n<\/tr>\n<tr class=\"properties-row\">\n<th class=\"properties-label\">Tipo:<\/th>\n<td class=\"properties-value\">I\u00f5es de l\u00edtio<\/td>\n<\/tr>\n<tr class=\"properties-row\">\n<th class=\"properties-label\">Tipo:<\/th>\n<td class=\"properties-value\">monocular<\/td>\n<\/tr>\n<tr class=\"properties-row\">\n<th class=\"properties-label\">Tipo de ecr\u00e3:<\/th>\n<td class=\"properties-value\">OLED<\/td>\n<\/tr>\n<tr class=\"properties-row\">\n<th class=\"properties-label\">Tipo de sensor:<\/th>\n<td class=\"properties-value\">VOx 640\u00d7512 \/ 12\u00b5m \/ NETD<\/td>\n<\/tr>\n<\/tbody>\n<\/table>\n<\/div>\n<\/div>\n<\/div>","protected":false},"excerpt":{"rendered":"<p class=\"lead\">Monocular t\u00e9rmico com sensor de alta resolu\u00e7\u00e3o de 18 mK e calibra\u00e7\u00e3o de imagem por IA: o companheiro ideal para a floresta, a ca\u00e7a e as observa\u00e7\u00f5es a m\u00e9dia dist\u00e2ncia.<\/p>\n<ul id=\"ul-brickfox\">\n<li class=\"li-brickfox\">Calibra\u00e7\u00e3o de imagem adaptativa assistida por IA (AAIC)<\/li>\n<li class=\"li-brickfox\">Sensor t\u00e9rmico VOx 640\u00d7512, 12\u00b5m, &lt;18mK NETD, lente 35mm f1.0 com dist\u00e2ncia de dete\u00e7\u00e3o de 1800m<\/li>\n<li class=\"li-brickfox\">Amplo campo de vis\u00e3o: H: 21,9 m; V: 17,6 m (a 100 m) para vis\u00e3o total<\/li>\n<li class=\"li-brickfox\">Um polivalente robusto e compacto com uma resolu\u00e7\u00e3o t\u00e9rmica extremamente sens\u00edvel de 18 mK: o companheiro ideal para a floresta, a ca\u00e7a e as observa\u00e7\u00f5es a m\u00e9dia dist\u00e2ncia.<\/li>\n<li class=\"li-brickfox\">Firmware PIPS 2.0: zoom melhorado, redu\u00e7\u00e3o de ru\u00eddo, nitidez de margens<\/li>\n<li class=\"li-brickfox\">At\u00e9 6 horas de autonomia<\/li>\n<li class=\"li-brickfox\">Imperme\u00e1vel e \u00e0 prova de poeira de acordo com a certifica\u00e7\u00e3o IP67<\/li>\n<li class=\"li-brickfox\">6 paletas de cores: Branco quente, Preto quente, Arco-\u00edris quente, Vermelho quente, Verde quente e S\u00e9pia<\/li>\n<li class=\"li-brickfox\">Seguimento de pontos quentes para uma dete\u00e7\u00e3o precisa de fontes de calor<\/li>\n<li class=\"li-brickfox\">Fun\u00e7\u00e3o de b\u00fassola eletr\u00f3nica para uma orienta\u00e7\u00e3o segura<\/li>\n<\/ul>","protected":false},"featured_media":24781,"template":"","meta":[],"product_brand":[],"product_cat":[147,190,144],"product_tag":[],"class_list":{"0":"post-24780","1":"product","2":"type-product","3":"status-publish","4":"has-post-thumbnail","6":"product_cat-monoculares-termicos","7":"product_cat-pixfra","8":"product_cat-vision-termica","10":"first","11":"instock","12":"taxable","13":"shipping-taxable","14":"purchasable","15":"product-type-simple","16":"add-to-wishlist-after_add_to_cart"},"_links":{"self":[{"href":"https:\/\/dinaturez.com\/pt\/wp-json\/wp\/v2\/product\/24780","targetHints":{"allow":["GET"]}}],"collection":[{"href":"https:\/\/dinaturez.com\/pt\/wp-json\/wp\/v2\/product"}],"about":[{"href":"https:\/\/dinaturez.com\/pt\/wp-json\/wp\/v2\/types\/product"}],"wp:featuredmedia":[{"embeddable":true,"href":"https:\/\/dinaturez.com\/pt\/wp-json\/wp\/v2\/media\/24781"}],"wp:attachment":[{"href":"https:\/\/dinaturez.com\/pt\/wp-json\/wp\/v2\/media?parent=24780"}],"wp:term":[{"taxonomy":"product_brand","embeddable":true,"href":"https:\/\/dinaturez.com\/pt\/wp-json\/wp\/v2\/product_brand?post=24780"},{"taxonomy":"product_cat","embeddable":true,"href":"https:\/\/dinaturez.com\/pt\/wp-json\/wp\/v2\/product_cat?post=24780"},{"taxonomy":"product_tag","embeddable":true,"href":"https:\/\/dinaturez.com\/pt\/wp-json\/wp\/v2\/product_tag?post=24780"}],"curies":[{"name":"wp","href":"https:\/\/api.w.org\/{rel}","templated":true}]}}