{"id":24594,"date":"2025-02-13T22:26:04","date_gmt":"2025-02-13T21:26:04","guid":{"rendered":"https:\/\/dinaturez.com\/?post_type=product&#038;p=24594"},"modified":"2025-06-19T23:36:22","modified_gmt":"2025-06-19T21:36:22","slug":"bateria-recargable-gardepro-l800d-8000mah","status":"publish","type":"product","link":"https:\/\/dinaturez.com\/pt\/product\/bateria-recargable-gardepro-l800d-8000mah\/","title":{"rendered":"Bateria de l\u00edtio L800D (8000mAh) para c\u00e2maras GardePro"},"content":{"rendered":"<p><strong>Bateria de l\u00edtio<\/strong> Recarreg\u00e1vel<strong> L800D (8000mAh) para c\u00e2maras GardePro<\/strong><\/p>\n<p>A bateria <strong>L800D<\/strong> \u00e9 a melhor escolha para alimentar as suas c\u00e2maras de capta\u00e7\u00e3o de imagens. <strong>GardePro<\/strong>O novo sistema oferece uma solu\u00e7\u00e3o duradoura, eficiente e amiga do ambiente. Com um <strong>Capacidade de 8000mAh<\/strong>A nova fonte de alimenta\u00e7\u00e3o, est\u00e1vel e duradoura, elimina a necessidade de pilhas descart\u00e1veis e reduz os custos.<\/p>\n<h4><strong>Compatibilidade total<\/strong><\/h4>\n<p>\u2714 <strong>GardePro<\/strong>: X60P, X60 PRO MAX PLMB, E6PMB, E8PMB<\/p>\n<h4><strong>Principais benef\u00edcios<\/strong><\/h4>\n<p>\u2705 <strong>Poupan\u00e7a e sustentabilidade<\/strong>Esque\u00e7a a compra de pilhas AA a toda a hora. Com esta pilha recarreg\u00e1vel, reduz os custos e minimiza o seu impacto ambiental.<\/p>\n<p>\u2705 <strong>Carregamento r\u00e1pido e f\u00e1cil<\/strong>Equipado com um <strong>Porta USB tipo C<\/strong>permite um carregamento c\u00f3modo e eficiente. Al\u00e9m disso, as luzes LED incorporadas indicam o estado do carregamento em qualquer altura.<\/p>\n<p>\u2705 <strong>Elevado desempenho a baixas temperaturas<\/strong>Ao contr\u00e1rio das pilhas alcalinas, esta pilha de l\u00edtio mant\u00e9m um desempenho \u00f3timo mesmo em climas frios, garantindo um funcionamento fi\u00e1vel durante todo o ano.<\/p>\n<p>\u2705 <strong>Seguran\u00e7a m\u00e1xima<\/strong>Concebida com v\u00e1rios sistemas de prote\u00e7\u00e3o, incluindo <strong>prote\u00e7\u00e3o contra sobrecarga, sobrecorrente, curto-circuito, sobreaquecimento e sobretens\u00e3o<\/strong>A utiliza\u00e7\u00e3o do produto tem a garantia de ser segura e duradoura.<\/p>\n<h3><strong>A melhor escolha para as suas c\u00e2maras GardePro<\/strong><\/h3>\n<p>Se est\u00e1 \u00e0 procura de um <strong>duradouro, resistente e amigo do ambiente<\/strong>A L800D \u00e9 a melhor escolha para maximizar o desempenho da sua c\u00e2mara de ca\u00e7a.<\/p>\n<p>Adquira o seu e desfrute de uma fonte de alimenta\u00e7\u00e3o fi\u00e1vel e ininterrupta!<\/p>","protected":false},"excerpt":{"rendered":"<ul>\n<li><strong>Bateria de l\u00edtio recarreg\u00e1vel L800D (8000mAh) para c\u00e2maras GardePro. Maior dura\u00e7\u00e3o da bateria, carregamento r\u00e1pido via USB-C e alto desempenho em baixas temperaturas. Substitui as pilhas descart\u00e1veis e poupa a longo prazo.<\/strong><\/li>\n<\/ul>","protected":false},"featured_media":24595,"template":"","meta":[],"product_brand":[],"product_cat":[105,139,129],"product_tag":[],"class_list":{"0":"post-24594","1":"product","2":"type-product","3":"status-publish","4":"has-post-thumbnail","6":"product_cat-accesorios","7":"product_cat-camara-con-envio-al-movil","8":"product_cat-gardepro","10":"first","11":"instock","12":"taxable","13":"shipping-taxable","14":"purchasable","15":"product-type-simple","16":"add-to-wishlist-after_add_to_cart"},"_links":{"self":[{"href":"https:\/\/dinaturez.com\/pt\/wp-json\/wp\/v2\/product\/24594","targetHints":{"allow":["GET"]}}],"collection":[{"href":"https:\/\/dinaturez.com\/pt\/wp-json\/wp\/v2\/product"}],"about":[{"href":"https:\/\/dinaturez.com\/pt\/wp-json\/wp\/v2\/types\/product"}],"wp:featuredmedia":[{"embeddable":true,"href":"https:\/\/dinaturez.com\/pt\/wp-json\/wp\/v2\/media\/24595"}],"wp:attachment":[{"href":"https:\/\/dinaturez.com\/pt\/wp-json\/wp\/v2\/media?parent=24594"}],"wp:term":[{"taxonomy":"product_brand","embeddable":true,"href":"https:\/\/dinaturez.com\/pt\/wp-json\/wp\/v2\/product_brand?post=24594"},{"taxonomy":"product_cat","embeddable":true,"href":"https:\/\/dinaturez.com\/pt\/wp-json\/wp\/v2\/product_cat?post=24594"},{"taxonomy":"product_tag","embeddable":true,"href":"https:\/\/dinaturez.com\/pt\/wp-json\/wp\/v2\/product_tag?post=24594"}],"curies":[{"name":"wp","href":"https:\/\/api.w.org\/{rel}","templated":true}]}}