{"id":24516,"date":"2025-02-09T20:01:00","date_gmt":"2025-02-09T19:01:00","guid":{"rendered":"https:\/\/dinaturez.com\/?post_type=product&#038;p=24516"},"modified":"2026-03-23T13:11:35","modified_gmt":"2026-03-23T12:11:35","slug":"cyclone-325","status":"publish","type":"product","link":"https:\/\/dinaturez.com\/pt\/product\/cyclone-325\/","title":{"rendered":"CYCLONE-325 THERMTEC"},"content":{"rendered":"<h4 data-start=\"106\" data-end=\"147\">Monocular t\u00e9rmico Thermtec Cyclone 325.<\/h4>\n<h4>Vis\u00e3o n\u00edtida em todas as condi\u00e7\u00f5es. Os <strong data-start=\"194\" data-end=\"209\">Ciclone 325<\/strong> \u00e9 um monocular t\u00e9rmico de \u00faltima gera\u00e7\u00e3o concebido para proporcionar um desempenho excecional em ambientes de baixa visibilidade (escurid\u00e3o total, nevoeiro, vegeta\u00e7\u00e3o densa). O seu sensor VOx n\u00e3o arrefecido proporciona imagens n\u00edtidas e fi\u00e1veis, mesmo em condi\u00e7\u00f5es exigentes.<\/h4>\n<h4>Descri\u00e7\u00e3o<\/h4>\n<div class=\"content\">\n<ul class=\"article_list\">\n<li>ThermTec<\/li>\n<li>Monocular t\u00e9rmico<\/li>\n<li>Sensor 384\u00d7288<\/li>\n<li>NETD \u226420mK<\/li>\n<li>Tamanho do pixel 12\u00b5m<\/li>\n<li>Lente 25mm<\/li>\n<li>Amplia\u00e7\u00e3o de 2,4X<\/li>\n<li>Mem\u00f3ria interna 32GB<\/li>\n<li>Estimativa da dist\u00e2ncia IA<\/li>\n<li>PIP- Ecr\u00e3 AMOLED<\/li>\n<li>Captura de imagens e grava\u00e7\u00e3o de v\u00eddeo<\/li>\n<li>APP Smartphone<\/li>\n<li>HotSpot<\/li>\n<li>Bateria amov\u00edvel com autonomia de 10 horas (2X)<\/li>\n<li>Conector USB tipo C<\/li>\n<li>Prote\u00e7\u00e3o IP67<\/li>\n<\/ul>\n<\/div>\n<h3>Especifica\u00e7\u00f5es<\/h3>\n<div class=\"content\">\n<table class=\"specs\" border=\"0\" cellspacing=\"0\" cellpadding=\"0\">\n<tbody>\n<tr class=\"table-data\" align=\"left\" valign=\"middle\">\n<td width=\"30%\" height=\"22\"><strong>Marca<\/strong><\/td>\n<td width=\"70%\" height=\"22\">ThermTec<\/td>\n<\/tr>\n<tr class=\"table-data\" align=\"left\" valign=\"middle\">\n<td width=\"30%\" height=\"22\"><strong>Modelo<\/strong><\/td>\n<td width=\"70%\" height=\"22\">Ciclone 325<\/td>\n<\/tr>\n<tr class=\"table-data\" align=\"left\" valign=\"middle\">\n<td width=\"30%\" height=\"22\"><strong>Tipo de sensor<\/strong><\/td>\n<td width=\"70%\" height=\"22\">Microbol\u00f3metro VOx n\u00e3o arrefecido<\/td>\n<\/tr>\n<tr class=\"table-data\" align=\"left\" valign=\"middle\">\n<td width=\"30%\" height=\"22\"><strong>Resolu\u00e7\u00e3o<\/strong><\/td>\n<td width=\"70%\" height=\"22\">384\u00d7288 p\u00edxeis<\/td>\n<\/tr>\n<tr class=\"table-data\" align=\"left\" valign=\"middle\">\n<td width=\"30%\" height=\"22\"><strong>Tamanho do pixel<\/strong><\/td>\n<td width=\"70%\" height=\"22\">12\u00b5m<\/td>\n<\/tr>\n<tr class=\"table-data\" align=\"left\" valign=\"middle\">\n<td width=\"30%\" height=\"22\"><strong>NETD<\/strong><\/td>\n<td width=\"70%\" height=\"22\">\u226420mK@300K<\/td>\n<\/tr>\n<tr class=\"table-data\" align=\"left\" valign=\"middle\">\n<td width=\"30%\" height=\"22\"><strong>Gama espetral<\/strong><\/td>\n<td width=\"70%\" height=\"22\">8\uff5e14\u03bcm<\/td>\n<\/tr>\n<tr class=\"table-data\" align=\"left\" valign=\"middle\">\n<td width=\"30%\" height=\"22\"><strong>Lente<\/strong><\/td>\n<td width=\"70%\" height=\"22\">25mm (F#1.0, focagem manual)<\/td>\n<\/tr>\n<tr class=\"table-data\" align=\"left\" valign=\"middle\">\n<td width=\"30%\" height=\"22\"><strong>Aumentos<\/strong><\/td>\n<td width=\"70%\" height=\"22\">2,4X<\/td>\n<\/tr>\n<tr class=\"table-data\" align=\"left\" valign=\"middle\">\n<td width=\"30%\" height=\"22\"><strong>\u00c2ngulo de vis\u00e3o<\/strong><\/td>\n<td width=\"70%\" height=\"22\">10,5\u00ba x 7,9\u00ba.<\/td>\n<\/tr>\n<tr class=\"table-data\" align=\"left\" valign=\"middle\">\n<td width=\"30%\" height=\"22\"><strong>Dist\u00e2ncia de identifica\u00e7\u00e3o (humano 1,8 m)<\/strong><\/td>\n<td width=\"70%\" height=\"22\">1.300m<\/td>\n<\/tr>\n<tr class=\"table-data\" align=\"left\" valign=\"middle\">\n<td width=\"30%\" height=\"22\"><strong>Zoom digital<\/strong><\/td>\n<td width=\"70%\" height=\"22\">1X-2X-4X<\/td>\n<\/tr>\n<tr class=\"table-data\" align=\"left\" valign=\"middle\">\n<td width=\"30%\" height=\"22\"><strong>Paletas de cores<\/strong><\/td>\n<td width=\"70%\" height=\"22\">6<\/td>\n<\/tr>\n<tr class=\"table-data\" align=\"left\" valign=\"middle\">\n<td width=\"30%\" height=\"22\"><strong>Tipo de ecr\u00e3<\/strong><\/td>\n<td width=\"70%\" height=\"22\">OLED 0,39\u2033, resolu\u00e7\u00e3o 1024\u00d7768 pix\u00e9is, 3 modos de imagem<\/td>\n<\/tr>\n<tr class=\"table-data\" align=\"left\" valign=\"middle\">\n<td width=\"30%\" height=\"22\"><strong>Controlo di\u00f3ptrico<\/strong><\/td>\n<td width=\"70%\" height=\"22\">-5\uff5e+5<\/td>\n<\/tr>\n<tr class=\"table-data\" align=\"left\" valign=\"middle\">\n<td width=\"30%\" height=\"22\"><strong>Dist\u00e2ncia dos olhos<\/strong><\/td>\n<td width=\"70%\" height=\"22\">20 mm<\/td>\n<\/tr>\n<tr class=\"table-data\" align=\"left\" valign=\"middle\">\n<td width=\"30%\" height=\"22\"><strong>Mem\u00f3ria interna<\/strong><\/td>\n<td width=\"70%\" height=\"22\">32 GB<\/td>\n<\/tr>\n<tr class=\"table-data\" align=\"left\" valign=\"middle\">\n<td width=\"30%\" height=\"22\"><strong>Medi\u00e7\u00e3o de dist\u00e2ncias<\/strong><\/td>\n<td width=\"70%\" height=\"22\">IA (baseada na aprendizagem profunda), MIL<\/td>\n<\/tr>\n<tr class=\"table-data\" align=\"left\" valign=\"middle\">\n<td width=\"30%\" height=\"22\"><strong>Procurador de calor<\/strong><\/td>\n<td width=\"70%\" height=\"22\">Sim<\/td>\n<\/tr>\n<tr class=\"table-data\" align=\"left\" valign=\"middle\">\n<td width=\"30%\" height=\"22\"><strong>Multim\u00e9dia<\/strong><\/td>\n<td width=\"70%\" height=\"22\">Fotografia, v\u00eddeo, reprodu\u00e7\u00e3o local<\/td>\n<\/tr>\n<tr class=\"table-data\" align=\"left\" valign=\"middle\">\n<td width=\"30%\" height=\"22\"><strong>Tipo de pilha<\/strong><\/td>\n<td width=\"70%\" height=\"22\">Bateria 18.650 (2X), recarreg\u00e1vel, amov\u00edvel.<\/td>\n<\/tr>\n<tr class=\"table-data\" align=\"left\" valign=\"middle\">\n<td width=\"30%\" height=\"22\"><strong>Dura\u00e7\u00e3o da bateria<\/strong><\/td>\n<td width=\"70%\" height=\"22\">20 horas (2x10 horas)<\/td>\n<\/tr>\n<tr class=\"table-data\" align=\"left\" valign=\"middle\">\n<td width=\"30%\" height=\"22\"><strong>Liga\u00e7\u00f5es<\/strong><\/td>\n<td width=\"70%\" height=\"22\">USB-C<br \/>\nLiga\u00e7\u00e3o ao PC para descarregar fotografias e v\u00eddeos<br \/>\nLiga\u00e7\u00e3o de carregamento do dispositivo<\/td>\n<\/tr>\n<tr class=\"table-data\" align=\"left\" valign=\"middle\">\n<td width=\"30%\" height=\"22\"><strong>HotSpot<\/strong><\/td>\n<td width=\"70%\" height=\"22\">Sim, para liga\u00e7\u00e3o \u00e0 App<\/td>\n<\/tr>\n<tr class=\"table-data\" align=\"left\" valign=\"middle\">\n<td width=\"30%\" height=\"22\"><strong>\u00cdndice de prote\u00e7\u00e3o<\/strong><\/td>\n<td width=\"70%\" height=\"22\">IP67<\/td>\n<\/tr>\n<tr class=\"table-data\" align=\"left\" valign=\"middle\">\n<td width=\"30%\" height=\"22\"><strong>Peso<\/strong><\/td>\n<td width=\"70%\" height=\"22\">261 (sem bateria)<\/td>\n<\/tr>\n<tr class=\"table-data\" align=\"left\" valign=\"middle\">\n<td width=\"30%\" height=\"22\"><strong>Dimens\u00f5es<\/strong><\/td>\n<td width=\"70%\" height=\"22\">54 (L) \u00d7 76 (A)\u00d7 135 (C) mm<\/td>\n<\/tr>\n<\/tbody>\n<\/table>\n<\/div>\n<h3>Conte\u00fado<\/h3>\n<div class=\"content\">\n<ul class=\"article_list\">\n<li>Monocular t\u00e9rmico ThermTec<\/li>\n<li>Baterias 18.650 (2X)<\/li>\n<li>Carregador de bateria duplo<\/li>\n<li>Cabo de dados e de carregamento USB-C<\/li>\n<li>Pano de limpeza<\/li>\n<li>Manual do utilizador<\/li>\n<\/ul>\n<\/div>","protected":false},"excerpt":{"rendered":"<h4 data-start=\"106\" data-end=\"147\">Monocular T\u00e9rmico ThermTec\u202fCyclone\u202f325<\/h4>\n<h4 data-start=\"149\" data-end=\"190\">Visi\u00f3n clara en cualquier condici\u00f3n<\/h4>\n<h4 data-start=\"191\" data-end=\"522\">O <strong data-start=\"194\" data-end=\"209\">Ciclone 325<\/strong> \u00e9 um monocular t\u00e9rmico de \u00faltima gera\u00e7\u00e3o concebido para proporcionar um desempenho excecional em ambientes de baixa visibilidade (escurid\u00e3o total, nevoeiro, vegeta\u00e7\u00e3o densa). O seu sensor VOx n\u00e3o arrefecido proporciona imagens n\u00edtidas e fi\u00e1veis, mesmo em condi\u00e7\u00f5es exigentes.<\/h4>","protected":false},"featured_media":24517,"template":"","meta":[],"product_brand":[],"product_cat":[155,152,131,144],"product_tag":[],"class_list":{"0":"post-24516","1":"product","2":"type-product","3":"status-publish","4":"has-post-thumbnail","6":"product_cat-monoculares-nocturnos","7":"product_cat-monoculares-cyclops","8":"product_cat-thermtec","9":"product_cat-vision-termica","11":"first","12":"instock","13":"taxable","14":"shipping-taxable","15":"purchasable","16":"product-type-simple","17":"add-to-wishlist-after_add_to_cart"},"_links":{"self":[{"href":"https:\/\/dinaturez.com\/pt\/wp-json\/wp\/v2\/product\/24516","targetHints":{"allow":["GET"]}}],"collection":[{"href":"https:\/\/dinaturez.com\/pt\/wp-json\/wp\/v2\/product"}],"about":[{"href":"https:\/\/dinaturez.com\/pt\/wp-json\/wp\/v2\/types\/product"}],"wp:featuredmedia":[{"embeddable":true,"href":"https:\/\/dinaturez.com\/pt\/wp-json\/wp\/v2\/media\/24517"}],"wp:attachment":[{"href":"https:\/\/dinaturez.com\/pt\/wp-json\/wp\/v2\/media?parent=24516"}],"wp:term":[{"taxonomy":"product_brand","embeddable":true,"href":"https:\/\/dinaturez.com\/pt\/wp-json\/wp\/v2\/product_brand?post=24516"},{"taxonomy":"product_cat","embeddable":true,"href":"https:\/\/dinaturez.com\/pt\/wp-json\/wp\/v2\/product_cat?post=24516"},{"taxonomy":"product_tag","embeddable":true,"href":"https:\/\/dinaturez.com\/pt\/wp-json\/wp\/v2\/product_tag?post=24516"}],"curies":[{"name":"wp","href":"https:\/\/api.w.org\/{rel}","templated":true}]}}